{"id":560,"date":"2018-10-02T11:42:13","date_gmt":"2018-10-02T09:42:13","guid":{"rendered":"http:\/\/websrv.saske.sk\/uef\/?page_id=560"},"modified":"2020-01-13T10:43:25","modified_gmt":"2020-01-13T09:43:25","slug":"oddelenie-kozmickej-fyziky-a-detasovane-pracovisko-na-lomnickom-stite","status":"publish","type":"page","link":"https:\/\/websrv.saske.sk\/uef\/oddelenia-a-laboratoria\/oddelenie-kozmickej-fyziky-a-detasovane-pracovisko-na-lomnickom-stite\/","title":{"rendered":"Oddelenie kozmickej fyziky a deta\u0161ovan\u00e9 pracovisko na Lomnickom \u0161t\u00edte"},"content":{"rendered":"<p><span class=\"main\"><a href=\"http:\/\/space.saske.sk\/\"><strong><img decoding=\"async\" src=\"https:\/\/websrv.saske.sk\/uef\/wp-admin\/upload.php?item=3530\" alt=\"\" \/><img loading=\"lazy\" decoding=\"async\" class=\"alignnone size-full wp-image-3530\" src=\"http:\/\/websrv.saske.sk\/uef\/wp-content\/uploads\/2019\/12\/LogoOKF150px.jpg\" alt=\"\" width=\"153\" height=\"150\" \/><\/strong><\/a><\/span><strong>\u00a0 \u00a0 \u00a0 <a href=\"http:\/\/space.saske.sk\">Web str\u00e1nka Oddelenia kozmickej fyzik<\/a>y\u00a0<\/strong><\/p>\n<p><span class=\"main\"><span class=\"main1\"><strong>Oddelenie kozmickej fyziky<\/strong> je zameran\u00e9 na sk\u00famanie fyzik\u00e1lnych procesov prebiehaj\u00facich v kozme, ktor\u00e9 je mo\u017en\u00e9 <\/span><\/span><span class=\"main\"><span class=\"main1\">\u0161tudova\u0165 najm\u00e4 prostredn\u00edctvom energetick\u00fdch kozmick\u00fdch \u010dast\u00edc, vr\u00e1tane galaktick\u00e9ho kozmick\u00e9ho \u017eiarenia. Ide o v\u00fdskum <strong>zemskej magnetosf\u00e9ry<\/strong>, <strong>medziplanet\u00e1rneho priestoru<\/strong>, <strong>slne\u010dn\u00e9ho povrchu<\/strong> a <strong>heliosf\u00e9ry<\/strong>. Od svojho zalo\u017eenie v roku 1969 sa oddelenie podie\u013ealo na mnoh\u00fdch kozmick\u00fdch dru\u017eicov\u00fdch experimentoch. Spojit\u00e9 meranie galaktick\u00e9ho kozmick\u00e9ho \u017eiarenia zabezpe\u010duje neutr\u00f3nov\u00fd monitor\u00a0 vo vysokohorskom observat\u00f3riu na <a href=\"http:\/\/neutronmonitor.ta3.sk\/\"><strong>Lomnickom \u0161t\u00edte<\/strong><\/a>\u00a0 v nadmorskej v\u00fd\u0161ke 2634 m.<\/span><\/span><\/p>\n","protected":false},"excerpt":{"rendered":"<p>\u00a0 \u00a0 \u00a0 Web str\u00e1nka Oddelenia kozmickej fyziky\u00a0 Oddelenie kozmickej fyziky je zameran\u00e9 na sk\u00famanie fyzik\u00e1lnych procesov prebiehaj\u00facich v kozme, ktor\u00e9 je mo\u017en\u00e9 \u0161tudova\u0165 najm\u00e4&#8230;<\/p>\n","protected":false},"author":1,"featured_media":0,"parent":9,"menu_order":30,"comment_status":"closed","ping_status":"closed","template":"","meta":{"footnotes":""},"_links":{"self":[{"href":"https:\/\/websrv.saske.sk\/uef\/wp-json\/wp\/v2\/pages\/560"}],"collection":[{"href":"https:\/\/websrv.saske.sk\/uef\/wp-json\/wp\/v2\/pages"}],"about":[{"href":"https:\/\/websrv.saske.sk\/uef\/wp-json\/wp\/v2\/types\/page"}],"author":[{"embeddable":true,"href":"https:\/\/websrv.saske.sk\/uef\/wp-json\/wp\/v2\/users\/1"}],"replies":[{"embeddable":true,"href":"https:\/\/websrv.saske.sk\/uef\/wp-json\/wp\/v2\/comments?post=560"}],"version-history":[{"count":38,"href":"https:\/\/websrv.saske.sk\/uef\/wp-json\/wp\/v2\/pages\/560\/revisions"}],"predecessor-version":[{"id":3718,"href":"https:\/\/websrv.saske.sk\/uef\/wp-json\/wp\/v2\/pages\/560\/revisions\/3718"}],"up":[{"embeddable":true,"href":"https:\/\/websrv.saske.sk\/uef\/wp-json\/wp\/v2\/pages\/9"}],"wp:attachment":[{"href":"https:\/\/websrv.saske.sk\/uef\/wp-json\/wp\/v2\/media?parent=560"}],"curies":[{"name":"wp","href":"https:\/\/api.w.org\/{rel}","templated":true}]}}