{"id":547,"date":"2018-10-02T11:22:24","date_gmt":"2018-10-02T09:22:24","guid":{"rendered":"http:\/\/websrv.saske.sk\/uef\/?page_id=547"},"modified":"2018-10-02T11:22:24","modified_gmt":"2018-10-02T09:22:24","slug":"akcny-plan","status":"publish","type":"page","link":"https:\/\/websrv.saske.sk\/uef\/o-nas\/dokumenty-ustavu\/akcny-plan\/","title":{"rendered":"Ak\u010dn\u00fd pl\u00e1n"},"content":{"rendered":"<p><a href=\"http:\/\/websrv.saske.sk\/uef\/wp-content\/uploads\/2018\/09\/UEF-SAV_Akcny_Plan_28-8-2017_final.pdf\">UEF-SAV_Akcny_Plan_28-8-2017_final<\/a><\/p>\n","protected":false},"excerpt":{"rendered":"<p>UEF-SAV_Akcny_Plan_28-8-2017_final<\/p>\n","protected":false},"author":1,"featured_media":0,"parent":180,"menu_order":30,"comment_status":"closed","ping_status":"closed","template":"","meta":{"footnotes":""},"_links":{"self":[{"href":"https:\/\/websrv.saske.sk\/uef\/wp-json\/wp\/v2\/pages\/547"}],"collection":[{"href":"https:\/\/websrv.saske.sk\/uef\/wp-json\/wp\/v2\/pages"}],"about":[{"href":"https:\/\/websrv.saske.sk\/uef\/wp-json\/wp\/v2\/types\/page"}],"author":[{"embeddable":true,"href":"https:\/\/websrv.saske.sk\/uef\/wp-json\/wp\/v2\/users\/1"}],"replies":[{"embeddable":true,"href":"https:\/\/websrv.saske.sk\/uef\/wp-json\/wp\/v2\/comments?post=547"}],"version-history":[{"count":1,"href":"https:\/\/websrv.saske.sk\/uef\/wp-json\/wp\/v2\/pages\/547\/revisions"}],"predecessor-version":[{"id":548,"href":"https:\/\/websrv.saske.sk\/uef\/wp-json\/wp\/v2\/pages\/547\/revisions\/548"}],"up":[{"embeddable":true,"href":"https:\/\/websrv.saske.sk\/uef\/wp-json\/wp\/v2\/pages\/180"}],"wp:attachment":[{"href":"https:\/\/websrv.saske.sk\/uef\/wp-json\/wp\/v2\/media?parent=547"}],"curies":[{"name":"wp","href":"https:\/\/api.w.org\/{rel}","templated":true}]}}