{"id":5302,"date":"2021-06-07T11:04:37","date_gmt":"2021-06-07T09:04:37","guid":{"rendered":"http:\/\/websrv.saske.sk\/uef\/?page_id=5302"},"modified":"2025-09-29T10:14:36","modified_gmt":"2025-09-29T08:14:36","slug":"vedecke-vecernicky","status":"publish","type":"page","link":"https:\/\/websrv.saske.sk\/uef\/linky\/vedecke-vecernicky\/","title":{"rendered":"Vedeck\u00e9 ve\u010dern\u00ed\u010dky"},"content":{"rendered":"<div class=\"styles__podcastCreatorContainer___3ngbc\">\n<div class=\"styles__podcastCreator___3HUA2\">\n<div class=\"styles__stationCreator___zZBad\">\n<div class=\"styles__stationCreatorName___QDgOU\">\n<div>\n<div><\/div>\n<div><\/div>\n<\/div>\n<\/div>\n<\/div>\n<\/div>\n<\/div>\n<div class=\"styles__podcastInfoContainer___1-Xwl\">\n<div class=\"css-1xtw9ox \">\n<div><a href=\"https:\/\/anchor.fm\/vedeck-brloh\"><img loading=\"lazy\" decoding=\"async\" class=\"thumbnail\" src=\"https:\/\/websrv.saske.sk\/uef\/wp-content\/uploads\/2021\/05\/Ved-vecernicky.jpg\" alt=\"\" width=\"159\" height=\"159\" \/><\/a><\/div>\n<div>\n<div class=\"styles__scrollableDescription___2_pIr\">Podcast o vede pre deti a ml\u00e1de\u017e od OZ Vedeck\u00fd brloh a podporou SAV.<br \/>\nZvedav\u00e9 ot\u00e1zky sa slovensk\u00fdch vedcov a odborn\u00edkov p\u00fdtaj\u00fa \u017eiaci z\u00e1kladn\u00fdch \u0161k\u00f4l.<\/div>\n<\/div>\n<\/div>\n<\/div>\n<ul>\n<li><span style=\"color: #0000ff;\"><a style=\"color: #0000ff;\" href=\"https:\/\/open.spotify.com\/episode\/57aMHfDRg98A3L1h2dRb8w\">O magnetoch a magnetizme s M\u00e1riou Zentkovou<\/a><\/span> (8.11.2022)<\/li>\n<li><span style=\"color: #0000ff;\"><a style=\"color: #0000ff;\" href=\"https:\/\/open.spotify.com\/episode\/60mR0MoJf4qCdsrnlBbfNz\">O strojoch, ktor\u00e9 robia n\u00e1\u0161 \u017eivot jednoduch\u0161\u00edm s Mat\u00fa\u0161om Mih\u00e1likom<\/a><\/span> (7.11.2022)<\/li>\n<li><span style=\"color: #0000ff;\"><a style=\"color: #0000ff;\" href=\"https:\/\/open.spotify.com\/episode\/5ypirHwyRhs4OFGil33lLQ\">O zauj\u00edmavostiach z vesm\u00edru s Marekom Hus\u00e1rikom<\/a><\/span> (7.11.2022)<\/li>\n<li><span style=\"color: #0000ff;\"><a style=\"color: #0000ff;\" href=\"https:\/\/anchor.fm\/vedeck-brloh\/episodes\/Interview-z-EXPO-DUBAI-2020-s-Michaelou-Musilovou-a-Aleom-Kuerom-e1ed11g\">Interview z EXPO DUBAI 2020 s Michaelou Musilovou a Ale\u0161om Ku\u010derom<\/a><\/span> (14. 2. 2022)<\/li>\n<li><span style=\"color: #0000ff;\"><a style=\"color: #0000ff;\" href=\"https:\/\/anchor.fm\/vedeck-brloh\/episodes\/O-vstave-EXPO-DUBAI-2020-s-Jankou-ikovou---najzanietenejm-uiteom-vesmru-e1ed0dv\">O v\u00fdstave EXPO DUBAI 2020 s Jankou \u0160i\u0161kovou &#8211; najzanietenej\u0161\u00edm u\u010dite\u013eom vesm\u00edru<\/a><\/span> (14. 2. 2022)<\/li>\n<li><span style=\"color: #0000ff;\"><a style=\"color: #0000ff;\" href=\"https:\/\/anchor.fm\/vedeck-brloh\/episodes\/O-Alzheimerovej-chorobe-so-Zuzanou-Bednrikovou-e1a4oth\">O Alzheimerovej chorobe so Zuzanou Bedn\u00e1rikovou<\/a><\/span> (11. 11. 2021)<\/li>\n<li><span style=\"color: #0000ff;\"><a style=\"color: #0000ff;\" href=\"https:\/\/anchor.fm\/vedeck-brloh\/episodes\/O-kvantovej-fyzike-s-Andrejom-Gendiarom-e16pbru\">O kvantovej fyzike s Andrejom Gendiarom<\/a><\/span> (1. 9. 2021)<\/li>\n<li><span style=\"color: #0000ff;\"><a style=\"color: #0000ff;\" href=\"https:\/\/anchor.fm\/vedeck-brloh\/episodes\/O-supravodivosti-s-Jozefom-Kamarkom-e1428qt\">O supravodivosti s Jozefom Ka\u010dmar\u010d\u00edkom<\/a><\/span> (7. 7. 2021)<\/li>\n<li><span style=\"color: #0000ff;\"><a style=\"color: #0000ff;\" href=\"https:\/\/anchor.fm\/vedeck-brloh\/episodes\/O-vesmrnych-misiach-s-Jnom-Balom-e11q1ne\">O vesm\u00edrnych misi\u00e1ch s J\u00e1nom Bal\u00e1\u017eom<\/a><\/span> (29. 5. 2021)<\/li>\n<\/ul>\n<p>&nbsp;<\/p>\n<p>&nbsp;<\/p>\n<p><img loading=\"lazy\" decoding=\"async\" class=\"\" src=\"http:\/\/websrv.saske.sk\/uef\/wp-content\/uploads\/2024\/05\/VPSAV_1500.png\" width=\"151\" height=\"151\" \/><\/p>\n<h1 class=\"text-break mb-md-1\"><a class=\"router-link-active router-link-exact-active\" href=\"https:\/\/akademiavied.podbean.com\/\" aria-current=\"page\">Vedeck\u00fd podcast SAV<\/a><\/h1>\n","protected":false},"excerpt":{"rendered":"<p>Podcast o vede pre deti a ml\u00e1de\u017e od OZ Vedeck\u00fd brloh a podporou SAV. Zvedav\u00e9 ot\u00e1zky sa slovensk\u00fdch vedcov a odborn\u00edkov p\u00fdtaj\u00fa \u017eiaci z\u00e1kladn\u00fdch \u0161k\u00f4l&#8230;.<\/p>\n","protected":false},"author":1,"featured_media":0,"parent":17,"menu_order":61,"comment_status":"closed","ping_status":"closed","template":"","meta":{"footnotes":""},"_links":{"self":[{"href":"https:\/\/websrv.saske.sk\/uef\/wp-json\/wp\/v2\/pages\/5302"}],"collection":[{"href":"https:\/\/websrv.saske.sk\/uef\/wp-json\/wp\/v2\/pages"}],"about":[{"href":"https:\/\/websrv.saske.sk\/uef\/wp-json\/wp\/v2\/types\/page"}],"author":[{"embeddable":true,"href":"https:\/\/websrv.saske.sk\/uef\/wp-json\/wp\/v2\/users\/1"}],"replies":[{"embeddable":true,"href":"https:\/\/websrv.saske.sk\/uef\/wp-json\/wp\/v2\/comments?post=5302"}],"version-history":[{"count":12,"href":"https:\/\/websrv.saske.sk\/uef\/wp-json\/wp\/v2\/pages\/5302\/revisions"}],"predecessor-version":[{"id":8301,"href":"https:\/\/websrv.saske.sk\/uef\/wp-json\/wp\/v2\/pages\/5302\/revisions\/8301"}],"up":[{"embeddable":true,"href":"https:\/\/websrv.saske.sk\/uef\/wp-json\/wp\/v2\/pages\/17"}],"wp:attachment":[{"href":"https:\/\/websrv.saske.sk\/uef\/wp-json\/wp\/v2\/media?parent=5302"}],"curies":[{"name":"wp","href":"https:\/\/api.w.org\/{rel}","templated":true}]}}