{"id":5253,"date":"2021-05-07T11:32:12","date_gmt":"2021-05-07T09:32:12","guid":{"rendered":"http:\/\/websrv.saske.sk\/uef\/?page_id=5253"},"modified":"2022-01-21T09:55:19","modified_gmt":"2022-01-21T08:55:19","slug":"2021-2","status":"publish","type":"page","link":"https:\/\/websrv.saske.sk\/uef\/oddelenia-a-laboratoria\/oddelenie-teoretickej-fyziky\/publikacie-2\/2021-2\/","title":{"rendered":"2021"},"content":{"rendered":"<ol>\n<li><strong>H. \u010cEN\u010cARIKOV\u00c1 <\/strong>and J. STRE\u010cKA, Rotating magnetoelectric effect in a ground state of a coupled spin-electron model on a doubly decorated square lattice, <a href=\"https:\/\/www.sciencedirect.com\/science\/article\/abs\/pii\/S0378437120309717\"><strong>Physica A 566 (2021)125673<\/strong><\/a>\u00a0<strong>[<\/strong><span style=\"color: #ff0000\"><strong>IF<\/strong><\/span><strong>\/MedIF(2020)=<\/strong><span style=\"color: #ff0000\"><strong>3.263<\/strong><\/span><strong>\/2.132=1.530]\u00a0<\/strong>(8 pages).<\/li>\n<li><strong>H. VARGOV\u00c1<\/strong> and J. STRE\u010cKA, Unconventional Thermal and Magnetic-Field-Driven Changes of a Bipartite Entanglement of a Mixed Spin-(1\/2,S) Heisenberg Dimer with an Uniaxial Single-Ion Anisotropy, <a href=\"https:\/\/www.mdpi.com\/2079-4991\/11\/11\/3096\"><strong>Nanomaterials 11(11) (2021) 3096<\/strong><\/a>\u00a0<strong>[<\/strong><span style=\"color: #ff0000\"><strong>IF<\/strong><\/span><strong>\/MedIF(2020)=<\/strong><span style=\"color: #ff0000\"><strong>5.076<\/strong><\/span><strong>\/4.703=1.079]\u00a0<\/strong>(23 pages).<\/li>\n<li><strong>*<\/strong> V. LACKOV\u00c1, M. A. SCHROER, D. HONECKER, M. HA&#8220;SLER, <strong>H. VARGOV\u00c1<\/strong>, K. ZAKU\u0164ANSK\u00c1, S. BEHRENS, J.KOV\u00c1\u010c, D. I. SVERGUN, P. KOP\u010cANSK\u00dd, and N. TOMA\u0160OVI\u010cOV\u00c1, Clustering in ferronematics\u2014The effect of magnetic collective ordering,<a href=\"https:\/\/www.cell.com\/iscience\/fulltext\/S2589-0042(21)01464-4\"><strong> iScience 24 (2021) 103493 <\/strong><\/a><strong>[<\/strong><span style=\"color: #ff0000\"><strong>IF<\/strong><\/span><strong>\/MedIF(2020)=<span style=\"color: #ff0000\">5.458<\/span>\/2.535=2.153<\/strong><strong>]\u00a0<\/strong>(16 pages).<\/li>\n<li>M. OREND\u00c1\u010c, S. GAB\u00c1NI, <strong>P. FARKA\u0160OVSK\u00dd<\/strong>, E. GA\u017dO, G. PRIST\u00c1\u0160, K. SIEMENSMEYER, N. SHITSEVALOVA, and K. FLACHBART, Ground state and stability of the fractional plateau phase in metallic Shastry\u2013Sutherland system TmB4, <a href=\"https:\/\/www.nature.com\/articles\/s41598-021-86353-5.pdf?origin=ppub\"><strong>Scientific Reports 11 (2021) 6835<\/strong><\/a>\u00a0<strong>[<\/strong><span style=\"color: #ff0000\"><strong>IF<\/strong><\/span><strong>\/MedIF(2020)=<\/strong><span style=\"color: #ff0000\"><strong>4.379<\/strong><\/span><strong>\/2.535=1.727]\u00a0<\/strong> (8 pages).<\/li>\n<li><strong>P. FARKA\u0160OVSK\u00dd<\/strong>, Magnetic field and pressure induced valence and metal-insulator transitions in the spin-one-half Falicov\u2013Kimball model, <a href=\"https:\/\/epjb.epj.org\/articles\/epjb\/abs\/2021\/03\/10051_2021_Article_69\/10051_2021_Article_69.html?mb=0\"><strong>European Physical Journal B 94 (2021) 61\u00a0<\/strong><\/a>\u00a0<strong>[<\/strong><span style=\"color: #ff0000\"><strong>IF<\/strong><\/span><strong>\/MedIF(2020)=<\/strong><span style=\"color: #ff0000\"><strong>1.500<\/strong><\/span><strong>\/2.821=0.532]\u00a0<\/strong>(15 pages).<\/li>\n<li>* <strong>P. FARKA\u0160OVSK\u00dd<\/strong>, Itinerant ferromagnetism in narrow-band metals, <a href=\"http:\/\/www.icmp.lviv.ua\/journal\/zbirnyk.108\/42701\/abstract.html\"><strong>Condensed Matter Physics 24 (2021) 42701<\/strong><\/a>\u00a0 <strong>[<\/strong><span style=\"color: #ff0000\"><strong>IF<\/strong><\/span><strong>\/MedIF(2020)=<span style=\"color: #ff0000\">1.128<\/span><\/strong><strong>\/2.821=0.400]\u00a0<\/strong> (24 pages).<\/li>\n<li><strong>E. JUR\u010cI\u0160INOV\u00c1<\/strong> and <strong>M. JUR\u010cI\u0160IN<\/strong>,\u00a0Interaction-generated frustration in the ferromagnetic spin system on the kagome lattice: Exact analysis on the star kagomelike recursive lattice,\u00a0<a href=\"https:\/\/journals.aps.org\/pre\/abstract\/10.1103\/PhysRevE.104.044121\"><strong>Physical Review E 104 (2021) 044121<\/strong><\/a>\u00a0<strong>[<\/strong><span style=\"color: #ff0000\"><strong>IF<\/strong><\/span><strong>\/MedIF(2020)=<\/strong><span style=\"color: #ff0000\"><strong>2.529<\/strong><\/span><strong>\/1.488=1.700]\u00a0<\/strong>(12 pages).<\/li>\n<li><strong>E. JUR\u010cI\u0160INOV\u00c1<\/strong> and <strong>M. JUR\u010cI\u0160IN<\/strong>, Field-induced tricriticality in antiferromagnetic spin systems on body-centered cubic lattice, <a href=\"https:\/\/www.sciencedirect.com\/science\/article\/pii\/S0378437121006117?via%3Dihub\"><strong>Physica A 583 (2021) 126338<\/strong><\/a>\u00a0<strong>[<\/strong><span style=\"color: #ff0000\"><strong>IF<\/strong><\/span><strong>\/MedIF(2020)=<\/strong><span style=\"color: #ff0000\"><strong>3.263<\/strong><\/span><strong>\/2.132=1.530]\u00a0<\/strong>(12 pages).<\/li>\n<li><strong>E. JUR\u010cI\u0160INOV\u00c1<\/strong>, <strong>M. JUR\u010cI\u0160IN<\/strong>, M.MENKYNA, and <strong>R. REMECK\u00dd,<\/strong> Evidence for enhancement of anisotropy persistence in kinematic magnetohydrodynamic turbulent systems with finite-time correlations, <a href=\"https:\/\/journals.aps.org\/pre\/abstract\/10.1103\/PhysRevE.104.015101\"><strong>Physical Review E 104 (2021) 015101<\/strong>\u00a0<\/a><strong>[<\/strong><span style=\"color: #ff0000\"><strong>IF<\/strong><\/span><strong>\/MedIF(2020)=<\/strong><span style=\"color: #ff0000\"><strong>2.529<\/strong><\/span><strong>\/1.488=1.700]\u00a0<\/strong>(13 pages).<\/li>\n<li><strong>E. JUR\u010cI\u0160INOV\u00c1<\/strong> and <strong>M. JUR\u010cI\u0160IN<\/strong>, Influence of metamagnetic phase transitions on thermodynamics of frustrated systems with octahedral structure, <a href=\"https:\/\/linkinghub.elsevier.com\/retrieve\/pii\/S0304885320326251\"><strong>Journal of Magnetism and Magnetic Materials 524 (2021) 167658<\/strong>\u00a0<\/a>\u00a0<strong>[<\/strong><span style=\"color: #ff0000\"><strong>IF<\/strong><\/span><strong>\/MedIF(2020)=<\/strong><span style=\"color: #ff0000\"><strong>2.993<\/strong><\/span><strong>\/2.821=1.061]\u00a0<\/strong>(6 pages).<\/li>\n<li><strong>E. JUR\u010cI\u0160INOV\u00c1<\/strong> and <strong>M. JUR\u010cI\u0160IN<\/strong>, Theoretical evidence for the presence of \u201cspin-liquid\u201d like phase in frustrated ferrimagnetic J1\u202f\u2212\u202fJ2 systems on body-centered cubic lattice, <a href=\"https:\/\/www.sciencedirect.com\/science\/article\/pii\/S0375960120309105?via%3Dihub\"><strong>Physics Letters A 388 (2021) 127043<\/strong><\/a>\u00a0<strong>[<\/strong><span style=\"color: #ff0000\"><strong>IF<\/strong><\/span><strong>\/MedIF(2020)=<\/strong><span style=\"color: #ff0000\"><strong>2.654<\/strong><\/span><strong>\/2.132=1.245]\u00a0<\/strong>(8 pages).<\/li>\n<li><strong>E. JUR\u010cI\u0160INOV\u00c1<\/strong> and <strong>M. JUR\u010cI\u0160IN<\/strong>, Influence of multisite interaction on thermodynamics and ground-state degeneracies of frustrated magnetic systems with pyrochlore structure: An exact theoretical analysis, <a href=\"https:\/\/www.sciencedirect.com\/science\/article\/pii\/S037843712030652X?via%3Dihub\"><strong>Physica A 561 (2021) 125237<\/strong>\u00a0<\/a>\u00a0<strong>[<\/strong><span style=\"color: #ff0000\"><strong>IF<\/strong><\/span><strong>\/MedIF(2020)=<\/strong><span style=\"color: #ff0000\"><strong>3.263<\/strong><\/span><strong>\/2.132=1.530]\u00a0<\/strong>(17 pages).<\/li>\n<li>B.Z. KOPELIOVICH, M. KRELINA, and <strong>J. NEMCHIK<\/strong>, Electroproduction of heavy quarkonia: significance of dipole orientation, <a href=\"https:\/\/journals.aps.org\/prd\/abstract\/10.1103\/PhysRevD.103.094027\"><strong>Physical Review D 103 (2021) 094027<\/strong><\/a>\u00a0<strong>[<\/strong><span style=\"color: #ff0000\"><strong>IF<\/strong><\/span><strong>\/MedIF(2020)=<\/strong><span style=\"color: #ff0000\"><strong>5.296<\/strong><\/span><strong>\/2.513=2.107]\u00a0<\/strong>(13 pages).<\/li>\n<li><strong>R. PIN\u010c\u00c1K<\/strong> and E. BARTO\u0160, The role of codons during a natural selection, <a href=\"https:\/\/www.sciencedirect.com\/science\/article\/abs\/pii\/S0301010420311113?via%3Dihub\"><strong>Chemical Physics 540 (2021) 110986<\/strong><\/a>\u00a0<strong>[<\/strong><span style=\"color: #ff0000\"><strong>IF<\/strong><\/span><strong>\/MedIF(2020)=<\/strong><span style=\"color: #ff0000\"><strong>2.348<\/strong><\/span><strong>\/2.293=1.024]\u00a0<\/strong>(11 pages).<\/li>\n<li>\u00a0A. MAITY and<strong> R. PIN\u010c\u00c1K<\/strong>, Density functional study of blue phosphorene\u2013metal interface, <a href=\"https:\/\/link.springer.com\/article\/10.1140\/epjb\/s10051-021-00088-w\"><strong>The European Physical Journal B 94 (2021) 77<\/strong><\/a>\u00a0<strong>[<\/strong><span style=\"color: #ff0000\"><strong>IF<\/strong><\/span><strong>\/MedIF(2020)=<\/strong><span style=\"color: #ff0000\"><strong>1.500<\/strong><\/span><strong>\/2.821=0.532]\u00a0<\/strong>(11 pages).<\/li>\n<li><strong>R. PIN\u010c\u00c1K<\/strong>, A. PIGAZZINI, S. JAFARI and C. OZEL, The \u201cEmerging\u201d Reality from \u201cHidden\u201d Spaces, <a href=\"https:\/\/www.mdpi.com\/2218-1997\/7\/3\/75\"><strong>Universe 7 (2021) 75<\/strong> <\/a>\u00a0<strong>[<\/strong><span style=\"color: #ff0000\"><strong>IF<\/strong><\/span><strong>\/MedIF(2020)=<\/strong><span style=\"color: #ff0000\"><strong>2.278<\/strong><\/span><strong>\/2.370=0.961]\u00a0<\/strong>(15 pages).<\/li>\n<li>O. E. GLUKHOVA and\u00a0<strong>R. PIN\u010c\u00c1K, <\/strong>New effect of strong oscillation and anisotropy of electrical conductance in graphene films with vertically aligned carbon nanotubes and monolayer pillared graphene films, <a href=\"https:\/\/www.sciencedirect.com\/science\/article\/abs\/pii\/S0301010421002238?via%3Dihub\"><strong>Chemical Physics 550 (2021) 111312<\/strong><\/a>\u00a0<strong>[<\/strong><span style=\"color: #ff0000\"><strong>IF<\/strong><\/span><strong>\/MedIF(2020)=<\/strong><span style=\"color: #ff0000\"><strong>2.348<\/strong><\/span><strong>\/2.293=1.024]\u00a0<\/strong>(6 pages).<\/li>\n<li>M. PUDL\u00c1K and <strong>R. PIN\u010c\u00c1K<\/strong>, Exciton transfer between LH1 antenna complex and photosynthetic reaction center dimer, <a href=\"https:\/\/link.springer.com\/article\/10.1007\/s10867-021-09576-7?wt_mc=Internal.Event.1.SEM.ArticleAuthorAssignedToIssue&amp;utm_source=ArticleAuthorAssignedToIssue&amp;utm_medium=email&amp;utm_content=AA_en_06082018&amp;ArticleAuthorAssignedToIssue_20210921\"><strong>Journal of Biological Physics 47(3) (2021) 271<\/strong><\/a>\u00a0<strong>[<\/strong><span style=\"color: #ff0000\"><strong>IF<\/strong><\/span><strong>\/MedIF(2020)=<\/strong><span style=\"color: #ff0000\"><strong>1.365<\/strong><\/span><strong>\/2.954=0.462]\u00a0<\/strong>(16 pages).<\/li>\n<li><strong>R. PIN\u010c\u00c1K<\/strong>, A. PIGAZZINI, S. JAFARI, C. O\u00a8ZEL and A. DEBENEDICTIS, A topological approach<br \/>\nfor emerging D-branes and its implications for gravity, <a href=\"https:\/\/www.worldscientific.com\/doi\/10.1142\/S0219887821502273\"><strong>Int. J. Geom. Methods Mod. Phys. 18(14) (2021) 2150227<\/strong><\/a>\u00a0<strong>[<\/strong><span style=\"color: #ff0000\"><strong>IF<\/strong><\/span><strong>\/MedIF(2020)=<\/strong><span style=\"color: #ff0000\"><strong>1.874<\/strong><\/span><strong>\/1.488=1.259] <\/strong>(17 pages).<strong><img loading=\"lazy\" decoding=\"async\" class=\"aligncenter wp-image-6083\" src=\"http:\/\/websrv.saske.sk\/uef\/wp-content\/uploads\/2022\/01\/graf_publikacie2021-300x225.jpg\" alt=\"\" width=\"663\" height=\"497\" srcset=\"https:\/\/websrv.saske.sk\/uef\/wp-content\/uploads\/2022\/01\/graf_publikacie2021-300x225.jpg 300w, https:\/\/websrv.saske.sk\/uef\/wp-content\/uploads\/2022\/01\/graf_publikacie2021.jpg 560w\" sizes=\"(max-width: 663px) 100vw, 663px\" \/><\/strong><\/li>\n<\/ol>\n<h4><\/h4>\n<h4><strong>Publik\u00e1cie v\u00a0registrovan\u00fdch\u00a0zahrani\u010dn\u00fdch neimpaktovan\u00fdch \u010dasopisoch a zborn\u00edkoch:<\/strong><\/h4>\n<ol>\n<li>M. KRELINA and <strong>J. NEMCHIK<\/strong>, Nuclear shadowing in DIS in future electron-ion colliders, <a href=\"https:\/\/pos.sissa.it\/390\/547\/pdf\"><strong>Proceedings of Science PoS ICHEP2020 (2021) 547<\/strong><\/a> (6 pages).<\/li>\n<li>\u00a0M. KRELINA and<strong> J. NEMCHIK<\/strong>, How can the photon-like heavy quarkonium V\u2192QQ transition falsify our predictions?, <a href=\"https:\/\/pos.sissa.it\/390\/474\/pdf\"><strong>Proceedings of Science PoS ICHEP2020 (2021) 474<\/strong><\/a> (6 pages).<\/li>\n<\/ol>\n<h4><\/h4>\n<p>&nbsp;<\/p>\n<h4><\/h4>\n<h4><strong>Publik\u00e1cie v\u00a0 popul\u00e1rno-vedeck\u00fdch \u010dasopisoch:<\/strong><\/h4>\n<ol>\n<li><strong>R. PIN\u010c\u00c1K, <\/strong>Cestovanie v \u010dase, <strong><a href=\"https:\/\/www.quark.sk\/cestovanie-v-case\/\">QUARK 07 (2021)<\/a><\/strong>.<\/li>\n<li><strong>R. PIN\u010c\u00c1K <\/strong>a M. BOMBARA, \u010cervie diery a cestovanie v \u010dase, <a href=\"https:\/\/www.suh.sk\/nasa-ponuka\/publikacie\/periodicka-tlac\/kozmos-52009\"><strong>KOZMOS (5\/2021)<\/strong><\/a>.<\/li>\n<li><strong>RECCOM MAGAZINE<\/strong>, <a href=\"https:\/\/websrv.saske.sk\/uef\/wp-content\/uploads\/2021\/04\/RECCOM-Magazine.pdf\">A chance to travel in time through the emerging reality from hidden spaces<\/a><\/li>\n<\/ol>\n","protected":false},"excerpt":{"rendered":"<p>H. \u010cEN\u010cARIKOV\u00c1 and J. STRE\u010cKA, Rotating magnetoelectric effect in a ground state of a coupled spin-electron model on a doubly decorated square lattice, Physica A&#8230;<\/p>\n","protected":false},"author":1,"featured_media":0,"parent":883,"menu_order":0,"comment_status":"closed","ping_status":"closed","template":"","meta":{"footnotes":""},"_links":{"self":[{"href":"https:\/\/websrv.saske.sk\/uef\/wp-json\/wp\/v2\/pages\/5253"}],"collection":[{"href":"https:\/\/websrv.saske.sk\/uef\/wp-json\/wp\/v2\/pages"}],"about":[{"href":"https:\/\/websrv.saske.sk\/uef\/wp-json\/wp\/v2\/types\/page"}],"author":[{"embeddable":true,"href":"https:\/\/websrv.saske.sk\/uef\/wp-json\/wp\/v2\/users\/1"}],"replies":[{"embeddable":true,"href":"https:\/\/websrv.saske.sk\/uef\/wp-json\/wp\/v2\/comments?post=5253"}],"version-history":[{"count":51,"href":"https:\/\/websrv.saske.sk\/uef\/wp-json\/wp\/v2\/pages\/5253\/revisions"}],"predecessor-version":[{"id":6084,"href":"https:\/\/websrv.saske.sk\/uef\/wp-json\/wp\/v2\/pages\/5253\/revisions\/6084"}],"up":[{"embeddable":true,"href":"https:\/\/websrv.saske.sk\/uef\/wp-json\/wp\/v2\/pages\/883"}],"wp:attachment":[{"href":"https:\/\/websrv.saske.sk\/uef\/wp-json\/wp\/v2\/media?parent=5253"}],"curies":[{"name":"wp","href":"https:\/\/api.w.org\/{rel}","templated":true}]}}