{"id":5117,"date":"2021-03-23T10:48:06","date_gmt":"2021-03-23T09:48:06","guid":{"rendered":"http:\/\/websrv.saske.sk\/uef\/?page_id=5117"},"modified":"2025-06-09T10:22:30","modified_gmt":"2025-06-09T08:22:30","slug":"nanovir","status":"publish","type":"page","link":"https:\/\/websrv.saske.sk\/uef\/veda-a-vyskum\/projekty-v-ramci-opvai\/nanovir\/","title":{"rendered":"NANOVIR"},"content":{"rendered":"<p><img decoding=\"async\" src=\"http:\/\/websrv.saske.sk\/uef\/wp-content\/uploads\/2020\/02\/logo-OPII_EFRR-e1582099961752.jpg\" \/> <img loading=\"lazy\" decoding=\"async\" class=\"\" src=\"http:\/\/websrv.saske.sk\/uef\/wp-content\/uploads\/2020\/02\/logo-MDV-SR_SK-e1582099808436.jpg\" width=\"255\" height=\"62\" \/><\/p>\n<p>Inform\u00e1cie o Opera\u010dnom programe Integrovan\u00e1 infra\u0161trukt\u00fara 2014 \u2013 2020 n\u00e1jdete na <a href=\"http:\/\/www.opii.gov.sk\">www.opii.gov.sk<\/a><\/p>\n<h2><strong>Nano\u010dastice pre rie\u0161enie diagnosticko-terapeutick\u00fdch probl\u00e9mov s COVID-19 (NANOVIR)<\/strong><\/h2>\n<p>&nbsp;<\/p>\n<table width=\"0\">\n<tbody>\n<tr>\n<td width=\"284\"><strong>E\u00da fond<\/strong><\/td>\n<td colspan=\"2\" width=\"359\">Eur\u00f3psky fond region\u00e1lneho rozvoja<\/td>\n<\/tr>\n<tr>\n<td width=\"284\"><strong>V\u00fdzva <\/strong><\/td>\n<td colspan=\"2\" width=\"359\">V\u00fdzva na predkladanie \u017eiadost\u00ed o poskytnutie nen\u00e1vratn\u00e9ho finan\u010dn\u00e9ho pr\u00edspevku na podporu \u00fa\u010dasti slovensk\u00fdch v\u00fdskumn\u00fdch in\u0161tit\u00faci\u00ed v medzin\u00e1rodn\u00fdch v\u00fdskumn\u00fdch projektoch zameran\u00fdch na boj proti pand\u00e9mii vyvolanej ochoren\u00edm COVID-19<\/td>\n<\/tr>\n<tr>\n<td width=\"284\"><strong>K\u00f3d v\u00fdzvy<\/strong><\/td>\n<td colspan=\"2\" width=\"359\">OPII-VA\/DP\/2020\/9.2-01<\/td>\n<\/tr>\n<tr>\n<td width=\"284\"><strong>K\u00f3d projektu v ITMS2014+<\/strong><\/td>\n<td colspan=\"2\" width=\"359\">\u00a0313011AUW7<\/td>\n<\/tr>\n<tr>\n<td width=\"284\"><strong>N\u00e1zov projektu<\/strong><\/td>\n<td colspan=\"2\" width=\"359\">Nano\u010dastice pre rie\u0161enie diagnosticko-terapeutick\u00fdch probl\u00e9mov s COVID-19 (NANOVIR)<a href=\"http:\/\/websrv.saske.sk\/uef\/wp-content\/uploads\/2021\/03\/plagat_NANOVIR.pdf\"><em>(pdf.plag\u00e1t projektu)<\/em><\/a><\/td>\n<\/tr>\n<tr>\n<td width=\"284\"><strong>Subjekt\/prij\u00edmate\u013e pomoci<\/strong><\/td>\n<td colspan=\"2\" width=\"359\">Univerzita Pavla Jozefa \u0160af\u00e1rika v Ko\u0161iciach<\/td>\n<\/tr>\n<tr>\n<td width=\"284\"><strong>Partner 1<\/strong><\/p>\n<p><strong>Partner 2<\/strong><\/td>\n<td colspan=\"2\" width=\"359\">Univerzita veterin\u00e1rneho lek\u00e1rstva a farm\u00e1cie v Ko\u0161iciach<\/p>\n<p>\u00dastav experiment\u00e1lnej fyziky Slovenskej akad\u00e9mie vied<\/td>\n<\/tr>\n<tr>\n<td rowspan=\"3\" width=\"284\"><strong>Financovanie projektu<\/strong><\/td>\n<td width=\"76\">COV<\/td>\n<td width=\"284\">1 916 0004,79 EUR<\/td>\n<\/tr>\n<tr>\n<td width=\"76\">NFP<\/td>\n<td width=\"284\">1 842 367,76EUR<\/td>\n<\/tr>\n<tr>\n<td width=\"76\">VZ<\/td>\n<td width=\"284\">73 637,03 EUR<\/td>\n<\/tr>\n<tr>\n<td width=\"284\"><strong>Obdobie realiz\u00e1cie projektu<\/strong><\/td>\n<td colspan=\"2\" width=\"359\">01\/2021 \u2013 06\/2023<\/td>\n<\/tr>\n<tr>\n<td width=\"284\"><strong>Miesto realiz\u00e1cie projektu<\/strong><\/td>\n<td colspan=\"2\" width=\"359\">SR\/ Ko\u0161ick\u00fd kraj\/ Ko\u0161ice I &#8211; mestsk\u00e1 \u010das\u0165 Star\u00e9 Mesto<\/p>\n<p>SR\/ Ko\u0161ick\u00fd kraj\/ Ko\u0161ice I &#8211; mestsk\u00e1 \u010das\u0165 Sever<\/p>\n<p>SR\/ Ko\u0161ick\u00fd kraj\/ Ko\u0161ice IV &#8211; mestsk\u00e1 \u010das\u0165 Juh<\/td>\n<\/tr>\n<tr>\n<td width=\"284\"><strong>Dom\u00e9na inteligentnej \u0161pecializ\u00e1cie<\/strong><\/td>\n<td colspan=\"2\" width=\"359\">Zdravie obyvate\u013estva a zdravotn\u00edcke technol\u00f3gie<\/td>\n<\/tr>\n<tr>\n<td width=\"284\"><strong>Hlavn\u00e9 relevantn\u00e9 SK NACE odvetvie<\/strong><\/td>\n<td colspan=\"2\" width=\"359\">Q86 \u2013 Zdravotn\u00edctvo<\/td>\n<\/tr>\n<tr>\n<td colspan=\"3\" width=\"643\"><strong>Funk\u010dn\u00e9 v\u00e4zby<br \/>\n<\/strong><\/p>\n<ul>\n<li>\n<p align=\"justify\">Produktov\u00e1 l\u00ednia \u010d. 1: Produkty na b\u00e1ze nanotechnol\u00f3gi\u00ed, Hlavn\u00fd trend: Inovat\u00edvne<br \/>\ndiagnostick\u00e9 a terapeutick\u00e9 postupy a produkty personalizovanej \/ prec\u00edznej medic\u00edny<\/p>\n<\/li>\n<li>\n<p align=\"justify\">Produktov\u00e1 l\u00ednia \u010d. 2: Aplika\u010dn\u00e9 formy liekov a lie\u010div\u00fdch pr\u00edpravkov v kontexte ochoren\u00ed s<br \/>\nnajvy\u0161\u0161ou mierou morbidity a mortality &#8230; Hlavn\u00fd trend: Inovat\u00edvne lie\u010div\u00e1, inovat\u00edvne<br \/>\nkozmetick\u00e9 produkty a inovat\u00edvne v\u00fd\u017eivov\u00e9 doplnky.<\/p>\n<\/li>\n<\/ul>\n<\/td>\n<\/tr>\n<tr>\n<td colspan=\"3\" width=\"643\"><strong>Predmet v\u00fdskumu<br \/>\n<\/strong><\/p>\n<ul>\n<li>Zv\u00fd\u0161enie \u00fa\u010dasti slovensk\u00fdch v\u00fdskumn\u00fdch in\u0161tit\u00faci\u00ed v medzin\u00e1rodn\u00fdch v\u00fdskumn\u00fdch projektoch zameran\u00fdch na boj proti pand\u00e9mii vyvolanej ochoren\u00edm COVID-19 formou podpory medzin\u00e1rodnej vedeckej spolupr\u00e1ce.<\/li>\n<li>Predmetom v\u00fdskumu je rie\u0161enie diagnosticko-terapeutick\u00fdch probl\u00e9mov ochorenia COVID-19 s vyu\u017eit\u00edm magnetick\u00fdch nano\u010dast\u00edc.<\/li>\n<li>V diagnostickej \u010dasti sa projekt sa zaober\u00e1 pr\u00edpravou, v\u00fdvojom a laden\u00edm vlastnost\u00ed magnetick\u00fdch nano\u010dast\u00edc pre efekt\u00edvnej\u0161iu izol\u00e1ciu v\u00edrusovej RNA z balastu komplexnej klinickej vzorky.<\/li>\n<li>V terapeutickej \u010dasti je predmetom presk\u00fama\u0165 potenci\u00e1l antiv\u00edrusovej terapie a perspekt\u00edvy pod\u00e1vania antivirot\u00edk s vyu\u017eit\u00edm biokompatibiln\u00fdch syst\u00e9mov na pod\u00e1vanie lie\u010div s pred\u013a\u017een\u00fdm \u00fa\u010dinkom na b\u00e1ze silika nano\u010dast\u00edc.<\/li>\n<\/ul>\n<\/td>\n<\/tr>\n<tr>\n<td colspan=\"3\" width=\"643\"><strong>V\u00fdstup do praxe<br \/>\n<\/strong><\/p>\n<ul>\n<li>Transfer najnov\u0161\u00edch vedeck\u00fdch poznatkov z\u00edskan\u00fdch v spolupr\u00e1ci so \u0161pi\u010dkov\u00fdmi svetov\u00fdmi pracoviskami do praxe.<\/li>\n<li>Pripraven\u00e9 a testovan\u00e9 nov\u00e9, \u00fa\u010dinnej\u0161ie a selekt\u00edvnej\u0161ie syst\u00e9my na diagnostiku COVID-19 (a potenci\u00e1lne aj in\u00fdch infek\u010dn\u00fdch chor\u00f4b) s efekt\u00edvnej\u0161ou izol\u00e1ciou v\u00edrusov\u00e9ho gen\u00f3mu.<\/li>\n<li>Vyvinut\u00fd postup aj na kontrolu kvality odoberan\u00fdch sterov s vyu\u017eit\u00edm izol\u00e1cie bunkovej DNA a jej detekcie vo vzorke s PCR d\u00f4kazom celul\u00e1rneho g\u00e9nu.<\/li>\n<li>Testovan\u00e9 inovat\u00edvne syst\u00e9my s vyu\u017eit\u00edm pri pod\u00e1van\u00ed lie\u010div, ktor\u00e9 prispej\u00fa k cielenej\u0161iemu a efekt\u00edvnej\u0161iemu dod\u00e1vaniu lie\u010div v organizme, \u010do m\u00f4\u017ee n\u00e1sledne prispie\u0165 k potrebe ni\u017e\u0161ej frekvencie pod\u00e1vania lie\u010div, ich vy\u0161\u0161ej efektivite \u010do m\u00e1 priamy efekt na zdravie, ako aj v\u00fdrazn\u00e9 ekonomick\u00e9 benefity.<\/li>\n<\/ul>\n<\/td>\n<\/tr>\n<\/tbody>\n<\/table>\n<p><strong>V\u010faka podpore<\/strong> <strong>v r\u00e1mci opera\u010dn\u00e9ho programu V\u00fdskum a inov\u00e1cie<\/strong> pre projekt \u201e <strong>Nano\u010dastice pre rie\u0161enie diagnosticko-terapeutick\u00fdch probl\u00e9mov s COVID-19 (NANOVIR) <\/strong>\u201c s k\u00f3dom OPII-VA\/DP\/2020\/9.2-01\u00a0 313011AUW7 spolufinancovan\u00fd zo zdrojov\u00a0 <strong>Eur\u00f3pskeho fondu region\u00e1lneho rozvoja<\/strong> vznikli nasledovn\u00e9 publik\u00e1cie:<\/p>\n<ul>\n<li>Iryna Antal, Martina Koneracka, Martina Kubovcikova, Vlasta Zavisova, Alena Jurikova, Iryna Khmara, Maria Omastova, Matej Micusik, Monika Barathova, Lenka Jelenska, Ivana Kajanova, Miriam Zatovicova, Silvia Pastorekova: Targeting of carbonic anhydrase IX-positive cancer cells by glycine-coated superparamagnetic nanoparticles, Colloids and Surfaces B: Biointerfaces 205 (2021) 111893<\/li>\n<li>Mirkovi\u010d, Marija &#8211; Milanovi\u010d, Zorana &#8211; Peri\u010d, Marko &#8211; Vrajne\u0161-Duri\u010d, Sanja &#8211; Ognjanovi\u010d, Milo\u0161 &#8211; Anti\u010d, Bratislav &#8211; Kurajca, Milorad &#8211; Krsti\u010d, Ivan &#8211; Kubov\u010d\u00edkov\u00e1, Martina &#8211; Antal, Iryna &#8211; Sobotov\u00e1, Radka &#8211; Z\u00e1vi\u0161ov\u00e1, Vlasta &#8211; Jur\u00edkov\u00e1, Alena &#8211; Fabi\u00e1n, Martin &#8211; Konerack\u00e1, Martina. Design and preparation of proline, tryptophan and poly-L-lysine functionalized magnetic nanoparticles and their radiolabeling with 131I and 177Lu for potential theranostic use. In International Journal of Pharmaceutics, 2022, vol. 628, art. no. 122288<\/li>\n<li>R. Sobotova, M. Koneracka, V. Zavisova, M. Kubovcikova, I. Antal, O. Strbak, P. Mikolka: Functionalized nanoparticles for MRI of drug distribution in lungs, Book of Abstracts \u2013 XXVIII. International Conference on Coordination and Bioinorganic Chemistry, Smolenice, 2022, s. 88<\/li>\n<li>M. Gancar, E. Kurin, Z. Bednarikova, J. Mare1, P. Mucaji, M. Nagy and Z. Gazova: Influence of herbal extracts\u2019 constituents on the amyloid aggregation of protein, Book of Contributions &#8211; 10th Slovak Biophysical Symposium, Smolenice, 2022, SC20, s. 70<\/li>\n<li>A. Antosova, M. Gancar, E. Bystrenova, Z. Bednarikova, J. Marek and Z. Gazova: \u03b1-lactalbumin amyloid fibrillization in the presence of chloride salts cations, Book of Contributions &#8211; 10th Slovak Biophysical Symposium, Smolenice, 2022, PO23, s. 108-109<\/li>\n<li>D. Fedunova, M. Guncheva, V. Vanik, Z. Bednarikova, M. Gancar and Z. Gazova: Modulation of insulin amyloid aggregation by amino acid-based ionic liquids: anion role, Book of Contributions &#8211; 10th Slovak Biophysical Symposium, Smolenice, 2022, PO26, s. 114-115<\/li>\n<li>Bednarikova Z., Wang R., Gancar M., Zheng L., Tang Y., Luo Y., Huang Y., Spodniakova B., Ma L., Gazova Z.: Extracts from Chinese herbs with anti-amyloid and neuroprotective activities, Abstract Book &#8211; 9th Scandinavian and Baltic Conference, Amyloid Diseases and Amyloid Mechanisms\u201c (ADAM 9), Riga, Loty\u0161sko, 2022, P25, s. 68<\/li>\n<li>\u00a0Zuzana Bednarikova, Martina Kubovcikova, Iryna Antal, Andrea Antosova, Miroslav Gancar, Jozef Kovac, Radka Sobotova, Vladimir Girman, Diana Fedunova, Martina Koneracka, Zuzana Gazova, Vlasta Zavisova; Silica-magnetite nanoparticles: Synthesis, characterization and nucleic acid separation potential; Surfaces and Interfaces 39 (2023) 102942<\/li>\n<li>\u00a0Iryna Antal, Oliver Strbak, Vlasta Zavisova, Jana Vojtova, Martina Kubovcikova, Alena Jurikova, Iryna Khmara, Vladimir Girman, R\u00f3bert D\u017eunda, Karol Koval, Martina Koneracka; Development of Positively Charged Poly-L-Lysine Magnetic Nanoparticles as Potential MRI Contrast Agent; Nanomaterials, 2023, 13, 1831<\/li>\n<li>\u00a0Miroslav Gancar, Elena Kurin, Zuzana Bednarikova, Jozef Marek, Pavel Mucaji, Milan Nagy, Zuzana Gazova; Green tea leaf constituents inhibit the formation of lysozyme amyloid aggregates: An effect of mutual interactions; International Journal of Biological Macromolecules, 2023, 242, 2, 124856<\/li>\n<li>Monika Tvrdonova, Barbora Borovska, Aneta Salayova, Robert Roncak, Peter Michalcin, Zuzana Bednarikova, Zuzana Gazova: Design and synthesis of novel carbohydrate-amino acid hybrids and their antioxidant and anti-\u03b2-amyloid aggregation activity, Bioorganic Chemistry 137 (2023) 106636<\/li>\n<li>\u00a0Vladimir Vanik, Zuzana Bednarikova, Gabriela Fabriciova, Steven S.-S. Wang, Zuzana Gazova and Diana Fedunova: Modulation of Insulin Amyloid Fibrillization in Imidazolium-Based Ionic Liquids with Hofmeister Series Anions, Int. J. Mol. Sci. 2023, 24, 9699<\/li>\n<li>\u00a0 M. Kubov\u010d\u00edkov\u00e1: Pr\u00edprava magnetick\u00fdch nano\u010dast\u00edc a ich zna\u010denie r\u00e1dionuklidmi pre potenci\u00e1lne teranostick\u00e9 pou\u017eitie, Recenzovan\u00fd zborn\u00edk pr\u00edspevkov z konferencie NANOVIR, Ko\u0161ice, 2023, I-03, s. 32-35<\/li>\n<li>A. Anto\u0161ov\u00e1: Identifik\u00e1cia SiO2@MNPs nano\u010dast\u00edc pre efekt\u00edvnu magnetick\u00fa separ\u00e1ciu RNA, Recenzovan\u00fd zborn\u00edk pr\u00edspevkov z konferencie NANOVIR, Ko\u0161ice, 2023, I-05, s. 40-44<\/li>\n<li>I. Antal: Pr\u00edprava a charakteriz\u00e1cia magnetick\u00fdch nano\u010dast\u00edc modifikovan\u00fdch poly-L-lyz\u00ednom, Recenzovan\u00fd zborn\u00edk pr\u00edspevkov z konferencie NANOVIR, Ko\u0161ice, 2023, P-04, s. 104-107<\/li>\n<li>Z. Bedn\u00e1rikov\u00e1: At\u00f3mov\u00e1 silov\u00e1 mikroskopia \u2013 charakteriz\u00e1cia morfologick\u00fdch vlastnost\u00ed Fe3O4@SiO2 nano\u010dast\u00edc, Recenzovan\u00fd zborn\u00edk pr\u00edspevkov z konferencie NANOVIR, Ko\u0161ice, 2023, P-05, s. 108-111<\/li>\n<li>I. Khmara: Magnetick\u00e9 nano\u010dastice obalen\u00e9 chitozanom pre \u00fa\u010dinn\u00fa magnetick\u00fa hypertermiu, Recenzovan\u00fd zborn\u00edk pr\u00edspevkov z konferencie NANOVIR, Ko\u0161ice, 2023, P-10, s. 130-134<\/li>\n<li>V. Z\u00e1vi\u0161ov\u00e1: Synt\u00e9za a charakteriz\u00e1cia magnetick\u00fdch nano\u010dast\u00edc obalen\u00fdch oxidom kremi\u010dit\u00fdm, Recenzovan\u00fd zborn\u00edk pr\u00edspevkov z konferencie NANOVIR, Ko\u0161ice, 2023, P-13, s. 144-148<\/li>\n<\/ul>\n<p><strong>Zoznam publik\u00e1ci\u00ed vytvoren\u00fdch v r\u00e1mci projektu \u201eNano\u010dastice pre rie\u0161enie diagnosticko-terapeutick\u00fdch probl\u00e9mov s COVID-19 (NANOVIR)\u201c<\/strong><br \/>\npartner: \u00dastav experiment\u00e1lnej fyziky SAV, v. v. i.<\/p>\n<ul>\n<li>v 1. n\u00e1slednom monitorovanom obdob\u00ed 1.7.2023 \u2013 9.5.2025 <a href=\"http:\/\/websrv.saske.sk\/uef\/wp-content\/uploads\/2025\/06\/NMS1-Publikacie-AUW7.pdf\">(.pdf)<\/a><\/li>\n<\/ul>\n","protected":false},"excerpt":{"rendered":"<p>Inform\u00e1cie o Opera\u010dnom programe Integrovan\u00e1 infra\u0161trukt\u00fara 2014 \u2013 2020 n\u00e1jdete na www.opii.gov.sk Nano\u010dastice pre rie\u0161enie diagnosticko-terapeutick\u00fdch probl\u00e9mov s COVID-19 (NANOVIR) &nbsp; E\u00da fond Eur\u00f3psky fond&#8230;<\/p>\n","protected":false},"author":1,"featured_media":0,"parent":3957,"menu_order":0,"comment_status":"closed","ping_status":"closed","template":"","meta":{"footnotes":""},"_links":{"self":[{"href":"https:\/\/websrv.saske.sk\/uef\/wp-json\/wp\/v2\/pages\/5117"}],"collection":[{"href":"https:\/\/websrv.saske.sk\/uef\/wp-json\/wp\/v2\/pages"}],"about":[{"href":"https:\/\/websrv.saske.sk\/uef\/wp-json\/wp\/v2\/types\/page"}],"author":[{"embeddable":true,"href":"https:\/\/websrv.saske.sk\/uef\/wp-json\/wp\/v2\/users\/1"}],"replies":[{"embeddable":true,"href":"https:\/\/websrv.saske.sk\/uef\/wp-json\/wp\/v2\/comments?post=5117"}],"version-history":[{"count":22,"href":"https:\/\/websrv.saske.sk\/uef\/wp-json\/wp\/v2\/pages\/5117\/revisions"}],"predecessor-version":[{"id":9155,"href":"https:\/\/websrv.saske.sk\/uef\/wp-json\/wp\/v2\/pages\/5117\/revisions\/9155"}],"up":[{"embeddable":true,"href":"https:\/\/websrv.saske.sk\/uef\/wp-json\/wp\/v2\/pages\/3957"}],"wp:attachment":[{"href":"https:\/\/websrv.saske.sk\/uef\/wp-json\/wp\/v2\/media?parent=5117"}],"curies":[{"name":"wp","href":"https:\/\/api.w.org\/{rel}","templated":true}]}}