{"id":51,"date":"2018-09-12T08:32:49","date_gmt":"2018-09-12T06:32:49","guid":{"rendered":"http:\/\/websrv.saske.sk\/uef\/?page_id=51"},"modified":"2025-10-15T09:52:52","modified_gmt":"2025-10-15T07:52:52","slug":"kontakt","status":"publish","type":"page","link":"https:\/\/websrv.saske.sk\/uef\/kontakt\/","title":{"rendered":"Kontakt"},"content":{"rendered":"<p><strong>\u00dastav experiment\u00e1lnej fyziky SAV<\/strong><strong>, v.v.i.<\/strong><br \/>\nWatsonova 47<br \/>\n040 01 Ko\u0161ice<br \/>\nSlovensk\u00e1 republika<\/p>\n<p><strong>Telef\u00f3n:<\/strong> +421 55 792 2201<\/p>\n<p><strong>E-mail:<\/strong> sekr@saske.sk<\/p>\n<p>I\u010cO: 00166812<\/p>\n<p><strong>Public information officer<\/strong>: Pavol Bob\u00edk<\/p>\n<p>e-mail: public_information _officer@saske.sk<\/p>\n<p>&nbsp;<\/p>\n<table border=\"0\" cellspacing=\"1\" cellpadding=\"2\">\n<tbody>\n<tr>\n<td><\/td>\n<td><\/td>\n<\/tr>\n<tr>\n<td valign=\"top\"><\/td>\n<td><\/td>\n<\/tr>\n<tr>\n<td valign=\"top\"><\/td>\n<td><\/td>\n<\/tr>\n<\/tbody>\n<\/table>\n","protected":false},"excerpt":{"rendered":"<p>\u00dastav experiment\u00e1lnej fyziky SAV, v.v.i. Watsonova 47 040 01 Ko\u0161ice Slovensk\u00e1 republika Telef\u00f3n: +421 55 792 2201 E-mail: sekr@saske.sk I\u010cO: 00166812 Public information officer: Pavol&#8230;<\/p>\n","protected":false},"author":1,"featured_media":0,"parent":0,"menu_order":0,"comment_status":"closed","ping_status":"closed","template":"","meta":{"footnotes":""},"_links":{"self":[{"href":"https:\/\/websrv.saske.sk\/uef\/wp-json\/wp\/v2\/pages\/51"}],"collection":[{"href":"https:\/\/websrv.saske.sk\/uef\/wp-json\/wp\/v2\/pages"}],"about":[{"href":"https:\/\/websrv.saske.sk\/uef\/wp-json\/wp\/v2\/types\/page"}],"author":[{"embeddable":true,"href":"https:\/\/websrv.saske.sk\/uef\/wp-json\/wp\/v2\/users\/1"}],"replies":[{"embeddable":true,"href":"https:\/\/websrv.saske.sk\/uef\/wp-json\/wp\/v2\/comments?post=51"}],"version-history":[{"count":12,"href":"https:\/\/websrv.saske.sk\/uef\/wp-json\/wp\/v2\/pages\/51\/revisions"}],"predecessor-version":[{"id":9524,"href":"https:\/\/websrv.saske.sk\/uef\/wp-json\/wp\/v2\/pages\/51\/revisions\/9524"}],"wp:attachment":[{"href":"https:\/\/websrv.saske.sk\/uef\/wp-json\/wp\/v2\/media?parent=51"}],"curies":[{"name":"wp","href":"https:\/\/api.w.org\/{rel}","templated":true}]}}