{"id":4469,"date":"2020-09-03T08:48:59","date_gmt":"2020-09-03T06:48:59","guid":{"rendered":"http:\/\/websrv.saske.sk\/uef\/?page_id=4469"},"modified":"2025-09-02T10:48:37","modified_gmt":"2025-09-02T08:48:37","slug":"hrs4s","status":"publish","type":"page","link":"https:\/\/websrv.saske.sk\/uef\/veda-a-vyskum\/hrs4s\/","title":{"rendered":"HRS4S"},"content":{"rendered":"<h3 class=\"title\">HRS4R &#8211; Human Resources Strategy for Researchers<\/h3>\n<p>Ka\u017ed\u00fd pr\u00edjemca grantu H2020 sa podpisom grantovej dohody zav\u00e4zuje k dodr\u017eiavaniu \u010dl\u00e1nku 32, ktor\u00fd stanovuje pravidl\u00e1 zamestn\u00e1vania vedeck\u00fdch pracovn\u00edkov a zais\u0165ovanie kvalitn\u00fdch pracovn\u00fdch podmienok. \u010cl\u00e1nok 32 grantovej dohody zav\u00e4zuje pr\u00edjemcov k dodr\u017eiavaniu z\u00e1sad Eur\u00f3pskej charty pre v\u00fdskumn\u00fdch pracovn\u00edkov a K\u00f3dexu pravidiel pre ich zamestn\u00e1vanie (\u010falej Charty a K\u00f3dexu). Predov\u0161etk\u00fdm kladie d\u00f4raz na pracovn\u00e9 podmienky, transparentn\u00fd n\u00e1bor na z\u00e1klade kvalifik\u00e1cie a sk\u00fasenost\u00ed a vytv\u00e1ranie priazniv\u00e9ho prostredia pre kari\u00e9rny rozvoj.<\/p>\n<p>Za \u00fa\u010delom formaliz\u00e1cie \u010dl\u00e1nku 32 vytvorila Eur\u00f3pska komisia strat\u00e9giu \u013eudsk\u00fdch zdrojov vo v\u00fdskume (Human Resources Strategy for Researchers, \u010falej HRS4R). In\u0161tit\u00facia, ktor\u00e1 sa rozhodne strat\u00e9giu zavies\u0165, mus\u00ed najsk\u00f4r analyzova\u0165 nedostatky vo svojom fungovan\u00ed. Anal\u00fdza nedostatkov (gap analysis) by mala pom\u00f4c\u0165 realisticky vyhodnoti\u0165, ak\u00e9 zmeny je mo\u017en\u00e9 uskuto\u010dni\u0165, a to aj s oh\u013eadom na relevantn\u00fa n\u00e1rodn\u00fa legislat\u00edvu. Na z\u00e1klade anal\u00fdzy m\u00e1 by\u0165 vypracovan\u00fd ak\u010dn\u00fd pl\u00e1n, ktor\u00fd by v\u0161ak mal by\u0165 predmetom hlb\u0161ej a s\u00fastavnej diskusie na v\u0161etk\u00fdch \u00farovniach in\u0161tit\u00facie. Konkr\u00e9tne ciele a n\u00e1vrhy na zlep\u0161enie podmienok s\u00fa individu\u00e1lne, z\u00e1le\u017e\u00ed najm\u00e4 na vn\u00fatornej organiz\u00e1cii, na \u010dinorodosti a schopnosti poveren\u00e9ho t\u00edmu a samozrejme na v\u00f4li a po\u010dte zapojen\u00fdch zamestnancov. Implement\u00e1cia ak\u010dn\u00e9ho pl\u00e1nu mus\u00ed by\u0165 vn\u00fatorne monitorovan\u00e1 a v pravideln\u00fdch intervaloch tie\u017e kontrolovan\u00e1 extern\u00fdmi hodnotite\u013emi. Eur\u00f3pska komisia ude\u013euje zn\u00e1mku kvality HRS4R rok po za\u010dat\u00ed cel\u00e9ho procesu, pri\u010dom zoh\u013ead\u0148uje koherenciu ak\u010dn\u00e9ho pl\u00e1nu a jeho uskuto\u010d\u0148ovanie.<\/p>\n<h4>Implement\u00e1cia Strat\u00e9gie \u013eudsk\u00fdch zdrojov vo v\u00fdskume v SAV<\/h4>\n<p>Slovensk\u00e1 akad\u00e9mia vied predlo\u017eila pl\u00e1n plnenia <a href=\"https:\/\/hrs4r.sav.sk\/\">HRS4R<\/a> Eur\u00f3pskej komisii na schv\u00e1lenie. S cie\u013eom zos\u00faladenia postupov v jednotliv\u00fdch organiz\u00e1ci\u00e1ch SAV s princ\u00edpmi Charty a K\u00f3dexu, bude implement\u00e1cia HRS4R realizovan\u00e1 v r\u00e1mci 45 krokov definovan\u00fdch v Ak\u010dnom pl\u00e1ne. Miera s\u00faladu je v jednotliv\u00fdch organiz\u00e1ci\u00e1ch r\u00f4zna, preto aj implement\u00e1cia krokov ak\u010dn\u00e9ho pl\u00e1nu bude prisp\u00f4soben\u00e1 skuto\u010dn\u00fdm potreb\u00e1m tej-ktorej organiz\u00e1cie. Ve\u013ek\u00fd d\u00f4raz bude kladen\u00fd na zdie\u013eanie dobrej praxe medzi organiz\u00e1ciami. V\u00e4\u010d\u0161ina opatren\u00ed prijat\u00fdch na centr\u00e1lnej \u00farovni bude ma\u0165 r\u00e1mcov\u00fd alebo odpor\u00fa\u010dac\u00ed charakter a organiz\u00e1ci\u00e1m bude ponechan\u00e1 vo\u013enos\u0165 v prijat\u00ed vlastn\u00fdch opatren\u00ed, ktor\u00e9 bud\u00fa zodpoveda\u0165 ich aktu\u00e1lnej situ\u00e1cii a potreb\u00e1m. Organiz\u00e1ci\u00e1m bude pri tomto poskytnut\u00e1 potrebn\u00e1 s\u00fa\u010dinnos\u0165 a metodick\u00e1 podpora. Harmonogram implement\u00e1cie, ako aj kontrola dosiahnut\u00fdch cie\u013eov bud\u00fa kvart\u00e1lne.<\/p>\n<p>Ciele, ktor\u00e9 chceme realiz\u00e1ciou uveden\u00fdch krokov dosiahnu\u0165:<\/p>\n<ul class=\"geo\">\n<li>viac otvori\u0165 organiz\u00e1cie zahrani\u010dn\u00fdm pracovn\u00edkom \u2013 prekladom potrebn\u00fdch predpisov, dokumentov, formul\u00e1rov do anglick\u00e9ho jazyka, zlep\u0161en\u00edm komunika\u010dn\u00fdch schopnost\u00ed v angli\u010dtine u technick\u00fdch a administrat\u00edvnych pracovn\u00edkov;<\/li>\n<li>zjednoti\u0165 a formalizova\u0165 ur\u010dit\u00e9 postupy \u2013 pod\u00e1vanie a pre\u0161etrovanie podnetov t\u00fdkaj\u00facich sa etick\u00fdch ot\u00e1zok, vybavovanie podnetov, s\u0165a\u017enost\u00ed, odvolan\u00ed, z\u00e1lohovanie d\u00e1t, ukladania a zdie\u013eania d\u00e1t, hodnotenie v\u00fdskumn\u00fdch pracovn\u00edkov, n\u00e1bor a v\u00fdber v\u00fdskumn\u00edkov, pr\u00edprava potrebn\u00fdch intern\u00fdch predpisov (napr. v oblasti etick\u00fdch ot\u00e1zok, pr\u00e1v du\u0161evn\u00e9ho vlastn\u00edctva a pod.)<\/li>\n<li>podpori\u0165 kari\u00e9rny rozvoj a poradenstvo a nepretr\u017eit\u00e9 vzdel\u00e1vanie \u2013 pr\u00edprava a zverejnenie kari\u00e9rnych pl\u00e1nov, strat\u00e9gi\u00ed kari\u00e9rneho rozvoja, sch\u00e9my kari\u00e9rneho poradenstva a mentoringu, mana\u017e\u00e9rske \u0161kolenia;<\/li>\n<li>spr\u00edstupni\u0165 potrebn\u00e9 dokumenty (nov\u00fdm) zamestnancom a zv\u00fd\u0161i\u0165 informovanos\u0165 pracovn\u00edkov \u2013 pr\u00edprava bilingv\u00e1lneho uv\u00edtacieho informa\u010dn\u00e9ho bal\u00ed\u010dka, \u0161kolenia vedcov v oblasti etick\u00fdch ot\u00e1zok, v oblasti pr\u00e1v du\u0161evn\u00e9ho vlastn\u00edctva;<\/li>\n<li>zos\u00faladi\u0165 procesy n\u00e1boru a v\u00fdboru v\u00fdskumn\u00fdch pracovn\u00edkov s princ\u00edpmi otvoren\u00e9ho, transparentn\u00e9ho a spravodliv\u00e9ho n\u00e1boru (angl. Open, Transparent and Merit-Based Recruitment, OTM-R) \u2013 vypracovan\u00edm politiky OTM-R, pr\u00edpravou potrebn\u00fdch \u0161abl\u00f3n, pr\u00edru\u010diek, dokumentov, \u0161kolen\u00edm relevantn\u00fdch os\u00f4b, vyu\u017e\u00edvan\u00edm r\u00f4znych foriem n\u00e1boru;<\/li>\n<li>analyzova\u0165 mo\u017enosti zlep\u0161enia pracovn\u00fdch podmienok pre v\u00fdskumn\u00edkov s osobit\u00fdm d\u00f4razom na vybran\u00e9 skupiny \u2013 mo\u017enosti zlep\u0161enia platov\u00fdch podmienok, uvo\u013enenia podmienok verejn\u00e9ho obstar\u00e1vania, zos\u00faladenie rodiny a kari\u00e9ry, pr\u00edstup hendikepovan\u00fdch v\u00fdskumn\u00edkov, postavenie doktorandov a post-doktorandov.<\/li>\n<\/ul>\n<p>Na zabezpe\u010denie riadnej implement\u00e1cie bude vytvoren\u00e1 a pod\u013ea potreby dop\u013a\u0148an\u00e1 pracovn\u00e1 skupina, ktor\u00e1 bude \u00fazko spolupracova\u0165 s dedikovan\u00fdmi osobami v jednotliv\u00fdch organiz\u00e1ci\u00e1ch. Nevyhnutn\u00e1 je tie\u017e spolupr\u00e1ca s Predsedn\u00edctvom SAV, ako aj rozli\u010dn\u00fdmi odbormi\/refer\u00e1tmi v r\u00e1mci \u00daradu SAV. Na dosahovanie jednotliv\u00fdch cie\u013eov bude potrebn\u00e9 vyu\u017eitie slu\u017eieb aj extern\u00fdch org\u00e1nov a organiz\u00e1ci\u00ed. Na kontrolu a dohliadanie implement\u00e1cie bude zriaden\u00fd Riadiaci v\u00fdbor, ktor\u00fd bude zo strany pracovnej skupiny pravidelne informovan\u00fd o dosahovan\u00ed \u010diastkov\u00fdch cie\u013eov, pr\u00edp. potreb\u00e1ch zmien v ak\u010dnom pl\u00e1ne a pod. Jednotliv\u00e9 skupine v\u00fdskumn\u00edkov bud\u00fa tie\u017e pravidelne informovan\u00e9 o postupe implement\u00e1cie a bud\u00fa aj akt\u00edvne zap\u00e1jan\u00e9 v r\u00e1mci konzulta\u010dn\u00fdch procesov.<\/p>\n<p>Ak\u010dn\u00fd pl\u00e1n je vypracovan\u00fd na obdobie 4 rokov \u2013 od Q3 2019 do Q3 2023. Po dvoch rokoch bude ak\u010dn\u00fd pl\u00e1n prehodnoten\u00fd a v pr\u00edpade potreby modifikovan\u00fd.<\/p>\n<p>Z\u00e1kladn\u00e9 dokumenty:<\/p>\n<p>Z\u00e1sady n\u00e1boru a v\u00fdberu zamestnancov vo verejnej v\u00fdskumnej in\u0161tit\u00facii\u00a0 \u00daEF SAV, v.v.i. <a href=\"http:\/\/websrv.saske.sk\/uef\/wp-content\/uploads\/2025\/09\/OTS-N-Zasady-naboru-a-vyberu-zamestnancov-vo-verejnej-vyskumnej-institucii_pre_UEF-SAV.pdf\">(.pdf_sk)<\/a><\/p>\n<p>Z\u00e1sady n\u00e1boru a v\u00fdberu zamestnancov vo verejnej v\u00fdskumnej in\u0161tit\u00facii\u00a0 \u00daEF SAV, v.v.i. <a href=\"http:\/\/websrv.saske.sk\/uef\/wp-content\/uploads\/2025\/09\/OTS-N-Zasady-naboru-a-vyberu-zamestnancov-vo-verejnej-vyskumnej-institucii_IEP-SAS_EN.pdf\">(.pdf_en)<\/a><\/p>\n<p>&nbsp;<\/p>\n<p>Kontakt: <a href=\"mailto:hrs4r@savba.sk\">hrs4r@savba.sk<\/a><\/p>\n<p>&nbsp;<\/p>\n","protected":false},"excerpt":{"rendered":"<p>HRS4R &#8211; Human Resources Strategy for Researchers Ka\u017ed\u00fd pr\u00edjemca grantu H2020 sa podpisom grantovej dohody zav\u00e4zuje k dodr\u017eiavaniu \u010dl\u00e1nku 32, ktor\u00fd stanovuje pravidl\u00e1 zamestn\u00e1vania vedeck\u00fdch&#8230;<\/p>\n","protected":false},"author":1,"featured_media":0,"parent":11,"menu_order":40,"comment_status":"closed","ping_status":"closed","template":"","meta":{"footnotes":""},"_links":{"self":[{"href":"https:\/\/websrv.saske.sk\/uef\/wp-json\/wp\/v2\/pages\/4469"}],"collection":[{"href":"https:\/\/websrv.saske.sk\/uef\/wp-json\/wp\/v2\/pages"}],"about":[{"href":"https:\/\/websrv.saske.sk\/uef\/wp-json\/wp\/v2\/types\/page"}],"author":[{"embeddable":true,"href":"https:\/\/websrv.saske.sk\/uef\/wp-json\/wp\/v2\/users\/1"}],"replies":[{"embeddable":true,"href":"https:\/\/websrv.saske.sk\/uef\/wp-json\/wp\/v2\/comments?post=4469"}],"version-history":[{"count":11,"href":"https:\/\/websrv.saske.sk\/uef\/wp-json\/wp\/v2\/pages\/4469\/revisions"}],"predecessor-version":[{"id":9352,"href":"https:\/\/websrv.saske.sk\/uef\/wp-json\/wp\/v2\/pages\/4469\/revisions\/9352"}],"up":[{"embeddable":true,"href":"https:\/\/websrv.saske.sk\/uef\/wp-json\/wp\/v2\/pages\/11"}],"wp:attachment":[{"href":"https:\/\/websrv.saske.sk\/uef\/wp-json\/wp\/v2\/media?parent=4469"}],"curies":[{"name":"wp","href":"https:\/\/api.w.org\/{rel}","templated":true}]}}