{"id":4406,"date":"2020-08-05T09:19:22","date_gmt":"2020-08-05T07:19:22","guid":{"rendered":"http:\/\/websrv.saske.sk\/uef\/?page_id=4406"},"modified":"2025-06-09T10:29:15","modified_gmt":"2025-06-09T08:29:15","slug":"mikrokelvin","status":"publish","type":"page","link":"https:\/\/websrv.saske.sk\/uef\/veda-a-vyskum\/projekty-v-ramci-opvai\/mikrokelvin\/","title":{"rendered":"Mikrokelvin"},"content":{"rendered":"<p><img decoding=\"async\" src=\"http:\/\/websrv.saske.sk\/uef\/wp-content\/uploads\/2020\/02\/logo-OPII_EFRR-e1582099961752.jpg\" \/>\u00a0\u00a0\u00a0\u00a0 <img loading=\"lazy\" decoding=\"async\" class=\"\" src=\"http:\/\/websrv.saske.sk\/uef\/wp-content\/uploads\/2020\/02\/logo-MDV-SR_SK-e1582099808436.jpg\" width=\"255\" height=\"62\" \/><\/p>\n<p>Inform\u00e1cie o Opera\u010dnom programe Integrovan\u00e1 infra\u0161trukt\u00fara 2014 \u2013 2020 n\u00e1jdete na\u00a0 <a href=\"http:\/\/www.opii.gov.sk\">www.opii.gov.sk<\/a><\/p>\n<h2>Kvantov\u00e9 materi\u00e1ly pri ultra-n\u00edzkych teplot\u00e1ch &#8211; Mikrokelvin<\/h2>\n<table width=\"0\">\n<tbody>\n<tr>\n<td width=\"284\"><strong>E\u00da fond<\/strong><\/td>\n<td colspan=\"2\" width=\"359\">Eur\u00f3psky fond region\u00e1lneho rozvoja<\/td>\n<\/tr>\n<tr>\n<td width=\"284\"><strong>V\u00fdzva <\/strong><\/td>\n<td colspan=\"2\" width=\"359\">Podpora v\u00fdskumn\u00fdch medzin\u00e1rodn\u00fdch projektov schv\u00e1len\u00fdch v programe H2020<\/td>\n<\/tr>\n<tr>\n<td width=\"284\"><strong>K\u00f3d v\u00fdzvy<\/strong><\/td>\n<td colspan=\"2\" width=\"359\">OPVaI-VA\/DP\/2018\/1.1.2-01<\/td>\n<\/tr>\n<tr>\n<td width=\"284\"><strong>K\u00f3d projektu v ITMS2014+<\/strong><\/td>\n<td colspan=\"2\" width=\"359\">313011W856<\/td>\n<\/tr>\n<tr>\n<td width=\"284\"><strong>N\u00e1zov projektu<\/strong><\/td>\n<td colspan=\"2\" width=\"359\">Kvantov\u00e9 materi\u00e1ly pri ultra-n\u00edzkych teplot\u00e1ch \u00a0 \u00a0 \u00a0\u00a0 \u00a0 \u00a0 \u00a0\u00a0 \u00a0\u00a0 <em><a href=\"http:\/\/websrv.saske.sk\/uef\/wp-content\/uploads\/2021\/03\/PlagatA3-Mikrokelvin.pdf\">(.pdf plag\u00e1t projektu)<\/a><\/em><\/td>\n<\/tr>\n<tr>\n<td width=\"284\"><strong>Subjekt\/prij\u00edmate\u013e pomoci<\/strong><\/td>\n<td colspan=\"2\" width=\"359\">\u00dastav experiment\u00e1lnej fyziky Slovenskej akad\u00e9mie vied<\/td>\n<\/tr>\n<tr>\n<td width=\"284\"><strong>Partner 1<\/strong><\/td>\n<td width=\"359\"><\/td>\n<\/tr>\n<tr>\n<td width=\"284\"><strong>Financovanie projektu<\/strong><\/td>\n<td width=\"76\">COV\u00a0\u00a0 199 992,59 EUR<\/td>\n<\/tr>\n<tr>\n<td width=\"284\"><\/td>\n<td width=\"76\">NFP\u00a0\u00a0\u00a0 199 992,59 EUR<\/td>\n<\/tr>\n<tr>\n<td width=\"284\"><\/td>\n<td width=\"76\">VZ\u00a0\u00a0 \u00a0 \u00a0 0,00 EUR<\/td>\n<\/tr>\n<tr>\n<td width=\"284\"><strong>Obdobie realiz\u00e1cie projektu<\/strong><\/td>\n<td colspan=\"2\" width=\"359\">01\/2020 \u2013 06\/2023<\/td>\n<\/tr>\n<tr>\n<td width=\"284\"><strong>Miesto realiz\u00e1cie projektu<\/strong><\/td>\n<td colspan=\"2\" width=\"359\">SR \/ Ko\u0161ick\u00fd kraj\/ Ko\u0161ice I -mestsk\u00e1 \u010das\u0165 Sever<\/td>\n<\/tr>\n<tr>\n<td width=\"284\"><strong>Dom\u00e9na inteligentnej \u0161pecializ\u00e1cie<\/strong><\/td>\n<td colspan=\"2\" width=\"359\">Priemysel pre 21. storo\u010die<\/td>\n<\/tr>\n<tr>\n<td width=\"284\"><strong>Hlavn\u00e9 relevantn\u00e9 SK NACE odvetvie<\/strong><\/td>\n<td colspan=\"2\" width=\"359\">C27 V\u00fdroba elektrick\u00fdch zariaden\u00ed<\/td>\n<\/tr>\n<tr>\n<td width=\"284\"><strong>Funk\u010dn\u00e9 v\u00e4zby<\/strong><\/td>\n<td colspan=\"2\" width=\"359\">M74 Ostatn\u00e9 odborn\u00e9, vedeck\u00e9 a technick\u00e9 \u010dinnosti<\/td>\n<\/tr>\n<tr>\n<td colspan=\"2\" width=\"822\"><strong>Predmet v\u00fdskumu<\/strong><\/p>\n<ul>\n<li>Rozvoj merac\u00edch techn\u00edk a\u00a0experiment\u00e1lnych metod\u00edk na v\u00fdskum kvantov\u00fdch materi\u00e1lov, topologick\u00fdch \u0161trukt\u00far a\u00a0silno-korelovan\u00fdch elektr\u00f3nov\u00fdch syst\u00e9mov.<\/li>\n<li>Realiz\u00e1cia a\u00a0\u0161t\u00fadium kvantov\u00fdch bitov (Qubitov) na b\u00e1ze r\u00f4znych fyzik\u00e1lnych syst\u00e9mov ako s\u00fa frustrovan\u00e9 magnetik\u00e1, supratekut\u00e9 3He a\u00a0pod.<\/li>\n<li>N\u00edzko-teplotn\u00e1 termometria, defin\u00edcia teplotnej stupnice v\u00a0milikelvinovej a\u00a0submilikelvinovej teplotnej oblasti a\u00a0v\u00a0siln\u00fdch magnetick\u00fdch poliach.<\/li>\n<\/ul>\n<\/td>\n<\/tr>\n<tr>\n<td colspan=\"2\" width=\"822\"><strong>V\u00fdstupy do praxe<\/strong><\/p>\n<ul>\n<li>Kalibrovan\u00e9 odporov\u00e9 teplomery v\u00a0teplotnej oblasti pod 1 Kelvinom a\u00a0v\u00a0siln\u00fdch magnetick\u00fdch poliach.<\/li>\n<li>Metodika ultra-citlivej rezist\u00edvnej striedavej kalorimetrie.<\/li>\n<li>Metodika mikro-kontaktovej spektrosk\u00f3pie pod tlakom.<\/li>\n<\/ul>\n<\/td>\n<\/tr>\n<tr>\n<td colspan=\"2\" width=\"822\"><strong>D\u00e1vame do pozornosti&#8230;&#8230; (\u0161pecifik\u00e1\/unik\u00e1ty a\u00a0zauj\u00edmavosti projektu)<\/strong><\/p>\n<p>o\u00a0\u00a0\u00a0 Projekt je komplement\u00e1rnym projektom k\u00a0projektu EMP &#8211; Eur\u00f3pska mikrokelvinov\u00e1 platforma, projekt H2020 podan\u00fd vo v\u00fdzve H2020-INFRAIA-2018-2020, \u010d\u00edslo projektu 824109.<\/td>\n<\/tr>\n<\/tbody>\n<\/table>\n<p><strong>V\u010faka podpore<\/strong> <strong>v r\u00e1mci opera\u010dn\u00e9ho programu V\u00fdskum a inov\u00e1cie<\/strong> pre projekt \u201eKvantov\u00e9 materi\u00e1ly pri ultra-n\u00edzkych teplot\u00e1ch (Mikrokelvin)\u201c s k\u00f3dom ITMS2014+ 313011W856 spolufinancovan\u00fd zo zdrojov\u00a0 <strong>Eur\u00f3pskeho fondu region\u00e1lneho rozvoja<\/strong> vznikli nasledovn\u00e9 publik\u00e1cie:<\/p>\n<ul>\n<li>Ladislav Galdun, Pavol Szabo, Victor Vega, Enrique D. Barriga-Castro, Raquel Mendoza-Resendez, Carlos Luna, Jozef Kovac, Ondrej Milkovic, Rastislav Varga, and Victor M. Prida, High Spin Polarization in Co2FeSn Heusler Nanowires for Spintronics, ACS Appl. Nano Mater. 2020, 3, 7438\u22127445 (podiel: 15%)<\/li>\n<li>Mat\u00fa\u0161 Orend\u00e1\u010d, Slavom\u00edr Gab\u00e1ni, Pavol Farka\u0161ovsk\u00fd1, Emil Ga\u017eo1, Jozef Ka\u010dmar\u010d\u00edk, Miroslav Marcin, Gabriel Prist\u00e1\u0161, Konrad Siemensmeyer, Natalya Shitsevalova, Karol Flachbart: Ground state and stability of the fractional plateau phase in metallic Shastry\u2013 Sutherland system TmB4, Scientific Reports (2021) 11: 6835\u00a0(podiel: 30%)<\/li>\n<li>Bruno Cury Camargo, Piotr Gier\u0142owski, Marek Kuzmiak, Ramon Ferreira de Jesus, Oleksandr Onufriienko, Pavol Szab\u00f3 and Yakov Kopelevich, Macroscopic-ranged proximity effect in graphite, J. Phys.: Condens. Matter 33 (2021) 495602 (9pp). (podiel: 40%)<\/li>\n<li>P. Samuely, P. Szab\u00f3, J. Ka\u010dmar\u010d\u00edk, A. Meerschaut, L. Cario, A. G. M. Jansen, T. Cren, M. Kuzmiak, O. \u0160ofranko, and T. Samuely, Extreme in-plane upper critical magnetic fields of heavily doped quasi-two-dimensional transition metal dichalcogenides, PHYSICAL REVIEW B 104, 224507 (2021). (podiel: 50%)<\/li>\n<li>B. Z. Malkin, E. A. Goremychkin, K. Siemensmeyer, S. Gab\u00e1ni, K. Flachbart, M. Raj\u0148\u00e1k, A. L. Khoroshilov, K. M. Krasikov, N. Yu. Shitsevalova, V. B. Filipov, and N. E. Sluchanko, Crystal-field potential and short-range order effects in inelastic neutron scattering, magnetization, and heat capacity of the cage-glass compound HoB12, PHYSICAL REVIEW B 104, 134436 (2021). (podiel: 70%)<\/li>\n<li>A. Azarevich, V. Glushkov, S. Demishev, A. Bogach, V. Voronov, S. Gavrilkin, N. Shitsevalova, V. Filipov, S. Gab\u00e1ni, J Ka\u010dmar\u010d\u00edk, Evidence of symmetry lowering in antiferromagnetic metal TmB12 with dynamic charge stripes, J. Phys.: Condens. Matter 34 065602 (2022). (podiel: 50%)<\/li>\n<li>A.L. Khoroshilov, K.M. Krasikov, A.N. Azarevich, A.V. Bogach, V.V. Glushkov, V.N. Krasnorussky, V.V. Voronov, N.Y. Shitsevalova, V.B. Filipov, S. Gab\u00e1ni, K. Flachbart and N.E. Sluchanko, Hall Effect Anisotropy in the Paramagnetic Phase of Ho0.8Lu0.2B12 Induced by Dynamic Charge Stripes, Molecules 28, 676 (2023) (podiel: 50%)<\/li>\n<li>Gabriel Prist\u00e1\u0161, J\u00falius Ba\u010dkai, Mat\u00fa\u0161 Orend\u00e1\u010d, Slavom\u00edr Gab\u00e1ni, Filip Ko\u0161uth, Marek Kuzmiak, Pavol Szab\u00f3, Emil Ga\u017eo, Robert Franz, Sabrina Hirn, Georg C. Gruber, Christian Mitterer, Serhii Vorobiov, and Karol Flachbart, Phys. Rev. B 107, 024505 (2023) (podiel: 50%)<\/li>\n<li>\u00a0V Rollano, M C de Ory, A Gomez, E M Gonzalez, Z Pribulov\u00e1, M Marcin, P Samuely, G Sanchez-Santolino, A Torres-Pardo, F Mompean, M Garc\u00eda-Hern\u00e1ndez, I Guillam\u00f3n, H Suderow, M Menghini, and J L Vicent, Enhancement of vortex liquid phase and reentrant behavior in NiBi3 single crystals, Supercond. Sci. Technol. 36, 045012 (2023) (podiel: 20%)<\/li>\n<li>\u00a0J\u00falius Ba\u010dkai, Slavom\u00edr Gab\u00e1ni, Gabriel Prist\u00e1\u0161, Mat\u00fa\u0161 Orend\u00e1\u010d, Emil Ga\u017eo, Kirill Krasikov, Nikolay Sluchanko, Konrad Siemensmeyer, Natalya Shitsevalova, and Karol Flachbart, Angle-resolved magnetoresistance in the strongly anisotropic quantum magnet TmB4, Phys. Rev. B 107, 144403 (2023) (podiel: 50%)<\/li>\n<li>\u00a0Maria Victoria Ale Crivillero, Jean C. Souza, Vicky Hasse, Marcus Schmidt, Natalya Shitsevalova, Slavomir Gab\u00e1ni, Konrad Siemensmeyer, Karol Flachbart and Steffen Wirth, Detection of Surface States in Quantum Materials ZrTe2 and TmB4 by Scanning Tunneling Microscopy, Condens. Matter 2023, 8, 9 (podiel: 50%)<\/li>\n<li>\u00a0K. Krasikov, A. Bogach, A. Azarevich, V. Voronov, N. Shitsevalova, V. Filipov, S. Gabani, K. Flachbart, N. Sluchanko, Positive and negative magnetoresistance and charge transport anisotropy in RB12 (R &#8211; Ho, Er, Tm) antiferromagnets with dynamic charge stripes, Solid State Sciences 142 (2023) 107232 (podiel: 50%)<\/li>\n<li>N.B. Bolotina, O.N. Khrykina, A.N. Azarevich, N.Yu. Shitsevalova, V.B. Filipov, S. Yu. Gavrilkin, A. Yu. Tsvetkov, S. Gab\u00e1ni, K. Flachbart, V.V. Voronov, N.E. Sluchanko, Low temperature singularities of electron density in a two-gap superconductor ZrB12, Solid State Sciences 142 (2023) 107245 (podiel: 50%)<\/li>\n<\/ul>\n<p><strong>Zoznam publik\u00e1ci\u00ed vytvoren\u00fdch v r\u00e1mci projektu\u00a0 \u201eKvantov\u00e9 materi\u00e1ly pri ultra-n\u00edzkych teplot\u00e1ch (Mikrokelvin)\u201c s k\u00f3dom ITMS2014+ 313011W856<\/strong><br \/>\nv 1. n\u00e1slednom monitorovacom obdob\u00ed 07\/2023 &#8211; 04\/2025 \u00a0<a href=\"http:\/\/websrv.saske.sk\/uef\/wp-content\/uploads\/2025\/06\/NMS1-Publikacie-W856.pdf\">(.pdf)<\/a><\/p>\n<p>&nbsp;<\/p>\n","protected":false},"excerpt":{"rendered":"<p>\u00a0\u00a0\u00a0\u00a0 Inform\u00e1cie o Opera\u010dnom programe Integrovan\u00e1 infra\u0161trukt\u00fara 2014 \u2013 2020 n\u00e1jdete na\u00a0 www.opii.gov.sk Kvantov\u00e9 materi\u00e1ly pri ultra-n\u00edzkych teplot\u00e1ch &#8211; Mikrokelvin E\u00da fond Eur\u00f3psky fond region\u00e1lneho&#8230;<\/p>\n","protected":false},"author":1,"featured_media":0,"parent":3957,"menu_order":0,"comment_status":"closed","ping_status":"closed","template":"","meta":{"footnotes":""},"_links":{"self":[{"href":"https:\/\/websrv.saske.sk\/uef\/wp-json\/wp\/v2\/pages\/4406"}],"collection":[{"href":"https:\/\/websrv.saske.sk\/uef\/wp-json\/wp\/v2\/pages"}],"about":[{"href":"https:\/\/websrv.saske.sk\/uef\/wp-json\/wp\/v2\/types\/page"}],"author":[{"embeddable":true,"href":"https:\/\/websrv.saske.sk\/uef\/wp-json\/wp\/v2\/users\/1"}],"replies":[{"embeddable":true,"href":"https:\/\/websrv.saske.sk\/uef\/wp-json\/wp\/v2\/comments?post=4406"}],"version-history":[{"count":34,"href":"https:\/\/websrv.saske.sk\/uef\/wp-json\/wp\/v2\/pages\/4406\/revisions"}],"predecessor-version":[{"id":9159,"href":"https:\/\/websrv.saske.sk\/uef\/wp-json\/wp\/v2\/pages\/4406\/revisions\/9159"}],"up":[{"embeddable":true,"href":"https:\/\/websrv.saske.sk\/uef\/wp-json\/wp\/v2\/pages\/3957"}],"wp:attachment":[{"href":"https:\/\/websrv.saske.sk\/uef\/wp-json\/wp\/v2\/media?parent=4406"}],"curies":[{"name":"wp","href":"https:\/\/api.w.org\/{rel}","templated":true}]}}