{"id":3963,"date":"2020-02-17T09:58:13","date_gmt":"2020-02-17T08:58:13","guid":{"rendered":"http:\/\/websrv.saske.sk\/uef\/?page_id=3963"},"modified":"2024-10-23T11:55:37","modified_gmt":"2024-10-23T09:55:37","slug":"modex","status":"publish","type":"page","link":"https:\/\/websrv.saske.sk\/uef\/veda-a-vyskum\/projekty-v-ramci-opvai\/modex\/","title":{"rendered":"MODEX"},"content":{"rendered":"<p><img decoding=\"async\" src=\"http:\/\/websrv.saske.sk\/uef\/wp-content\/uploads\/2020\/02\/logo-OPII_EFRR-e1582099961752.jpg\" \/>\u00a0\u00a0\u00a0\u00a0 <img loading=\"lazy\" decoding=\"async\" class=\"\" src=\"http:\/\/websrv.saske.sk\/uef\/wp-content\/uploads\/2020\/02\/logo-MDV-SR_SK-e1582099808436.jpg\" width=\"255\" height=\"62\" \/><\/p>\n<p>Inform\u00e1cie o Opera\u010dnom programe Integrovan\u00e1 infra\u0161trukt\u00fara 2014 \u2013 2020 n\u00e1jdete na\u00a0 <a href=\"http:\/\/www.opii.gov.sk\">www.opii.gov.sk<\/a><\/p>\n<h2><strong>Modifikovan\u00e9 (nano)textiln\u00e9 materi\u00e1ly pre zdravotn\u00edcke technol\u00f3gie \u2013 MODEX<\/strong><\/h2>\n<table width=\"0\">\n<tbody>\n<tr>\n<td width=\"284\"><strong>E\u00da fond<\/strong><\/td>\n<td colspan=\"2\" width=\"359\">Eur\u00f3psky fond region\u00e1lneho rozvoja<\/td>\n<\/tr>\n<tr>\n<td width=\"284\"><strong>V\u00fdzva <\/strong><\/td>\n<td colspan=\"2\" width=\"359\">Podpora v\u00fdskumno-v\u00fdvojov\u00fdch kapac\u00edt v oblasti Zdravie obyvate\u013estva a zdravotn\u00edcke technol\u00f3gie<\/td>\n<\/tr>\n<tr>\n<td width=\"284\"><strong>K\u00f3d v\u00fdzvy<\/strong><\/td>\n<td colspan=\"2\" width=\"359\">OPVaI-VA\/DP\/2018\/1.1.3-10<\/td>\n<\/tr>\n<tr>\n<td width=\"284\"><strong>K\u00f3d projektu v ITMS2014+<\/strong><\/td>\n<td colspan=\"2\" width=\"359\">313011T548<\/td>\n<\/tr>\n<tr>\n<td width=\"284\"><strong>N\u00e1zov projektu<\/strong><\/td>\n<td colspan=\"2\" width=\"359\">Modifikovan\u00e9 (nano)textiln\u00e9 materi\u00e1ly pre zdravotn\u00edcke technol\u00f3gie (MODEX) <a href=\"http:\/\/websrv.saske.sk\/uef\/wp-content\/uploads\/2020\/02\/PlagatA3-548.pdf\"><em>(pdf.plag\u00e1t projektu)<\/em><\/a><\/td>\n<\/tr>\n<tr>\n<td width=\"284\"><strong>Subjekt\/prij\u00edmate\u013e pomoci<\/strong><\/td>\n<td colspan=\"2\" width=\"359\">\u00dastav experiment\u00e1lnej fyziky Slovenskej akad\u00e9mie vied<\/td>\n<\/tr>\n<tr>\n<td width=\"284\"><strong>Partner 1<\/strong><\/td>\n<td colspan=\"2\" width=\"359\"><\/td>\n<\/tr>\n<tr>\n<td rowspan=\"3\" width=\"284\"><strong>Financovanie projektu<\/strong><\/td>\n<td width=\"76\">COV<\/td>\n<td width=\"284\">\u00a0180\u00a0600,00 EUR<\/td>\n<\/tr>\n<tr>\n<td width=\"76\">NFP<\/td>\n<td width=\"284\">\u00a0180\u00a0600,00 EUR<\/td>\n<\/tr>\n<tr>\n<td width=\"76\">VZ<\/td>\n<td width=\"284\">\u00a00,00 EUR<\/td>\n<\/tr>\n<tr>\n<td width=\"284\"><strong>Obdobie realiz\u00e1cie projektu<\/strong><\/td>\n<td colspan=\"2\" width=\"359\">01\/2017 \u2013 12\/2019<\/td>\n<\/tr>\n<tr>\n<td width=\"284\"><strong>Miesto realiz\u00e1cie projektu<\/strong><\/td>\n<td colspan=\"2\" width=\"359\">SR\/ Ko\u0161ick\u00fd kraj\/ Ko\u0161ice<\/p>\n<p>Watsonova 47, Watsonova 47\/A, Bulharsk\u00e1 6<\/td>\n<\/tr>\n<tr>\n<td width=\"284\"><strong>Dom\u00e9na inteligentnej \u0161pecializ\u00e1cie<\/strong><\/td>\n<td colspan=\"2\" width=\"359\">Zdravie obyvate\u013estva a zdravotn\u00edcke technol\u00f3gie<\/td>\n<\/tr>\n<tr>\n<td width=\"284\"><strong>Hlavn\u00e9 relevantn\u00e9 SK NACE odvetvie<\/strong><\/td>\n<td colspan=\"2\" width=\"359\">Q86 \u2013 Zdravotn\u00edctvo<\/td>\n<\/tr>\n<tr>\n<td colspan=\"3\" width=\"643\"><strong>Predmet v\u00fdskumu<\/strong><\/p>\n<ul>\n<li>v\u00fdskum, v\u00fdvoj a charakteri\u00e1cia modifikovan\u00fdch (nano)textiln\u00fdch a im podobn\u00fdch materi\u00e1lov vyu\u017eite\u013en\u00fdch pre zdravotn\u00edcke technol\u00f3gie<\/li>\n<li>pr\u00edprava a komplexn\u00e1 charakteriz\u00e1cia nano\u010dast\u00edc pre modifik\u00e1ciu (nano)textiln\u00fdch a im podobn\u00fdch materi\u00e1lov<\/li>\n<li>imobiliz\u00e1ca biologicky akt\u00edvnych l\u00e1tok, nanoz\u00fdmov a\u00a0afinitn\u00fdch ligandov na (nano)textiln\u00e9 a im podobn\u00e9 vl\u00e1knit\u00e9 \u0161trukt\u00fary<\/li>\n<\/ul>\n<\/td>\n<\/tr>\n<tr>\n<td colspan=\"3\" width=\"643\"><strong>V\u00fdstupy do praxe<\/strong><\/p>\n<ul>\n<li>(nano)textil modifikovan\u00fd magnetick\u00fdmi oxidmi \u017eeleza pre potenci\u00e1lnu terapiu n\u00e1dorov\u00fdch ochoren\u00ed vyu\u017e\u00edvaj\u00facich hypertermiu v striedavom magnetickom poli<\/li>\n<\/ul>\n<ul>\n<li>vyu\u017eitie magneticky modifikovan\u00e9ho textilu v (bio)analytickej ch\u00e9mii<\/li>\n<li>vyu\u017eitie (bio)katalyz\u00e1torov a\u00a0nanoz\u00fdmov r\u00f4zneho typu imobilizovan\u00fdch na textile (preferen\u010dne magnetickom) pre ur\u00fdchlenie chemick\u00fdch reakci\u00ed<\/li>\n<li>vyu\u017eitie r\u00f4zne modifikovan\u00e9ho textilu (prednostne magnetick\u00e9ho) na detekciu a\u00a0stanovenie r\u00f4znych typov cie\u013eov\u00fdch molek\u00fal<\/li>\n<li>vyu\u017eitie vl\u00e1knit\u00fdch \u0161trukt\u00far podobn\u00fdch nanotext\u00edli\u00e1m pre senzory magnetick\u00e9ho po\u013ea<\/li>\n<li>vyu\u017eitie biologicky vl\u00e1knit\u00fdch materi\u00e1lov na detekciu a terapiu vybran\u00fdch patologick\u00fdch stavo<\/li>\n<\/ul>\n<\/td>\n<\/tr>\n<\/tbody>\n<\/table>\n<p>&nbsp;<\/p>\n<p><strong>V\u010faka podpore<\/strong> <strong>v r\u00e1mci opera\u010dn\u00e9ho programu V\u00fdskum a inov\u00e1cie<\/strong> pre projekt \u201eModifikovan\u00e9 (nano)textiln\u00e9 materi\u00e1ly pre zdravotn\u00edcke technol\u00f3gie (MODEX)\u201c, k\u00f3d ITMS2014+ 313011T548, spolufinancovan\u00fd zo zdrojov <strong>Eur\u00f3pskeho fondu region\u00e1lneho rozvoja<\/strong> vznikli nasledovn\u00e9 publik\u00e1cie:<\/p>\n<ul>\n<li>po\u010das rie\u0161enia projektu (2017-2019)\u00a0\u00a0 <a href=\"http:\/\/websrv.saske.sk\/uef\/wp-content\/uploads\/2021\/11\/Publikacie-MODEX-obd-riesenia.pdf\"> (.pdf)<\/a><\/li>\n<li>v 1. obdob\u00ed\u00a0 (2020 &#8211; 2021) <a href=\"http:\/\/websrv.saske.sk\/uef\/wp-content\/uploads\/2021\/11\/Publikacie-MODEX-nasledne.pdf\">(.pdf)<\/a><\/li>\n<li>v 2. obdob\u00ed (2021 &#8211; 2022) <a href=\"http:\/\/websrv.saske.sk\/uef\/wp-content\/uploads\/2023\/10\/N2-Publikacie-zoznam.pdf\">(.pdf)<\/a><\/li>\n<li>v 3. obdob\u00ed (2022 &#8211; 2023) <a href=\"http:\/\/websrv.saske.sk\/uef\/wp-content\/uploads\/2023\/10\/N3-Publikacie-zoznam.pdf\">(.pdf)<\/a><\/li>\n<li>v 4. obdob\u00ed (2023 \u2013 2024) <a href=\"http:\/\/websrv.saske.sk\/uef\/wp-content\/uploads\/2024\/10\/N4-Publikacie-zoznam.pdf\">(.pdf)<\/a><\/li>\n<\/ul>\n<p>&nbsp;<\/p>\n","protected":false},"excerpt":{"rendered":"<p>\u00a0\u00a0\u00a0\u00a0 Inform\u00e1cie o Opera\u010dnom programe Integrovan\u00e1 infra\u0161trukt\u00fara 2014 \u2013 2020 n\u00e1jdete na\u00a0 www.opii.gov.sk Modifikovan\u00e9 (nano)textiln\u00e9 materi\u00e1ly pre zdravotn\u00edcke technol\u00f3gie \u2013 MODEX E\u00da fond Eur\u00f3psky fond&#8230;<\/p>\n","protected":false},"author":1,"featured_media":0,"parent":3957,"menu_order":0,"comment_status":"closed","ping_status":"closed","template":"","meta":{"footnotes":""},"_links":{"self":[{"href":"https:\/\/websrv.saske.sk\/uef\/wp-json\/wp\/v2\/pages\/3963"}],"collection":[{"href":"https:\/\/websrv.saske.sk\/uef\/wp-json\/wp\/v2\/pages"}],"about":[{"href":"https:\/\/websrv.saske.sk\/uef\/wp-json\/wp\/v2\/types\/page"}],"author":[{"embeddable":true,"href":"https:\/\/websrv.saske.sk\/uef\/wp-json\/wp\/v2\/users\/1"}],"replies":[{"embeddable":true,"href":"https:\/\/websrv.saske.sk\/uef\/wp-json\/wp\/v2\/comments?post=3963"}],"version-history":[{"count":42,"href":"https:\/\/websrv.saske.sk\/uef\/wp-json\/wp\/v2\/pages\/3963\/revisions"}],"predecessor-version":[{"id":8568,"href":"https:\/\/websrv.saske.sk\/uef\/wp-json\/wp\/v2\/pages\/3963\/revisions\/8568"}],"up":[{"embeddable":true,"href":"https:\/\/websrv.saske.sk\/uef\/wp-json\/wp\/v2\/pages\/3957"}],"wp:attachment":[{"href":"https:\/\/websrv.saske.sk\/uef\/wp-json\/wp\/v2\/media?parent=3963"}],"curies":[{"name":"wp","href":"https:\/\/api.w.org\/{rel}","templated":true}]}}