{"id":3742,"date":"2020-01-20T13:26:48","date_gmt":"2020-01-20T12:26:48","guid":{"rendered":"http:\/\/websrv.saske.sk\/uef\/?page_id=3742"},"modified":"2021-12-16T13:48:10","modified_gmt":"2021-12-16T12:48:10","slug":"konferencie","status":"publish","type":"page","link":"https:\/\/websrv.saske.sk\/uef\/oddelenia-a-laboratoria\/laboratorium-materialovej-fyziky\/konferencie\/","title":{"rendered":"Konferencie"},"content":{"rendered":"<p style=\"text-align: center\">Konferencie v roku <strong>2021<\/strong><\/p>\n<p><strong>Hajdov\u00e1, P.<\/strong>; <strong>Diko, P.<\/strong>; Raj\u0148\u00e1k, M.; <strong>Bednar\u010d\u00edk, J.<\/strong>; <strong>Antal, V.<\/strong>; <strong>Kuch\u00e1rov\u00e1, V.<\/strong>; <strong>Zmorayov\u00e1, K.<\/strong> &amp; <strong>Radu\u0161ovsk\u00e1, M.<\/strong><br \/>\nMicrostructure and Superconducting Properties of GdBCO-Ag Single Grain Bulk with CeO2 Addition.<br \/>\nIn PASREG 2021: 12th International Workshop on Processing and Applications of Superconducting Bulk Materials, November 11-13, 2021, Shanghai, China, p. 47 (Hajdov\u00e1, P. &#8211; online predn\u00e1\u0161ka).<\/p>\n<p><strong>Kuch\u00e1rov\u00e1, V.<\/strong>; <strong>Diko, P.<\/strong>; <strong>Volochov\u00e1, D.<\/strong>; Hl\u00e1sek, T.; Lojka, M. &amp; Plech\u00e1\u010dek, V.<br \/>\nMicrostructure and macroscopic superconducting properties of bulk EUBCO with and without holes<br \/>\nIn The 34th International Symposium on Superconductivity (ISS2021), November 30 &#8211; December 2, 2021, Tokyo, Japan (Kuch\u00e1rov\u00e1, V. &#8211; online predn\u00e1\u0161ka).<\/p>\n<p>Zhu, Y.; Yin, Y.; Huang, S.; Zhou, D.; <strong>Kuch\u00e1rov\u00e1, V.<\/strong>; <strong>Zmorayov\u00e1, K.<\/strong> &amp; <strong>Diko, P.<br \/>\n<\/strong>Enhancing the superconducting performance of YBa2Cu3O7-\u03b4 bulks with nano-sized and well distributed Y2BaCuO5 particles.<br \/>\nIn PASREG 2021: 12th International Workshop on Processing and Applications of Superconducting Bulk Materials, November 11-13, 2021, Shanghai, China, p. 38 (online poster).<strong><br \/>\n<\/strong><\/p>\n<p><strong>Zmorayov\u00e1, K.<\/strong>; <strong>Diko, P.<\/strong>; <strong>Volochov\u00e1, D.<\/strong>; Hl\u00e1sek, T.; Plech\u00e1\u010dek, V. &amp; Anton\u010d\u00edk, F.<br \/>\nInfluence of artificial holes on microstructural and superconducting properties of YBCO single-grain bulks.<br \/>\nIn PASREG 2021: 12th International Workshop on Processing and Applications of Superconducting Bulk Materials, November 11-13, 2021, Shanghai, China, p. 54 (Zmorayov\u00e1, K. &#8211; online poster).<\/p>\n<p>&nbsp;<\/p>\n<p style=\"text-align: center\">Konferencie v roku <strong>2020<\/strong><\/p>\n<p><strong>Bednar\u010d\u00edk, J.<\/strong><br \/>\nApplication of pair distribution function for study of highly-disordered compounds<br \/>\nIn Struktura 2020, November 25, 2020, Praha, Czech Republic (online predn\u00e1\u0161ka).<\/p>\n<p><strong>Bednar\u010d\u00edk, J.<\/strong><br \/>\nStudy of thermal and mechanical stability of metallic glasses using synchrotron<br \/>\nradiation,\u201d in PETRA<br \/>\nIn IV Workshop &#8211; Earth, Environment, and Materials for Nanoscience and<br \/>\nInformation Technology, November 2 &#8211; 4, 2020, Hamburg, Germany (online semin\u00e1r, pozvan\u00e1 predn\u00e1\u0161ka).<\/p>\n<p><strong>Bednar\u010d\u00edk, J.<\/strong><br \/>\n\u0160t\u00fadium (nielen atom\u00e1rnej) \u0161trukt\u00fary l\u00e1tok pomocou met\u00f3d vyu\u017e\u00edvaj\u00facich rozptyl RTG \u017eiarenia<br \/>\nIn Semin\u00e1r z fyziky kondenzovan\u00fdch l\u00e1tok, November 5, 2020, Ko\u0161ice, Slovakia (online semin\u00e1r, pozvan\u00e1 predn\u00e1\u0161ka).<\/p>\n<p><strong>Bednar\u010d\u00edk, J.<\/strong>; Kosiba, K.; Pauly, S. &amp; Rothkirch, A.<br \/>\nRapid crystallization of metallic glasses studied by in-situ XRD flash-annealing,<br \/>\nIn DESY Photon Science Users\u2019 Meeting 2020, January 29 &#8211; 31, 2020, Hamburg, Germany (Bednar\u010d\u00edk, J. &#8211; poster).<\/p>\n<p>&nbsp;<\/p>\n<p style=\"text-align: center\">Konferencie v roku <strong>2019<\/strong><\/p>\n<p><strong>Antal, V.<\/strong>;<strong> Kave\u010dansk\u00fd, V.<\/strong>;<strong> Radu\u0161ovsk\u00e1, M.<\/strong>;<strong> Volochov\u00e1, D. <\/strong>&amp;<strong> Diko, P.<\/strong><br \/>\nInfluence of Al2O3 and BaAl2O4 on thermal properties of YBCO<br \/>\nIn 11th International Workshop on Processing and Applications of Superconducting Bulk Materials August 29 &#8211; 30, Prague, Czech Republic, p. 37 (Antal, V. &#8211; predn\u00e1\u0161ka).<\/p>\n<p><strong>Antal, V.<\/strong>; <strong>Zmorayova, K.<\/strong>; Raj\u0148\u00e1k, M.; <strong>ojtkova, L.<\/strong>; Hlasek, T.; Plechacek, J. &amp; <strong>Diko, P.<\/strong><br \/>\nRelationship between local microstructure and superconducting properties of commercial YBCO bulks<br \/>\nIn 11th International Workshop on Processing and Applications of Superconducting Bulk Materials August<br \/>\n29 &#8211; 30, Prague, Czech Republic, p. 66 (Antal, V. &#8211; poster).<\/p>\n<p><strong>Bednar\u010d\u00edk, J.<\/strong><br \/>\nHigh-energy X-ray diffraction under non-ambient conditions<br \/>\nAt the School of XFEL and Synchrotron Radiation Users &#8222;SFEL2019&#8220;, November 24-28, 2019, Liptovsk\u00fd J\u00e1n, Slovakia (pozvan\u00e1 predn\u00e1\u0161ka).<\/p>\n<p><strong>Bednar\u010d\u00edk, J.<br \/>\n<\/strong>Soft magnetic amorphous alloys in X-ray light: insights from ultrafast Joule heating experiments<br \/>\nAt the 24 Soft Magnetic Materials Conference, September 4-7, 2019, Pozna\u0144, Poland (pozvan\u00e1 predn\u00e1\u0161ka).<\/p>\n<p><strong>Hajdov\u00e1, P.<\/strong>; <strong>Zmorayov\u00e1, K.<\/strong>; Raj\u0148\u00e1k, M. &amp;\u00a0 <strong>Diko, P.<br \/>\n<\/strong>Inhomogeneity of properties in bulk SmBCO superconductors<br \/>\nIn 11th International Workshop on Processing and Applications of Superconducting Bulk Materials August 29 &#8211; 30, Prague, Czech Republic, p. 73 (Hajdov\u00e1, P. &#8211; poster).<strong><br \/>\n<\/strong><\/p>\n<p><strong>Zmorayov\u00e1, K.<\/strong>; <strong>Verbov\u00e1, R.<\/strong>; <strong>Kuch\u00e1rov\u00e1, V.<\/strong>; <strong>Vojtkov\u00e1, L.<\/strong>; <strong>Antal, V.<\/strong>;\u00a0<strong>Kave\u010dansk\u00fd V. <\/strong>&amp; <strong>Diko, P.<br \/>\n<\/strong>Influence of addition of nanosize barium cerate on the microstructure and properties of TSMG YBCO bulk superconductors<br \/>\nIn 11th International Workshop on Processing and Applications of Superconducting Bulk Materials August 29 &#8211; 30, Prague, Czech Republic, p. 68 (Kuch\u00e1rov\u00e1, V. &#8211; poster).<strong><br \/>\n<\/strong><\/p>\n<p><strong>Zmorayova, K.<\/strong>;<strong> Vojtkova, L.<\/strong>; Hlasek, T.; Plechacek, J. &amp; <strong>Diko, P.<br \/>\n<\/strong>Influence of CeO2 on microstructure, cracking and trapped field of TSIG YBCO single-grain superconductors,<br \/>\nIn 11th International Workshop on Processing and Applications of Superconducting Bulk Materials August 29 &#8211; 30, Prague, Czech Republic, p. 72 (Zmorayov\u00e1, K. &#8211; poster).<\/p>\n","protected":false},"excerpt":{"rendered":"<p>Konferencie v roku 2021 Hajdov\u00e1, P.; Diko, P.; Raj\u0148\u00e1k, M.; Bednar\u010d\u00edk, J.; Antal, V.; Kuch\u00e1rov\u00e1, V.; Zmorayov\u00e1, K. &amp; Radu\u0161ovsk\u00e1, M. Microstructure and Superconducting Properties&#8230;<\/p>\n","protected":false},"author":1,"featured_media":0,"parent":571,"menu_order":80,"comment_status":"closed","ping_status":"closed","template":"","meta":{"footnotes":""},"_links":{"self":[{"href":"https:\/\/websrv.saske.sk\/uef\/wp-json\/wp\/v2\/pages\/3742"}],"collection":[{"href":"https:\/\/websrv.saske.sk\/uef\/wp-json\/wp\/v2\/pages"}],"about":[{"href":"https:\/\/websrv.saske.sk\/uef\/wp-json\/wp\/v2\/types\/page"}],"author":[{"embeddable":true,"href":"https:\/\/websrv.saske.sk\/uef\/wp-json\/wp\/v2\/users\/1"}],"replies":[{"embeddable":true,"href":"https:\/\/websrv.saske.sk\/uef\/wp-json\/wp\/v2\/comments?post=3742"}],"version-history":[{"count":7,"href":"https:\/\/websrv.saske.sk\/uef\/wp-json\/wp\/v2\/pages\/3742\/revisions"}],"predecessor-version":[{"id":5937,"href":"https:\/\/websrv.saske.sk\/uef\/wp-json\/wp\/v2\/pages\/3742\/revisions\/5937"}],"up":[{"embeddable":true,"href":"https:\/\/websrv.saske.sk\/uef\/wp-json\/wp\/v2\/pages\/571"}],"wp:attachment":[{"href":"https:\/\/websrv.saske.sk\/uef\/wp-json\/wp\/v2\/media?parent=3742"}],"curies":[{"name":"wp","href":"https:\/\/api.w.org\/{rel}","templated":true}]}}