{"id":3582,"date":"2019-12-16T10:44:42","date_gmt":"2019-12-16T09:44:42","guid":{"rendered":"http:\/\/websrv.saske.sk\/uef\/?page_id=3582"},"modified":"2019-12-16T11:18:58","modified_gmt":"2019-12-16T10:18:58","slug":"sutaz-mladych-uef-sav-2019","status":"publish","type":"page","link":"https:\/\/websrv.saske.sk\/uef\/intranet\/fotogaleria\/sutaz-mladych-uef-sav-2019\/","title":{"rendered":"S\u00fa\u0165a\u017e mlad\u00fdch \u00daEF SAV 2019"},"content":{"rendered":"","protected":true},"excerpt":{"rendered":"","protected":true},"author":1,"featured_media":0,"parent":1118,"menu_order":51,"comment_status":"closed","ping_status":"closed","template":"","meta":{"footnotes":""},"_links":{"self":[{"href":"https:\/\/websrv.saske.sk\/uef\/wp-json\/wp\/v2\/pages\/3582"}],"collection":[{"href":"https:\/\/websrv.saske.sk\/uef\/wp-json\/wp\/v2\/pages"}],"about":[{"href":"https:\/\/websrv.saske.sk\/uef\/wp-json\/wp\/v2\/types\/page"}],"author":[{"embeddable":true,"href":"https:\/\/websrv.saske.sk\/uef\/wp-json\/wp\/v2\/users\/1"}],"replies":[{"embeddable":true,"href":"https:\/\/websrv.saske.sk\/uef\/wp-json\/wp\/v2\/comments?post=3582"}],"version-history":[{"count":3,"href":"https:\/\/websrv.saske.sk\/uef\/wp-json\/wp\/v2\/pages\/3582\/revisions"}],"predecessor-version":[{"id":3614,"href":"https:\/\/websrv.saske.sk\/uef\/wp-json\/wp\/v2\/pages\/3582\/revisions\/3614"}],"up":[{"embeddable":true,"href":"https:\/\/websrv.saske.sk\/uef\/wp-json\/wp\/v2\/pages\/1118"}],"wp:attachment":[{"href":"https:\/\/websrv.saske.sk\/uef\/wp-json\/wp\/v2\/media?parent=3582"}],"curies":[{"name":"wp","href":"https:\/\/api.w.org\/{rel}","templated":true}]}}