{"id":3570,"date":"2019-12-16T10:25:57","date_gmt":"2019-12-16T09:25:57","guid":{"rendered":"http:\/\/websrv.saske.sk\/uef\/?page_id=3570"},"modified":"2019-12-16T10:41:35","modified_gmt":"2019-12-16T09:41:35","slug":"vyrocny-seminar-2019","status":"publish","type":"page","link":"https:\/\/websrv.saske.sk\/uef\/intranet\/fotogaleria\/vyrocny-seminar-2019\/","title":{"rendered":"V\u00fdro\u010dn\u00fd semin\u00e1r 2019"},"content":{"rendered":"","protected":true},"excerpt":{"rendered":"","protected":true},"author":1,"featured_media":0,"parent":1118,"menu_order":50,"comment_status":"closed","ping_status":"closed","template":"","meta":{"footnotes":""},"_links":{"self":[{"href":"https:\/\/websrv.saske.sk\/uef\/wp-json\/wp\/v2\/pages\/3570"}],"collection":[{"href":"https:\/\/websrv.saske.sk\/uef\/wp-json\/wp\/v2\/pages"}],"about":[{"href":"https:\/\/websrv.saske.sk\/uef\/wp-json\/wp\/v2\/types\/page"}],"author":[{"embeddable":true,"href":"https:\/\/websrv.saske.sk\/uef\/wp-json\/wp\/v2\/users\/1"}],"replies":[{"embeddable":true,"href":"https:\/\/websrv.saske.sk\/uef\/wp-json\/wp\/v2\/comments?post=3570"}],"version-history":[{"count":3,"href":"https:\/\/websrv.saske.sk\/uef\/wp-json\/wp\/v2\/pages\/3570\/revisions"}],"predecessor-version":[{"id":3581,"href":"https:\/\/websrv.saske.sk\/uef\/wp-json\/wp\/v2\/pages\/3570\/revisions\/3581"}],"up":[{"embeddable":true,"href":"https:\/\/websrv.saske.sk\/uef\/wp-json\/wp\/v2\/pages\/1118"}],"wp:attachment":[{"href":"https:\/\/websrv.saske.sk\/uef\/wp-json\/wp\/v2\/media?parent=3570"}],"curies":[{"name":"wp","href":"https:\/\/api.w.org\/{rel}","templated":true}]}}