{"id":2745,"date":"2019-09-13T10:00:15","date_gmt":"2019-09-13T08:00:15","guid":{"rendered":"http:\/\/websrv.saske.sk\/uef\/?page_id=2745"},"modified":"2020-08-06T11:10:40","modified_gmt":"2020-08-06T09:10:40","slug":"zverejnene-vyzvy","status":"publish","type":"page","link":"https:\/\/websrv.saske.sk\/uef\/veda-a-vyskum\/zverejnene-vyzvy\/","title":{"rendered":"Vyhl\u00e1sen\u00e9 v\u00fdzvy"},"content":{"rendered":"<p><strong>OPII-VA<\/strong> &#8211; V\u00fdzva na predkladanie \u017eiadost\u00ed o poskytnutie nen\u00e1vratn\u00e9ho finan\u010dn\u00e9ho pr\u00edspevku na podporu \u00fa\u010dasti slovensk\u00fdch v\u00fdskumn\u00fdch in\u0161tit\u00faci\u00ed v medzin\u00e1rodn\u00fdch v\u00fdskumn\u00fdch projektoch zameran\u00fdch na boj proti pand\u00e9mii vyvolanej ochoren\u00edm COVID-19, <a href=\"https:\/\/www.opvai.sk\/vyzvy\/m%C5%A1vva%C5%A1-sr\/dopytovo-orientovane-projekty\/opii-vadp202092-01\/\">k\u00f3d OPII-VA\/DP\/2020\/9.2-01.<\/a><\/p>\n<p>D\u00e1tum vyhl\u00e1senia v\u00fdzvy:\u00a0 5.8.2020<\/p>\n<p>D\u00e1tum uzavretia:\u00a0 do vy\u010derpania celkovej alok\u00e1cie finan\u010dn\u00fdch prostriedkov stanovej v tejto v\u00fdzve, \u00a0najnesk\u00f4r v\u0161ak d\u0148a 30.09.2020<\/p>\n<p>Typ v\u00fdzvy: otvoren\u00e1<\/p>\n<p><strong>OPII-VA<\/strong> <strong>&#8211; <\/strong>V\u00fdzva na predkladanie \u017eiadost\u00ed o poskytnutie nen\u00e1vratn\u00e9ho finan\u010dn\u00e9ho pr\u00edspevku na podporu mobiliz\u00e1cie a vyu\u017eitia potenci\u00e1lu v\u00fdskumn\u00fdch in\u0161tit\u00faci\u00ed pri boji proti pand\u00e9mii vyvolanej ochoren\u00edm COVID-19 a zni\u017eovan\u00ed negat\u00edvnych n\u00e1sledkov pand\u00e9mie, k\u00f3d <a href=\"https:\/\/www.opvai.sk\/vyzvy\/m%C5%A1vva%C5%A1-sr\/dopytovo-orientovane-projekty\/opii-vadp202094-01\/\">OPII-VA\/DP\/2020\/9.4-01<\/a><\/p>\n<p>D\u00e1tum vyhl\u00e1senia v\u00fdzvy:\u00a0 5.8.2020<\/p>\n<p>D\u00e1tum uzavretia:\u00a0 do vy\u010derpania celkovej alok\u00e1cie finan\u010dn\u00fdch prostriedkov stanovej v tejto v\u00fdzve, \u00a0najnesk\u00f4r v\u0161ak d\u0148a 30.09.2020<\/p>\n<p>Typ v\u00fdzvy: otvoren\u00e1<\/p>\n<p>&nbsp;<\/p>\n<p><span style=\"color: #000000;\"><strong>OPVaI<\/strong> &#8211;\u00a0 V\u00fdzva na predkladanie \u017eiadost\u00ed o poskytnutie nen\u00e1vratn\u00e9ho finan\u010dn\u00e9ho pr\u00edspevku na podporu syst\u00e9movej verejnej v\u00fdskumnej infra\u0161trukt\u00fary v dom\u00e9ne<\/span><\/p>\n<p><span style=\"color: #000000;\">Zdravie obyvate\u013estva a zdravotn\u00edcke technol\u00f3gie k\u00f3d<a href=\"https:\/\/www.opvai.sk\/vyzvy\/va\/dopytovo-orientovane-projekty\/opvai-vadp2019113-11\/\"> OPVaI-VA\/DP\/2019\/1.1.3-11<\/a> <\/span><\/p>\n<p>D\u00e1tum vyhl\u00e1senia v\u00fdzvy: 12. 09. 2019<\/p>\n<p>D\u00e1tum uzavretia: 12.12.2019<\/p>\n<p>Typ v\u00fdzvy: uzavret\u00e1<\/p>\n<p><strong>APVV<\/strong> &#8211; Verejn\u00e1 v\u00fdzva na predkladanie \u017eiadost\u00ed na rie\u0161enie projektov v\u00fdskumu a v\u00fdvoja v\u00a0jednotliv\u00fdch skupin\u00e1ch odborov vedy a techniky \u2013 <a href=\"https:\/\/www.apvv.sk\/grantove-schemy\/vseobecne-vyzvy\/vv-2019.html\">VV 2019<\/a><\/p>\n<p>D\u00e1tum otvorenia: 12. 9. 2019<\/p>\n<p>D\u00e1tum a \u010das uzavretia: 12. 11. 2019, 12:00<\/p>\n<p>&nbsp;<\/p>\n","protected":false},"excerpt":{"rendered":"<p>OPII-VA &#8211; V\u00fdzva na predkladanie \u017eiadost\u00ed o poskytnutie nen\u00e1vratn\u00e9ho finan\u010dn\u00e9ho pr\u00edspevku na podporu \u00fa\u010dasti slovensk\u00fdch v\u00fdskumn\u00fdch in\u0161tit\u00faci\u00ed v medzin\u00e1rodn\u00fdch v\u00fdskumn\u00fdch projektoch zameran\u00fdch na boj proti&#8230;<\/p>\n","protected":false},"author":1,"featured_media":0,"parent":11,"menu_order":25,"comment_status":"closed","ping_status":"closed","template":"","meta":{"footnotes":""},"_links":{"self":[{"href":"https:\/\/websrv.saske.sk\/uef\/wp-json\/wp\/v2\/pages\/2745"}],"collection":[{"href":"https:\/\/websrv.saske.sk\/uef\/wp-json\/wp\/v2\/pages"}],"about":[{"href":"https:\/\/websrv.saske.sk\/uef\/wp-json\/wp\/v2\/types\/page"}],"author":[{"embeddable":true,"href":"https:\/\/websrv.saske.sk\/uef\/wp-json\/wp\/v2\/users\/1"}],"replies":[{"embeddable":true,"href":"https:\/\/websrv.saske.sk\/uef\/wp-json\/wp\/v2\/comments?post=2745"}],"version-history":[{"count":15,"href":"https:\/\/websrv.saske.sk\/uef\/wp-json\/wp\/v2\/pages\/2745\/revisions"}],"predecessor-version":[{"id":4430,"href":"https:\/\/websrv.saske.sk\/uef\/wp-json\/wp\/v2\/pages\/2745\/revisions\/4430"}],"up":[{"embeddable":true,"href":"https:\/\/websrv.saske.sk\/uef\/wp-json\/wp\/v2\/pages\/11"}],"wp:attachment":[{"href":"https:\/\/websrv.saske.sk\/uef\/wp-json\/wp\/v2\/media?parent=2745"}],"curies":[{"name":"wp","href":"https:\/\/api.w.org\/{rel}","templated":true}]}}