{"id":2302,"date":"2019-04-30T10:20:21","date_gmt":"2019-04-30T08:20:21","guid":{"rendered":"http:\/\/websrv.saske.sk\/uef\/?page_id=2302"},"modified":"2026-03-24T10:20:22","modified_gmt":"2026-03-24T09:20:22","slug":"projekty","status":"publish","type":"page","link":"https:\/\/websrv.saske.sk\/uef\/oddelenia-a-laboratoria\/centrum-fyziky-nizkych-teplot\/projekty\/","title":{"rendered":"Projekty"},"content":{"rendered":"<div id=\"outer-wrap\" class=\"site clr\">\n<div id=\"wrap\" class=\"clr\">\n<header id=\"site-header\" class=\"minimal-header header-replace effect-one clr\" data-height=\"100\">\n<div id=\"site-header-inner\" class=\"clr container\">\n<div id=\"site-logo\" class=\"clr\">\n<div id=\"site-logo-inner\" class=\"clr\"><\/div>\n<\/div>\n<\/div>\n<\/header>\n<div id=\"content-wrap\" class=\"container clr\">\n<div id=\"primary\" class=\"content-area clr\">\n<div id=\"content\" class=\"site-content clr\">\n<article class=\"single-page-article clr\">\n<div class=\"entry clr\">\n<div class=\"elementor elementor-16\" data-elementor-settings=\"[]\" data-elementor-id=\"16\" data-elementor-type=\"wp-post\">\n<div class=\"elementor-inner\">\n<div class=\"elementor-section-wrap\">\n<section class=\"elementor-element elementor-element-4c62814 elementor-section-boxed elementor-section-height-default elementor-section-height-default elementor-section elementor-top-section\" data-id=\"4c62814\">\n<div class=\"elementor-container elementor-column-gap-default\">\n<div class=\"elementor-row\">\n<div class=\"elementor-element elementor-element-979d77b elementor-column elementor-col-100 elementor-top-column\" data-id=\"979d77b\">\n<div class=\"elementor-column-wrap elementor-element-populated\">\n<div class=\"elementor-widget-wrap\">\n<div class=\"elementor-element elementor-element-b0d70cd elementor-widget elementor-widget-shortcode\" data-id=\"b0d70cd\">\n<div class=\"elementor-widget-container\">\n<div class=\"elementor-shortcode\">\n<div id=\"tablepress-1_wrapper\" class=\"dataTables_wrapper no-footer\">\n<table id=\"tablepress-1\" class=\"tablepress tablepress-id-1 dataTable no-footer\" role=\"grid\">\n<thead>\n<tr class=\"row-1 odd\" role=\"row\">\n<th class=\"column-2 sorting\" colspan=\"1\" rowspan=\"1\" aria-label=\"Principal Investigator: activate to sort column ascending\"><\/th>\n<th class=\"column-3 sorting\" colspan=\"1\" rowspan=\"1\" aria-label=\"Grant Title: activate to sort column ascending\"><\/th>\n<th class=\"column-4 sorting\" colspan=\"1\" rowspan=\"1\" aria-label=\"Duration: activate to sort column ascending\"><\/th>\n<\/tr>\n<\/thead>\n<tbody>\n<tr class=\"row-14 even\" role=\"row\">\n<td class=\"column-1\"><strong>Number<\/strong><\/td>\n<td class=\"column-2\"><strong>Principal investigator<\/strong><\/td>\n<td class=\"column-3\"><strong>Grant title<\/strong><\/td>\n<td class=\"column-4\"><strong>Duration<\/strong><\/td>\n<\/tr>\n<tr class=\"row-2 even\" role=\"row\">\n<td class=\"column-1\">SK-QCI<\/td>\n<td class=\"column-2\">Peter Skyba<\/td>\n<td class=\"column-3\">Slovak Quantum Communication Infrastructure<\/td>\n<td class=\"column-4\">2023-2026<\/td>\n<\/tr>\n<tr class=\"row-3 odd\" role=\"row\">\n<td class=\"column-1\">IMPULZ<\/td>\n<td class=\"column-2\">Martin Gmitra<\/td>\n<td class=\"column-3\">Topological superconductivity in quantum two-dimensional devices<\/td>\n<td class=\"column-4\">2022-2026<\/td>\n<\/tr>\n<tr class=\"row-3 odd\" role=\"row\">\n<td class=\"column-1\">09I01-03-V04-00090<\/td>\n<td class=\"column-2\">Peter Skyba<\/td>\n<td class=\"column-3\">F\u00e1zovo koherentn\u00e9 fyzik\u00e1lne syst\u00e9my \/ Phase coherent physical systems<\/td>\n<td class=\"column-4\">2024-2026<\/td>\n<\/tr>\n<tr class=\"row-4 even\" role=\"row\">\n<td class=\"column-1\">09I03-03-V04-00304<\/td>\n<td class=\"column-2\">Mat\u00fa\u0161 Orend\u00e1\u010d<\/td>\n<td class=\"column-3\">2D magnetizmus: sk\u00famanie a riadenie magnetick\u00fdch stavov v 2D vrstven\u00fdch materi\u00e1loch<\/td>\n<td class=\"column-4\">2024-2026<\/td>\n<\/tr>\n<tr class=\"row-5 odd\" role=\"row\">\n<td class=\"column-1\">APVV-23-0226<\/td>\n<td class=\"column-2\">Slavom\u00edr Gab\u00e1ni<\/td>\n<td class=\"column-3\">Vplyv dynamick\u00fdch n\u00e1bojov\u00fdch p\u00e1sov na kvantov\u00e9 magnety a supravodi\u010de v extr\u00e9mnych podmienkach<\/td>\n<td class=\"column-4\">2024-2028<\/td>\n<\/tr>\n<tr class=\"row-6 even\" role=\"row\">\n<td class=\"column-1\">APVV-23-0564<\/td>\n<td class=\"column-2\">M. Hulman\/P. Szab\u00f3<\/td>\n<td class=\"column-3\">Optimalizovan\u00fd rast a transportn\u00e9 a optick\u00e9 vlastnosti tenk\u00fdch vrstiev vybran\u00fdch topologick\u00fdch polokovov<\/td>\n<td class=\"column-4\">2024-2027<\/td>\n<\/tr>\n<tr class=\"row-7 odd\" role=\"row\">\n<td class=\"column-1\">APVV-23-0624<\/td>\n<td class=\"column-2\">Pavol Szab\u00f3<\/td>\n<td class=\"column-3\">N\u00edzkorozmern\u00e9 supravodiv\u00e9 apar\u00e1ty<\/td>\n<td class=\"column-4\">2024-2027<\/td>\n<\/tr>\n<tr class=\"row-7 odd\" role=\"row\">\n<td class=\"column-1\">VEGA 2\/0034\/24<\/td>\n<td class=\"column-2\">Slavom\u00edr Gab\u00e1ni<\/td>\n<td class=\"column-3\">Magnetic frustration and quantum oscillations in quasi-2D and 3D borides<\/td>\n<td class=\"column-4\">2024-2027<\/td>\n<\/tr>\n<tr class=\"row-7 odd\" role=\"row\">\n<td class=\"column-1\">VEGA 2\/0073\/24<\/td>\n<td class=\"column-2\">Jozef Ka\u010dmar\u010d\u00edk<\/td>\n<td class=\"column-3\">Non-centrosymmetric superconductors<\/td>\n<td class=\"column-4\">2024-2027<\/td>\n<\/tr>\n<tr class=\"row-7 odd\" role=\"row\">\n<td class=\"column-1\">VEGA 2\/0091\/24<\/td>\n<td class=\"column-2\">Gabriel Prist\u00e1\u0161<\/td>\n<td class=\"column-3\">Enhancement of superconducting parameters in high-entropy alloy thin films<\/td>\n<td class=\"column-4\">2024-2027<\/td>\n<\/tr>\n<tr class=\"row-8 even\" role=\"row\">\n<td class=\"column-1\">COST Action CA21144<\/td>\n<td class=\"column-2\">H. Suderow\/P. Samuely<\/td>\n<td class=\"column-3\">Superconducting nanodevices and quantum materials for coherent manipulation (SUPERQUMAP)<\/td>\n<td class=\"column-4\">2022-2026<\/td>\n<\/tr>\n<tr class=\"row-9 odd\" role=\"row\">\n<td class=\"column-1\"><\/td>\n<td class=\"column-2\"><\/td>\n<td class=\"column-3\"><\/td>\n<td class=\"column-4\"><\/td>\n<\/tr>\n<tr class=\"row-10 even\" role=\"row\">\n<td class=\"column-1\"><\/td>\n<td class=\"column-2\"><\/td>\n<td class=\"column-3\"><\/td>\n<td class=\"column-4\"><\/td>\n<\/tr>\n<tr class=\"row-12 even\" role=\"row\">\n<td class=\"column-1\"><\/td>\n<td class=\"column-2\"><\/td>\n<td class=\"column-3\"><\/td>\n<td class=\"column-4\"><\/td>\n<\/tr>\n<tr class=\"row-13 odd\" role=\"row\">\n<td class=\"column-1\"><\/td>\n<td class=\"column-2\"><\/td>\n<td class=\"column-3\"><\/td>\n<td class=\"column-4\"><\/td>\n<\/tr>\n<tr class=\"row-14 even\" role=\"row\">\n<td class=\"column-1\"><\/td>\n<td class=\"column-2\"><\/td>\n<td class=\"column-3\"><\/td>\n<td class=\"column-4\"><\/td>\n<\/tr>\n<\/tbody>\n<\/table>\n<\/div>\n<p><!-- #tablepress-1 from cache --><\/p>\n<\/div>\n<\/div>\n<\/div>\n<div class=\"elementor-element elementor-element-45e338e elementor-widget elementor-widget-spacer\" data-id=\"45e338e\">\n<div class=\"elementor-widget-container\">\n<div class=\"elementor-spacer\">\n<div class=\"elementor-spacer-inner\"><\/div>\n<\/div>\n<\/div>\n<\/div>\n<div class=\"elementor-element elementor-element-f1cf353 elementor-widget elementor-widget-shortcode\" data-id=\"f1cf353\">\n<div class=\"elementor-widget-container\">\n<div class=\"elementor-shortcode\">\n<div id=\"tablepress-2_wrapper\" class=\"dataTables_wrapper no-footer\">\n<table id=\"tablepress-2\" class=\"tablepress tablepress-id-2 dataTable no-footer\" role=\"grid\">\n<thead>\n<tr class=\"row-1 odd\" role=\"row\">\n<th class=\"column-1 sorting_disabled\" colspan=\"1\" rowspan=\"1\">Partners<\/th>\n<th class=\"column-2 sorting_disabled\" colspan=\"1\" rowspan=\"1\">Principal Investigator<\/th>\n<th class=\"column-3 sorting_disabled\" colspan=\"1\" rowspan=\"1\">Name of project<\/th>\n<\/tr>\n<\/thead>\n<tbody class=\"row-hover\">\n<tr class=\"row-14 even\" role=\"row\">\n<td class=\"column-1\"><\/td>\n<td class=\"column-2\"><\/td>\n<td class=\"column-3\"><\/td>\n<td class=\"column-4\"><\/td>\n<\/tr>\n<tr class=\"row-2 even\" role=\"row\">\n<td class=\"column-1\">Bilateral project between<br \/>\nGPI RAS Moscow and IEP SAS Ko\u0161ice<\/td>\n<td class=\"column-2\">N. Sluchanko \/ K. Flachbart<\/td>\n<td class=\"column-3\">Transport, thermal and magnetic properties of rare earth compounds<\/td>\n<\/tr>\n<tr class=\"row-3 odd\" role=\"row\">\n<td class=\"column-1\">Bilateral project between<br \/>\nInst. Problems of Mater. Sci., Kiev and IEP SAS Ko\u0161ice<\/td>\n<td class=\"column-2\">V. Paderno \/ K. Flachbart<\/td>\n<td class=\"column-3\">Investigation of rare earth borides and composites based on them<\/td>\n<\/tr>\n<tr class=\"row-4 even\" role=\"row\">\n<td class=\"column-1\">Bilateral project between<br \/>\nLancaster University and IEP SAS Ko\u0161ice<\/td>\n<td class=\"column-2\">G. Pickett \/ P. Skyba<\/td>\n<td class=\"column-3\">Quasiparticle and spin dynamics in superfluid 3He phases at ultralow temperatures<\/td>\n<\/tr>\n<tr class=\"row-5 odd\" role=\"row\">\n<td class=\"column-1\">Bilateral project between<br \/>\nComisi\u00f3n Nacional de Energ\u00eda At\u00f3mica, Bariloche, Argentina and IEP SAS Ko\u0161ice, Slovakia<\/td>\n<td class=\"column-2\">Y. Fasano \/<br \/>\nZ. Vargae\u0161tokov\u00e1<\/td>\n<td class=\"column-3\">Spectroscopic properties of strongly-correlated electronic systems with competing orders<\/td>\n<\/tr>\n<tr class=\"row-6 even\" role=\"row\">\n<td class=\"column-1\">Bilateral project between<br \/>\nNASU Ukraine and IEP SAS Ko\u0161ice<\/td>\n<td class=\"column-2\">P. Samuely<\/td>\n<td class=\"column-3\">Point-contact and tunneling spectroscopy of emergent iron-based superconductors<\/td>\n<\/tr>\n<\/tbody>\n<\/table>\n<\/div>\n<\/div>\n<\/div>\n<\/div>\n<div class=\"elementor-element elementor-element-d977ed6 elementor-widget elementor-widget-spacer\" data-id=\"d977ed6\">\n<div class=\"elementor-widget-container\">\n<div class=\"elementor-spacer\">\n<div class=\"elementor-spacer-inner\"><\/div>\n<\/div>\n<\/div>\n<\/div>\n<\/div>\n<\/div>\n<\/div>\n<\/div>\n<\/div>\n<\/section>\n<\/div>\n<\/div>\n<\/div>\n<\/div>\n<\/article>\n<\/div>\n<\/div>\n<\/div>\n<\/div>\n<\/div>\n","protected":false},"excerpt":{"rendered":"<p>Number Principal investigator Grant title Duration SK-QCI Peter Skyba Slovak Quantum Communication Infrastructure 2023-2026 IMPULZ Martin Gmitra Topological superconductivity in quantum two-dimensional devices 2022-2026 09I01-03-V04-00090&#8230;<\/p>\n","protected":false},"author":1,"featured_media":0,"parent":2280,"menu_order":95,"comment_status":"closed","ping_status":"closed","template":"","meta":{"footnotes":""},"_links":{"self":[{"href":"https:\/\/websrv.saske.sk\/uef\/wp-json\/wp\/v2\/pages\/2302"}],"collection":[{"href":"https:\/\/websrv.saske.sk\/uef\/wp-json\/wp\/v2\/pages"}],"about":[{"href":"https:\/\/websrv.saske.sk\/uef\/wp-json\/wp\/v2\/types\/page"}],"author":[{"embeddable":true,"href":"https:\/\/websrv.saske.sk\/uef\/wp-json\/wp\/v2\/users\/1"}],"replies":[{"embeddable":true,"href":"https:\/\/websrv.saske.sk\/uef\/wp-json\/wp\/v2\/comments?post=2302"}],"version-history":[{"count":37,"href":"https:\/\/websrv.saske.sk\/uef\/wp-json\/wp\/v2\/pages\/2302\/revisions"}],"predecessor-version":[{"id":9881,"href":"https:\/\/websrv.saske.sk\/uef\/wp-json\/wp\/v2\/pages\/2302\/revisions\/9881"}],"up":[{"embeddable":true,"href":"https:\/\/websrv.saske.sk\/uef\/wp-json\/wp\/v2\/pages\/2280"}],"wp:attachment":[{"href":"https:\/\/websrv.saske.sk\/uef\/wp-json\/wp\/v2\/media?parent=2302"}],"curies":[{"name":"wp","href":"https:\/\/api.w.org\/{rel}","templated":true}]}}