{"id":2300,"date":"2019-04-30T10:19:39","date_gmt":"2019-04-30T08:19:39","guid":{"rendered":"http:\/\/websrv.saske.sk\/uef\/?page_id=2300"},"modified":"2019-04-30T12:27:57","modified_gmt":"2019-04-30T10:27:57","slug":"vedecka-infrastruktura","status":"publish","type":"page","link":"https:\/\/websrv.saske.sk\/uef\/oddelenia-a-laboratoria\/centrum-fyziky-nizkych-teplot\/vedecka-infrastruktura\/","title":{"rendered":"Vedeck\u00e1 infra\u0161trukt\u00fara"},"content":{"rendered":"<p>&nbsp;<\/p>\n<div class=\"post-content\">\n<ul>\n<li><strong>Oddelenie fyziky n\u00edzkych tepl\u00f4t \u2013\u00a0<\/strong>ved\u00faci P. Szab\u00f3, pszabo@saske.sk<br \/>\n<hr \/>\n<\/li>\n<li>\u00a0<a href=\"http:\/\/websrv.saske.sk\/uef-intranet-old\/files\/vedeckainfrastruktura\/FTL\/OFNT-SUPER.JPG\">Laborat\u00f3rium supravodivosti<\/a><br \/>\n<hr \/>\n<\/li>\n<li>\u00a0<a href=\"http:\/\/websrv.saske.sk\/uef-intranet-old\/files\/vedeckainfrastruktura\/FTL\/OFNT-UHV.JPG\">Laborat\u00f3rium n\u00edzkoteplotn\u00e9ho UHV STM<\/a><br \/>\n<hr \/>\n<\/li>\n<li>\u00a0<a href=\"http:\/\/websrv.saske.sk\/uef-intranet-old\/files\/vedeckainfrastruktura\/FTL\/OFNT-SR.JPG\">Such\u00fd refriger\u00e1tor Oxford Instruments Triton 200<\/a><br \/>\n<hr \/>\n<\/li>\n<li>\u00a0<a href=\"http:\/\/websrv.saske.sk\/uef-intranet-old\/files\/vedeckainfrastruktura\/FTL\/OFNT-PPMS.jpg\">Laborat\u00f3rium PPMS<\/a><br \/>\n<hr \/>\n<\/li>\n<li>\u00a0<a href=\"http:\/\/websrv.saske.sk\/uef-intranet-old\/files\/vedeckainfrastruktura\/FTL\/OFNT-SHPM.JPG\">Laborat\u00f3rium SHPM<\/a><br \/>\n<hr \/>\n<\/li>\n<li>\u00a0<a href=\"http:\/\/websrv.saske.sk\/uef-intranet-old\/files\/vedeckainfrastruktura\/FTL\/OFNT-extrem.jpg\">Laborat\u00f3rium extr\u00e9mnych podmienok<\/a><br \/>\n<hr \/>\n<\/li>\n<\/ul>\n<\/div>\n","protected":false},"excerpt":{"rendered":"<p>&nbsp; Oddelenie fyziky n\u00edzkych tepl\u00f4t \u2013\u00a0ved\u00faci P. Szab\u00f3, pszabo@saske.sk \u00a0Laborat\u00f3rium supravodivosti \u00a0Laborat\u00f3rium n\u00edzkoteplotn\u00e9ho UHV STM \u00a0Such\u00fd refriger\u00e1tor Oxford Instruments Triton 200 \u00a0Laborat\u00f3rium PPMS \u00a0Laborat\u00f3rium SHPM&#8230;<\/p>\n","protected":false},"author":1,"featured_media":0,"parent":2280,"menu_order":95,"comment_status":"closed","ping_status":"closed","template":"","meta":{"footnotes":""},"_links":{"self":[{"href":"https:\/\/websrv.saske.sk\/uef\/wp-json\/wp\/v2\/pages\/2300"}],"collection":[{"href":"https:\/\/websrv.saske.sk\/uef\/wp-json\/wp\/v2\/pages"}],"about":[{"href":"https:\/\/websrv.saske.sk\/uef\/wp-json\/wp\/v2\/types\/page"}],"author":[{"embeddable":true,"href":"https:\/\/websrv.saske.sk\/uef\/wp-json\/wp\/v2\/users\/1"}],"replies":[{"embeddable":true,"href":"https:\/\/websrv.saske.sk\/uef\/wp-json\/wp\/v2\/comments?post=2300"}],"version-history":[{"count":3,"href":"https:\/\/websrv.saske.sk\/uef\/wp-json\/wp\/v2\/pages\/2300\/revisions"}],"predecessor-version":[{"id":2331,"href":"https:\/\/websrv.saske.sk\/uef\/wp-json\/wp\/v2\/pages\/2300\/revisions\/2331"}],"up":[{"embeddable":true,"href":"https:\/\/websrv.saske.sk\/uef\/wp-json\/wp\/v2\/pages\/2280"}],"wp:attachment":[{"href":"https:\/\/websrv.saske.sk\/uef\/wp-json\/wp\/v2\/media?parent=2300"}],"curies":[{"name":"wp","href":"https:\/\/api.w.org\/{rel}","templated":true}]}}