{"id":2298,"date":"2019-04-30T10:18:23","date_gmt":"2019-04-30T08:18:23","guid":{"rendered":"http:\/\/websrv.saske.sk\/uef\/?page_id=2298"},"modified":"2026-03-24T10:17:14","modified_gmt":"2026-03-24T09:17:14","slug":"ludia","status":"publish","type":"page","link":"https:\/\/websrv.saske.sk\/uef\/oddelenia-a-laboratoria\/centrum-fyziky-nizkych-teplot\/ludia\/","title":{"rendered":"\u013dudia"},"content":{"rendered":"<p>&nbsp;<\/p>\n<table border=\"0\" cellspacing=\"1\" cellpadding=\"1\" align=\"center\">\n<tbody>\n<tr>\n<td><strong><em>Ved\u00faci oddelenia:<\/em><\/strong><\/td>\n<td><a href=\"https:\/\/www.sav.sk\/index.php?lang=en&amp;doc=user-org-user&amp;user_no=4062\">Mgr. Pavol Szab\u00f3, CSc.<\/a><\/td>\n<\/tr>\n<tr>\n<td><\/td>\n<td><\/td>\n<\/tr>\n<tr>\n<td><strong><em>Vedeck\u00ed pracovn\u00edci:<\/em><\/strong><\/td>\n<td><a href=\"https:\/\/www.sav.sk\/index.php?lang=en&amp;doc=user-org-user&amp;user_no=6301\">RNDr. Marcel \u010clove\u010dko, PhD.<\/a><\/td>\n<\/tr>\n<tr>\n<td><\/td>\n<td><a href=\"https:\/\/www.sav.sk\/index.php?lang=en&amp;doc=user-org-user&amp;user_no=4006\">doc. RNDr. Karol Flachbart, DrSc.<\/a><\/td>\n<\/tr>\n<tr>\n<td><\/td>\n<td><a href=\"https:\/\/www.sav.sk\/index.php?lang=en&amp;doc=user-org-user&amp;user_no=4057\">doc. RNDr. Slavom\u00edr Gab\u00e1ni, PhD.<\/a><\/td>\n<\/tr>\n<tr>\n<td><\/td>\n<td><a href=\"https:\/\/www.sav.sk\/?lang=sk&amp;doc=user-org-user&amp;user_no=12637\">RNDr. Martin Gmitra, PhD.<\/a><\/td>\n<\/tr>\n<tr>\n<td><\/td>\n<td><a href=\"https:\/\/www.sav.sk\/?lang=sk&amp;doc=user-org-user&amp;user_no=14760\">RNDr. Jozef Hani\u0161, PhD.<\/a><\/td>\n<\/tr>\n<tr>\n<td><\/td>\n<td><a href=\"https:\/\/www.sav.sk\/?lang=en&amp;doc=user-org-user&amp;user_no=14527\">MSc. Paulina Jureczko<\/a><\/td>\n<\/tr>\n<tr>\n<td><\/td>\n<td><a href=\"https:\/\/www.sav.sk\/index.php?lang=en&amp;doc=user-org-user&amp;user_no=4025\">RNDr. Jozef Ka\u010dmar\u010d\u00edk, PhD.<\/a><\/td>\n<\/tr>\n<tr>\n<td><\/td>\n<td><a href=\"https:\/\/www.sav.sk\/?lang=sk&amp;doc=user-org-user&amp;user_no=12822\">Mgr. Filip Ko\u0161uth<\/a><\/td>\n<\/tr>\n<tr>\n<td><\/td>\n<td><a href=\"https:\/\/www.sav.sk\/?lang=sk&amp;doc=user-org-user&amp;user_no=14823\">Ing. Leo\u0161 Ondri\u0161, PhD.<\/a><\/td>\n<\/tr>\n<tr>\n<td><\/td>\n<td><a href=\"https:\/\/www.sav.sk\/index.php?lang=en&amp;doc=user-org-user&amp;user_no=10076\">RNDr. Mat\u00fa\u0161 Orend\u00e1\u010d, PhD.<\/a><\/td>\n<\/tr>\n<tr>\n<td><\/td>\n<td><a href=\"https:\/\/www.sav.sk\/index.php?lang=en&amp;doc=user-org-user&amp;user_no=4071\">RNDr. Gabriel Prist\u00e1\u0161, PhD.<\/a><\/td>\n<\/tr>\n<tr>\n<td><\/td>\n<td><a href=\"https:\/\/www.sav.sk\/index.php?lang=en&amp;doc=user-org-user&amp;user_no=2803\">prof. RNDr. Peter Samuely, DrSc.<\/a><\/td>\n<\/tr>\n<tr>\n<td><\/td>\n<td><a href=\"https:\/\/www.sav.sk\/index.php?lang=en&amp;doc=user-org-user&amp;user_no=4005\">RNDr. Peter Skyba, DrSc.<\/a><\/td>\n<\/tr>\n<tr>\n<td><\/td>\n<td><a href=\"https:\/\/www.sav.sk\/index.php?lang=en&amp;doc=user-org-user&amp;user_no=4070\">RNDr. Zuzana Vargae\u0161tokov\u00e1, PhD.<\/a><\/td>\n<\/tr>\n<tr>\n<td>\n<hr \/>\n<\/td>\n<td>\n<hr \/>\n<\/td>\n<\/tr>\n<tr>\n<td><strong><em>Obslu\u017en\u00fd person\u00e1l:<\/em><\/strong><\/td>\n<td><a href=\"https:\/\/www.sav.sk\/index.php?lang=en&amp;doc=user-org-user&amp;user_no=4058\">Ing. Marcela Medeov\u00e1<\/a><\/td>\n<\/tr>\n<tr>\n<td><\/td>\n<td><a href=\"https:\/\/www.sav.sk\/index.php?lang=sk&amp;doc=user-org-user&amp;user_no=12397\">Mgr. Oleksandr Podopryhora<\/a><\/td>\n<\/tr>\n<tr>\n<td>\n<hr \/>\n<\/td>\n<td>\n<hr \/>\n<\/td>\n<\/tr>\n<tr>\n<td><strong><em>Doktorandi:<\/em><\/strong><\/td>\n<td><a href=\"https:\/\/www.sav.sk\/?lang=sk&amp;doc=user-org-user&amp;user_no=14759\">Mgr. Levente Faber<\/a><\/td>\n<\/tr>\n<tr>\n<td><\/td>\n<td><a href=\"https:\/\/www.sav.sk\/?lang=en&amp;doc=user-org-user&amp;user_no=14487\">Mgr. Yevhen Petrenko<\/a><\/td>\n<\/tr>\n<tr>\n<td><\/td>\n<\/tr>\n<tr>\n<td><\/td>\n<td><\/td>\n<\/tr>\n<tr>\n<td>\n<hr \/>\n<\/td>\n<td>\n<hr \/>\n<\/td>\n<\/tr>\n<tr>\n<td><strong><em>H\u00e9liov\u00fd skvapal\u0148ova\u010d:<\/em><\/strong><\/td>\n<td>Andrej Burik<\/td>\n<\/tr>\n<tr>\n<td><\/td>\n<td><a href=\"https:\/\/www.sav.sk\/index.php?lang=en&amp;doc=user-org-user&amp;user_no=11441\">RNDr. Alexander Onufrijenko, PhD.<\/a><\/td>\n<\/tr>\n<\/tbody>\n<\/table>\n","protected":false},"excerpt":{"rendered":"<p>&nbsp; Ved\u00faci oddelenia: Mgr. Pavol Szab\u00f3, CSc. Vedeck\u00ed pracovn\u00edci: RNDr. Marcel \u010clove\u010dko, PhD. doc. RNDr. Karol Flachbart, DrSc. doc. RNDr. Slavom\u00edr Gab\u00e1ni, PhD. RNDr. Martin&#8230;<\/p>\n","protected":false},"author":1,"featured_media":0,"parent":2280,"menu_order":95,"comment_status":"closed","ping_status":"closed","template":"","meta":{"footnotes":""},"_links":{"self":[{"href":"https:\/\/websrv.saske.sk\/uef\/wp-json\/wp\/v2\/pages\/2298"}],"collection":[{"href":"https:\/\/websrv.saske.sk\/uef\/wp-json\/wp\/v2\/pages"}],"about":[{"href":"https:\/\/websrv.saske.sk\/uef\/wp-json\/wp\/v2\/types\/page"}],"author":[{"embeddable":true,"href":"https:\/\/websrv.saske.sk\/uef\/wp-json\/wp\/v2\/users\/1"}],"replies":[{"embeddable":true,"href":"https:\/\/websrv.saske.sk\/uef\/wp-json\/wp\/v2\/comments?post=2298"}],"version-history":[{"count":29,"href":"https:\/\/websrv.saske.sk\/uef\/wp-json\/wp\/v2\/pages\/2298\/revisions"}],"predecessor-version":[{"id":9513,"href":"https:\/\/websrv.saske.sk\/uef\/wp-json\/wp\/v2\/pages\/2298\/revisions\/9513"}],"up":[{"embeddable":true,"href":"https:\/\/websrv.saske.sk\/uef\/wp-json\/wp\/v2\/pages\/2280"}],"wp:attachment":[{"href":"https:\/\/websrv.saske.sk\/uef\/wp-json\/wp\/v2\/media?parent=2298"}],"curies":[{"name":"wp","href":"https:\/\/api.w.org\/{rel}","templated":true}]}}