{"id":2182,"date":"2019-03-18T08:46:37","date_gmt":"2019-03-18T07:46:37","guid":{"rendered":"http:\/\/websrv.saske.sk\/uef\/?page_id=2182"},"modified":"2019-03-18T11:11:16","modified_gmt":"2019-03-18T10:11:16","slug":"2014-2","status":"publish","type":"page","link":"https:\/\/websrv.saske.sk\/uef\/oddelenia-a-laboratoria\/oddelenie-teoretickej-fyziky\/publikacie-2\/2014-2\/","title":{"rendered":"2014"},"content":{"rendered":"<h2>Publik\u00e1cie oddelenia za rok 2014<\/h2>\n<ol>\n<li>\u010cEN\u010cARIKOV\u00c1, Hana &#8211; FARKA\u0160OVSK\u00dd, Pavol &#8211; PUCHALA, P. Ground-State Phase Diagram of the Extended Ising Model on the Shastry-Sutherland Lattice. In Acta Physica Polonica A, 2014, vol. 126, no. 1, p. 46-47. (0.604 &#8211; IF2013). (2014 &#8211; Current Contents, WOS, SCOPUS). ISSN 1898-794X. Typ:\u00a0<strong>ADCA<\/strong><\/li>\n<li>FARKA\u0160OVSK\u00dd, Pavol &#8211; \u010cEN\u010cARIKOV\u00c1, Hana. The influence of f-electron hopping on ground states and valence transitions in the extended Falicov-Kimball model. In European Physical Journal B, 2014, vol. 87, no. 9, art. no. 209. (1.463 &#8211; IF2013). (2014 &#8211; Current Contents, WOS, SCOPUS). ISSN 1434-6028. Typ:\u00a0<strong>ADCA<\/strong><\/li>\n<li>FARKA\u0160OVSK\u00dd, Pavol. Ferromagnetism in the one-dimensional Hubbard model with long-range electron hopping and long-range Coulomb interaction. In Europhysics Letters, 2014, vol. 107, no. 5, art. no. 57010. (2.269 &#8211; IF2013). (2014 &#8211; Current Contents, WOS). ISSN 0295-5075. Typ:\u00a0<strong>ADCA<\/strong><\/li>\n<li>FARKA\u0160OVSK\u00dd, Pavol &#8211; \u010cEN\u010cARIKOV\u00c1, Hana. Phase Transitions in a Coupled Electron and Spin Model on the Shastry-Sutherland Lattice. In Acta Physica Polonica A, 2014, vol. 126, no. 1, p. 44-45. (0.604 &#8211; IF2013). (2014 &#8211; Current Contents, WOS, SCOPUS). ISSN 1898-794X. Typ:\u00a0<strong>ADCA<\/strong><\/li>\n<li>GMITRA, M. &#8211; \u010cEN\u010cARIKOV\u00c1, Hana &#8211; FARKA\u0160OVSK\u00dd, Pavol. First-Principles Study of Kondo Insulator SmB6. In Acta Physica Polonica A, 2014, vol. 126, no. 1, p. 298-299. (0.604 &#8211; IF2013). (2014 &#8211; Current Contents, WOS, SCOPUS). ISSN 1898-794X. Typ:\u00a0<strong>ADCA<\/strong><\/li>\n<li>JUR\u010cI\u0160INOV\u00c1, Eva &#8211; JUR\u010cI\u0160IN, Mari\u00e1n &#8211; BOB\u00c1K, Andrej. First order phase transitions in the antiferromagnetic Ising model on a pure Husimi lattice. In Physics Letters A. General Atomic and Solid State Physics, 2014, vol. 378, no. 21, p. 1448-1454. (1.626 &#8211; IF2013). (2014 &#8211; Current Contents, WOS, SCOPUS). ISSN 0375-9601. Typ:\u00a0<strong>ADCA<\/strong><\/li>\n<li>JUR\u010cI\u0160INOV\u00c1, Eva &#8211; JUR\u010cI\u0160IN, Mari\u00e1n &#8211; ZALOM, Peter. Turbulent Prandtl number of a passively advected vector field in helical environment: Two-loop renormalization group result. In Physical Review E. Statistical, Nonlinear and Soft Matter Physics, 2014, vol. 89, no. 4, art. no. 043023. (2.326 &#8211; IF2013). (2014 &#8211; Current Contents, WOS, SCOPUS). ISSN 1539-3755. Typ:\u00a0<strong>ADCA<\/strong><\/li>\n<li>JUR\u010cI\u0160INOV\u00c1, Eva &#8211; JUR\u010cI\u0160IN, Mari\u00e1n. The first order phase transitions in the multisite spin-1\/2 model on a pure Husimi lattice. In Physica A &#8211; Statistical Mechanics and its Applications, 2014, vol. 415, p. 375-385. (1.722 &#8211; IF2013). (2014 &#8211; Current Contents, WOS, SCOPUS). ISSN 0378-4371. Typ:\u00a0<strong>ADCA<\/strong><\/li>\n<li>JUR\u010cI\u0160INOV\u00c1, Eva &#8211; JUR\u010cI\u0160IN, Mari\u00e1n. The second order phase transitions of the Ising model on tetrahedron recursive lattices: Exact results. In Physics Letters A. General Atomic and Solid State Physics, 2014, vol. 378, no. 16-17, p. 1059-1064. (1.626 &#8211; IF2013). (2014 &#8211; Current Contents, WOS, SCOPUS). ISSN 0375-9601. Typ:<strong>ADCA<\/strong><\/li>\n<li>JUR\u010cI\u0160INOV\u00c1, Eva &#8211; JUR\u010cI\u0160IN, Mari\u00e1n. Solution of the antiferromagnetic Ising model on a tetrahedron recursive lattice. In Physical Review E. Statistical, Nonlinear and Soft Matter Physics, 2014, vol. 89, no. 3, art. no. 032123. (2.326 &#8211; IF2013). (2014 &#8211; Current Contents, WOS, SCOPUS). ISSN 1539-3755. Typ:\u00a0<strong>ADCA<\/strong><\/li>\n<li>JUR\u010cI\u0160INOV\u00c1, Eva &#8211; JUR\u010cI\u0160IN, Mari\u00e1n. Solution of the antiferromagnetic Ising model with multisite interaction on a zigzag ladder. In Physical Review E. Statistical, Nonlinear and Soft Matter Physics, 2014, vol. 90, no. 3, art. no. 0321008. (2.326 &#8211; IF2013). (2014 &#8211; Current Contents, WOS, SCOPUS). ISSN 1539-3755. Typ:<strong>ADCA<\/strong><\/li>\n<li>JUR\u010cI\u0160INOV\u00c1, Eva &#8211; JUR\u010cI\u0160IN, Mari\u00e1n &#8211; BOB\u00c1K, Andrej. The Exact Solution of the Anti-ferromagnetic Ising Model with Multisite Interaction on the Simplest Pure Husimi Lattice. In Journal of Statistical Physics, 2014, vol. 154, no. 4, p. 1096-1112. (1.284 &#8211; IF2013). (2014 &#8211; Current Contents, WOS, SCOPUS). ISSN 0022-4715. Typ:<strong>ADCA<\/strong><\/li>\n<li>KUPKOV\u00c1, Miriam &#8211; KUPKA, Martin. On the indentation modulus of sintered materials. In Key Engineering Materials, 2014, vol. 586, p. 190-193. (2014 &#8211; SCOPUS). ISSN 1013-9826. Typ:\u00a0<strong>ADMB<\/strong><\/li>\n<li>\u010cEPILA, J. &#8211; NEM\u010c\u00cdK, J\u00e1n. Direct photons at large pT : from RHIC to LHC. In EPJ Web of Conferences, 2014, vol. 66, art. no. 04006. (2014 &#8211; WOS, SCOPUS). ISSN 2100-014X. Typ:\u00a0<strong>ADEB<\/strong><\/li>\n<li>KOPELIOVICH, B.Z. &#8211; NEM\u010c\u00cdK, J\u00e1n &#8211; POTASHNIKOVA, I.K. &#8211; SCHMIDT, Ivan. Energy conservation in high-pT nuclear reactions. In International Journal of Modern Physics E, 2014, vol. 23, no. 4, art. no. 1430006. (0.842 &#8211; IF2013). (2014 &#8211; Current Contents, WOS, SCOPUS). ISSN 0218-3013. Typ:\u00a0<strong>ADCA<\/strong><\/li>\n<li>KOPELIOVICH, B.Z. &#8211; NEM\u010c\u00cdK, J\u00e1n &#8211; POTASHNIKOVA, I.K. &#8211; SCHMIDT, Ivan. Quenching of high-pT hadrons: a non-energy-loss scenario. In EPJ Web of Conferences, 2014, vol. 71, art. no. 00070. (2014 &#8211; WOS, SCOPUS). ISSN 2100-014X. Typ:\u00a0<strong>ADEB<\/strong><\/li>\n<li>KRELINA, Michal &#8211; NEM\u010c\u00cdK, J\u00e1n. Cronin effect at different energies: from RHIC to LHC. In EPJ Web of Conferences, 2014, vol. 66, art. no. 04016. (2014 &#8211; WOS, SCOPUS). ISSN 2100-014X. Typ:\u00a0<strong>ADEB<\/strong><\/li>\n<li>PIN\u010c\u00c1K, Richard &#8211; SMOTLACHA, J. &#8211; PUDL\u00c1K, Michal. Calculation of the electronic structure near the tip of a graphitic nanocone. In Physica B: Condensed Matter, 2014, vol. 441, p. 58-61. (1.276 &#8211; IF2013). (2014 &#8211; Current Contents, WOS, SCOPUS). ISSN 0921-4526. Typ:\u00a0<strong>ADCA<\/strong><\/li>\n<\/ol>\n","protected":false},"excerpt":{"rendered":"<p>Publik\u00e1cie oddelenia za rok 2014 \u010cEN\u010cARIKOV\u00c1, Hana &#8211; FARKA\u0160OVSK\u00dd, Pavol &#8211; PUCHALA, P. Ground-State Phase Diagram of the Extended Ising Model on the Shastry-Sutherland Lattice&#8230;.<\/p>\n","protected":false},"author":10,"featured_media":0,"parent":883,"menu_order":50,"comment_status":"closed","ping_status":"closed","template":"","meta":{"footnotes":""},"_links":{"self":[{"href":"https:\/\/websrv.saske.sk\/uef\/wp-json\/wp\/v2\/pages\/2182"}],"collection":[{"href":"https:\/\/websrv.saske.sk\/uef\/wp-json\/wp\/v2\/pages"}],"about":[{"href":"https:\/\/websrv.saske.sk\/uef\/wp-json\/wp\/v2\/types\/page"}],"author":[{"embeddable":true,"href":"https:\/\/websrv.saske.sk\/uef\/wp-json\/wp\/v2\/users\/10"}],"replies":[{"embeddable":true,"href":"https:\/\/websrv.saske.sk\/uef\/wp-json\/wp\/v2\/comments?post=2182"}],"version-history":[{"count":2,"href":"https:\/\/websrv.saske.sk\/uef\/wp-json\/wp\/v2\/pages\/2182\/revisions"}],"predecessor-version":[{"id":2191,"href":"https:\/\/websrv.saske.sk\/uef\/wp-json\/wp\/v2\/pages\/2182\/revisions\/2191"}],"up":[{"embeddable":true,"href":"https:\/\/websrv.saske.sk\/uef\/wp-json\/wp\/v2\/pages\/883"}],"wp:attachment":[{"href":"https:\/\/websrv.saske.sk\/uef\/wp-json\/wp\/v2\/media?parent=2182"}],"curies":[{"name":"wp","href":"https:\/\/api.w.org\/{rel}","templated":true}]}}