{"id":2179,"date":"2019-03-18T08:43:52","date_gmt":"2019-03-18T07:43:52","guid":{"rendered":"http:\/\/websrv.saske.sk\/uef\/?page_id=2179"},"modified":"2019-03-18T11:10:08","modified_gmt":"2019-03-18T10:10:08","slug":"2015-2","status":"publish","type":"page","link":"https:\/\/websrv.saske.sk\/uef\/oddelenia-a-laboratoria\/oddelenie-teoretickej-fyziky\/publikacie-2\/2015-2\/","title":{"rendered":"2015"},"content":{"rendered":"<h2>Publik\u00e1cie oddelenia za rok 2015<\/h2>\n<ol>\n<li>\n<p>\n\t\t\t\u010cEN\u010cARIKOV\u00c1, Hana &#8211; FARKA\u0160OVSK\u00dd, Pavol. Fractional magnetization plateaus in the extended Ising model on the Shastry\u2013Sutherland lattice: Application to rare-earth metal tetraborides. In Physica status solidi B. Basic solid state physics, 2015, vol. 252, no. 2, p. 333-338. (1.489 &#8211; IF2014). (2015 &#8211; Current Contents, WOS, SCOPUS). ISSN 0370-1972. Typ:&nbsp;<strong>ADCA<\/strong><\/p>\n<\/li>\n<li>\n<p>\n\t\t\tFARKA\u0160OVSK\u00dd, Pavol &#8211; JURE\u010cKOV\u00c1, Jana. Effects of correlated hopping on electronic ferroelectricity in the extended Falicov-Kimball model in two dimensions. In Condensed Matter Physics, 2015, vol. 18, no. 3, art. no. 33704. (0.748 &#8211; IF2014). (2015 &#8211; Current Contents, WOS, SCOPUS). ISSN 1607-324X. Typ:&nbsp;<strong>ADCA<\/strong><\/p>\n<\/li>\n<li>\n<p>\n\t\t\tFARKA\u0160OVSK\u00dd, Pavol. The in\ufb02uence of the interband Coulomb interaction and the f-electron hopping on excitonic correlations in the extended Falicov-Kimball model. In Europhysics Letters, 2015, vol. 110, no. 4, art. no. 47007. (2.095 &#8211; IF2014). (2015 &#8211; Current Contents, WOS, SCOPUS). ISSN 0295-5075. Typ:&nbsp;<strong>ADCA<\/strong><\/p>\n<\/li>\n<li>\n<p>\n\t\t\tSTRE\u010cKA, Jozef &#8211; \u010cEN\u010cARIKOV\u00c1, Hana &#8211; LYRA, M.L. Phase diagrams and anomalous thermodynamic behavior of a correlated spin-electron system on doubly decorated planar lattices. In Physics Letters A. General Atomic and Solid State Physics, 2015, vol. 379, no. 45-46, p. 2915-2921. (1.683 &#8211; IF2014). (2015 &#8211; Current Contents, WOS, SCOPUS). ISSN 0375-9601. Typ:&nbsp;<strong>ADCA<\/strong><\/p>\n<\/li>\n<li>\n<p>\n\t\t\tJUR\u010cI\u0160INOV\u00c1, Eva &#8211; JUR\u010cI\u0160IN, Mari\u00e1n. The second order phase transitions of the spin-1 Ising model on pure Husimi lattices with elementary triangels: Exact results. In Physics Letters A. General Atomic and Solid State Physics, 2015, vol. 379, no. 12-13, p. 933-940. (1.683 &#8211; IF2014). (2015 &#8211; Current Contents, WOS, SCOPUS). ISSN 0375-9601. Typ:&nbsp;<strong>ADCA<\/strong><\/p>\n<\/li>\n<li>\n<p>\n\t\t\tJUR\u010cI\u0160INOV\u00c1, Eva &#8211; JUR\u010cI\u0160IN, Mari\u00e1n. Anomalous scaling of the magnetic \ufb01eld in the helical Kazantsev-Kraichnan model. In Physical Review E. Statistical, Nonlinear and Soft Matter Physics, 2015, vol. 91, no. 6, art. no. 063009. (2.288 &#8211; IF2014). (2015 &#8211; Current Contents, WOS, SCOPUS). ISSN 1539-3755. Typ:&nbsp;<strong>ADCA<\/strong><\/p>\n<\/li>\n<li>\n<p>\n\t\t\tKUPKOV\u00c1, Miriam &#8211; HRUBOV\u010c\u00c1KOV\u00c1, Monika &#8211; ZELE\u0147\u00c1K, Adam &#8211; SULOWSKI, Maciej &#8211; CIAS, A. &#8211; ORI\u0147\u00c1KOV\u00c1, Ren\u00e1ta &#8211; MOROVSK\u00c1 TURO\u0147OV\u00c1, Andrea &#8211; \u017d\u00c1KOV\u00c1, K. &#8211; KUPKA, Martin. Dimensional changes, microstructure, microhardness distributions and corrosion properties of iron and iron-manganese sintered materials. In Archives of Metallurgy and Materials, 2015, vol. 60, no. 2, p. 639-642. (1.090 &#8211; IF2014). (2015 &#8211; Current Contents). ISSN 1733-3490. Typ:&nbsp;<strong>ADCA<\/strong><\/p>\n<\/li>\n<li>\n<p>\n\t\t\tKUPKOV\u00c1, Miriam &#8211; HRUBOV\u010c\u00c1KOV\u00c1, Monika &#8211; KUPKA, Martin &#8211; ORI\u0147\u00c1KOV\u00c1, Ren\u00e1ta &#8211; MOROVSK\u00c1 TURO\u0147OV\u00c1, Andrea. Sintering behaviour, graded microstructure and corrosion performance of sintered Fe-Mn biomaterials. In International Journal of Electrochemical Science, 2015, vol. 10, p. 9256-9268. (1.500 &#8211; IF2014). (2015 &#8211; Current Contents). ISSN 1452-3981. Typ:&nbsp;<strong>ADCA<\/strong><\/p>\n<\/li>\n<li>\n<p>\n\t\t\tKUPKOV\u00c1, Miriam &#8211; HRUBOV\u010c\u00c1KOV\u00c1, Monika &#8211; KUPKA, Martin &#8211; ORI\u0147\u00c1KOV\u00c1, Ren\u00e1ta &#8211; MOROVSK\u00c1 TURO\u0147OV\u00c1, Andrea. Corrosion behaviour of powder metallurgy biomaterials from phosphated carbonyl-iron powders. In International Journal of Electrochemical Science, 2015, vol. 10, p. 671-681. (1.500 &#8211; IF2014). (2015 &#8211; Current Contents). ISSN 1452-3981. Typ:&nbsp;<strong>ADCA<\/strong><\/p>\n<\/li>\n<li>\n<p>\n\t\t\tKUPKOV\u00c1, Miriam &#8211; HRUBOV\u010c\u00c1KOV\u00c1, Monika &#8211; KUPKA, Martin &#8211; ZELE\u0147\u00c1K, Adam. The effect of graded structure of sintered iron-manganese biomaterials on the range and distribution of local hardness values. In Key Engineering Materials, 2015, vol. 662, p. 155-158. (2015 &#8211; SCOPUS). ISSN 1013-9826. Typ:&nbsp;<strong>ADMB<\/strong><\/p>\n<\/li>\n<li>\n<p>\n\t\t\tKUPKOV\u00c1, Miriam &#8211; HRUBOV\u010c\u00c1KOV\u00c1, Monika &#8211; KUPKA, Martin &#8211; ZELE\u0147\u00c1K, Adam. The effect of corrosion on the stiffness of sintered iron-manganese alloys immersed in Hank\u00b4s solution. In Corrosion and surface treatment in industry 2015 : Proceedings of international conference. Liptovsk\u00fd Mikul\u00e1\u0161, 30.9.-2.10.2015. &#8211; Ko\u0161ice : Technical University, 2015, p. 26. ISBN 978-80-553-2196-7. Typ:&nbsp;<strong>AFH<\/strong><\/p>\n<\/li>\n<li>\n<p>\n\t\t\tKUPKOV\u00c1, Miriam &#8211; KUPKA, Martin. On the micro-hardness of metals reinforced by rigid nano-particles. In The 2nd International conference on nanomaterials: Fundamentals and aaplications : Book of abstracts. Ko\u0161ice, 26.-28.10.2015 [elektronick\u00fd zdroj]. &#8211; Ko\u0161ice : NFA, 2015, p. 52. ISBN 978-80-8152-312-0. N\u00e1zov z CD. CD ROM. Typ:&nbsp;<strong>AFH<\/strong><\/p>\n<\/li>\n<li>\n<p>\n\t\t\tKOPELIOVICH, B.Z. &#8211; NEM\u010c\u00cdK, J\u00e1n &#8211; POTASHNIKOVA, I.K. &#8211; SCHMIDT, Ivan. High-pT hadrons in pA and AA collisions: Impact of energy conservation. In Journal of Physics: Conference Series, 2015, vol. 589, art. no. 012013. (2015 &#8211; WOS, SCOPUS). ISSN 1742-6588. Typ:&nbsp;<strong>ADMB<\/strong><\/p>\n<\/li>\n<li>\n<p>\n\t\t\tNEM\u010c\u00cdK, J\u00e1n &#8211; PASECHNIK, Roman &#8211; POTASHNIKOVA, I.K. A heuristic description of high-pT hadron production in heavy ion collisions. In European Physical Journal C, 2015, vol. 75, no. 2, art. no. 95. (5.084 &#8211; IF2014). (2015 &#8211; Current Contents, WOS, SCOPUS). ISSN 1434-6044. Typ:&nbsp;<strong>ADCA<\/strong><\/p>\n<\/li>\n<li>\n<p>\n\t\t\tPIN\u010c\u00c1K, Richard &#8211; BARTO\u0160, Erik. With string model to time series forecasting. In Physica A, 2015, vol. 436, p. 135-146. (1.732 &#8211; IF2014). (2015 &#8211; Current Contents, WOS, SCOPUS). ISSN 0378-4371. Typ:&nbsp;<strong>ADCA<\/strong><\/p>\n<\/li>\n<li>\n<p>\n\t\t\tPIN\u010c\u00c1K, Richard &#8211; SMOTLACHA, J. &#8211; PUDL\u00c1K, Michal. Spin-orbit interaction in the graphitic nanocone. In European Physical Journal B, 2015, vol. 88, no. 1, art. no. 17. (1.345 &#8211; IF2014). (2015 &#8211; Current Contents, WOS, SCOPUS). ISSN 1434-6028. Typ:&nbsp;<strong>ADCA<\/strong><\/p>\n<\/li>\n<li>\n<p>\n\t\t\tPIN\u010c\u00c1K, Richard &#8211; SMOTLACHA, J. &#8211; OSIPOV, V.A. Electronic states of zigzag graphene nanoribbons with edges reconstructed with topological defects. In Physica B: Condensed Matter, 2015, vol. 475, p. 61-65. (1.319 &#8211; IF2014). (2015 &#8211; Current Contents, WOS, SCOPUS). ISSN 0921-4526. Typ:&nbsp;<strong>ADCA<\/strong><\/p>\n<\/li>\n<\/ol>\n","protected":false},"excerpt":{"rendered":"<p>Publik\u00e1cie oddelenia za rok 2015 \u010cEN\u010cARIKOV\u00c1, Hana &#8211; FARKA\u0160OVSK\u00dd, Pavol. Fractional magnetization plateaus in the extended Ising model on the Shastry\u2013Sutherland lattice: Application to rare-earth&#8230;<\/p>\n","protected":false},"author":10,"featured_media":0,"parent":883,"menu_order":50,"comment_status":"closed","ping_status":"closed","template":"","meta":{"footnotes":""},"_links":{"self":[{"href":"https:\/\/websrv.saske.sk\/uef\/wp-json\/wp\/v2\/pages\/2179"}],"collection":[{"href":"https:\/\/websrv.saske.sk\/uef\/wp-json\/wp\/v2\/pages"}],"about":[{"href":"https:\/\/websrv.saske.sk\/uef\/wp-json\/wp\/v2\/types\/page"}],"author":[{"embeddable":true,"href":"https:\/\/websrv.saske.sk\/uef\/wp-json\/wp\/v2\/users\/10"}],"replies":[{"embeddable":true,"href":"https:\/\/websrv.saske.sk\/uef\/wp-json\/wp\/v2\/comments?post=2179"}],"version-history":[{"count":3,"href":"https:\/\/websrv.saske.sk\/uef\/wp-json\/wp\/v2\/pages\/2179\/revisions"}],"predecessor-version":[{"id":2189,"href":"https:\/\/websrv.saske.sk\/uef\/wp-json\/wp\/v2\/pages\/2179\/revisions\/2189"}],"up":[{"embeddable":true,"href":"https:\/\/websrv.saske.sk\/uef\/wp-json\/wp\/v2\/pages\/883"}],"wp:attachment":[{"href":"https:\/\/websrv.saske.sk\/uef\/wp-json\/wp\/v2\/media?parent=2179"}],"curies":[{"name":"wp","href":"https:\/\/api.w.org\/{rel}","templated":true}]}}