{"id":2102,"date":"2019-03-13T13:10:55","date_gmt":"2019-03-13T12:10:55","guid":{"rendered":"http:\/\/websrv.saske.sk\/uef\/?page_id=2102"},"modified":"2020-02-04T14:47:59","modified_gmt":"2020-02-04T13:47:59","slug":"2019-2","status":"publish","type":"page","link":"https:\/\/websrv.saske.sk\/uef\/oddelenia-a-laboratoria\/oddelenie-teoretickej-fyziky\/publikacie-2\/2019-2\/","title":{"rendered":"2019"},"content":{"rendered":"<h2>Publik\u00e1cie pracovn\u00edkov oddelenia za rok 2019<\/h2>\n<ol>\n<li><strong>H. \u010cEN\u010cARIKOV\u00c1<\/strong> and J. STRE\u010cKA, Conventional and rotating magnetoelectric effect of a half-filled\u00a0spin-electron model on a doubly decorated square lattice, <a href=\"https:\/\/www.sciencedirect.com\/science\/article\/pii\/S0375960119308084\"><strong>Physics Letters A 383 (2019) 125957<\/strong><\/a>\u00a0<strong>[<\/strong><strong>IF<\/strong><strong>\/MedIF(2018)=<\/strong><strong><span style=\"color: #ff0000\">2.087<\/span><\/strong><strong>\/1.575=1.325]\u00a0<\/strong>(5 pages).<\/li>\n<li><strong>P. FARKA\u0160OVSK\u00dd<\/strong>,\u00a0The Influence of Long-Range Hopping on Ferromagnetism in the Hubbard Model on the Generalized Shastry-Sutherland Lattice,\u00a0<a href=\"https:\/\/link.springer.com\/article\/10.1007\/s10948-018-4788-3\"><strong>Journal of Superconductivity and Novel Magnetism\u00a032 (2019)\u00a01007<\/strong><\/a>\u00a0<strong>[<\/strong><strong>IF<\/strong><strong>\/MedIF(2018)=<\/strong><strong><span style=\"color: #ff0000\">1.13<\/span><\/strong><strong>\/2.242=0.504]\u00a0<\/strong>(5 pages).<\/li>\n<li><strong>P. FARKA\u0160OVSK\u00dd<\/strong>, Pressure induced valence and metal-insulator transitions in the Falicov-Kimball model\u00a0with nonlocal hybridization, <a href=\"https:\/\/www.sciencedirect.com\/science\/article\/pii\/S0038109818304848\"><strong>Solid State Communications 287 (2019)<\/strong>\u00a0<strong>68<\/strong><\/a>\u00a0<strong>[<\/strong><strong>IF<\/strong><strong>\/MedIF(2018)=<\/strong><strong><span style=\"color: #ff0000\">1.433<\/span><\/strong><strong>\/2.242=0.639]\u00a0<\/strong>(4 pages).<\/li>\n<li><strong>P. FARKA\u0160OVSK\u00dd<\/strong> and <strong>\u013d. REGECIOV\u00c1<\/strong>,\u00a0Magnetization plateaus and phase diagrams of the extended Ising model on the Shastry-Sutherland lattice: effects of long-range interactions,<strong><a href=\"https:\/\/epjb.epj.org\/articles\/epjb\/abs\/2019\/02\/b180406\/b180406.html\"> The European Physical Journal B 92 (2019) 33<\/a>\u00a0<\/strong><strong>[<\/strong><strong>IF<\/strong><strong>\/MedIF(2018)=<\/strong><strong><span style=\"color: #ff0000\">1.44<\/span><\/strong><strong>\/2.242=0.642]\u00a0<\/strong>(6 pages).<\/li>\n<li><strong>P. FARKA\u0160OVSK\u00dd<\/strong>, The infuence of nonlocal interactions on valence\u00a0transitions and formation of excitonic bound states in the generalized Falicov Kimball model,<b>\u00a0<a href=\"https:\/\/epjb.epj.org\/articles\/epjb\/abs\/2019\/07\/b190051\/b190051.html\">The European Physical Journal B 92 (2019) 141<\/a><\/b><b>\u00a0<\/b><strong>[<\/strong><strong>IF<\/strong><strong>\/MedIF(2018)=<\/strong><strong><span style=\"color: #ff0000\">1.44<\/span><\/strong><strong>\/2.242=0.642]\u00a0<\/strong><b><\/b>(5 pages).<\/li>\n<li><strong>L. REGECIOV\u00c1<\/strong>\u00a0and <strong>P. FARKA\u0160OVSK\u00dd<\/strong>, Magnetic phase diagram of the Ising model with the long-range RKKY interaction, <a href=\"https:\/\/epjb.epj.org\/articles\/epjb\/abs\/2019\/08\/b190167\/b190167.html\"><strong>The European Physical Journal B 92 (2019) 184<\/strong><\/a><b>\u00a0<\/b><strong>[<\/strong><strong>IF<\/strong><strong>\/MedIF(2018)=<\/strong><strong><span style=\"color: #ff0000\">1.44<\/span><\/strong><strong>\/2.242=0.642]<\/strong> (6 pages).<\/li>\n<li><strong> M. HNATI\u010c<\/strong>, J. HONKONEN, and T. LU\u010cIVJANSK\u00dd, Symmetry Breaking in Stochastic Dynamics and Turbulence, <a href=\"https:\/\/www.mdpi.com\/2073-8994\/11\/10\/1193\"><strong>Symmetry MDPI 11(10) (2019) 1193<\/strong><\/a><b>\u00a0<\/b><strong>[<\/strong><strong>IF<\/strong><strong>\/MedIF(2018)=<\/strong><strong><span style=\"color: #ff0000\">2.143<\/span><\/strong><strong>\/1.622=1.321]\u00a0<\/strong>(52 pages).<\/li>\n<li>\u0160. BIRN\u0160TEINOV\u00c1, <strong>M. HNATI\u010c<\/strong>, T. LU\u010cIVJANSK\u00dd, L. MI\u017dI\u0160IN, and V. \u0160KULT\u00c9TY, Passive advection in percolation process: Two-loop approximation, <a href=\"https:\/\/link.springer.com\/article\/10.1134\/S0040577919090071\"><strong>Theoretical and Mathematical Physics, 200 (2019)\u00a01335<\/strong><\/a>\u00a0<strong>[<\/strong><strong>IF<\/strong><strong>\/MedIF(2018)=<\/strong><strong><span style=\"color: #ff0000\">0.901<\/span><\/strong><strong>\/1.231=0.732]\u00a0<\/strong>(13 pages).<\/li>\n<li><strong>E. JUR\u010cI\u0160INOV\u00c1<\/strong> and <strong>M. JUR\u010cI\u0160IN<\/strong>, Applicability of effective field theory cluster approximations for investigation of geometrically frustrated magnetic systems: Antiferromagnetic model on kagome lattice, <a href=\"https:\/\/www.sciencedirect.com\/science\/article\/pii\/S0378437118312925\"><strong>Physica A 514 (2019) 644<\/strong><\/a>\u00a0<strong>[<\/strong><strong>IF<\/strong><strong>\/MedIF(2018)=<\/strong><strong><span style=\"color: #ff0000\">2.5<\/span><\/strong><strong>\/1.575=1.587]\u00a0<\/strong>(14 pages).<\/li>\n<li>A. BOB\u00c1K,<strong> E. JUR\u010cI\u0160INOV\u00c1<\/strong>,\u00a0<strong>M. JUR\u010cI\u0160IN<\/strong>, M. \u017dUKOVI\u010c, and T. BALCERZAK, An investigation of the\u00a0 transverse Ising antiferromagnet on the honeycomb lattice with frustration,\u00a0<a href=\"https:\/\/www.sciencedirect.com\/science\/article\/pii\/S037843711831495X\"><strong>Physica A 518 (2019) 13<\/strong><\/a>\u00a0\u00a0<strong>[<\/strong><strong>IF<\/strong><strong>\/MedIF(2018)=<\/strong><strong><span style=\"color: #ff0000\">2.5<\/span><\/strong><strong>\/1.575=1.587]\u00a0<\/strong>(9 pages).<\/li>\n<li><strong>E. JUR\u010cI\u0160INOV\u00c1<\/strong> and <strong>M. JUR\u010cI\u0160IN<\/strong>, Relevance of recursive lattice approximations for description of frustrated magnetic systems: Star kagome-like recursive lattice approximation, <a href=\"https:\/\/www.sciencedirect.com\/science\/article\/pii\/S0378437119300858\"><strong>Physica A 521 (2019) 330<\/strong><\/a>\u00a0<strong>[<\/strong><strong>IF<\/strong><strong>\/MedIF(2018)=<\/strong><strong><span style=\"color: #ff0000\">2.5<\/span><\/strong><strong>\/1.575=1.587]\u00a0<\/strong>(22 pages).<\/li>\n<li><strong>E. JUR\u010cI\u0160INOV\u00c1<\/strong> and <strong>M. JUR\u010cI\u0160IN<\/strong>, A general view on the critical behavior in the effective field theory approximation of the Ising model with arbitrary coordination number, <a href=\"https:\/\/www.sciencedirect.com\/science\/article\/pii\/S0378437119305035\"><b>Physica A 525 (2019) 1399<\/b><\/a>\u00a0\u00a0<strong>[<\/strong><strong>IF<\/strong><strong>\/MedIF(2018)=<\/strong><strong><span style=\"color: #ff0000\">2.5<\/span><\/strong><strong>\/1.575=1.587]\u00a0<\/strong>(6 pages).<\/li>\n<li><strong>E. JUR\u010cI\u0160INOV\u00c1<\/strong> and <strong>M. JUR\u010cI\u0160IN<\/strong>,\u00a0Consequences of residual-entropy hierarchy violation for behavior of the specific heat capacity in frustrated magnetic systems: An exact theoretical analysis, <a href=\"https:\/\/journals.aps.org\/pre\/abstract\/10.1103\/PhysRevE.99.042151\"><strong>Physical Review E 99 (2019) 042151<\/strong><\/a>\u00a0\u00a0<strong>[<\/strong><strong>IF<\/strong><strong>\/MedIF(2018)=<\/strong><strong><span style=\"color: #ff0000\">2.353<\/span><\/strong><strong>\/1.231=1.911]\u00a0<\/strong>(16 pages).<\/li>\n<li><strong>E. JUR\u010cI\u0160INOV\u00c1<\/strong> and <strong>M. JUR\u010cI\u0160IN<\/strong>,\u00a0Entropy properties of antiferromagnetic model on kagome lattice: Effective-field theory approach, <a href=\"https:\/\/www.sciencedirect.com\/science\/article\/pii\/S0378437119313986\"><strong>Physica A 535 (2019) 122430<\/strong><\/a>\u00a0\u00a0\u00a0<strong>[<\/strong><strong>IF<\/strong><strong>\/MedIF(2018)=<\/strong><strong><span style=\"color: #ff0000\">2.5<\/span><\/strong><strong>\/1.575=1.587]\u00a0<\/strong>(10 pages).<\/li>\n<li><strong>E. JUR\u010cI\u0160INOV\u00c1<\/strong> and <strong>M. JUR\u010cI\u0160IN<\/strong>,\u00a0Influence of dilution on magnetization properties of geometrically frustrated magnetic systems: Effective-field theory cluster approximations on kagome lattice, <a href=\"https:\/\/www.sciencedirect.com\/science\/article\/pii\/S0375960119308394\"><strong>Physics Letters A 383 (2019) 125972<\/strong><\/a>\u00a0<strong>[<\/strong><strong>IF<\/strong><strong>\/MedIF(2018)=<\/strong><strong><span style=\"color: #ff0000\">2.087<\/span><\/strong><strong>\/1.575=1.325]\u00a0<\/strong>(9 pages).<\/li>\n<li><strong>E. JUR\u010cI\u0160INOV\u00c1<\/strong>, <strong>M. JUR\u010cI\u0160IN<\/strong>, and<strong> R. REMECK\u00dd<\/strong>,\u00a0Turbulent Prandtl Number in Two Spatial Dimensions: Two-loop Renormalization Group Analysis,\u00a0 <a href=\"https:\/\/link.springer.com\/article\/10.1134\/S0040577919080063\"><strong>Theor. Math. Phys. 200 (2019) 1139<\/strong><\/a>\u00a0<strong>[<\/strong><strong>IF<\/strong><strong>\/MedIF(2018)=<\/strong><strong><span style=\"color: #ff0000\">0.901<\/span><\/strong><strong>\/1.231=0.732]\u00a0<\/strong>(8 pages).<\/li>\n<li><strong>E. JUR\u010cI\u0160INOV\u00c1<\/strong>, <strong>M. JUR\u010cI\u0160IN<\/strong>, and<strong> M. MENKYNA<\/strong>,\u00a0Influence of Finite-Time Velocity Correlations on Scaling Properties of Magnetic Field in the Kazantsev-Kraichnan Model: Two-Loop Renormalization Group Analysis,<br \/>\n<a href=\"https:\/\/link.springer.com\/article\/10.1134\/S0040577919080051\"><strong>Theor. Math. Phys. 200 (2019) 1126<\/strong><\/a>\u00a0<strong>[<\/strong><strong>IF<\/strong><strong>\/MedIF(2018)=<\/strong><strong><span style=\"color: #ff0000\">0.901<\/span><\/strong><strong>\/1.231=0.732]\u00a0<\/strong>(13 pages).<\/li>\n<li>M. \u010cLOVE\u010cKO, E. GA\u017dO, <strong>M. KUPKA<\/strong>, and P. SKYBA, Magnonic Analog of Black- and White-Hole Horizons in Superfluid 3He-B, <a href=\"https:\/\/journals.aps.org\/prl\/abstract\/10.1103\/PhysRevLett.123.161302\"><strong>Physical Review Letters 123 (2019) 161302<\/strong><\/a>\u00a0<strong>[<\/strong><strong>IF<\/strong><strong>\/MedIF(2018)=<\/strong><strong><span style=\"color: #ff0000\">9.227<\/span><\/strong><strong>\/1.575=5.858]\u00a0<\/strong>(5 pages).<\/li>\n<li>J. \u010cEPILA, <strong>J. NEM\u010c\u00cdK<\/strong>, M. KRELINA, and R. PASECHNIK, Theoretical uncertainties in exclusive electroproduction of S-wave heavy quarkonia, <a href=\"https:\/\/link.springer.com\/article\/10.1140%2Fepjc%2Fs10052-019-7016-9\"><strong>European Physical Journal C 79 (2019) 495\u00a0<\/strong><\/a><strong>[<\/strong><strong>IF<\/strong><strong>\/MedIF(2018)=<\/strong><strong><span style=\"color: #ff0000\">4.843<\/span><\/strong><strong>\/2.165=2.237]\u00a0<\/strong>(29 pages).<\/li>\n<li>A. SEPEHRI, <strong>R. PIN\u010c\u00c1K<\/strong>, and T. GHAFFARY, Information loss in black hole due to transition point, <strong><a href=\"https:\/\/www.worldscientific.com\/doi\/10.1142\/S0219887819500269\">International Journal of Geometric Methods in Modern Physics 16 (2019) 1950026<\/a><\/strong>\u00a0<strong>[<\/strong><strong>IF<\/strong><strong>\/MedIF(2018)=<\/strong><strong><span style=\"color: #ff0000\">1.022<\/span><\/strong><strong>\/1.231=0.83]\u00a0<\/strong>(7 pages).<\/li>\n<li><strong>R. PIN\u010c\u00c1K<\/strong>, K. KANJAMAPORNKUL, and E. BARTO\u0160, Forecasting Laurent Polynomial in the Chern\u2013Simons Current of V3 Loop Time Series, <a href=\"https:\/\/onlinelibrary.wiley.com\/doi\/10.1002\/andp.201800375\"><strong>Annalen der Physik 531 (2019) 1800375<\/strong>\u00a0<\/a>\u00a0<strong>[<\/strong><strong>IF<\/strong><strong>\/MedIF(2018)=<\/strong><strong><span style=\"color: #ff0000\">3.276<\/span><\/strong><strong>\/1.575=2.08]\u00a0<\/strong>(23 pages).<\/li>\n<li><strong>R. PIN\u010c\u00c1K <\/strong>and\u00a0K. KANJAMAPORNKUL,\u00a0GARCH in spinor field,\u00a0<a href=\"https:\/\/www.worldscientific.com\/doi\/10.1142\/S0219887819500993\"><strong>International Journal of Geometric Methods in Modern Physics 16 (2019) 1950099<\/strong><\/a>\u00a0<strong>[<\/strong><strong>IF<\/strong><strong>\/MedIF(2018)=<\/strong><strong><span style=\"color: #ff0000\">1.022<\/span><\/strong><strong>\/1.231=0.83]\u00a0<\/strong>(48 pages).<\/li>\n<\/ol>\n<h4><img loading=\"lazy\" decoding=\"async\" class=\"aligncenter wp-image-3850\" src=\"http:\/\/websrv.saske.sk\/uef\/wp-content\/uploads\/2020\/02\/graf_publikacie2019-300x225.jpg\" alt=\"\" width=\"663\" height=\"497\" srcset=\"https:\/\/websrv.saske.sk\/uef\/wp-content\/uploads\/2020\/02\/graf_publikacie2019-300x225.jpg 300w, https:\/\/websrv.saske.sk\/uef\/wp-content\/uploads\/2020\/02\/graf_publikacie2019.jpg 560w\" sizes=\"(max-width: 663px) 100vw, 663px\" \/><\/h4>\n<h4><strong>Publik\u00e1cie v\u00a0<\/strong><strong>registrovan\u00fdch\u00a0<\/strong><strong>zahrani\u010dn\u00fdch karentovan\u00fdch neimpaktovan\u00fdch \u010dasopisoc<\/strong><strong>h a zborn\u00edkoch:<\/strong><\/h4>\n<ol>\n<li><strong>M. HNATI\u010c<\/strong>, G. KALAGOV, T. LU\u010cIVJANSK\u00dd, and P. ZALOM, Mirror symmetry breaking in toy models of developed turbulence, <strong><a href=\"https:\/\/iopscience.iop.org\/article\/10.1088\/1742-6596\/1194\/1\/012044\">J. Phys.: Conference Series 1194 (2019) 012044<\/a>\u00a0 <\/strong>(9 pages).<\/li>\n<li>B.Z. KOPELIOVICH, <strong>J. NEM\u010c\u00cdK<\/strong>, I.K. POTASHNIKOVA, and I.SCHMIDT, Novel mechanism for suppression of heavy flavored mesons in heavy ion collisions, <a href=\"https:\/\/iopscience.iop.org\/article\/10.1088\/1742-6596\/1137\/1\/012047\"><strong>Journal of Physics: Conference Series 1137 (2019) 012047<\/strong><\/a> (5 pages).<\/li>\n<li><strong>J. NEM\u010c\u00cdK<\/strong>, B.Z. KOPELIOVICH, I.K. POTASHNIKOVA, and I. SCHMIDT, Universal suppression of high-p(T) hadrons in heavy-ion collisions, <a href=\"http:\/\/www.actaphys.uj.edu.pl\/fulltext?series=Sup&amp;vol=12&amp;page=991\"><strong>Acta Physica Polonica B &#8211; Proceedings Supplement 12 (2019) 991<\/strong><\/a> (8 pages).<\/li>\n<\/ol>\n<h4><\/h4>\n<p>&nbsp;<\/p>\n<h4><strong>Publik\u00e1cie v\u00a0registrovan\u00fdch\u00a0zahrani\u010dn\u00fdch nekarentovan\u00fdch neimpaktovan\u00fdch \u010dasopisoch a zborn\u00edkoch:<\/strong><\/h4>\n<ol>\n<li>\u0160. BIRN\u0160TEINOV\u00c1, <strong>M. HNATI\u010c<\/strong>, T. LU\u010cIVJANSK\u00dd, and L. MI\u017dI\u0160IN, Percolation process in the presence of velocity fluctuations: two-loop approximation, <strong>Springer Proceedings in Complexity (2019) 27-36<\/strong>.<\/li>\n<li><strong>M. HNATI\u010c<\/strong>, G. KALAGOV, T. LU\u010cIVJANSK\u00dd, and P. ZALOM, Large scale behavior of generalized stochastic magnetohydrodynamic turbulence with mirror symmetry breaking, <strong>Springer Proceedings in Complexity (2019) 95-111<\/strong>.<\/li>\n<li>N. M. GULITSKIY, <strong>M. HNATI\u010c<\/strong>, T. LU\u010cIVJANSK\u00dd, L. MI\u017dI\u0160IN, and V. \u0160KULT\u00c9TY, Stochastic navier-stokes equation for a compressible fluid: two-loop approximation, <strong>Springer Proceedings in Complexity (2019) 175-187<\/strong>.<\/li>\n<li>L. Ts. ADZHEMYAN, <strong>M. HNATI\u010c,<\/strong> M. V. KOMPANIETS, T. LU\u010cIVJANSK\u00dd, and L. MI\u017dI\u0160IN, Renormalization group approach of directed percolation: three-loop approximation, <strong>Springer Proceedings in Complexity (2019) 195-204<\/strong>.<\/li>\n<\/ol>\n<h4><\/h4>\n<p>&nbsp;<\/p>\n<h4><strong>Publik\u00e1cie v dom\u00e1cich\u00a0nekarentovan\u00fdch neimpaktovan\u00fdch \u010dasopisoch a zborn\u00edkoch:<\/strong><\/h4>\n<ol>\n<li>\u0160. BIRN\u0160TEINOV\u00c1, <strong>M. HNATI\u010c<\/strong>, T. LU\u010cIVJANSK\u00dd, L. MI\u017dI\u0160IN, and V. \u0160KULT\u00c9TY, Turbulent advection of directed percolation process: the effect of compressibility, Proceedings of &#8222;The 20th Small Triangle Meeting on Theoretical Physics&#8220;, October 7-10, 2018, Pt\u00edcie, Slovakia; IEP SAS Ko\u0161ice, 2019, s. 9\u201314, <strong>ISBN 978-80-8143-233-0<\/strong><\/li>\n<li><strong>M. HNATI\u010c<\/strong> and G. KALAGOV, Fluctuation induced first order phase transition in an SU (N) field model, Proceedings of &#8222;The 20th Small Triangle Meeting on Theoretical Physics&#8220;, October 7-10, 2018, Pt\u00edcie, Slovakia; IEP SAS Ko\u0161ice, 2019, s. 45\u201356, <strong>ISBN 978- 80-8143-233-0<\/strong><\/li>\n<li><strong>M. HNATI\u010c<\/strong>, T. LU\u010cIVJANSK\u00dd, and L. MI\u017dI\u0160IN, Tricritical directed percolation: Field theoretic formulation, Proceedings of &#8222;The 20th Small Triangle Meeting on Theoretical Physics&#8220;, October 7-10, 2018, Pt\u00edcie, Slovakia; IEP SAS Ko\u0161ice, 2019, s. 57\u201364, <strong>ISBN 978-80-8143-233-0<\/strong><\/li>\n<\/ol>\n<p>&nbsp;<\/p>\n<p><strong>Odborn\u00e9 publik\u00e1cie vydan\u00e9 na \u00dastave experiment\u00e1lnej fyziky SAV:<\/strong><\/p>\n<ol>\n<li><strong>H. \u010cEN\u010cARIKOV\u00c1,\u00a0<\/strong>Po\u010d\u00edta\u010dov\u00e1 Fyzika a Modelovanie<strong>, <\/strong>\u00daEF SAV (2019),<strong> ISBN: 978-80-89656-24-0<\/strong><\/li>\n<\/ol>\n","protected":false},"excerpt":{"rendered":"<p>Publik\u00e1cie pracovn\u00edkov oddelenia za rok 2019 H. \u010cEN\u010cARIKOV\u00c1 and J. STRE\u010cKA, Conventional and rotating magnetoelectric effect of a half-filled\u00a0spin-electron model on a doubly decorated square&#8230;<\/p>\n","protected":false},"author":10,"featured_media":0,"parent":883,"menu_order":50,"comment_status":"closed","ping_status":"closed","template":"","meta":{"footnotes":""},"_links":{"self":[{"href":"https:\/\/websrv.saske.sk\/uef\/wp-json\/wp\/v2\/pages\/2102"}],"collection":[{"href":"https:\/\/websrv.saske.sk\/uef\/wp-json\/wp\/v2\/pages"}],"about":[{"href":"https:\/\/websrv.saske.sk\/uef\/wp-json\/wp\/v2\/types\/page"}],"author":[{"embeddable":true,"href":"https:\/\/websrv.saske.sk\/uef\/wp-json\/wp\/v2\/users\/10"}],"replies":[{"embeddable":true,"href":"https:\/\/websrv.saske.sk\/uef\/wp-json\/wp\/v2\/comments?post=2102"}],"version-history":[{"count":68,"href":"https:\/\/websrv.saske.sk\/uef\/wp-json\/wp\/v2\/pages\/2102\/revisions"}],"predecessor-version":[{"id":3851,"href":"https:\/\/websrv.saske.sk\/uef\/wp-json\/wp\/v2\/pages\/2102\/revisions\/3851"}],"up":[{"embeddable":true,"href":"https:\/\/websrv.saske.sk\/uef\/wp-json\/wp\/v2\/pages\/883"}],"wp:attachment":[{"href":"https:\/\/websrv.saske.sk\/uef\/wp-json\/wp\/v2\/media?parent=2102"}],"curies":[{"name":"wp","href":"https:\/\/api.w.org\/{rel}","templated":true}]}}