{"id":204,"date":"2018-09-12T09:22:03","date_gmt":"2018-09-12T07:22:03","guid":{"rendered":"http:\/\/websrv.saske.sk\/uef\/?page_id=204"},"modified":"2025-09-16T10:37:47","modified_gmt":"2025-09-16T08:37:47","slug":"organizacny-poriadok","status":"publish","type":"page","link":"https:\/\/websrv.saske.sk\/uef\/o-nas\/dokumenty-ustavu\/organizacny-poriadok\/","title":{"rendered":"Etick\u00fd k\u00f3dex SAV"},"content":{"rendered":"<h2 class=\"content-title\">Z\u00e1kladn\u00e9 vn\u00fatorn\u00e9 predpisy:<\/h2>\r\n\r\n<p>Etick\u00fd k\u00f3dex SAV <a href=\"http:\/\/websrv.saske.sk\/uef\/wp-content\/uploads\/2025\/09\/Eticky_kodex_SAV_7_8_2025.pdf\">(.pdf)<\/a><\/p>\r\n<p>&nbsp;<\/p>\r\n<p>&nbsp;<\/p>\r\n","protected":false},"excerpt":{"rendered":"<p>Z\u00e1kladn\u00e9 vn\u00fatorn\u00e9 predpisy: Etick\u00fd k\u00f3dex SAV (.pdf) &nbsp; &nbsp;<\/p>\n","protected":false},"author":1,"featured_media":0,"parent":180,"menu_order":20,"comment_status":"closed","ping_status":"closed","template":"","meta":{"footnotes":""},"_links":{"self":[{"href":"https:\/\/websrv.saske.sk\/uef\/wp-json\/wp\/v2\/pages\/204"}],"collection":[{"href":"https:\/\/websrv.saske.sk\/uef\/wp-json\/wp\/v2\/pages"}],"about":[{"href":"https:\/\/websrv.saske.sk\/uef\/wp-json\/wp\/v2\/types\/page"}],"author":[{"embeddable":true,"href":"https:\/\/websrv.saske.sk\/uef\/wp-json\/wp\/v2\/users\/1"}],"replies":[{"embeddable":true,"href":"https:\/\/websrv.saske.sk\/uef\/wp-json\/wp\/v2\/comments?post=204"}],"version-history":[{"count":30,"href":"https:\/\/websrv.saske.sk\/uef\/wp-json\/wp\/v2\/pages\/204\/revisions"}],"predecessor-version":[{"id":9407,"href":"https:\/\/websrv.saske.sk\/uef\/wp-json\/wp\/v2\/pages\/204\/revisions\/9407"}],"up":[{"embeddable":true,"href":"https:\/\/websrv.saske.sk\/uef\/wp-json\/wp\/v2\/pages\/180"}],"wp:attachment":[{"href":"https:\/\/websrv.saske.sk\/uef\/wp-json\/wp\/v2\/media?parent=204"}],"curies":[{"name":"wp","href":"https:\/\/api.w.org\/{rel}","templated":true}]}}