{"id":202,"date":"2018-09-12T09:21:44","date_gmt":"2018-09-12T07:21:44","guid":{"rendered":"http:\/\/websrv.saske.sk\/uef\/?page_id=202"},"modified":"2021-12-30T18:17:37","modified_gmt":"2021-12-30T17:17:37","slug":"osvedcenie","status":"publish","type":"page","link":"https:\/\/websrv.saske.sk\/uef\/o-nas\/dokumenty-ustavu\/osvedcenie\/","title":{"rendered":"Osved\u010denie"},"content":{"rendered":"<h2 style=\"text-align: center;\"><span style=\"color: #1919ab;\">Osved\u010denie o sp\u00f4sobilosti vykon\u00e1va\u0165 v\u00fdskum a v\u00fdvoj<\/span><\/h2>\n<h3><\/h3>\n<h3 style=\"text-align: center;\">Ministerstvo \u0161kolstva<span dir=\"ltr\" role=\"presentation\"> vedy, v\u00fdskumu a \u0161portu<\/span> Slovenskej republiky<\/h3>\n<h4 style=\"text-align: center;\">ako spr\u00e1vny org\u00e1n<\/h4>\n<h3 style=\"text-align: center;\">vydalo d\u0148a 19.10. 2021<\/h3>\n<p>&nbsp;<\/p>\n<h3 style=\"text-align: center;\"><span style=\"color: #1919ab;\">Osved\u010denie o sp\u00f4sobilosti vykon\u00e1va\u0165 v\u00fdskum a v\u00fdvoj<\/span><\/h3>\n<p style=\"text-align: center;\"><a href=\"http:\/\/websrv.saske.sk\/uef\/wp-content\/uploads\/2021\/12\/2021-10-19-osvedcenie_o_sposobilosti_vykonavat_vyskum_a_vyvoj-UEF.pdf\">osved\u010denie (.pdf) <\/a><\/p>\n<h4 style=\"text-align: center;\">pre<\/h4>\n<h4 style=\"text-align: center;\">\u00dastav experiment\u00e1lnej fyziky Slovenskej akad\u00e9mie vied v Ko\u0161iciach<\/h4>\n<p style=\"text-align: center;\">s platnos\u0165ou na dobu <strong>\u0161es\u0165 rokov<\/strong> od jeho vydania<\/p>\n<p style=\"text-align: center;\">\u010c\u00edslo osved\u010denia: <span dir=\"ltr\" role=\"presentation\">2021\/19741:2-D1230<\/span><\/p>\n","protected":false},"excerpt":{"rendered":"<p>Osved\u010denie o sp\u00f4sobilosti vykon\u00e1va\u0165 v\u00fdskum a v\u00fdvoj Ministerstvo \u0161kolstva vedy, v\u00fdskumu a \u0161portu Slovenskej republiky ako spr\u00e1vny org\u00e1n vydalo d\u0148a 19.10. 2021 &nbsp; Osved\u010denie o&#8230;<\/p>\n","protected":false},"author":1,"featured_media":0,"parent":180,"menu_order":10,"comment_status":"closed","ping_status":"closed","template":"","meta":{"footnotes":""},"_links":{"self":[{"href":"https:\/\/websrv.saske.sk\/uef\/wp-json\/wp\/v2\/pages\/202"}],"collection":[{"href":"https:\/\/websrv.saske.sk\/uef\/wp-json\/wp\/v2\/pages"}],"about":[{"href":"https:\/\/websrv.saske.sk\/uef\/wp-json\/wp\/v2\/types\/page"}],"author":[{"embeddable":true,"href":"https:\/\/websrv.saske.sk\/uef\/wp-json\/wp\/v2\/users\/1"}],"replies":[{"embeddable":true,"href":"https:\/\/websrv.saske.sk\/uef\/wp-json\/wp\/v2\/comments?post=202"}],"version-history":[{"count":7,"href":"https:\/\/websrv.saske.sk\/uef\/wp-json\/wp\/v2\/pages\/202\/revisions"}],"predecessor-version":[{"id":5963,"href":"https:\/\/websrv.saske.sk\/uef\/wp-json\/wp\/v2\/pages\/202\/revisions\/5963"}],"up":[{"embeddable":true,"href":"https:\/\/websrv.saske.sk\/uef\/wp-json\/wp\/v2\/pages\/180"}],"wp:attachment":[{"href":"https:\/\/websrv.saske.sk\/uef\/wp-json\/wp\/v2\/media?parent=202"}],"curies":[{"name":"wp","href":"https:\/\/api.w.org\/{rel}","templated":true}]}}