{"id":198,"date":"2018-09-12T09:20:58","date_gmt":"2018-09-12T07:20:58","guid":{"rendered":"http:\/\/websrv.saske.sk\/uef\/?page_id=198"},"modified":"2022-07-04T09:51:13","modified_gmt":"2022-07-04T07:51:13","slug":"technologie-a-materialy","status":"publish","type":"page","link":"https:\/\/websrv.saske.sk\/uef\/o-nas\/infrastruktura\/technologie-a-materialy\/","title":{"rendered":"Technol\u00f3gie a materi\u00e1ly"},"content":{"rendered":"<p><em>Technologick\u00e9 laborat\u00f3ri\u00e1 sa nach\u00e1dzaj\u00fa na pracovisk\u00e1ch:<\/em><\/p>\n<p><strong>Oddelenie fyziky kovov &#8211;\u00a0<\/strong>ved\u00faci K. Csach, csach@saske.sk<\/p>\n<p>&#8211;\u00a0<a href=\"\/uef-intranet-old\/files\/vedeckainfrastruktura\/Techno\/OFK-TA-sk.pdf\">Laborat\u00f3rium termickej anal\u00fdzy<\/a><\/p>\n<p>&#8211;\u00a0<a href=\"\/uef-intranet-old\/files\/vedeckainfrastruktura\/Techno\/OFK-ELMI-sk.pdf\"><span style=\"font-family: arial, helvetica, sans-serif;\">Laborat\u00f3rium elektr\u00f3novej mikrosk\u00f3pie<\/span><\/a><\/p>\n<p><strong>Oddelenie fyziky magnetick\u00fdch javov &#8211; <\/strong>ved\u00faca N. Toma\u0161ovi\u010dov\u00e1, nhudak@saske.sk<\/p>\n<p>&#8211; <a href=\"\/uef-intranet-old\/files\/vedeckainfrastruktura\/Techno\/OFMJ.jpg\">Technologick\u00e9 laborat\u00f3rium<\/a><\/p>\n<p><strong>Oddelenie kozmickej fyziky &#8211;\u00a0<\/strong>ved\u00faci P. Bob\u00edk, bobik@saske.sk<\/p>\n<p>&#8211; <a href=\"\/uef-intranet-old\/files\/vedeckainfrastruktura\/Techno\/Infrastruktura_OKF.pdf\">Infra\u0161trukt\u00fara kozmick\u00e9ho v\u00fdskumu<\/a><\/p>\n<p><strong>Oddelenie materi\u00e1lovej fyziky<\/strong><strong> &#8211; <\/strong>ved\u00faci P. Diko, diko@saske.sk<\/p>\n<p>&#8211; <a href=\"\/uef-intranet-old\/files\/vedeckainfrastruktura\/Techno\/LMF-tlakP.JPG\">Vysokotlak\u00e9 \u017e\u00edhacie zariadenie<\/a><\/p>\n<p>&#8211; <a href=\"\/uef-intranet-old\/files\/vedeckainfrastruktura\/Techno\/LMF-sem.jpg\">Skenovac\u00ed elektr\u00f3nov\u00fd mikroskop <\/a><\/p>\n<p>&#8211; <a href=\"\/uef-intranet-old\/files\/vedeckainfrastruktura\/Techno\/LMF-tan.JPG\">Pracovisko termickej anal\u00fdzy<\/a><\/p>\n<p>&#8211; <a href=\"\/uef-intranet-old\/files\/vedeckainfrastruktura\/Techno\/LMF-rtg.JPG\">Syst\u00e9m Rtg difrak\u010dnej anal\u00fdzy<\/a><\/p>\n<p>&#8211; <a href=\"\/uef-intranet-old\/files\/vedeckainfrastruktura\/Techno\/LMF-prisl1.JPG\">Pr\u00edslu\u0161enstvo laborat\u00f3ria &#8211; kalibr\u00e1cia termo\u010dl\u00e1nkov<\/a><\/p>\n<p>&#8211; <a href=\"\/uef-intranet-old\/files\/vedeckainfrastruktura\/Techno\/LMF-prisl2.JPG\">Pr\u00edslu\u0161enstvo laborat\u00f3ria <\/a><\/p>\n<p>&#8211; <a href=\"\/uef-intranet-old\/files\/vedeckainfrastruktura\/Techno\/LMF-prasok.jpg\">Zariadenie na meranie distrib\u00facie ve\u013ekosti \u010dast\u00edc\u00a0<\/a><\/p>\n<p>&#8211; <a href=\"\/uef-intranet-old\/files\/vedeckainfrastruktura\/Techno\/LMF-komPec.JPG\">Komorov\u00e1 pec so v\u0161estrann\u00fdm ohrevom\u00a0<\/a><\/p>\n<p>&#8211; <a href=\"\/uef-intranet-old\/files\/vedeckainfrastruktura\/Techno\/LMF-GB.JPG\">Glow box<\/a><\/p>\n<p><strong>Oddelenie aplikovan\u00e9ho magnetizmu a nanomateri\u00e1lov &#8211;\u00a0<\/strong>ved\u00faci I. \u0160korv\u00e1nek, skorvi@saske.sk<\/p>\n<p>&#8211; <a href=\"\/uef-intranet-old\/files\/vedeckainfrastruktura\/Techno\/LNAM-magn.JPG\">Zariadenie na tepeln\u00e9 spracovanie materi\u00e1lov v siln\u00fdch magnetick\u00fdch poliach<\/a><\/p>\n","protected":false},"excerpt":{"rendered":"<p>Technologick\u00e9 laborat\u00f3ri\u00e1 sa nach\u00e1dzaj\u00fa na pracovisk\u00e1ch: Oddelenie fyziky kovov &#8211;\u00a0ved\u00faci K. Csach, csach@saske.sk &#8211;\u00a0Laborat\u00f3rium termickej anal\u00fdzy &#8211;\u00a0Laborat\u00f3rium elektr\u00f3novej mikrosk\u00f3pie Oddelenie fyziky magnetick\u00fdch javov &#8211; ved\u00faca&#8230;<\/p>\n","protected":false},"author":1,"featured_media":0,"parent":184,"menu_order":20,"comment_status":"closed","ping_status":"closed","template":"","meta":{"footnotes":""},"_links":{"self":[{"href":"https:\/\/websrv.saske.sk\/uef\/wp-json\/wp\/v2\/pages\/198"}],"collection":[{"href":"https:\/\/websrv.saske.sk\/uef\/wp-json\/wp\/v2\/pages"}],"about":[{"href":"https:\/\/websrv.saske.sk\/uef\/wp-json\/wp\/v2\/types\/page"}],"author":[{"embeddable":true,"href":"https:\/\/websrv.saske.sk\/uef\/wp-json\/wp\/v2\/users\/1"}],"replies":[{"embeddable":true,"href":"https:\/\/websrv.saske.sk\/uef\/wp-json\/wp\/v2\/comments?post=198"}],"version-history":[{"count":8,"href":"https:\/\/websrv.saske.sk\/uef\/wp-json\/wp\/v2\/pages\/198\/revisions"}],"predecessor-version":[{"id":6542,"href":"https:\/\/websrv.saske.sk\/uef\/wp-json\/wp\/v2\/pages\/198\/revisions\/6542"}],"up":[{"embeddable":true,"href":"https:\/\/websrv.saske.sk\/uef\/wp-json\/wp\/v2\/pages\/184"}],"wp:attachment":[{"href":"https:\/\/websrv.saske.sk\/uef\/wp-json\/wp\/v2\/media?parent=198"}],"curies":[{"name":"wp","href":"https:\/\/api.w.org\/{rel}","templated":true}]}}