{"id":196,"date":"2018-09-12T09:20:45","date_gmt":"2018-09-12T07:20:45","guid":{"rendered":"http:\/\/websrv.saske.sk\/uef\/?page_id=196"},"modified":"2021-04-09T08:41:14","modified_gmt":"2021-04-09T06:41:14","slug":"fyzika-tuhych-latok","status":"publish","type":"page","link":"https:\/\/websrv.saske.sk\/uef\/o-nas\/infrastruktura\/fyzika-tuhych-latok\/","title":{"rendered":"Fyzika tuh\u00fdch l\u00e1tok"},"content":{"rendered":"<p><em>Z\u00e1kladn\u00fd v\u00fdskum z Fyziky tuh\u00fdch l\u00e1tok sa realizuje na pracovisk\u00e1ch:<\/em><\/p>\n<p><strong>Oddelenie fyziky magnetick\u00fdch javov &#8211; <\/strong>ved\u00faca N. Toma\u0161ovi\u010dov\u00e1, nhudak@saske.sk<\/p>\n<p>&#8211; <a href=\"\/uef-intranet-old\/files\/vedeckainfrastruktura\/FTL\/OFMJ-Mag.JPG\">Laborat\u00f3rium vysok\u00fdch magnetick\u00fdch pol\u00ed<\/a><\/p>\n<p>&#8211; <a href=\"\/uef-intranet-old\/files\/vedeckainfrastruktura\/FTL\/OFMT-IC.JPG\">Laborat\u00f3rium infra\u010dervenej a ramanovskej spektroskopie<\/a><\/p>\n<p>&#8211; <a href=\"\/uef-intranet-old\/files\/vedeckainfrastruktura\/FTL\/OFMJ-HypT.JPG\">Laborat\u00f3rium hypertermie<\/a><\/p>\n<p>&#8211; <a href=\"\/uef-intranet-old\/files\/vedeckainfrastruktura\/FTL\/OFMF-SPM.JPG\">Laborat\u00f3rium SPM <\/a><\/p>\n<p><strong>Centrum fyziky n\u00edzkych tepl\u00f4t &#8211; <\/strong>ved\u00faci P. Szab\u00f3, pszabo@saske.sk<\/p>\n<p>&#8211; <a href=\"\/uef-intranet-old\/files\/vedeckainfrastruktura\/FTL\/OFNT-SUPER.JPG\">Laborat\u00f3rium supravodivosti<\/a><\/p>\n<p>&#8211; <a href=\"\/uef-intranet-old\/files\/vedeckainfrastruktura\/FTL\/OFNT-UHV.JPG\">Laborat\u00f3rium n\u00edzkoteplotn\u00e9ho UHV STM<\/a><\/p>\n<p>&#8211; <a href=\"\/uef-intranet-old\/files\/vedeckainfrastruktura\/FTL\/OFNT-SR.JPG\">Such\u00fd refriger\u00e1tor Oxford Instruments Triton 200<\/a><\/p>\n<p>&#8211; <a href=\"\/uef-intranet-old\/files\/vedeckainfrastruktura\/FTL\/OFNT-PPMS.jpg\">Laborat\u00f3rium PPMS <\/a><\/p>\n<p>&#8211; <a href=\"\/uef-intranet-old\/files\/vedeckainfrastruktura\/FTL\/OFNT-SHPM.JPG\">Laborat\u00f3rium SHPM<\/a><\/p>\n<p>&#8211; <a href=\"\/uef-intranet-old\/files\/vedeckainfrastruktura\/FTL\/OFNT-extrem.jpg\">Laborat\u00f3rium extr\u00e9mnych podmienok<\/a><\/p>\n<p><strong>Oddelenie aplikovan\u00e9ho magnetizmu a nanomateri\u00e1lov &#8211; <\/strong>ved\u00faci I. \u0160korv\u00e1nek, skorvi@saske.sk<\/p>\n<p>&#8211; <a href=\"\/uef-intranet-old\/files\/vedeckainfrastruktura\/FTL\/Smag.jpg\">Zariadenie na tepeln\u00e9 spracovanie materi\u00e1lov v siln\u00fdch magnetick\u00fdch poliach<\/a><\/p>\n<p>&#8211; <a href=\"\/uef-intranet-old\/files\/vedeckainfrastruktura\/FTL\/LNAM-kerr.JPG\">Magnetick\u00fd Kerrov mikroskop a vibra\u010dn\u00fd magnetometer <\/a><\/p>\n<p>&#8211; <a href=\"\/uef-intranet-old\/files\/vedeckainfrastruktura\/FTL\/LNAM-tien.JPG\">Magneticky tienen\u00e1 miestnos\u0165<\/a><\/p>\n<p>&nbsp;<\/p>\n","protected":false},"excerpt":{"rendered":"<p>Z\u00e1kladn\u00fd v\u00fdskum z Fyziky tuh\u00fdch l\u00e1tok sa realizuje na pracovisk\u00e1ch: Oddelenie fyziky magnetick\u00fdch javov &#8211; ved\u00faca N. Toma\u0161ovi\u010dov\u00e1, nhudak@saske.sk &#8211; Laborat\u00f3rium vysok\u00fdch magnetick\u00fdch pol\u00ed &#8211;&#8230;<\/p>\n","protected":false},"author":1,"featured_media":0,"parent":184,"menu_order":10,"comment_status":"closed","ping_status":"closed","template":"","meta":{"footnotes":""},"_links":{"self":[{"href":"https:\/\/websrv.saske.sk\/uef\/wp-json\/wp\/v2\/pages\/196"}],"collection":[{"href":"https:\/\/websrv.saske.sk\/uef\/wp-json\/wp\/v2\/pages"}],"about":[{"href":"https:\/\/websrv.saske.sk\/uef\/wp-json\/wp\/v2\/types\/page"}],"author":[{"embeddable":true,"href":"https:\/\/websrv.saske.sk\/uef\/wp-json\/wp\/v2\/users\/1"}],"replies":[{"embeddable":true,"href":"https:\/\/websrv.saske.sk\/uef\/wp-json\/wp\/v2\/comments?post=196"}],"version-history":[{"count":8,"href":"https:\/\/websrv.saske.sk\/uef\/wp-json\/wp\/v2\/pages\/196\/revisions"}],"predecessor-version":[{"id":5155,"href":"https:\/\/websrv.saske.sk\/uef\/wp-json\/wp\/v2\/pages\/196\/revisions\/5155"}],"up":[{"embeddable":true,"href":"https:\/\/websrv.saske.sk\/uef\/wp-json\/wp\/v2\/pages\/184"}],"wp:attachment":[{"href":"https:\/\/websrv.saske.sk\/uef\/wp-json\/wp\/v2\/media?parent=196"}],"curies":[{"name":"wp","href":"https:\/\/api.w.org\/{rel}","templated":true}]}}