{"id":194,"date":"2018-09-12T09:20:28","date_gmt":"2018-09-12T07:20:28","guid":{"rendered":"http:\/\/websrv.saske.sk\/uef\/?page_id=194"},"modified":"2021-04-09T08:43:37","modified_gmt":"2021-04-09T06:43:37","slug":"biofyzika-a-chemicka-fyzika","status":"publish","type":"page","link":"https:\/\/websrv.saske.sk\/uef\/o-nas\/infrastruktura\/biofyzika-a-chemicka-fyzika\/","title":{"rendered":"Biofyzika a chemick\u00e1 fyzika"},"content":{"rendered":"<h2>Biofyzika a chemick\u00e1 fyzika<\/h2>\n<p><strong>V\u00fdskum z biofyziky a chemickej fyziky sa realizuje na pracovisk\u00e1ch:<\/strong><\/p>\n<p><strong>Oddelenie biofyziky &#8211; <\/strong>ved\u00faca D. Fedunov\u00e1, fedunova@saske.sk<\/p>\n<p>&#8211; <a href=\"\/uef-intranet-old\/files\/vedeckainfrastruktura\/BioFyz\/OBF_12-02-2016_biomakro1-4.pdf\">Laborat\u00f3rium stability a konform\u00e1cie biomakromolek\u00fal<\/a><\/p>\n<p>&#8211; <a href=\"\/uef-intranet-old\/files\/vedeckainfrastruktura\/BioFyz\/OBF_12-02-2016_laser12.pdf\">Laserov\u00e9 laborat\u00f3rium <\/a><\/p>\n<p>&#8211; <a href=\"\/uef-intranet-old\/files\/vedeckainfrastruktura\/BioFyz\/OBFS-nadBio.JPG\">Laborat\u00f3rium nadmolekul\u00e1rnych biokomplexov<\/a><\/p>\n<p><strong>Oddelenie fyziky magnetick\u00fdch javov &#8211; <\/strong>ved\u00faca N. Toma\u0161ovi\u010dov\u00e1, nhudak@saske.sk<\/p>\n<p>&#8211; <a href=\"\/uef-intranet-old\/files\/vedeckainfrastruktura\/BioFyz\/2015_pristroje_Chem_labko_MK_vycuc.pdf\">Chemick\u00e9 laborat\u00f3rium na pr\u00edpravu a charakteriz\u00e1ciu vzoriek<\/a><\/p>\n<p><strong>Oddelenie experiment\u00e1lnej chemickej fyziky &#8211; <\/strong>ved\u00faci M. Sedl\u00e1k, marsed@saske.sk<\/p>\n<p>&#8211;\u00a0<a href=\"\/uef-intranet-old\/files\/vedeckainfrastruktura\/BioFyz\/LECHF\/laser.pdf\">Pracovisko met\u00f3d laserov\u00e9ho rozptylu<\/a><\/p>\n<p>&#8211; <a href=\"\/uef-intranet-old\/files\/vedeckainfrastruktura\/BioFyz\/LECHF\/nano.pdf\">Pracovisko met\u00f3d charakteriz\u00e1cie nano\u010dasticov\u00fdch a makromolekul\u00e1rnych s\u00fastav<\/a><\/p>\n<p>&#8211; <a href=\"\/uef-intranet-old\/files\/vedeckainfrastruktura\/BioFyz\/LECHF\/fyzikalno.jpg\">Pracovisko met\u00f3d fyzik\u00e1lno-chemickej charakteriz\u00e1cie polym\u00e9rov<\/a><\/p>\n<div>&#8211; <a href=\"\/uef-intranet-old\/files\/vedeckainfrastruktura\/BioFyz\/LECHF\/chemi.jpg\">Chemick\u00e9 a preparat\u00edvne laborat\u00f3rium<\/a><\/div>\n","protected":false},"excerpt":{"rendered":"<p>Biofyzika a chemick\u00e1 fyzika V\u00fdskum z biofyziky a chemickej fyziky sa realizuje na pracovisk\u00e1ch: Oddelenie biofyziky &#8211; ved\u00faca D. Fedunov\u00e1, fedunova@saske.sk &#8211; Laborat\u00f3rium stability a&#8230;<\/p>\n","protected":false},"author":1,"featured_media":0,"parent":184,"menu_order":0,"comment_status":"closed","ping_status":"closed","template":"","meta":{"footnotes":""},"_links":{"self":[{"href":"https:\/\/websrv.saske.sk\/uef\/wp-json\/wp\/v2\/pages\/194"}],"collection":[{"href":"https:\/\/websrv.saske.sk\/uef\/wp-json\/wp\/v2\/pages"}],"about":[{"href":"https:\/\/websrv.saske.sk\/uef\/wp-json\/wp\/v2\/types\/page"}],"author":[{"embeddable":true,"href":"https:\/\/websrv.saske.sk\/uef\/wp-json\/wp\/v2\/users\/1"}],"replies":[{"embeddable":true,"href":"https:\/\/websrv.saske.sk\/uef\/wp-json\/wp\/v2\/comments?post=194"}],"version-history":[{"count":6,"href":"https:\/\/websrv.saske.sk\/uef\/wp-json\/wp\/v2\/pages\/194\/revisions"}],"predecessor-version":[{"id":5157,"href":"https:\/\/websrv.saske.sk\/uef\/wp-json\/wp\/v2\/pages\/194\/revisions\/5157"}],"up":[{"embeddable":true,"href":"https:\/\/websrv.saske.sk\/uef\/wp-json\/wp\/v2\/pages\/184"}],"wp:attachment":[{"href":"https:\/\/websrv.saske.sk\/uef\/wp-json\/wp\/v2\/media?parent=194"}],"curies":[{"name":"wp","href":"https:\/\/api.w.org\/{rel}","templated":true}]}}