{"id":188,"date":"2018-09-12T09:19:44","date_gmt":"2018-09-12T07:19:44","guid":{"rendered":"http:\/\/websrv.saske.sk\/uef\/?page_id=188"},"modified":"2019-02-08T13:22:32","modified_gmt":"2019-02-08T12:22:32","slug":"zverejnovanie-dokladov","status":"publish","type":"page","link":"https:\/\/websrv.saske.sk\/uef\/o-nas\/zverejnovanie-dokladov\/","title":{"rendered":"Zverej\u0148ovanie dokladov"},"content":{"rendered":"\n<pre class=\"wp-block-preformatted\"><br><strong>Zverej\u0148ovanie zml\u00fav, objedn\u00e1vok a fakt\u00far uzavret\u00fdch od 1.1.2011 v zmysle z\u00e1kona \u010d. 546\/2010 Z.z.<\/strong><br><br><a href=\"http:\/\/www.sav.sk\/?lang=sk&amp;doc=ins-org-ins&amp;institute_no=77&amp;action=contracts&amp;type=1\">Zmluvy<\/a><br><br><a href=\"http:\/\/www.sav.sk\/?lang=sk&amp;doc=ins-org-ins&amp;institute_no=77&amp;action=contracts&amp;type=2\">Objedn\u00e1vky<\/a><br><br><a href=\"http:\/\/www.sav.sk\/?lang=sk&amp;doc=ins-org-ins&amp;institute_no=77&amp;action=contracts&amp;type=3\">Fakt\u00fary<\/a><\/pre>\n\n\n\n<p><\/p>\n","protected":false},"excerpt":{"rendered":"<p>Zverej\u0148ovanie zml\u00fav, objedn\u00e1vok a fakt\u00far uzavret\u00fdch od 1.1.2011 v zmysle z\u00e1kona \u010d. 546\/2010 Z.z.ZmluvyObjedn\u00e1vkyFakt\u00fary<\/p>\n","protected":false},"author":1,"featured_media":0,"parent":7,"menu_order":50,"comment_status":"closed","ping_status":"closed","template":"","meta":{"footnotes":""},"_links":{"self":[{"href":"https:\/\/websrv.saske.sk\/uef\/wp-json\/wp\/v2\/pages\/188"}],"collection":[{"href":"https:\/\/websrv.saske.sk\/uef\/wp-json\/wp\/v2\/pages"}],"about":[{"href":"https:\/\/websrv.saske.sk\/uef\/wp-json\/wp\/v2\/types\/page"}],"author":[{"embeddable":true,"href":"https:\/\/websrv.saske.sk\/uef\/wp-json\/wp\/v2\/users\/1"}],"replies":[{"embeddable":true,"href":"https:\/\/websrv.saske.sk\/uef\/wp-json\/wp\/v2\/comments?post=188"}],"version-history":[{"count":9,"href":"https:\/\/websrv.saske.sk\/uef\/wp-json\/wp\/v2\/pages\/188\/revisions"}],"predecessor-version":[{"id":1760,"href":"https:\/\/websrv.saske.sk\/uef\/wp-json\/wp\/v2\/pages\/188\/revisions\/1760"}],"up":[{"embeddable":true,"href":"https:\/\/websrv.saske.sk\/uef\/wp-json\/wp\/v2\/pages\/7"}],"wp:attachment":[{"href":"https:\/\/websrv.saske.sk\/uef\/wp-json\/wp\/v2\/media?parent=188"}],"curies":[{"name":"wp","href":"https:\/\/api.w.org\/{rel}","templated":true}]}}