{"id":186,"date":"2018-09-12T09:19:31","date_gmt":"2018-09-12T07:19:31","guid":{"rendered":"http:\/\/websrv.saske.sk\/uef\/?page_id=186"},"modified":"2026-02-02T11:03:03","modified_gmt":"2026-02-02T10:03:03","slug":"vyrocne-spravy","status":"publish","type":"page","link":"https:\/\/websrv.saske.sk\/uef\/o-nas\/vyrocne-spravy\/","title":{"rendered":"V\u00fdro\u010dn\u00e9 spr\u00e1vy"},"content":{"rendered":"<p><strong>2025:<\/strong><\/p>\n<ul>\n<li>V\u00fdro\u010dn\u00e1 spr\u00e1va \u00daEF SAV, v.v.i. za rok 2025\u00a0 <a href=\"http:\/\/websrv.saske.sk\/uef\/wp-content\/uploads\/2026\/02\/UEF_SAV_Annual_Report_2025.pdf\">(.pdf)<\/a><\/li>\n<\/ul>\n<hr \/>\n<p><strong>2024:<\/strong><\/p>\n<ul>\n<li>V\u00fdro\u010dn\u00e1 spr\u00e1va \u00daEF SAV, v.v.i. za rok 2024 <a href=\"http:\/\/websrv.saske.sk\/uef\/wp-content\/uploads\/2025\/07\/UEF_SAV_Annual_Report_2024-final-do-registra.pdf\">(.pdf)<\/a><\/li>\n<\/ul>\n<hr \/>\n<p><strong>2023:<\/strong><\/p>\n<ul>\n<li>V\u00fdro\u010dn\u00e1 spr\u00e1va \u00daEF SAV, v.v.i. za rok 2023 <a href=\"http:\/\/websrv.saske.sk\/uef\/wp-content\/uploads\/2024\/07\/VS-UEF-SAV-AB-2023.pdf\">(.pdf)<\/a><\/li>\n<\/ul>\n<hr \/>\n<p><strong>2022:<\/strong><\/p>\n<ul>\n<li>V\u00fdro\u010dn\u00e1 spr\u00e1va \u00daEF SAV, v.v.i\u00a0 za rok 2022 <a href=\"http:\/\/websrv.saske.sk\/uef\/wp-content\/uploads\/2023\/02\/UEF_SAV_Annual_Report_2022.pdf\">(.pdf)<\/a><\/li>\n<\/ul>\n<hr \/>\n<p><strong>2021:<\/strong><\/p>\n<ul>\n<li>V\u00fdro\u010dn\u00e1 spr\u00e1va \u00daEF SAV, v.v.i.\u00a0 za rok 2021 <a href=\"http:\/\/websrv.saske.sk\/uef\/wp-content\/uploads\/2022\/02\/1OV_UEF_SAV_Annual_Report_2021_FINAL.pdf\">(.pdf)<\/a><\/li>\n<\/ul>\n<hr \/>\n<p><strong>2020:<\/strong><\/p>\n<ul>\n<li>V\u00fdro\u010dn\u00e1 spr\u00e1va \u00daEF SAV, v.v.i, za rok 2020 <a href=\"http:\/\/websrv.saske.sk\/uef\/wp-content\/uploads\/2021\/02\/1OV_UEF_SAV_Annual_Report_2020.pdf\">(.pdf)<\/a><\/li>\n<\/ul>\n<hr \/>\n<p><strong>2019:<\/strong><\/p>\n<ul>\n<li>V\u00fdro\u010dn\u00e1 spr\u00e1va \u00daEF SAV, v.v.i. za rok 2019 <a href=\"http:\/\/websrv.saske.sk\/uef\/wp-content\/uploads\/2020\/01\/UEF_SAV_Annual_Report_2019_FINAL.pdf\">(.pdf)<\/a>\u00a0\u00a0 <a href=\"http:\/\/websrv.saske.sk\/uef\/wp-content\/uploads\/2020\/01\/UEF_SAV_Annual_Report_2019_FINAL.docx\">(.docx)<\/a><\/li>\n<\/ul>\n<hr \/>\n<div>\n<p><strong>2018<\/strong><\/p>\n<ul>\n<li>V\u00fdro\u010dn\u00e1 spr\u00e1va \u00daEF SAV za rok 2018 (.<a href=\"http:\/\/websrv.saske.sk\/uef\/wp-content\/uploads\/2019\/02\/UEF_SAV_Annual_Report_2018_final_31-1-2018.docx\">doc<\/a>)<\/li>\n<\/ul>\n<hr \/>\n<p><strong>2017<\/strong><\/p>\n<ul>\n<li>V\u00fdro\u010dn\u00e1 spr\u00e1va \u00daEF SAV za rok 2017<a href=\"http:\/\/websrv.saske.sk\/uef-intranet-old\/files\/Vyrocna_sprava\/UEF_SAV_Annual_Report_2017_Final_Version-31-1-18.rtf\"> (.rtf)<\/a><\/li>\n<\/ul>\n<hr \/>\n<p><strong>2016<\/strong><\/p>\n<ul>\n<li>V\u00fdro\u010dn\u00e1 spr\u00e1va \u00daEF SAV za rok 2016\u00a0(<a href=\"http:\/\/websrv.saske.sk\/uef\/wp-content\/uploads\/2022\/04\/UEF_SAV_Annual_Report_2016-final.docx\">.doc<\/a>)<\/li>\n<\/ul>\n<hr \/>\n<p><strong>2015<\/strong><\/p>\n<ul>\n<li>V\u00fdro\u010dn\u00e1 spr\u00e1va \u00daEF SAV za rok 2015 <a href=\"http:\/\/websrv.saske.sk\/uef\/wp-content\/uploads\/2022\/04\/UEF_SAV_Annual_Report_2015__38_.doc\">(.doc<\/a>)<\/li>\n<\/ul>\n<hr \/>\n<p><strong>2014<\/strong><\/p>\n<ul>\n<li>V\u00fdro\u010dn\u00e1 spr\u00e1va \u00daEF SAV za rok 2014 <a href=\"http:\/\/websrv.saske.sk\/uef-intranet-old\/files\/Vyrocna_sprava\/UEF_SAV_Annual_Report_2014-FinalN.doc\">(.doc)<\/a><\/li>\n<\/ul>\n<hr \/>\n<p><strong>2013<\/strong><\/p>\n<ul>\n<li>V\u00fdro\u010dn\u00e1 spr\u00e1va \u00daEF SAV za rok 2013<a href=\"http:\/\/websrv.saske.sk\/uef-intranet-old\/files\/Vyrocna_sprava\/UEF_SAV_Annual_Report_2013-final.doc\"> (.doc) <\/a><\/li>\n<\/ul>\n<hr \/>\n<p><strong>2012<\/strong><\/p>\n<ul>\n<li>V\u00fdro\u010dn\u00e1 spr\u00e1va \u00daEF SAV za rok 2012 (<a href=\"http:\/\/websrv.saske.sk\/uef-intranet-old\/files\/Vyrocna_sprava\/UEF_SAV_Annual_Report_2012-final-N.doc\"> .doc <\/a><a href=\"http:\/\/websrv.saske.sk\/uef-intranet-old\/Vyrocna_sprava\/UEF_SAV_Annual_Report_2012-final-N.pdf\">.pdf <\/a>)<\/li>\n<\/ul>\n<hr \/>\n<p><strong>2011<\/strong><\/p>\n<ul>\n<li>V\u00fdro\u010dn\u00e1 spr\u00e1va \u00daEF SAV za rok 2011 ( <a href=\"http:\/\/websrv.saske.sk\/uef-intranet-old\/files\/Vyrocna_sprava\/UEFSAV_Annual_Report_2011-30-1-Final-2.doc\">.doc<\/a>, <a href=\"http:\/\/websrv.saske.sk\/uef-intranet-old\/files\/Vyrocna_sprava\/UEFSAV_Annual_Report_2011-30-1-Final-2.pdf\">.pdf <\/a>)<\/li>\n<\/ul>\n<div>\n<hr \/>\n<\/div>\n<div><strong>2010<\/strong><\/div>\n<ul>\n<li>V\u00fdro\u010dn\u00e1 spr\u00e1va (okrem zoznamu pr\u00e1c na internete, predn\u00e1\u0161ok a cit\u00e1ci\u00ed) za rok 2010 (<a href=\"http:\/\/websrv.saske.sk\/uef\/wp-content\/uploads\/2022\/04\/UEFSAV_Annual_Report_2010.doc\">.doc<\/a>)<\/li>\n<\/ul>\n<hr \/>\n<div><strong>2009<\/strong><\/div>\n<ul>\n<li>V\u00fdro\u010dn\u00e1 spr\u00e1va (okrem zoznamu pr\u00e1c na internete, predn\u00e1\u0161ok a cit\u00e1ci\u00ed) za rok 2009 (<a href=\"http:\/\/websrv.saske.sk\/uef\/wp-content\/uploads\/2022\/04\/UEFSAV_Annual_Report_2009.doc\">.doc<\/a>)<\/li>\n<\/ul>\n<div>\n<hr size=\"2\" width=\"100%\" \/>\n<\/div>\n<\/div>\n<p><!--more--><\/p>\n<div><strong>2008<\/strong><\/div>\n<ul>\n<li>V\u00fdro\u010dn\u00e1 spr\u00e1va (s pr\u00edlohami okrem zoznamu publik\u00e1ci\u00ed a cit\u00e1ci\u00ed) za rok 2008 (<a href=\"http:\/\/websrv.saske.sk\/uef\/wp-content\/uploads\/2022\/04\/UEF_SAV_2008.pdf\">.pdf<\/a>)<\/li>\n<li>Zoznam publik\u00e1ci\u00ed za rok 2008 (<a href=\"http:\/\/websrv.saske.sk\/uef\/wp-content\/uploads\/2022\/04\/UEF_SAV_2008-publikacie.pdf\">.pdf<\/a>)<\/li>\n<li>Zoznam cit\u00e1ci\u00ed za rok 2008 ( <a href=\"http:\/\/websrv.saske.sk\/uef\/wp-content\/uploads\/2022\/04\/UEF_SAV_2008-citacie.pdf\">.pdf<\/a>)<\/li>\n<\/ul>\n<hr \/>\n<p><strong>2007<\/strong><\/p>\n<ul>\n<li>V\u00fdro\u010dn\u00e1 spr\u00e1va (s pr\u00edlohami okrem zoznamu publik\u00e1ci\u00ed a cit\u00e1ci\u00ed) za rok 2007 (<a href=\"http:\/\/websrv.saske.sk\/uef\/wp-content\/uploads\/2022\/04\/UEF_SAV_2007.pdf\" target=\"_self\" rel=\"noopener\">.pdf<\/a>)<\/li>\n<li>Zoznam publik\u00e1ci\u00ed za rok 2007 (<a href=\"http:\/\/websrv.saske.sk\/uef\/wp-content\/uploads\/2022\/04\/07-uef-ab.pdf\" target=\"_self\" rel=\"noopener\">.pdf<\/a>)<\/li>\n<li>Zoznam cit\u00e1ci\u00ed za rok 2007 ( <a href=\"http:\/\/websrv.saske.sk\/uef\/wp-content\/uploads\/2022\/04\/07-uef-c.pdf\" target=\"_self\" rel=\"noopener\">.pdf<\/a>)<\/li>\n<\/ul>\n<div>\n<hr size=\"2\" width=\"100%\" \/>\n<\/div>\n<div><strong>2006<\/strong><\/div>\n<ul>\n<li>V\u00fdro\u010dn\u00e1 spr\u00e1va (s pr\u00edlohami okrem zoznamu publik\u00e1ci\u00ed a cit\u00e1ci\u00ed) za rok 2006 (<a title=\"DOC\" href=\"http:\/\/websrv.saske.sk\/uef\/wp-content\/uploads\/2022\/04\/UEF_SAV_2006.doc\" target=\"_self\" rel=\"noopener\">.doc<\/a>)<\/li>\n<\/ul>\n<div>\n<hr size=\"2\" width=\"100%\" \/>\n<\/div>\n<div><strong>2005<\/strong><\/div>\n<ul>\n<li>V\u00fdro\u010dn\u00e1 spr\u00e1va (s pr\u00edlohami okrem zoznamu publik\u00e1ci\u00ed a cit\u00e1ci\u00ed) za rok <a href=\"http:\/\/websrv.saske.sk\/uef\/wp-content\/uploads\/2022\/04\/UEF_SAV_2005.pdf\" target=\"_self\" rel=\"noopener\">2005<\/a><\/li>\n<li>Zoznam publik\u00e1ci\u00ed za rok 2005 upraven\u00fd pod\u013ea po\u017eiadaviek na akredit\u00e1ciu \u00fastavu v roku 2007 (.<a href=\"http:\/\/websrv.saske.sk\/uef\/wp-content\/uploads\/2022\/04\/05-uef-ab.pdf\" target=\"_self\" rel=\"noopener\">PDF<\/a>)<\/li>\n<li>Zoznam cit\u00e1ci\u00ed za rok 2005 upraven\u00fd pod\u013ea po\u017eiadaviek na akredit\u00e1ciu \u00fastavu v roku 2007 (. <a href=\"http:\/\/websrv.saske.sk\/uef\/wp-content\/uploads\/2022\/04\/05-uef-c.pdf\" target=\"_self\" rel=\"noopener\">PDF<\/a>)<\/li>\n<\/ul>\n<div>\n<hr size=\"2\" width=\"100%\" \/>\n<\/div>\n<div><strong>2004<\/strong><\/div>\n<ul>\n<li>V\u00fdro\u010dn\u00e1 spr\u00e1va (s pr\u00edlohami okrem zoznamu publik\u00e1cii a cit\u00e1ci\u00ed) za rok <a href=\"http:\/\/websrv.saske.sk\/uef\/wp-content\/uploads\/2022\/04\/UEFSAV2004.doc\" target=\"_self\" rel=\"noopener\">2004<\/a><\/li>\n<li>Zoznam publik\u00e1ci\u00ed za rok 2004 upraven\u00fd pod\u013ea po\u017eiadaviek na akredit\u00e1ciu \u00fastavu v roku 2007 (<a href=\"http:\/\/websrv.saske.sk\/uef\/wp-content\/uploads\/2022\/04\/04-uef-ab.pdf\" target=\"_self\" rel=\"noopener\">PDF<\/a>)<\/li>\n<li>Zoznam cit\u00e1ci\u00ed za rok 2004 upraven\u00fd pod\u013ea po\u017eiadaviek na akredit\u00e1ciu \u00fastavu v roku 2007 (<a href=\"http:\/\/websrv.saske.sk\/uef\/wp-content\/uploads\/2022\/04\/04-uef-c.pdf\" target=\"_self\" rel=\"noopener\">PDF<\/a>)<\/li>\n<\/ul>\n<div>\n<hr size=\"2\" width=\"100%\" \/>\n<\/div>\n<div><strong>2003<\/strong><\/div>\n<ul>\n<li>V\u00fdro\u010dn\u00e1 spr\u00e1va (s pr\u00edlohami okrem zoznamu publik\u00e1ci\u00ed a cit\u00e1ci\u00ed) za rok <strong><a href=\"http:\/\/websrv.saske.sk\/uef\/wp-content\/uploads\/2022\/04\/UEF_SAV2003.doc\" target=\"_self\" rel=\"noopener\">2003<\/a><\/strong><\/li>\n<li>Zoznam publik\u00e1ci\u00ed za rok 2003 upraven\u00fd pod\u013ea po\u017eiadaviek na akredit\u00e1ciu \u00fastavu v roku 2007 (.<a href=\"http:\/\/websrv.saske.sk\/uef\/wp-content\/uploads\/2022\/04\/03-uef-ab.pdf\" target=\"_self\" rel=\"noopener\">PDF<\/a>)<\/li>\n<li>Zoznam cit\u00e1ci\u00ed za rok 2003 upraven\u00fd pod\u013ea po\u017eiadaviek na akredit\u00e1ciu \u00fastavu v roku 2007 (.<a href=\"http:\/\/websrv.saske.sk\/uef\/wp-content\/uploads\/2022\/04\/03-uef-c.pdf\" target=\"_self\" rel=\"noopener\">PDF<\/a>)<\/li>\n<\/ul>\n<div>\n<hr size=\"2\" width=\"100%\" \/>\n<\/div>\n<div><strong>2002<\/strong><\/div>\n<ul>\n<li>V\u00fdro\u010dn\u00e1 spr\u00e1va za rok <a href=\"http:\/\/websrv.saske.sk\/uef\/wp-content\/uploads\/2022\/04\/Sp2002-UEF.doc\" target=\"_self\" rel=\"noopener\"><strong>2002<\/strong><\/a><\/li>\n<\/ul>\n<div>\n<hr size=\"2\" width=\"100%\" \/>\n<\/div>\n<div><strong>2001<\/strong><\/div>\n<ul>\n<li>V\u00fdro\u010dn\u00e1 spr\u00e1va za rok <a href=\"http:\/\/websrv.saske.sk\/uef\/wp-content\/uploads\/2022\/04\/UEF_2001a.doc\" target=\"_self\" rel=\"noopener\"><strong>2001<\/strong><\/a><\/li>\n<\/ul>\n<div><\/div>\n<div>\n<hr size=\"2\" width=\"100%\" \/>\n<\/div>\n<div><\/div>\n","protected":false},"excerpt":{"rendered":"<p>2025: V\u00fdro\u010dn\u00e1 spr\u00e1va \u00daEF SAV, v.v.i. za rok 2025\u00a0 (.pdf) 2024: V\u00fdro\u010dn\u00e1 spr\u00e1va \u00daEF SAV, v.v.i. za rok 2024 (.pdf) 2023: V\u00fdro\u010dn\u00e1 spr\u00e1va \u00daEF SAV,&#8230;<\/p>\n","protected":false},"author":1,"featured_media":0,"parent":7,"menu_order":40,"comment_status":"closed","ping_status":"closed","template":"","meta":{"footnotes":""},"_links":{"self":[{"href":"https:\/\/websrv.saske.sk\/uef\/wp-json\/wp\/v2\/pages\/186"}],"collection":[{"href":"https:\/\/websrv.saske.sk\/uef\/wp-json\/wp\/v2\/pages"}],"about":[{"href":"https:\/\/websrv.saske.sk\/uef\/wp-json\/wp\/v2\/types\/page"}],"author":[{"embeddable":true,"href":"https:\/\/websrv.saske.sk\/uef\/wp-json\/wp\/v2\/users\/1"}],"replies":[{"embeddable":true,"href":"https:\/\/websrv.saske.sk\/uef\/wp-json\/wp\/v2\/comments?post=186"}],"version-history":[{"count":68,"href":"https:\/\/websrv.saske.sk\/uef\/wp-json\/wp\/v2\/pages\/186\/revisions"}],"predecessor-version":[{"id":9757,"href":"https:\/\/websrv.saske.sk\/uef\/wp-json\/wp\/v2\/pages\/186\/revisions\/9757"}],"up":[{"embeddable":true,"href":"https:\/\/websrv.saske.sk\/uef\/wp-json\/wp\/v2\/pages\/7"}],"wp:attachment":[{"href":"https:\/\/websrv.saske.sk\/uef\/wp-json\/wp\/v2\/media?parent=186"}],"curies":[{"name":"wp","href":"https:\/\/api.w.org\/{rel}","templated":true}]}}