{"id":184,"date":"2018-09-12T09:19:13","date_gmt":"2018-09-12T07:19:13","guid":{"rendered":"http:\/\/websrv.saske.sk\/uef\/?page_id=184"},"modified":"2023-07-31T09:06:30","modified_gmt":"2023-07-31T07:06:30","slug":"infrastruktura","status":"publish","type":"page","link":"https:\/\/websrv.saske.sk\/uef\/o-nas\/infrastruktura\/","title":{"rendered":"Infra\u0161trukt\u00fara"},"content":{"rendered":"<p>&nbsp;<\/p>\n<h3><span style=\"color: #800080;\">\u0160tat\u00faty pr\u00edstrojov \u00daEF nad 500 tis\u00edc eur<\/span><\/h3>\n<p>&#8211; Nizkoteplotn\u00fd\u00a0 rastrovac\u00ed tunelov\u00fd mikroskop pracuj\u00faci pri podmienkach ultra-vysok\u00e9ho vakua (UHV STM) vo vysok\u00fdch magnetick\u00fdch poliach<a href=\"http:\/\/websrv.saske.sk\/uef\/wp-content\/uploads\/2023\/07\/Statut__Laboratorium_UHV_STM.docx\"> (.doc)<\/a><\/p>\n<p>&#8211; Syst\u00e9m pre RTG anal\u00fdzu polykry\u0161talick\u00fdch materi\u00e1lov s pr\u00edslu\u0161enstvom<a href=\"http:\/\/websrv.saske.sk\/uef\/wp-content\/uploads\/2023\/07\/Statut__RTG17a.docx\"> (.doc)<\/a><\/p>\n<p>&#8211; Kryogen-free merac\u00ed syst\u00e9m na meranie magnetick\u00fdch elektrick\u00fdch a tepeln\u00fdch vlastnost\u00ed <a href=\"http:\/\/websrv.saske.sk\/uef\/wp-content\/uploads\/2023\/07\/Statut__LVMP_zariadenia.docx\">(.doc)<\/a><\/p>\n<p>&#8211; Infra\u010derven\u00fd fourierovsk\u00fd v\u00e1kuov\u00fd spektrometer <a href=\"http:\/\/websrv.saske.sk\/uef\/wp-content\/uploads\/2023\/07\/Statut_IC-R.docx\">(.doc)<\/a><\/p>\n","protected":false},"excerpt":{"rendered":"<p>&nbsp; \u0160tat\u00faty pr\u00edstrojov \u00daEF nad 500 tis\u00edc eur &#8211; Nizkoteplotn\u00fd\u00a0 rastrovac\u00ed tunelov\u00fd mikroskop pracuj\u00faci pri podmienkach ultra-vysok\u00e9ho vakua (UHV STM) vo vysok\u00fdch magnetick\u00fdch poliach (.doc)&#8230;<\/p>\n","protected":false},"author":1,"featured_media":0,"parent":7,"menu_order":30,"comment_status":"closed","ping_status":"closed","template":"","meta":{"footnotes":""},"_links":{"self":[{"href":"https:\/\/websrv.saske.sk\/uef\/wp-json\/wp\/v2\/pages\/184"}],"collection":[{"href":"https:\/\/websrv.saske.sk\/uef\/wp-json\/wp\/v2\/pages"}],"about":[{"href":"https:\/\/websrv.saske.sk\/uef\/wp-json\/wp\/v2\/types\/page"}],"author":[{"embeddable":true,"href":"https:\/\/websrv.saske.sk\/uef\/wp-json\/wp\/v2\/users\/1"}],"replies":[{"embeddable":true,"href":"https:\/\/websrv.saske.sk\/uef\/wp-json\/wp\/v2\/comments?post=184"}],"version-history":[{"count":10,"href":"https:\/\/websrv.saske.sk\/uef\/wp-json\/wp\/v2\/pages\/184\/revisions"}],"predecessor-version":[{"id":2626,"href":"https:\/\/websrv.saske.sk\/uef\/wp-json\/wp\/v2\/pages\/184\/revisions\/2626"}],"up":[{"embeddable":true,"href":"https:\/\/websrv.saske.sk\/uef\/wp-json\/wp\/v2\/pages\/7"}],"wp:attachment":[{"href":"https:\/\/websrv.saske.sk\/uef\/wp-json\/wp\/v2\/media?parent=184"}],"curies":[{"name":"wp","href":"https:\/\/api.w.org\/{rel}","templated":true}]}}