{"id":182,"date":"2018-09-12T09:19:04","date_gmt":"2018-09-12T07:19:04","guid":{"rendered":"http:\/\/websrv.saske.sk\/uef\/?page_id=182"},"modified":"2022-11-22T13:27:25","modified_gmt":"2022-11-22T12:27:25","slug":"akreditacia","status":"publish","type":"page","link":"https:\/\/websrv.saske.sk\/uef\/o-nas\/akreditacia\/","title":{"rendered":"Akredit\u00e1cia"},"content":{"rendered":"<h2 style=\"text-align: center;\"><span style=\"color: #000080;\"><strong>Akredit\u00e1cie<\/strong><\/span><\/h2>\n<p style=\"text-align: center;\"><strong>\u00dastavu Experiment\u00e1lnej Fyziky<\/strong><br \/>\n<strong>Slovenskej Akad\u00e9mie Vied v Ko\u0161iciach<\/strong><\/p>\n<p><strong>Akredita\u010dn\u00e9 hodnotenie 2022<\/strong> (obdobie rokov 2016 a\u017e 2021):<\/p>\n<ul>\n<li>Spr\u00e1va (v anglickom jazyku &#8211; &#8222;Questionnaire&#8220;) k akredita\u010dn\u00e9mu hodnoteniu <a href=\"http:\/\/websrv.saske.sk\/uef\/wp-content\/uploads\/2022\/07\/Accreditation-Questionnaire_IEP-SAS_22-07-2022_FINAL.pdf\">(.pdf)<\/a><\/li>\n<li>Prezent\u00e1cia \u00fastavu <a href=\"http:\/\/websrv.saske.sk\/uef\/wp-content\/uploads\/2022\/11\/Research-strategy-UEF.pdf\">(.pdf)<\/a><\/li>\n<li>Extern\u00e1 spr\u00e1va vedeckej organiz\u00e1cie SAV (v anglickom jazyku) <a href=\"http:\/\/websrv.saske.sk\/uef\/wp-content\/uploads\/2022\/11\/External-Expert-Report-2022-Inst-Ex-Physiscs.pdf\">(.pdf)<\/a><\/li>\n<li>Protokol o hodnoten\u00ed vedeckej organiz\u00e1cie SAV (v anglickom jazyku) <a href=\"http:\/\/websrv.saske.sk\/uef\/wp-content\/uploads\/2022\/11\/IEP_SAS_questions-and-comments.pdf\">(.pdf)<\/a><\/li>\n<li><span id=\"page3R_mcid4\" class=\"markedContent\"><span dir=\"ltr\" role=\"presentation\">Oznam o<\/span> <span dir=\"ltr\" role=\"presentation\">konan\u00ed hodnotiaceho zasadnutia <a href=\"http:\/\/websrv.saske.sk\/uef\/wp-content\/uploads\/2022\/11\/Pozvanka-UEF-SAV-akreditacie.pdf\">(.pdf)<\/a><\/span><\/span><\/li>\n<\/ul>\n<p>&nbsp;<\/p>\n<p><strong>Akredita\u010dn\u00e9 hodnotenie 2016<\/strong> (obdobie rokov 2012 a\u017e 2015):<\/p>\n<p>Spr\u00e1va (v anglickom jazyku &#8211; &#8222;Questionnaire&#8220;) k akredita\u010dn\u00e9mu hodnoteniu\u00a0<a href=\"http:\/\/websrv.saske.sk\/uef\/wp-content\/uploads\/2018\/12\/Quest-UEF_SAV.pdf\">(.pdf)<\/a><\/p>\n<p>&nbsp;<\/p>\n<p><strong>Akredita\u010dn\u00e9 hodnotenie 2012<\/strong> (obdobie rokov 2007 a\u017e 2011):<\/p>\n<p>Spr\u00e1va (v anglickom jazyku &#8211; &#8222;Questionnaire&#8220;) k akredita\u010dn\u00e9mu hodnoteniu za obdobie 2007-2011 <a href=\"http:\/\/websrv.saske.sk\/uef\/wp-content\/uploads\/2018\/12\/Akreditacna_sprava2007-2011.pdf\">(.pdf)<\/a><\/p>\n<p>&nbsp;<\/p>\n<p><strong>Akredita\u010dn\u00e9 hodnotenie 2007<\/strong> (obdobie rokov 2003 a\u017e 2006):<\/p>\n<div align=\"left\">\n<ul>\n<li>Spr\u00e1va (v anglickom jazyku &#8211; &#8222;Questionnaire&#8220;) k akredita\u010dn\u00e9mu hodnoteniu <a href=\"http:\/\/websrv.saske.sk\/uef\/wp-content\/uploads\/2019\/01\/accred_report_2007.pdf\">(.pdf)<\/a><\/li>\n<li>V\u00fdstupenie riadite\u013ea \u00daEF SAV (v anglickom jazyku) na akredita\u010dnom zasadnut\u00ed d\u0148a 4.7.2007 <a href=\"http:\/\/websrv.saske.sk\/uef\/wp-content\/uploads\/2019\/01\/accred_iep_070704.pdf\">(.pdf)<\/a><\/li>\n<li>V\u00fdsledn\u00e1 akredit\u00e1cia \u00daEF SAV na z\u00e1klade uznesenia Predsedn\u00edctva SAV \u010d. 850 <a href=\"http:\/\/websrv.saske.sk\/uef\/wp-content\/uploads\/2019\/01\/rozhodnutie_2007.pdf\">(.pdf)<\/a><\/li>\n<li>Protokol o hodnoten\u00ed vedeckej organiz\u00e1cie SAV <a href=\"http:\/\/websrv.saske.sk\/uef\/wp-content\/uploads\/2019\/01\/protokol_2007.pdf\">(.pdf)<\/a><\/li>\n<li>Predbe\u017en\u00e1 spr\u00e1va o priebehu a v\u00fdsledkoch akredita\u010dn\u00e9ho hodnotenia \u00fastavov I. oddelenia vied SAV v roku 2007 <a href=\"http:\/\/websrv.saske.sk\/uef\/wp-content\/uploads\/2019\/01\/olejnik_sprava_2007.pdf\">(.pdf)<\/a><\/li>\n<li>Preh\u013ead \u00fadajov o \u010dinnosti organiz\u00e1ci\u00ed I. OV SAV z akredita\u010dn\u00fdch dotazn\u00edkov za r. 2003 &#8211; 2006 <a href=\"http:\/\/websrv.saske.sk\/uef\/wp-content\/uploads\/2019\/01\/olejnik_priloha_2007.pdf\">(.pdf)<\/a><\/li>\n<\/ul>\n<\/div>\n<p><strong>Akredita\u010dn\u00e9 hodnotenie 2003<\/strong> (obdobie rokov 1999 a\u017e 2002):<\/p>\n<ul>\n<li>Spr\u00e1va k akredita\u010dn\u00e9mu hodnoteniu <a href=\"http:\/\/websrv.saske.sk\/uef\/wp-content\/uploads\/2018\/12\/akred_sprava_2003.doc\">(.doc)<\/a><\/li>\n<li>OSVED\u010cENIE o vykonan\u00ed periodick\u00e9ho hodnotenia v\u00fdskumu a v\u00fdvoja o sp\u00f4sobilosti vykon\u00e1va\u0165 \u010dinnos\u0165 v oblasti v\u00fdskumu a v\u00fdvoja <a href=\"http:\/\/websrv.saske.sk\/uef\/wp-content\/uploads\/2018\/12\/osvedcenie_2003.jpg\">(.jpg)<\/a><\/li>\n<li>V\u00fdsledn\u00e1 akredit\u00e1cia \u00daEF SAV na z\u00e1klade uznesenia Predsedn\u00edctva SAV \u010d. 802\/3 <a href=\"http:\/\/websrv.saske.sk\/uef\/wp-content\/uploads\/2018\/12\/rozhodnutie_2003.jpg\">(.jpg)<\/a><\/li>\n<\/ul>\n","protected":false},"excerpt":{"rendered":"<p>Akredit\u00e1cie \u00dastavu Experiment\u00e1lnej Fyziky Slovenskej Akad\u00e9mie Vied v Ko\u0161iciach Akredita\u010dn\u00e9 hodnotenie 2022 (obdobie rokov 2016 a\u017e 2021): Spr\u00e1va (v anglickom jazyku &#8211; &#8222;Questionnaire&#8220;) k akredita\u010dn\u00e9mu&#8230;<\/p>\n","protected":false},"author":1,"featured_media":0,"parent":7,"menu_order":20,"comment_status":"closed","ping_status":"closed","template":"","meta":{"footnotes":""},"_links":{"self":[{"href":"https:\/\/websrv.saske.sk\/uef\/wp-json\/wp\/v2\/pages\/182"}],"collection":[{"href":"https:\/\/websrv.saske.sk\/uef\/wp-json\/wp\/v2\/pages"}],"about":[{"href":"https:\/\/websrv.saske.sk\/uef\/wp-json\/wp\/v2\/types\/page"}],"author":[{"embeddable":true,"href":"https:\/\/websrv.saske.sk\/uef\/wp-json\/wp\/v2\/users\/1"}],"replies":[{"embeddable":true,"href":"https:\/\/websrv.saske.sk\/uef\/wp-json\/wp\/v2\/comments?post=182"}],"version-history":[{"count":25,"href":"https:\/\/websrv.saske.sk\/uef\/wp-json\/wp\/v2\/pages\/182\/revisions"}],"predecessor-version":[{"id":6888,"href":"https:\/\/websrv.saske.sk\/uef\/wp-json\/wp\/v2\/pages\/182\/revisions\/6888"}],"up":[{"embeddable":true,"href":"https:\/\/websrv.saske.sk\/uef\/wp-json\/wp\/v2\/pages\/7"}],"wp:attachment":[{"href":"https:\/\/websrv.saske.sk\/uef\/wp-json\/wp\/v2\/media?parent=182"}],"curies":[{"name":"wp","href":"https:\/\/api.w.org\/{rel}","templated":true}]}}