{"id":178,"date":"2018-09-12T09:18:08","date_gmt":"2018-09-12T07:18:08","guid":{"rendered":"http:\/\/websrv.saske.sk\/uef\/?page_id=178"},"modified":"2019-09-10T18:09:32","modified_gmt":"2019-09-10T16:09:32","slug":"historia","status":"publish","type":"page","link":"https:\/\/websrv.saske.sk\/uef\/o-nas\/organizacna-struktura\/historia\/","title":{"rendered":"Hist\u00f3ria"},"content":{"rendered":"<p>Na z\u00e1klade rozhodnutia Predsedn\u00edctva SAV vznik\u00e1 d\u0148om 1. 1. 1969 v Ko\u0161iciach \u00dastav experiment\u00e1lnej fyziky SAV. Jeho z\u00e1rodok je spojen\u00fd s vytvoren\u00edm <strong>deta\u0161ovan\u00e9ho oddelenia bratislavsk\u00e9ho Fyzik\u00e1lneho \u00fastavu SAV v\u00a0 Ko\u0161iciach v\u00a0 r. 1964,<\/strong> ktor\u00e9 sa orientovalo na fyzik\u00e1lny v\u00fdskum v oblasti kozmick\u00e9ho \u017eiarenia, feromagnetizmu a fyziky vysok\u00fdch energi\u00ed. Mo\u017enos\u0165 zalo\u017ei\u0165 v\u00a0 Ko\u0161iciach\u00a0 akademick\u00e9 fyzik\u00e1lne\u00a0 pracovisko\u00a0 vznikla\u00a0 v\u010faka\u00a0 nasleduj\u00facim skuto\u010dnostiam:<\/p>\n<p>Za\u010diatkom 50-tych rokov realizuje <b>Prof. RNDr. V. Petr\u017e\u00edlka<\/b> so svojimi spolupracovn\u00edkmi z Prahy\u00a0 v\u00fdskum kozmick\u00e9ho \u017eiarenia na Lomnickom \u0161t\u00edte vo Vysok\u00fdch Tatr\u00e1ch. Do tohoto v\u00fdskumu sa zap\u00e1ja aj <strong>RNDr. Juraj Dubinsk\u00fd<\/strong>, ktor\u00fd postupne preber\u00e1 starostlivos\u0165 o v\u00fdskum kozmick\u00e9ho \u017eiarenia najprv v r\u00e1mci bratislavsk\u00e9ho F\u00da SAV, kde externe p\u00f4sob\u00ed, a nesk\u00f4r v r\u00e1mci deta\u0161ovan\u00e9ho oddelenia F\u00da SAV v Ko\u0161iciach. Tak vznik\u00e1 v Ko\u0161iciach, resp. na v\u00fdchodnom Slovensku trad\u00edcia v\u00fdskumu kozmick\u00e9ho \u017eiarenia s viacer\u00fdmi medzin\u00e1rodn\u00fdmi v\u00e4zbami, ktor\u00e9 si tak\u00fdto v\u00fdskum vy\u017eaduje.<\/p>\n<p><strong>Na jese\u0148 1952<\/strong> za\u010d\u00edna v Ko\u0161iciach p\u00f4sobi\u0165 <strong>novozalo\u017een\u00e1 Vysok\u00e1 \u0161kola technick\u00e1<\/strong>. V jej r\u00e1mci sa kon\u0161tituuje <strong>Katedra fyziky<\/strong> V\u0160T. Jej ved\u00faci, <strong>Doc. RNDr. Vladim\u00edr Hajko<\/strong>, orientuje pracovn\u00edkov katedry na rozv\u00edjanie systematick\u00e9ho v\u00fdskumu vo fyzike magnetick\u00fdch javov. V efekt\u00edvnej spolupr\u00e1ci s pra\u017esk\u00fdmi magnetikmi, postupn\u00fdm zapojen\u00edm sa ko\u0161ick\u00fdch fyzikov do medzin\u00e1rodnej vedeckej kooper\u00e1cie sa magnetick\u00fd v\u00fdskum v\u00a0 Ko\u0161iciach udom\u00e1c\u0148uje, roz\u0161iruje v\u00fdskumn\u00fa tematiku a zvy\u0161uje svoju kvalitu. V r. <strong>1962<\/strong> sa v Ko\u0161iciach kon\u00e1 <strong>1. celo\u0161t\u00e1tna \u010deskoslovensk\u00e1 konferencia o magnetizme<\/strong> a po nej, v trojro\u010dn\u00fdch intervaloch, sa konaj\u00fa tak\u00e9to konferencie v\u017edy v Ko\u0161iciach. Tak sa rod\u00ed trad\u00edcia magnetick\u00e9ho v\u00fdskumu v Ko\u0161iciach a Ko\u0161ice sa st\u00e1vaj\u00fa miestom \u010dast\u00fdch stretnut\u00ed dom\u00e1cich i zahrani\u010dn\u00fdch magnetikov.<\/p>\n<p>D\u0148om <strong>1. 3. 1963<\/strong> za\u010d\u00edna svoje p\u00f4sobenie v Ko\u0161iciach <strong>Pr\u00edrodovedeck\u00e1 fakulta UPJ\u0160<\/strong>. T\u00fdm sa otv\u00e1ra v Ko\u0161iciach pre fyzik\u00e1lne b\u00e1danie nov\u00e1 perspekt\u00edva, v\u00fdrazne sa pre\u0148 roz\u0161iruje priestor, ktor\u00fd je obohaten\u00fd aj o mo\u017enos\u0165 postupne zap\u00e1ja\u0165 do v\u00fdskumnej pr\u00e1ce nadan\u00fdch posluch\u00e1\u010dov fakulty a z nich vybera\u0165 najschopnej\u0161\u00edch absolventov za profesion\u00e1lnych pracovn\u00edkov v oblasti fyzik\u00e1lneho b\u00e1dania. Na fakulte sa kon\u0161tituuj\u00fa tri fyzik\u00e1lne katedry a v ich r\u00e1mci vznik\u00e1 aj deta\u0161ovan\u00e9 oddelenie bratislavsk\u00e9ho Fyzik\u00e1lneho \u00fastavu SAV na \u010dele s prof. RNDr. J. Dubinsk\u00fdm. Person\u00e1lne, priestorov\u00e9 a v\u00fdskumn\u00e9 prepojenie tohoto oddelenia s pr\u00edslu\u0161n\u00fdmi fyzik\u00e1lnymi katedrami fakulty vytv\u00e1ra v relat\u00edvne kr\u00e1tkom \u010dase podmienky pre osamostatnenie sa deta\u0161ovan\u00e9ho oddelenia F\u00da SAV a tak d\u0148om 1. 1. 1969 vstupuje do hist\u00f3rie ko\u0161ickej fyziky \u00dastav experiment\u00e1lnej fyziky SAV.<\/p>\n<p>Prv\u00fdm riadite\u013eom \u00fastavu sa stal <b>Prof. RNDr. Juraj Dubinsk\u00fd<\/b> a p\u00f4sobil v tejto funkcii do konca roku 1979. V rokoch 1980-1985 vykon\u00e1val funkciu riadite\u013ea <b>Prof. RNDr. Vladim\u00edr Hajko<\/b>, v rokoch 1986-1990 bol riadite\u013eom <strong>RNDr. Michal Seman, CSc.<\/strong>, od roku 1991 do roku 2007 t\u00fato funkciu zast\u00e1val <strong>Doc. RNDr. Peter Kop\u010dansk\u00fd, CSc., <\/strong>ktor\u00e9ho v roku 2007 do roku 2015\u00a0 na poste riadite\u013ea vystriedal <strong>Doc. RNDr. Karol Flachbart, DrSc. <\/strong>Od roku 2015 do roku 2019 bol riadite\u013eom op\u00e4\u0165 <strong>Doc. RNDr. Peter Kop\u010dansk\u00fd, CSc.<\/strong>. Od roku 2019 a\u017e doteraz zast\u00e1va funkciu riadite\u013ea <strong>Doc. RNDr. Zuzana Ga\u017eov\u00e1, CSc.<\/strong>.<\/p>\n<p>Pri svojom vzniku mal \u00fastav tri vedeck\u00e9 oddelenia: <em>Oddelenie kozmick\u00e9ho \u017eiarenia<\/em>, <em>Oddelenie magnetizmu<\/em> a <em>Oddelenie fyziky vysok\u00fdch energi\u00ed<\/em>. Na\u00a0 \u010dele oddelenia\u00a0 kozmick\u00e9ho\u00a0 \u017eiarenia bol <i>Prof. J. Dubinsk\u00fd<\/i>. Oddelenie\u00a0 magnetizmu viedol <i>Prof. V. Hajko<\/i> a oddelenie fyziky vysok\u00fdch energi\u00ed <i>Doc. J. Pato\u010dka.<\/i> Prechodne bolo v r. 1973-1975 k \u00fastavu pri\u010dlenen\u00e9 aj <em>oddelenie geofyziky<\/em>. Toto oddelenie viedol <i>Prof. RNDr. T. Kolbenheyer, DrSc..<\/i><\/p>\n<p><i><\/i>K zmene\u00a0 organiza\u010dnej \u0161trukt\u00fary vedeck\u00fdch oddelen\u00ed \u00fastavu doch\u00e1dza za\u010diatkom roka 1980. Tvor\u00ed ju p\u00e4\u0165 vedeck\u00fdch oddelen\u00ed, a to:<\/p>\n<ul>\n<li>Oddelenie fyziky magnetick\u00fdch javov \u2013 <b>Doc. Ing. L. Potock\u00fd, CSc.<\/b><\/li>\n<li><b><\/b>Oddelenie fyziky kovov \u2013 <b>Prof. Ing. V. Karel, DrSc.<\/b><\/li>\n<li><b><\/b>Oddelenie fyziky n\u00edzkych tepl\u00f4t \u2013 <b>Doc. Ing. \u0160. J\u00e1no\u0161, CSc.<\/b><\/li>\n<li><b><\/b>Oddelenie fyziky vysok\u00fdch energi\u00ed \u2013 <strong>RNDr. L. \u0160\u00e1ndor, CSc.<\/strong><\/li>\n<li>Oddelenie kozmickej fyziky \u2013 <b>Doc. Ing. K. Kudela, DrSc.<\/b><\/li>\n<\/ul>\n<p><b><\/b>D\u0148om <strong>1. 1. 1984<\/strong> vznik\u00e1 v \u00fastave <em>Biofyzik\u00e1lne laborat\u00f3rium<\/em>, ktor\u00e9ho z\u00e1klad vytvorilo sedem biofyzikov pracuj\u00facich predt\u00fdm v\u00a0 Neurobiologickom \u00fastave SAV v Ko\u0161iciach. Ved\u00facim laborat\u00f3ria sa stal <strong>RNDr. M. Fabian, CSc.<\/strong><\/p>\n<p>S ist\u00fdmi zmenami vo veden\u00ed a n\u00e1zve oddelen\u00ed uveden\u00e1 \u0161trukt\u00fara vedeck\u00fdch oddelen\u00ed \u00fastavu pretrv\u00e1va dodnes.<\/p>\n<p>Od r.<strong>1982<\/strong> sa s\u00fa\u010das\u0165ou organiza\u010dnej \u0161trukt\u00fary \u00fastavu stal aj tzv. <strong>Realiza\u010dn\u00fd \u00fatvar<\/strong> (R\u00da). V jeho r\u00e1mci sa budovali v\u00fdvojov\u00e9 dielne \u00fastavu, ktor\u00e9 mali zabezpe\u010dova\u0165 v\u00fdrobu pr\u00edstrojov a stavbu r\u00f4znych aparat\u00far pre vedeck\u00e9 oddelenia \u00fastavu a svojimi aktivitami napom\u00e1ha\u0165 aj procesu pren\u00e1\u0161ania vedeck\u00fdch v\u00fdsledkov do spolo\u010denskej praxe. Pod veden\u00edm <strong>Ing. L. Kov\u00e1\u010da <\/strong>sa R\u00da stal pomerne r\u00fdchlo akcieschopn\u00fdm. V\u010faka spolupr\u00e1ci <em>Ing. L. Kov\u00e1\u010da <\/em>s <em>doc. Ing. \u0160. J\u00e1no\u0161om, CSc.<\/em> a <em>Ing. \u0160. Molok\u00e1\u010dom, CSc.<\/em> z Oddelenia fyziky n\u00edzkych tepl\u00f4t sa v R\u00da vyrobilo nieko\u013eko desiatok kryochirurgick\u00fdch pr\u00edstrojov. Ko\u0161ick\u00e1 Fakultn\u00e1 nemocnica (a po nej i viacer\u00e9 \u010fal\u0161ie nemocnice na Slovensku a v\u00a0 \u010cech\u00e1ch), sa stala priekopn\u00edkom pou\u017e\u00edvania n\u00edzkoteplotn\u00fdch zariaden\u00ed, vyroben\u00fdch v R\u00da, v medic\u00ednskej praxi. V R\u00da, ktor\u00e9 malo k 31. 12. 1989 vy\u0161e 30 pracovn\u00edkov, sa vyrobili aj \u010fal\u0161ie unik\u00e1tne zariadenia pre v\u00fdskumn\u00e9 \u00fa\u010dely a v\u0161etko smerovalo k tomu, aby sa v R\u00da vytvorili predpoklady pre iniciovanie a realiz\u00e1ciu kusovej v\u00fdroby n\u00e1ro\u010dn\u00fdch vedeck\u00fdch pr\u00edstrojov. Od r. 1990 sa v\u0161ak tak\u00e9to aktivity na pracovisk\u00e1ch SAV postupne utlmovali a tak v r. 1993\u00a0 R\u00da v \u00fastave prestal existova\u0165, zostali len Prev\u00e1dzkov\u00e9 dielne \u00fastavu s 8 pracovn\u00edkmi.<\/p>\n<p>Slu\u017eby v oblasti v\u00fdkonnej v\u00fdpo\u010dtovej techniky (VT), nevyhnutnej pre rie\u0161enie viacer\u00fdch nosn\u00fdch temat\u00edk \u00fastavu (napr. pre vyhodnocovanie n\u00e1ro\u010dn\u00fdch experimentov v subjadrovej fyzike) sa v 80-tych rokoch zabezpe\u010dovali <em>v r\u00e1mci spolo\u010dn\u00e9ho \u00dastavu v\u00fdpo\u010dtovej techniky V\u0160T a SAV,<\/em> kde p\u00f4sobila siln\u00e1 skupina (15 pracovn\u00edkov) \u00fastavu. \u00dastav bol v tejto oblasti koordina\u010dn\u00fdm pracoviskom pre zabezpe\u010denie slu\u017eieb VT pre v\u0161etky ko\u0161ick\u00e9 \u00fastavy SAV. S n\u00e1stupom modernej distribuovanej VT (osobn\u00e9 po\u010d\u00edta\u010de, pracovn\u00e9 stanice)\u00a0 potreba centr\u00e1lneho spolo\u010dn\u00e9ho pracoviska zanikla. V s\u00fa\u010dasnosti potreby \u00fastavu, najm\u00e4 v oblasti po\u010d\u00edta\u010dov\u00fdch siet\u00ed, zabezpe\u010duje skupina VT, v ktorej p\u00f4sobia 3 in\u017einieri.<\/p>\n<p>Pri svojom vzniku mal \u00fastav 30 pracovn\u00edkov, k 31. 12. 1979 nar\u00e1stol tento po\u010det na dvojn\u00e1sobok. K v\u00fdraznej\u0161iemu n\u00e1rastu po\u010dtu pracovn\u00edkov \u00fastavu doch\u00e1dza po roku 1980, najm\u00e4 v \u010dase, ke\u010f v \u00fastave vznikol a rozv\u00edjal svoju \u010dinnos\u0165 Realiza\u010dn\u00fd \u00fatvar. K\u00a0 31. 12. 1989 po\u010det pracovn\u00edkov \u00fastavu dosahoval 140. Po rozpusten\u00ed R\u00da sa v 90-tych rokoch po\u010det pracovn\u00edkov stabilizoval okolo \u010d\u00edsla 110 a tak je to aj v s\u00fa\u010dasnosti.<\/p>\n<p>V prv\u00fdch 12. rokoch svojej existencie nemal \u00fastav nijak\u00e9 vlastn\u00e9 priestory (iba laborat\u00f3rium na Lomnickom \u0161t\u00edte), jeho pracovn\u00edci p\u00f4sobili v priestoroch Pr\u00edrodovedeckej fakulty UPJ\u0160 spolo\u010dne s pracovn\u00edkmi Katedry experiment\u00e1lnej fyziky a Katedry jadrovej fyziky. Za\u010diatkom r.1981 sa podstatn\u00e1 \u010das\u0165 \u00fastavu pres\u0165ahovala do novostavby na Watsonovej ul. 47, kde \u00fastav dodnes s\u00eddli. V priestoroch PF UPJ\u0160 na\u010falej p\u00f4sob\u00ed Oddelenie kozmickej fyziky a Oddelenie fyziky n\u00edzkych tepl\u00f4t, ktor\u00e9 m\u00e1 s Katedrou experiment\u00e1lnej fyziky PF UPJ\u0160 spolo\u010dn\u00e9 v\u00fdskumn\u00e9 laborat\u00f3ria. Oddelenie biofyziky je dislokovan\u00e9 v\u00a0 rekon\u0161truovan\u00fdch priestoroch are\u00e1lu na Bulharskej ulici 2-6. Tam s\u00fa umiestnen\u00e9 aj Prev\u00e1dzkov\u00e9 dielne \u00fastavu.<\/p>\n<p><strong>Prof. V.Hajko <\/strong><em>v bro\u017e\u00fare vydanej k 30. v\u00fdro\u010diu zalo\u017eenia \u00dastavu experiment\u00e1lnej fyziky SAV\u00a0 v Ko\u0161iciach<\/em><\/p>\n","protected":false},"excerpt":{"rendered":"<p>Na z\u00e1klade rozhodnutia Predsedn\u00edctva SAV vznik\u00e1 d\u0148om 1. 1. 1969 v Ko\u0161iciach \u00dastav experiment\u00e1lnej fyziky SAV. Jeho z\u00e1rodok je spojen\u00fd s vytvoren\u00edm deta\u0161ovan\u00e9ho oddelenia bratislavsk\u00e9ho&#8230;<\/p>\n","protected":false},"author":1,"featured_media":0,"parent":72,"menu_order":0,"comment_status":"closed","ping_status":"closed","template":"","meta":{"footnotes":""},"_links":{"self":[{"href":"https:\/\/websrv.saske.sk\/uef\/wp-json\/wp\/v2\/pages\/178"}],"collection":[{"href":"https:\/\/websrv.saske.sk\/uef\/wp-json\/wp\/v2\/pages"}],"about":[{"href":"https:\/\/websrv.saske.sk\/uef\/wp-json\/wp\/v2\/types\/page"}],"author":[{"embeddable":true,"href":"https:\/\/websrv.saske.sk\/uef\/wp-json\/wp\/v2\/users\/1"}],"replies":[{"embeddable":true,"href":"https:\/\/websrv.saske.sk\/uef\/wp-json\/wp\/v2\/comments?post=178"}],"version-history":[{"count":10,"href":"https:\/\/websrv.saske.sk\/uef\/wp-json\/wp\/v2\/pages\/178\/revisions"}],"predecessor-version":[{"id":2697,"href":"https:\/\/websrv.saske.sk\/uef\/wp-json\/wp\/v2\/pages\/178\/revisions\/2697"}],"up":[{"embeddable":true,"href":"https:\/\/websrv.saske.sk\/uef\/wp-json\/wp\/v2\/pages\/72"}],"wp:attachment":[{"href":"https:\/\/websrv.saske.sk\/uef\/wp-json\/wp\/v2\/media?parent=178"}],"curies":[{"name":"wp","href":"https:\/\/api.w.org\/{rel}","templated":true}]}}