{"id":1761,"date":"2019-02-08T13:51:08","date_gmt":"2019-02-08T12:51:08","guid":{"rendered":"http:\/\/websrv.saske.sk\/uef\/?page_id=1761"},"modified":"2025-12-17T15:29:40","modified_gmt":"2025-12-17T14:29:40","slug":"vyznamne-vysledky","status":"publish","type":"page","link":"https:\/\/websrv.saske.sk\/uef\/veda-a-vyskum\/vyznamne-vysledky\/","title":{"rendered":"V\u00fdznamn\u00e9 v\u00fdsledky"},"content":{"rendered":"<hr class=\"wp-block-separator\" \/>\r\n\r\n\r\n<ul>\r\n<li>Najv\u00fdznamnej\u0161ie v\u00fdsledky vedeckej pr\u00e1ce <a href=\"http:\/\/websrv.saske.sk\/uef\/wp-content\/uploads\/2025\/12\/Najvyznamnejsie-vysledky-vedeckej-prace-za-rok-2025.pdf\">2025<\/a><\/li>\r\n<li>Electrical control of spin currents in graphene via ferroelectric switching achieved (<a href=\"https:\/\/phys.org\/news\/2025-11-electrical-currents-graphene-ferroelectric.html\">Phys.org<\/a>)<\/li>\r\n<li>Introduction to the G2-Ricci flow: Geometric implications for spontaneous symmetry breaking and gauge boson masses (<a href=\"https:\/\/www.sciencedirect.com\/science\/article\/pii\/S0550321325001683\">Nuclear Physics B<\/a>)<\/li>\r\n<li>Najv\u00fdznamnej\u0161ie v\u00fdsledky vedeckej pr\u00e1ce <a href=\"http:\/\/websrv.saske.sk\/uef\/wp-content\/uploads\/2025\/01\/Najvyznamnejsie-vysledky-vedeckej-prace-za-rok-2024.pdf\">2024<\/a><\/li>\r\n<li>Pozorovanie kvantov\u00e9ho prepojenia v top kvarkov\u00fdch p\u00e1roch pomocou detektora ATLAS (<a href=\"https:\/\/www.sav.sk\/?lang=sk&amp;doc=services-news&amp;source_no=20&amp;news_no=12214\">Aktuality SAV, 20. 9. 2024<\/a>)<\/li>\r\n<li>Nov\u00e1 koncepcia pri v\u00fdrobe GdBCOAg SUPRAVODI\u010cA (<a href=\"http:\/\/websrv.saske.sk\/uef\/wp-content\/uploads\/2024\/08\/Akademia-4-2024_str_8-9.pdf\">Akad\u00e9mia \u2013 Spr\u00e1vy SAV 4\/2024<\/a>)<\/li>\r\n<li>Najv\u00fdznamnej\u0161ie v\u00fdsledky vedeckej pr\u00e1ce <a href=\"http:\/\/websrv.saske.sk\/uef\/wp-content\/uploads\/2024\/01\/Najvyznamnejsie-vysledky-vedeckej-prace-za-rok-2023.pdf\">2023<\/a><\/li>\r\n<li>Pozorovanie kvantov\u00e9ho prepojenia v top kvarkov\u00fdch p\u00e1roch pomocou detektora ATLAS (<a href=\"https:\/\/www.sav.sk\/?lang=sk&amp;doc=services-news&amp;source_no=20&amp;news_no=11598\">Aktuality SAV, 13. 12. 2023<\/a>)<\/li>\r\n<li>Najv\u00fdznamnej\u0161ie v\u00fdsledky vedeckej pr\u00e1ce <a href=\"http:\/\/websrv.saske.sk\/uef\/wp-content\/uploads\/2022\/12\/Najvyznamnejsie-vysledky-vedeckej-prace-za-rok-2022.pdf\">2022<\/a><\/li>\r\n<li>Paper of R. Pincak et al. &#8222;The &#8222;Emerging&#8220; Reality from &#8222;Hidden&#8220; Spaces&#8220; has been selected by Academic Editor as being of special interest and will be featured in a special edition of Universe journal entitled <a href=\"https:\/\/www.mdpi.com\/journal\/universe\/editors_choice\">&#8222;Editor&#8217;s Choice Articles&#8220;<\/a><\/li>\r\n<\/ul>\r\n\r\n\r\n\r\n<ul>\r\n<li>Najv\u00fdznamnej\u0161ie v\u00fdsledky vedeckej pr\u00e1ce <a href=\"http:\/\/websrv.saske.sk\/uef\/wp-content\/uploads\/2021\/12\/Najvyznamnejsie-vysledky-vedeckej-prace-za-rok-2021.pdf\">2021<\/a><\/li>\r\n<\/ul>\r\n\r\n\r\n\r\n<ul>\r\n<li>The \u201cEmerging\u201d Reality from \u201cHidden\u201d Spaces\u201c <a href=\"http:\/\/websrv.saske.sk\/uef\/wp-content\/uploads\/2021\/04\/2021_Universe_Pincak.pdf\"> (Universe, 23.3.2021)<\/a><\/li>\r\n<\/ul>\r\n\r\n\r\n\r\n<ul>\r\n<li>Najv\u00fdznamnej\u0161ie v\u00fdsledky vedeckej pr\u00e1ce <a href=\"http:\/\/websrv.saske.sk\/uef\/wp-content\/uploads\/2020\/12\/Najv\u00fdznamnej\u0161ie-v\u00fdsledky-vedeckej-pr\u00e1ce-za-rok-2020.pdf\">2020<\/a><\/li>\r\n<\/ul>\r\n\r\n\r\n\r\n<ul>\r\n<li>Yu-Shiba-Rusinovov\u00e9 p\u00e1sy vo feromagnetickom supravodivom diamante <a href=\"https:\/\/advances.sciencemag.org\/content\/6\/20\/eaaz2536.abstract\"> (Science Advances, 15.5.2020)<\/a><\/li>\r\n<\/ul>\r\n\r\n\r\n\r\n<ul>\r\n<li>Nov\u00fd terapeutick\u00fd pr\u00edstup k lie\u010dbe neurodegenerat\u00edvnej choroby ALS <a href=\"https:\/\/rdcu.be\/bZJVX\"> (Nature Medicine, 23.12.2019)<\/a><\/li>\r\n<\/ul>\r\n\r\n\r\n\r\n<ul>\r\n<li>Najv\u00fdznamnej\u0161ie v\u00fdsledky vedeckej pr\u00e1ce <a href=\"http:\/\/websrv.saske.sk\/uef\/wp-content\/uploads\/2019\/12\/Najv\u00fdznamnej\u0161ie-v\u00fdsledky-vedeckej-pr\u00e1ce-za-rok-2019.pdf\">2019<\/a><\/li>\r\n<\/ul>\r\n\r\n\r\n\r\n<ul>\r\n<li>Quartz tuning forks as sub-kelvin thermometers in high magnetic fields <a href=\"https:\/\/aip.scitation.org\/doi\/10.1063\/10.0000260\"> (AIP SciLight, 8.11.2019)<\/a><\/li>\r\n<\/ul>\r\n\r\n\r\n\r\n<ul>\r\n<li>Najv\u00fdznamnej\u0161ie v\u00fdsledky vedeckej pr\u00e1ce <a href=\"http:\/\/websrv.saske.sk\/uef\/wp-content\/uploads\/2019\/09\/Najv\u00fdznamnej\u0161ie-v\u00fdsledky-vedeckej-pr\u00e1ce-za-rok-2018.pdf\">2018<\/a><\/li>\r\n<\/ul>\r\n\r\n\r\n\r\n<ul>\r\n<li>Najv\u00fdznamnej\u0161ie v\u00fdsledky vedeckej pr\u00e1ce <a href=\"http:\/\/websrv.saske.sk\/uef\/wp-content\/uploads\/2018\/09\/Najv\u00fdznamnej\u0161ie-v\u00fdsledky-vedeckej-pr\u00e1ce-za-rok-2017.doc\">2017<\/a><\/li>\r\n<\/ul>\r\n\r\n\r\n<hr class=\"wp-block-separator\" \/>\r\n\r\n\r\n<div class=\"wp-block-image\">\r\n<figure class=\"aligncenter\"><img loading=\"lazy\" decoding=\"async\" width=\"256\" height=\"256\" class=\"wp-image-1786\" src=\"http:\/\/websrv.saske.sk\/uef\/wp-content\/uploads\/2019\/02\/well-done-emoji.png\" alt=\"\" srcset=\"https:\/\/websrv.saske.sk\/uef\/wp-content\/uploads\/2019\/02\/well-done-emoji.png 256w, https:\/\/websrv.saske.sk\/uef\/wp-content\/uploads\/2019\/02\/well-done-emoji-150x150.png 150w\" sizes=\"(max-width: 256px) 100vw, 256px\" \/><\/figure>\r\n<\/div>\r\n","protected":false},"excerpt":{"rendered":"<p>Najv\u00fdznamnej\u0161ie v\u00fdsledky vedeckej pr\u00e1ce 2025 Electrical control of spin currents in graphene via ferroelectric switching achieved (Phys.org) Introduction to the G2-Ricci flow: Geometric implications for&#8230;<\/p>\n","protected":false},"author":1,"featured_media":0,"parent":11,"menu_order":40,"comment_status":"closed","ping_status":"closed","template":"","meta":{"footnotes":""},"_links":{"self":[{"href":"https:\/\/websrv.saske.sk\/uef\/wp-json\/wp\/v2\/pages\/1761"}],"collection":[{"href":"https:\/\/websrv.saske.sk\/uef\/wp-json\/wp\/v2\/pages"}],"about":[{"href":"https:\/\/websrv.saske.sk\/uef\/wp-json\/wp\/v2\/types\/page"}],"author":[{"embeddable":true,"href":"https:\/\/websrv.saske.sk\/uef\/wp-json\/wp\/v2\/users\/1"}],"replies":[{"embeddable":true,"href":"https:\/\/websrv.saske.sk\/uef\/wp-json\/wp\/v2\/comments?post=1761"}],"version-history":[{"count":31,"href":"https:\/\/websrv.saske.sk\/uef\/wp-json\/wp\/v2\/pages\/1761\/revisions"}],"predecessor-version":[{"id":2662,"href":"https:\/\/websrv.saske.sk\/uef\/wp-json\/wp\/v2\/pages\/1761\/revisions\/2662"}],"up":[{"embeddable":true,"href":"https:\/\/websrv.saske.sk\/uef\/wp-json\/wp\/v2\/pages\/11"}],"wp:attachment":[{"href":"https:\/\/websrv.saske.sk\/uef\/wp-json\/wp\/v2\/media?parent=1761"}],"curies":[{"name":"wp","href":"https:\/\/api.w.org\/{rel}","templated":true}]}}