{"id":176,"date":"2018-09-12T09:17:54","date_gmt":"2018-09-12T07:17:54","guid":{"rendered":"http:\/\/websrv.saske.sk\/uef\/?page_id=176"},"modified":"2026-04-01T10:55:03","modified_gmt":"2026-04-01T08:55:03","slug":"medzinarodna-vedecka-rada","status":"publish","type":"page","link":"https:\/\/websrv.saske.sk\/uef\/o-nas\/organizacna-struktura\/medzinarodna-vedecka-rada\/","title":{"rendered":"Medzin\u00e1rodn\u00fd poradn\u00fd v\u00fdbor"},"content":{"rendered":"<ul>\r\n<li><strong> Prof. Neven Bari\u0161i\u0107<\/strong><\/li>\r\n<\/ul>\r\n<p>Institute of Solid State Physics, TU Vienna<\/p>\r\n\r\n\r\n\r\n<ul>\r\n<li><strong>Prof. Pavel Ripka\u00a0<\/strong><\/li>\r\n<\/ul>\r\n\r\n\r\n\r\n<p>Faculty of Electrical Engineering, Czech Technical University in Prague<\/p>\r\n<ul>\r\n<li><strong>Prof. Dr. Dr. h.c. Frank Schreiber<\/strong><\/li>\r\n<\/ul>\r\n<p>Institute for Applied Physics University of T\u00fcbingen<\/p>\r\n<ul>\r\n<li><strong> Prof. Alexander Kup\u010do<\/strong><\/li>\r\n<\/ul>\r\n<p>Institute of Physics of the Czech Academy of Sciences, Prague<\/p>\r\n<p>&nbsp;<\/p>\r\n","protected":false},"excerpt":{"rendered":"<p>Prof. Neven Bari\u0161i\u0107 Institute of Solid State Physics, TU Vienna Prof. Pavel Ripka\u00a0 Faculty of Electrical Engineering, Czech Technical University in Prague Prof. Dr. Dr&#8230;.<\/p>\n","protected":false},"author":1,"featured_media":0,"parent":72,"menu_order":30,"comment_status":"closed","ping_status":"closed","template":"","meta":{"footnotes":""},"_links":{"self":[{"href":"https:\/\/websrv.saske.sk\/uef\/wp-json\/wp\/v2\/pages\/176"}],"collection":[{"href":"https:\/\/websrv.saske.sk\/uef\/wp-json\/wp\/v2\/pages"}],"about":[{"href":"https:\/\/websrv.saske.sk\/uef\/wp-json\/wp\/v2\/types\/page"}],"author":[{"embeddable":true,"href":"https:\/\/websrv.saske.sk\/uef\/wp-json\/wp\/v2\/users\/1"}],"replies":[{"embeddable":true,"href":"https:\/\/websrv.saske.sk\/uef\/wp-json\/wp\/v2\/comments?post=176"}],"version-history":[{"count":11,"href":"https:\/\/websrv.saske.sk\/uef\/wp-json\/wp\/v2\/pages\/176\/revisions"}],"predecessor-version":[{"id":9905,"href":"https:\/\/websrv.saske.sk\/uef\/wp-json\/wp\/v2\/pages\/176\/revisions\/9905"}],"up":[{"embeddable":true,"href":"https:\/\/websrv.saske.sk\/uef\/wp-json\/wp\/v2\/pages\/72"}],"wp:attachment":[{"href":"https:\/\/websrv.saske.sk\/uef\/wp-json\/wp\/v2\/media?parent=176"}],"curies":[{"name":"wp","href":"https:\/\/api.w.org\/{rel}","templated":true}]}}