{"id":1665,"date":"2019-02-08T09:55:56","date_gmt":"2019-02-08T08:55:56","guid":{"rendered":"http:\/\/websrv.saske.sk\/uef\/?page_id=1665"},"modified":"2019-02-08T10:03:56","modified_gmt":"2019-02-08T09:03:56","slug":"fond-stefana-schwarza-2","status":"publish","type":"page","link":"https:\/\/websrv.saske.sk\/uef\/vzdelavanie\/fond-stefana-schwarza-2\/","title":{"rendered":"Fond \u0160tefana Schwarza"},"content":{"rendered":"\n<p><strong>\u0160tat\u00fat Podporn\u00e9ho fondu \u0160tefana Schwarza na vytv\u00e1ranie postdoktorandsk\u00fdch miest v SAV<\/strong><br>\u00dapln\u00e9 znenie ako vypl\u00fdva z Dodatku \u010d. 1 zo d\u0148a 9.2.2017, Dodatku \u010d. 2 zo d\u0148a 16.10.2017 a Dodatku \u010d. 3 zo d\u0148a 21.3.2018 n\u00e1jdete <a href=\"http:\/\/www.sav.sk\/uploads\/d0754255824\/Statut_Schwarz_po_dodatku_3_03_2018.pdf\">-\u00bb TU (\u0161tat\u00fat)<\/a>.<\/p>\n","protected":false},"excerpt":{"rendered":"<p>\u0160tat\u00fat Podporn\u00e9ho fondu \u0160tefana Schwarza na vytv\u00e1ranie postdoktorandsk\u00fdch miest v SAV\u00dapln\u00e9 znenie ako vypl\u00fdva z Dodatku \u010d. 1 zo d\u0148a 9.2.2017, Dodatku \u010d. 2 zo&#8230;<\/p>\n","protected":false},"author":1,"featured_media":0,"parent":13,"menu_order":20,"comment_status":"closed","ping_status":"closed","template":"","meta":{"footnotes":""},"_links":{"self":[{"href":"https:\/\/websrv.saske.sk\/uef\/wp-json\/wp\/v2\/pages\/1665"}],"collection":[{"href":"https:\/\/websrv.saske.sk\/uef\/wp-json\/wp\/v2\/pages"}],"about":[{"href":"https:\/\/websrv.saske.sk\/uef\/wp-json\/wp\/v2\/types\/page"}],"author":[{"embeddable":true,"href":"https:\/\/websrv.saske.sk\/uef\/wp-json\/wp\/v2\/users\/1"}],"replies":[{"embeddable":true,"href":"https:\/\/websrv.saske.sk\/uef\/wp-json\/wp\/v2\/comments?post=1665"}],"version-history":[{"count":3,"href":"https:\/\/websrv.saske.sk\/uef\/wp-json\/wp\/v2\/pages\/1665\/revisions"}],"predecessor-version":[{"id":1672,"href":"https:\/\/websrv.saske.sk\/uef\/wp-json\/wp\/v2\/pages\/1665\/revisions\/1672"}],"up":[{"embeddable":true,"href":"https:\/\/websrv.saske.sk\/uef\/wp-json\/wp\/v2\/pages\/13"}],"wp:attachment":[{"href":"https:\/\/websrv.saske.sk\/uef\/wp-json\/wp\/v2\/media?parent=1665"}],"curies":[{"name":"wp","href":"https:\/\/api.w.org\/{rel}","templated":true}]}}