{"id":1661,"date":"2019-02-08T09:54:27","date_gmt":"2019-02-08T08:54:27","guid":{"rendered":"http:\/\/websrv.saske.sk\/uef\/?page_id=1661"},"modified":"2019-03-07T15:37:54","modified_gmt":"2019-03-07T14:37:54","slug":"fond-stefana-schwarza","status":"publish","type":"page","link":"https:\/\/websrv.saske.sk\/uef\/vzdelavanie\/fond-stefana-schwarza\/","title":{"rendered":"Fond \u0160tefana Schwarza"},"content":{"rendered":"\r\n<p style=\"text-align: center\"><strong>\u0160tat\u00fat Podporn\u00e9ho fondu \u0160tefana Schwarza na vytv\u00e1ranie postdoktorandsk\u00fdch miest v SAV<\/strong><br \/>\u00dapln\u00e9 znenie ako vypl\u00fdva z Dodatku \u010d. 1 zo d\u0148a 9. 2. 2017, Dodatku \u010d. 2 zo d\u0148a 16. 10. 2017, Dodatku \u010d. 3 zo d\u0148a 21. 3. 2018 a Dodatku \u010d. 4 zo d\u0148a 14. 2. 2019\u00a0-\u00bb (<a href=\"http:\/\/websrv.saske.sk\/uef\/wp-content\/uploads\/2019\/03\/Statut-Schwarz-uplne-znenie-vratane-dodatkov-1-4.pdf\">\u0160tat\u00fat<\/a>) + (<a href=\"http:\/\/websrv.saske.sk\/uef\/wp-content\/uploads\/2019\/03\/Dodatok-c.4_Statut_Podporneho_Fondu_S_Schwarza.pdf\">dodatok \u010d. 4<\/a>)<\/p>\r\n","protected":false},"excerpt":{"rendered":"<p>\u0160tat\u00fat Podporn\u00e9ho fondu \u0160tefana Schwarza na vytv\u00e1ranie postdoktorandsk\u00fdch miest v SAV\u00dapln\u00e9 znenie ako vypl\u00fdva z Dodatku \u010d. 1 zo d\u0148a 9. 2. 2017, Dodatku \u010d&#8230;.<\/p>\n","protected":false},"author":1,"featured_media":0,"parent":13,"menu_order":20,"comment_status":"closed","ping_status":"closed","template":"","meta":{"footnotes":""},"_links":{"self":[{"href":"https:\/\/websrv.saske.sk\/uef\/wp-json\/wp\/v2\/pages\/1661"}],"collection":[{"href":"https:\/\/websrv.saske.sk\/uef\/wp-json\/wp\/v2\/pages"}],"about":[{"href":"https:\/\/websrv.saske.sk\/uef\/wp-json\/wp\/v2\/types\/page"}],"author":[{"embeddable":true,"href":"https:\/\/websrv.saske.sk\/uef\/wp-json\/wp\/v2\/users\/1"}],"replies":[{"embeddable":true,"href":"https:\/\/websrv.saske.sk\/uef\/wp-json\/wp\/v2\/comments?post=1661"}],"version-history":[{"count":5,"href":"https:\/\/websrv.saske.sk\/uef\/wp-json\/wp\/v2\/pages\/1661\/revisions"}],"predecessor-version":[{"id":2046,"href":"https:\/\/websrv.saske.sk\/uef\/wp-json\/wp\/v2\/pages\/1661\/revisions\/2046"}],"up":[{"embeddable":true,"href":"https:\/\/websrv.saske.sk\/uef\/wp-json\/wp\/v2\/pages\/13"}],"wp:attachment":[{"href":"https:\/\/websrv.saske.sk\/uef\/wp-json\/wp\/v2\/media?parent=1661"}],"curies":[{"name":"wp","href":"https:\/\/api.w.org\/{rel}","templated":true}]}}