{"id":154,"date":"2018-09-12T09:13:04","date_gmt":"2018-09-12T07:13:04","guid":{"rendered":"http:\/\/websrv.saske.sk\/uef\/?page_id=154"},"modified":"2020-08-25T14:23:34","modified_gmt":"2020-08-25T12:23:34","slug":"dokumenty-potrebne-pri-ziadosti-o-zaradenie-medzi-skolitelov-phd","status":"publish","type":"page","link":"https:\/\/websrv.saske.sk\/uef\/vzdelavanie\/phd-studium\/dokumenty-potrebne-pri-ziadosti-o-zaradenie-medzi-skolitelov-phd\/","title":{"rendered":"Dokumenty"},"content":{"rendered":"<hr \/>\n<ul>\n<li><strong><span style=\"color: #000000\"> Pravidl\u00e1 pr\u00edchodu os\u00f4b z rizikov\u00fdch kraj\u00edn <\/span><\/strong>(<a href=\"http:\/\/websrv.saske.sk\/uef\/wp-content\/uploads\/2020\/08\/Pravidl\u00e1-pr\u00edchodu-os\u00f4b-z-rizikov\u00fdch-kraj\u00edn.pdf\">.pdf<\/a>), <strong><span style=\"color: #000000\"> Manu\u00e1l pre doktorandov <\/span><\/strong>(<a href=\"http:\/\/websrv.saske.sk\/uef\/wp-content\/uploads\/2020\/08\/Manu\u00e1l-pre-doktorandov_SK.pdf\">.pdf<\/a>), <strong><span style=\"color: #000000\"> Guide for PhD students <\/span><\/strong>(<a href=\"http:\/\/websrv.saske.sk\/uef\/wp-content\/uploads\/2020\/08\/Manu\u00e1l-pre-doktorandov_EN.pdf\">.pdf<\/a>) <\/li>\n<li><strong><span style=\"color: #000000\"> Vn\u00fatorn\u00fd syst\u00e9m zabezpe\u010denia kvality doktorandsk\u00e9ho \u0161t\u00fadia <\/span><\/strong>(<a href=\"http:\/\/websrv.saske.sk\/uef\/wp-content\/uploads\/2019\/11\/vs_zabezpecenia_-kvality-DS-1.pdf\">*pdf<\/a>) (<a href=\"http:\/\/websrv.saske.sk\/uef\/wp-content\/uploads\/2020\/06\/\u00daEF-SAV-Pr\u00edloha-\u010d-3_FINAL.pdf\">Pr\u00edloha \u010d. 3<\/a>)<\/li>\n<li><strong><span style=\"color: #000000\"> Nov\u00e9 pravidl\u00e1 pre doktorandsk\u00e9 \u0161t\u00fadium na SAV <\/span><\/strong>(<a href=\"http:\/\/websrv.saske.sk\/uef\/wp-content\/uploads\/2019\/08\/Doktorandske_studium-nove-pravidla.pdf\">*pdf<\/a>)<\/li>\n<li><strong><span style=\"color: #000000\">\u0160tat\u00fat PhD Grantov pre doktorandov SAV <\/span><\/strong>(<a href=\"http:\/\/websrv.saske.sk\/uef\/wp-content\/uploads\/2019\/03\/Statut_PhD_Grantov_SAV.pdf\">*pdf<\/a>)<\/li>\n<li><strong>Dodatok \u010d.1 ku Smernici \u00daEF SAV pre doktorandsk\u00e9 \u0161t\u00fadium<\/strong>\u00a0 <a href=\"http:\/\/websrv.saske.sk\/uef\/wp-content\/uploads\/2020\/02\/UEF-Smernica-DS-2005-Dodatok1-2008.pdf\">(.doc)<\/a><\/li>\n<\/ul>\n<p>&nbsp;<\/p>\n<hr \/>\n<p class=\"has-text-color has-medium-font-size has-vivid-red-color\"><em><strong>Dokumenty potrebn\u00e9 pri \u017eiadosti o zaradenie medzi \u0161kolite\u013eov PhD.<\/strong><\/em><\/p>\n<p><!-- \/wp:paragraph --><\/p>\n<p><em>Udelenie \u0161koliacich pr\u00e1v pre PhD. \u0161t\u00fadium:<\/em><\/p>\n<ul>\n<li>\u0160kolite\u013eom pre dan\u00fd \u0161tudijn\u00fd odbor alebo \u0161tudijn\u00fd program doktorandsk\u00e9ho \u0161t\u00fadia m\u00f4\u017ee by\u0165 profesor alebo docent vysokej \u0161koly, na ktorej sa vykon\u00e1va doktorandsk\u00e9 \u0161t\u00fadium, alebo v\u00fdskumn\u00fd zamestnanec s dosiahnut\u00fdm kvalifika\u010dn\u00fdm stup\u0148om II. a, pr\u00edpadne vy\u0161\u0161\u00edm), alebo in\u00fd odborn\u00edk z praxe s vedecko-pedagogick\u00fdm titulom profesor alebo docent, odborn\u00edk z praxe s dosiahnut\u00fdm kvalifika\u010dn\u00fdm stup\u0148om min. II. a po schv\u00e1len\u00ed vo vedeckej rade vysokej \u0161koly alebo fakulty, ak sa doktorandsk\u00e9 \u0161t\u00fadium uskuto\u010d\u0148uje na fakulte (\u00a7 54 ods. 4 z\u00e1kona \u010d.131\/2002 Z. z.).<\/li>\n<\/ul>\n<ul>\n<li>\n<div>\u0160kolite\u013eom pre t\u00e9my, ktor\u00e9 vyp\u00edsala extern\u00e1 vzdel\u00e1vacia in\u0161tit\u00facia m\u00f4\u017ee by\u0165 osoba, ktor\u00fa schv\u00e1lila t\u00e1to in\u0161tit\u00facia. Extern\u00e1 vzdel\u00e1vacia in\u0161tit\u00facia poskytne vedeckej rade Univerzity alebo fakulty vedecko- pedagogick\u00e9 charakteristiky svojich \u0161kolite\u013eov.<\/div>\n<\/li>\n<\/ul>\n<p>Formul\u00e1r k \u017eiadosti o \u0161koliace pr\u00e1va pre PhD.<\/p>\n<p><a href=\"http:\/\/websrv.saske.sk\/uef\/wp-content\/uploads\/2018\/10\/02_VPCH-formul\u00e1r-pre-VR-SK_externi.docx\">02_VPCH &#8211; formul\u00e1r pre VR &#8211; SK_extern\u00ed<\/a><\/p>\n<p>K \u017eiadosti o priznanie \u0161koliacich pr\u00e1v je vhodn\u00e9 prilo\u017ei\u0165 aj \u017eivotopis.<\/p>\n","protected":false},"excerpt":{"rendered":"<p>Pravidl\u00e1 pr\u00edchodu os\u00f4b z rizikov\u00fdch kraj\u00edn (.pdf), Manu\u00e1l pre doktorandov (.pdf), Guide for PhD students (.pdf) Vn\u00fatorn\u00fd syst\u00e9m zabezpe\u010denia kvality doktorandsk\u00e9ho \u0161t\u00fadia (*pdf) (Pr\u00edloha \u010d&#8230;.<\/p>\n","protected":false},"author":1,"featured_media":0,"parent":139,"menu_order":30,"comment_status":"closed","ping_status":"closed","template":"","meta":{"footnotes":""},"_links":{"self":[{"href":"https:\/\/websrv.saske.sk\/uef\/wp-json\/wp\/v2\/pages\/154"}],"collection":[{"href":"https:\/\/websrv.saske.sk\/uef\/wp-json\/wp\/v2\/pages"}],"about":[{"href":"https:\/\/websrv.saske.sk\/uef\/wp-json\/wp\/v2\/types\/page"}],"author":[{"embeddable":true,"href":"https:\/\/websrv.saske.sk\/uef\/wp-json\/wp\/v2\/users\/1"}],"replies":[{"embeddable":true,"href":"https:\/\/websrv.saske.sk\/uef\/wp-json\/wp\/v2\/comments?post=154"}],"version-history":[{"count":22,"href":"https:\/\/websrv.saske.sk\/uef\/wp-json\/wp\/v2\/pages\/154\/revisions"}],"predecessor-version":[{"id":4457,"href":"https:\/\/websrv.saske.sk\/uef\/wp-json\/wp\/v2\/pages\/154\/revisions\/4457"}],"up":[{"embeddable":true,"href":"https:\/\/websrv.saske.sk\/uef\/wp-json\/wp\/v2\/pages\/139"}],"wp:attachment":[{"href":"https:\/\/websrv.saske.sk\/uef\/wp-json\/wp\/v2\/media?parent=154"}],"curies":[{"name":"wp","href":"https:\/\/api.w.org\/{rel}","templated":true}]}}