{"id":152,"date":"2018-09-12T09:12:42","date_gmt":"2018-09-12T07:12:42","guid":{"rendered":"http:\/\/websrv.saske.sk\/uef\/?page_id=152"},"modified":"2025-06-11T15:21:20","modified_gmt":"2025-06-11T13:21:20","slug":"doktorandske-seminare","status":"publish","type":"page","link":"https:\/\/websrv.saske.sk\/uef\/vzdelavanie\/phd-studium\/doktorandske-seminare\/","title":{"rendered":"Doktorandsk\u00e9 semin\u00e1re"},"content":{"rendered":"<ul>\n<li>Doktorandsk\u00fd semin\u00e1r \u00daEF SAV, v. v. i., 19.6.2025, Aula \u00fastavov SAV, Watsonova 47, Ko\u0161ice <a href=\"http:\/\/websrv.saske.sk\/uef\/wp-content\/uploads\/2025\/06\/PhD_seminary_IEP-SAS_19-06-2025.pdf\">.pdf<\/a><\/li>\n<li>Doktorandsk\u00fd semin\u00e1r \u00daEF SAV, v. v. i., 26.6.2024, Aula \u00fastavov SAV, Watsonova 47, Ko\u0161ice <a href=\"http:\/\/websrv.saske.sk\/uef\/wp-content\/uploads\/2024\/06\/PhD_seminar_IEP_26-06-2024.pdf\">.pdf<\/a><\/li>\n<li>Doktorandsk\u00fd semin\u00e1r \u00daEF SAV, v. v. i., 28.6.2023, Aula \u00fastavov SAV, Watsonova 47, Ko\u0161ice <a href=\"http:\/\/websrv.saske.sk\/uef\/wp-content\/uploads\/2024\/02\/PhD_seminar_IEP_28-06-2023_new.pdf\">.pdf<\/a><\/li>\n<li>Doktorandsk\u00fd semin\u00e1r \u00daEF SAV, v. v. i., 23.6.2022, Aula \u00fastavov SAV, Watsonova 47, Ko\u0161ice <a href=\"http:\/\/websrv.saske.sk\/uef\/wp-content\/uploads\/2022\/06\/PhD_seminar_IEP_23-06-2022.pdf\">.pdf<\/a><\/li>\n<li>Doktorandsk\u00fd webin\u00e1r \u00daEF SAV, 16.6.2021 <a href=\"http:\/\/websrv.saske.sk\/uef\/wp-content\/uploads\/2021\/06\/Doktorandsk\u00fd_webin\u00e1r_\u00daEF_16-06-2021.pdf\">.pdf<\/a><\/li>\n<li>Doktorandsk\u00fd semin\u00e1r \u00daEF SAV, 18.6.2020, Aula \u00fastavov Watsonova 47, Ko\u0161ice <a href=\"http:\/\/websrv.saske.sk\/uef\/wp-content\/uploads\/2020\/06\/Doktorandsk\u00fd_semin\u00e1r_\u00daEF_18-06-2020.pdf\">.pdf<\/a><\/li>\n<\/ul>\n","protected":false},"excerpt":{"rendered":"<p>Doktorandsk\u00fd semin\u00e1r \u00daEF SAV, v. v. i., 19.6.2025, Aula \u00fastavov SAV, Watsonova 47, Ko\u0161ice .pdf Doktorandsk\u00fd semin\u00e1r \u00daEF SAV, v. v. i., 26.6.2024, Aula \u00fastavov&#8230;<\/p>\n","protected":false},"author":1,"featured_media":0,"parent":139,"menu_order":20,"comment_status":"closed","ping_status":"closed","template":"","meta":{"footnotes":""},"_links":{"self":[{"href":"https:\/\/websrv.saske.sk\/uef\/wp-json\/wp\/v2\/pages\/152"}],"collection":[{"href":"https:\/\/websrv.saske.sk\/uef\/wp-json\/wp\/v2\/pages"}],"about":[{"href":"https:\/\/websrv.saske.sk\/uef\/wp-json\/wp\/v2\/types\/page"}],"author":[{"embeddable":true,"href":"https:\/\/websrv.saske.sk\/uef\/wp-json\/wp\/v2\/users\/1"}],"replies":[{"embeddable":true,"href":"https:\/\/websrv.saske.sk\/uef\/wp-json\/wp\/v2\/comments?post=152"}],"version-history":[{"count":8,"href":"https:\/\/websrv.saske.sk\/uef\/wp-json\/wp\/v2\/pages\/152\/revisions"}],"predecessor-version":[{"id":9185,"href":"https:\/\/websrv.saske.sk\/uef\/wp-json\/wp\/v2\/pages\/152\/revisions\/9185"}],"up":[{"embeddable":true,"href":"https:\/\/websrv.saske.sk\/uef\/wp-json\/wp\/v2\/pages\/139"}],"wp:attachment":[{"href":"https:\/\/websrv.saske.sk\/uef\/wp-json\/wp\/v2\/media?parent=152"}],"curies":[{"name":"wp","href":"https:\/\/api.w.org\/{rel}","templated":true}]}}