{"id":150,"date":"2018-09-12T09:12:26","date_gmt":"2018-09-12T07:12:26","guid":{"rendered":"http:\/\/websrv.saske.sk\/uef\/?page_id=150"},"modified":"2026-02-25T09:22:42","modified_gmt":"2026-02-25T08:22:42","slug":"temy-dizertacnych-prac","status":"publish","type":"page","link":"https:\/\/websrv.saske.sk\/uef\/vzdelavanie\/phd-studium\/temy-dizertacnych-prac\/","title":{"rendered":"T\u00e9my dizerta\u010dn\u00fdch pr\u00e1c"},"content":{"rendered":"<p><strong><u>T\u00e9my pre doktorandsk\u00e9 \u0161tudijn\u00e9 programy v akademickom roku 2026\/2027<\/u><\/strong><\/p>\n<ul>\n<li><a href=\"http:\/\/websrv.saske.sk\/uef\/wp-content\/uploads\/2026\/02\/PhD-temy-UEF-SAV_2026-2027.pdf\">T\u00e9my_PhD_<\/a><a href=\"http:\/\/websrv.saske.sk\/uef\/wp-content\/uploads\/2026\/02\/PhD-temy-UEF-SAV_2026-2027.pdf\">2026-2027<\/a><\/li>\n<\/ul>\n<p class=\"western\"><strong><u>T\u00e9my pre doktorandsk\u00e9 \u0161tudijn\u00e9 programy v akademickom roku 2025\/2026<\/u><\/strong><\/p>\n<div>\n<ul>\n<li><a href=\"http:\/\/websrv.saske.sk\/uef\/wp-content\/uploads\/2025\/06\/PhD-temy-UEF-SAV_new2.pdf\">T\u00e9my_PhD_2025-2026<\/a><\/li>\n<\/ul>\n<\/div>\n<p class=\"western\"><strong><u>T\u00e9my pre doktorandsk\u00e9 \u0161tudijn\u00e9 programy v akademickom roku 2024\/2025<\/u><\/strong><\/p>\n<div>\n<ul>\n<li><a href=\"http:\/\/websrv.saske.sk\/uef\/wp-content\/uploads\/2024\/02\/Temy-PhD-2024-2025_UEF-SAV.pdf\">T\u00e9my_PhD_2024-2025<\/a><\/li>\n<\/ul>\n<\/div>\n<p class=\"western\"><strong><u>T\u00e9my pre doktorandsk\u00e9 \u0161tudijn\u00e9 programy v akademickom roku 2023\/2024<\/u><\/strong><\/p>\n<div>\n<ul>\n<li><a href=\"http:\/\/websrv.saske.sk\/uef\/wp-content\/uploads\/2023\/02\/Temy-PhD-2023-2024_UEF-SAV.pdf\">T\u00e9my_PhD_2023-2024<\/a><\/li>\n<\/ul>\n<\/div>\n<p class=\"western\"><strong><u>T\u00e9my pre doktorandsk\u00e9 \u0161tudijn\u00e9 programy v akademickom roku 2022\/2023<\/u><\/strong><\/p>\n<div>\n<ul>\n<li><a href=\"http:\/\/websrv.saske.sk\/uef\/wp-content\/uploads\/2022\/07\/Temy-PhD-2022-2023_UEF-SAV.pdf\">T\u00e9my_PhD_2022-2023<\/a><\/li>\n<\/ul>\n<\/div>\n<p class=\"western\"><strong><u>T\u00e9my pre doktorandsk\u00e9 \u0161tudijn\u00e9 programy v akademickom roku 2021\/2022<\/u><\/strong><\/p>\n<div>\n<ul>\n<li><a href=\"http:\/\/websrv.saske.sk\/uef\/wp-content\/uploads\/2021\/02\/Temy-PhD-2021-2022_UEF-SAV.pdf\">T\u00e9my_PhD_2021-2022<\/a><\/li>\n<\/ul>\n<\/div>\n<p class=\"western\"><strong><u>T\u00e9my pre doktorandsk\u00e9 \u0161tudijn\u00e9 programy v akademickom roku 2020\/2021<\/u><\/strong><\/p>\n<div>\n<ul>\n<li><a href=\"http:\/\/websrv.saske.sk\/uef\/wp-content\/uploads\/2020\/03\/Temy-PhD-2020-2021_UEF-SAV_FINAL.pdf\">T\u00e9my_PhD_2020-2021<\/a><\/li>\n<\/ul>\n<\/div>\n<p class=\"western\"><strong><u>T\u00e9my pre doktorandsk\u00e9 \u0161tudijn\u00e9 programy v akademickom roku 2019\/2020<\/u><\/strong><\/p>\n<div>\n<ul>\n<li><a href=\"http:\/\/websrv.saske.sk\/uef\/wp-content\/uploads\/2019\/03\/T\u00e9my_PhD_2019-2020_\u00daEF.pdf\">T\u00e9my_PhD_2019-2020<\/a><\/li>\n<\/ul>\n<\/div>\n<p class=\"western\"><strong><u>T\u00e9my pre doktorandsk\u00e9 \u0161tudijn\u00e9 programy v akademickom roku 2018\/2019<\/u><\/strong><\/p>\n<div>\n<ul>\n<li><a href=\"http:\/\/websrv.saske.sk\/uef\/wp-content\/uploads\/2018\/09\/T\u00e9my_PhD_2018-2019.doc\">T\u00e9my_PhD_2018-2019<\/a><\/li>\n<\/ul>\n<p><strong><u>T\u00e9my pre doktorandsk\u00e9 \u0161tudijn\u00e9 programy v akademickom roku 2017\/2018<\/u><\/strong><\/p>\n<ul>\n<li><a href=\"http:\/\/websrv.saske.sk\/uef\/wp-content\/uploads\/2018\/09\/T\u00e9my_PhD_2017-2018.doc\">T\u00e9my_PhD_2017-2018<\/a><\/li>\n<\/ul>\n<p><strong><u>T\u00e9my pre doktorandsk\u00e9 \u0161tudijn\u00e9 programy v akademickom roku 2016\/2017<\/u><\/strong><\/p>\n<ul>\n<li><a href=\"http:\/\/websrv.saske.sk\/uef\/wp-content\/uploads\/2018\/09\/T\u00e9my_PhD_2016-2017.doc\">T\u00e9my_PhD_2016-2017<\/a><\/li>\n<\/ul>\n<\/div>\n","protected":false},"excerpt":{"rendered":"<p>T\u00e9my pre doktorandsk\u00e9 \u0161tudijn\u00e9 programy v akademickom roku 2026\/2027 T\u00e9my_PhD_2026-2027 T\u00e9my pre doktorandsk\u00e9 \u0161tudijn\u00e9 programy v akademickom roku 2025\/2026 T\u00e9my_PhD_2025-2026 T\u00e9my pre doktorandsk\u00e9 \u0161tudijn\u00e9 programy&#8230;<\/p>\n","protected":false},"author":1,"featured_media":0,"parent":139,"menu_order":10,"comment_status":"closed","ping_status":"closed","template":"","meta":{"footnotes":""},"_links":{"self":[{"href":"https:\/\/websrv.saske.sk\/uef\/wp-json\/wp\/v2\/pages\/150"}],"collection":[{"href":"https:\/\/websrv.saske.sk\/uef\/wp-json\/wp\/v2\/pages"}],"about":[{"href":"https:\/\/websrv.saske.sk\/uef\/wp-json\/wp\/v2\/types\/page"}],"author":[{"embeddable":true,"href":"https:\/\/websrv.saske.sk\/uef\/wp-json\/wp\/v2\/users\/1"}],"replies":[{"embeddable":true,"href":"https:\/\/websrv.saske.sk\/uef\/wp-json\/wp\/v2\/comments?post=150"}],"version-history":[{"count":22,"href":"https:\/\/websrv.saske.sk\/uef\/wp-json\/wp\/v2\/pages\/150\/revisions"}],"predecessor-version":[{"id":9820,"href":"https:\/\/websrv.saske.sk\/uef\/wp-json\/wp\/v2\/pages\/150\/revisions\/9820"}],"up":[{"embeddable":true,"href":"https:\/\/websrv.saske.sk\/uef\/wp-json\/wp\/v2\/pages\/139"}],"wp:attachment":[{"href":"https:\/\/websrv.saske.sk\/uef\/wp-json\/wp\/v2\/media?parent=150"}],"curies":[{"name":"wp","href":"https:\/\/api.w.org\/{rel}","templated":true}]}}