{"id":148,"date":"2018-09-12T09:12:07","date_gmt":"2018-09-12T07:12:07","guid":{"rendered":"http:\/\/websrv.saske.sk\/uef\/?page_id=148"},"modified":"2025-02-04T15:52:43","modified_gmt":"2025-02-04T14:52:43","slug":"akreditovane-studijne-odbory","status":"publish","type":"page","link":"https:\/\/websrv.saske.sk\/uef\/vzdelavanie\/phd-studium\/akreditovane-studijne-odbory\/","title":{"rendered":"Akreditovan\u00e9 \u0161tudijn\u00e9 programy"},"content":{"rendered":"<hr class=\"wp-block-separator\" \/>\r\n\r\n\r\n<p class=\"has-text-color has-vivid-cyan-blue-color\" style=\"font-size: 18px\"><strong>Teoretick\u00e1 fyzika<\/strong><\/p>\r\n\r\n<p align=\"justify\">\u00a0<\/p>\r\n<p align=\"justify\">Garant: <em>RNDr. Pavol Farka\u0161ovsk\u00fd, DrSc.<\/em><br \/>Stupe\u0148 vysoko\u0161kolsk\u00e9ho \u0161t\u00fadia: tret\u00ed (doktorandsk\u00fd \u0161tudijn\u00fd program)<br \/>Ude\u013eovan\u00fd akademick\u00fd titul: PhD. &#8211; philosophiae doctor<br \/>Forma \u0161t\u00fadia: <a href=\"http:\/\/www.saske.sk\/Uef\/docs_pub\/vseobmatden.jpg\" target=\"_self\" rel=\"noopener\">denn\u00e1<\/a> \/ <a href=\"http:\/\/www.saske.sk\/Uef\/docs_pub\/vseobmatext.jpg\" target=\"_self\" rel=\"noopener\">extern\u00e1<\/a><br \/>\u0160tandardn\u00e1 d\u013a\u017eka \u0161t\u00fadia: 4 roky v dennej \/ 5 rokov v externej forme<\/p>\r\n<hr class=\"wp-block-separator\" \/>\r\n\r\n\r\n<p class=\"has-text-color has-vivid-cyan-blue-color\" style=\"font-size: 18px\"><strong>Fyzika kondenzovan\u00fdch l\u00e1tok<\/strong><\/p>\r\n\r\n\r\n\r\n<p><br \/>Garant: <em>prof. RNDr. Peter Samuely, DrSc.<\/em><br \/>Stupe\u0148 vysoko\u0161kolsk\u00e9ho \u0161t\u00fadia: tret\u00ed (doktorandsk\u00fd \u0161tudijn\u00fd program)<br \/>Ude\u013eovan\u00fd akademick\u00fd titul: PhD. &#8211; philosophiae doctor<br \/>Forma \u0161t\u00fadia:\u00a0<a href=\"http:\/\/www.saske.sk\/Uef\/docs_pub\/condenden.jpg\">denn\u00e1<\/a>\u00a0\/\u00a0<a href=\"http:\/\/www.saske.sk\/Uef\/docs_pub\/condenext.jpg\">extern\u00e1<\/a><br \/>\u0160tandardn\u00e1 d\u013a\u017eka \u0161t\u00fadia: 4 roky v dennej \/ 5 rokov v externej forme<\/p>\r\n<hr \/>\r\n\r\n\r\n<p class=\"has-text-color has-vivid-cyan-blue-color\"><strong>Biofyzika<\/strong><\/p>\r\n<p><br \/>Garant: <em>doc. RNDr. Zuzana Ga\u017eov\u00e1, DrSc.<\/em><br \/>Stupe\u0148 vysoko\u0161kolsk\u00e9ho \u0161t\u00fadia: tret\u00ed (doktorandsk\u00fd \u0161tudijn\u00fd program)<br \/>Ude\u013eovan\u00fd akademick\u00fd titul: PhD. &#8211; philosophiae doctor<br \/>Forma \u0161t\u00fadia:\u00a0denn\u00e1\u00a0\/\u00a0extern\u00e1<br \/>\u0160tandardn\u00e1 d\u013a\u017eka \u0161t\u00fadia: 4 roky v dennej \/ 5 rokov v externej forme<\/p>\r\n<hr \/>\r\n<p>&nbsp;<\/p>\r\n<p class=\"has-text-color has-vivid-cyan-blue-color\" style=\"font-size: 18px\"><strong>Materi\u00e1ly<\/strong><\/p>\r\n<p><br \/>Garant: <em>RNDr. Mari\u00e1n Mihalik, CSc.<\/em><br \/>Stupe\u0148 vysoko\u0161kolsk\u00e9ho \u0161t\u00fadia: tret\u00ed (doktorandsk\u00fd \u0161tudijn\u00fd program)<br \/>Ude\u013eovan\u00fd akademick\u00fd titul: PhD. &#8211; philosophiae doctor<br \/>Forma \u0161t\u00fadia:\u00a0denn\u00e1\u00a0\/\u00a0extern\u00e1<br \/>\u0160tandardn\u00e1 d\u013a\u017eka \u0161t\u00fadia: 4 roky v dennej \/ 5 rokov v externej forme<\/p>\r\n\r\n\r\n\r\n\r\n<hr class=\"wp-block-separator\" \/>\r\n\r\n\r\n<p class=\"has-text-color has-vivid-cyan-blue-color\" style=\"font-size: 18px\"><strong>Fyzik\u00e1lne in\u017einierstvo progres\u00edvnych materi\u00e1lov<\/strong><\/p>\r\n\r\n\r\n\r\n<p><br \/>Garant:\u00a0<em>doc. RNDr. Slavom\u00edr Gab\u00e1ni, PhD.<\/em><br \/>Stupe\u0148 vysoko\u0161kolsk\u00e9ho \u0161t\u00fadia: tret\u00ed (doktorandsk\u00fd \u0161tudijn\u00fd program)<br \/>Ude\u013eovan\u00fd akademick\u00fd titul: PhD. &#8211; philosophiae doctor<br \/>Forma \u0161t\u00fadia: denn\u00e1 \/ extern\u00e1<br \/>\u0160tandardn\u00e1 d\u013a\u017eka \u0161t\u00fadia: 4 roky v dennej \/ 5 rokov v externej forme<\/p>\r\n\r\n\r\n<hr class=\"wp-block-separator\" \/>\r\n\r\n\r\n<p class=\"has-text-color has-vivid-cyan-blue-color\" style=\"font-size: 18px\"><strong>Progres\u00edvne materi\u00e1ly<\/strong><\/p>\r\n\r\n\r\n\r\n<p><br \/>Garant: <em>RNDr. Ivan \u0160korv\u00e1nek, CSc.<\/em><br \/>Stupe\u0148 vysoko\u0161kolsk\u00e9ho \u0161t\u00fadia: tret\u00ed (doktorandsk\u00fd \u0161tudijn\u00fd program)<br \/>Ude\u013eovan\u00fd akademick\u00fd titul: PhD. &#8211; philosophiae doctor<br \/>Forma \u0161t\u00fadia: denn\u00e1 \/ extern\u00e1<br \/>\u0160tandardn\u00e1 d\u013a\u017eka \u0161t\u00fadia: 4 roky v dennej \/ 5 rokov v externej forme<\/p>\r\n\r\n\r\n<hr class=\"wp-block-separator\" \/>\r\n\r\n\r\n<p class=\"has-text-color has-vivid-cyan-blue-color\" style=\"font-size: 18px\"><strong>Jadrov\u00e1 a subjadrov\u00e1 fyzika<\/strong><\/p>\r\n\r\n\r\n\r\n<p><br \/>Garant: <em>RNDr. Ivan Kr\u00e1lik, CSc.<\/em><br \/>Stupe\u0148 vysoko\u0161kolsk\u00e9ho \u0161t\u00fadia: tret\u00ed (doktorandsk\u00fd \u0161tudijn\u00fd program)<br \/>Ude\u013eovan\u00fd akademick\u00fd titul: PhD. &#8211; philosophiae doctor<br \/>Forma \u0161t\u00fadia: denn\u00e1 \/ extern\u00e1<br \/>\u0160tandardn\u00e1 d\u013a\u017eka \u0161t\u00fadia: 4 roky v dennej \/ 5 rokov v externej forme<\/p>\r\n\r\n\r\n<hr class=\"wp-block-separator\" \/>\r\n<p>\r\n\r\n\r\n\r\n<\/p>\r\n<p>\r\n\r\n\r\n\r\n<\/p>\r\n<h3><strong><span style=\"color: #0000ff\"><em>Legislat\u00edva<\/em><\/span><\/strong><\/h3>\r\n<hr \/>\r\n<ul>\r\n<li><a href=\"http:\/\/websrv.saske.sk\/uef\/wp-content\/uploads\/2019\/03\/ZZ_2002_131_20181101_o_vysokych_skolach_01-04_2019.pdf\">Z\u00e1kon NR SR 131\/2002 Z.z.<\/a> o vysok\u00fdch \u0161kol\u00e1ch a o zmene a doplnen\u00fd niektor\u00fdch z\u00e1konov v znen\u00ed neskor\u0161\u00edch predpisov<\/li>\r\n<li><a href=\"http:\/\/websrv.saske.sk\/uef\/wp-content\/uploads\/2019\/03\/ZZ_2018_269_20181101_kvalita_vs_vzdelavania.pdf\">Z\u00e1kon NR SR \u010d. 269\/2018 Z.z<\/a> o zabezpe\u010dovan\u00ed kvality vysoko\u0161kolsk\u00e9ho vzdel\u00e1vania;\u00a0 aktu\u00e1lne znenie z\u00e1kona<\/li>\r\n<li><a href=\"http:\/\/websrv.saske.sk\/uef\/wp-content\/uploads\/2019\/03\/Doktorandsk\u00e9-\u0161t\u00fadium-2019.pdf\">Doktorandsk\u00e9 \u0161t\u00fadium v podmienkach platnosti novely Z\u00e1kona o vysok\u00fdch \u0161kol\u00e1ch a Z\u00e1kona o zabezpe\u010dovan\u00ed kvality vysoko\u0161kolsk\u00e9ho vzdel\u00e1vania<\/a><\/li>\r\n<\/ul>\r\n<p>&#8211; &#8211; &#8211; &#8211; &#8211; &#8211; &#8211; &#8211; &#8211; &#8211; &#8211; &#8211; &#8211; &#8211; &#8211; &#8211; &#8211; &#8211; &#8211; &#8211; &#8211; &#8211; &#8211; &#8211; &#8211; &#8211; &#8211; &#8211; &#8211; &#8211; &#8211; &#8211; &#8211; &#8211; &#8211; &#8211; &#8211; &#8211; &#8211; &#8211; &#8211; &#8211; &#8211; &#8211; &#8211; &#8211; &#8211; &#8211; &#8211; &#8211; &#8211; &#8211; &#8211; &#8211; &#8211; &#8211; &#8211; &#8211; &#8211; &#8211; &#8211; &#8211; &#8211; &#8211; &#8211; &#8211; &#8211;<\/p>\r\n<ul>\r\n<li>PhD \u0161t\u00fadium realizovan\u00e9 na \u00dastave experiment\u00e1lnej fyziky SAV sa riadi:<\/li>\r\n<\/ul>\r\n<p>\u00a0 \u00a0 \u00a0 \u00a0 \u00a0<a href=\"http:\/\/websrv.saske.sk\/uef\/wp-content\/uploads\/2019\/02\/Studijny-proriadok-DS_UEF_SAV.pdf\"><em>Smernicou \u00daEF SAV pre doktorandsk\u00e9 \u0161t\u00fadium<\/em><\/a><\/p>\r\n<p>\u00a0 \u00a0 \u00a0 \u00a0 \u00a0<a href=\"http:\/\/websrv.saske.sk\/uef\/wp-content\/uploads\/2019\/08\/studijny-poriadok-doktorand-upjs-maj-2019-dopl.pdf\"><em>Smernicou Univerzity Pavla Jozefa \u0160af\u00e1rika pre doktorandsk\u00e9 \u0161t\u00fadium<\/em><\/a><\/p>\r\n<p>\u00a0 \u00a0 \u00a0 \u00a0 \u00a0<a href=\"\/\/websrv.saske.sk\/uef\/wp-content\/uploads\/2019\/08\/StudijnyPoriadokTUKE_uz_D1-D5_ucinny_1_10_2018_web.pdf\"><em>Smernicou Technickej Univerzity v Ko\u0161iciach pre doktorandsk\u00e9 \u0161t\u00fadium<\/em><\/a><\/p>\r\n<p><em>\u00a0 \u00a0 \u00a0 \u00a0 \u00a0<\/em><\/p>\r\n\r\n\r\n\r\n<ul>\r\n<li>R\u00e1mcov\u00e1 dohoda o spolupr\u00e1ci v oblasti doktorandsk\u00e9ho \u0161t\u00fadia &#8211; Univerzita Pavla Jozefa \u0160af\u00e1rika<\/li>\r\n<\/ul>\r\n<p style=\"padding-left: 60px\"><a href=\"http:\/\/websrv.saske.sk\/uef\/wp-content\/uploads\/2019\/06\/R\u00e1mcov\u00e1-dohoda_Biofyzika_UPJ\u0160_2019.pdf\">Biofyzika<\/a><\/p>\r\n<p style=\"padding-left: 60px\"><a href=\"http:\/\/websrv.saske.sk\/uef\/wp-content\/uploads\/2019\/06\/R\u00e1mcov\u00e1-dohoda_-Fyzika-kondenzovan\u00fdch-l\u00e1tok-a-akustika_UPJ\u0160_2019.pdf\">Fyzika kondenzovan\u00fdch l\u00e1tok a akustika<\/a><\/p>\r\n<p style=\"padding-left: 60px\"><a href=\"http:\/\/websrv.saske.sk\/uef\/wp-content\/uploads\/2019\/06\/R\u00e1mcov\u00e1-dohoda_V\u0161eobecn\u00e1-fyzika-a-matematick\u00e1-fyzika_UPJ\u0160_2019.pdf\">V\u0161eobecn\u00e1 fyzika a matematick\u00e1 fyzika<\/a><\/p>\r\n<p style=\"padding-left: 60px\"><a href=\"http:\/\/websrv.saske.sk\/uef\/wp-content\/uploads\/2019\/11\/R\u00e1mcov\u00e1-dohoda-PrograsivneMaterialy-s-UPJS_2019_zakryte.pdf\">Progres\u00edvne materi\u00e1ly<\/a><\/p>\r\n<p style=\"padding-left: 60px\"><span style=\"color: #0000ff\"><a style=\"color: #0000ff\" href=\"http:\/\/websrv.saske.sk\/uef\/wp-content\/uploads\/2021\/04\/PF_UPJS_2021_-Jadrova_a_subjadrova_fyzika.pdf\">Jadrov\u00e1 a subjadrov\u00e1 fyzika<\/a><\/span><\/p>\r\n\r\n\r\n\r\n<ul>\r\n<li><a href=\"http:\/\/websrv.saske.sk\/uef\/wp-content\/uploads\/2019\/06\/ramcova-zmluva-UEF-a-FMMR_2019.pdf\">R\u00e1mcov\u00e1 dohoda o spolupr\u00e1ci &#8211; Technick\u00e1 Univerzita v Ko\u0161iciach, Fakulta materi\u00e1lov, metalurgie a spracovania odpadov<\/a><\/li>\r\n<\/ul>\r\n\r\n\r\n\r\n<ul>\r\n<li><a href=\"http:\/\/websrv.saske.sk\/uef\/wp-content\/uploads\/2023\/02\/RD_FEI-TUKE-vs-UEF-SAV-o-PhD-studiu_2022_final_na-web.pdf\">R\u00e1mcov\u00e1 dohoda o spolupr\u00e1ci &#8211; Technick\u00e1 Univerzita v Ko\u0161iciach, Fakulta elektrotechniky a informatiky<\/a><\/li>\r\n<\/ul>\r\n\r\n\r\n","protected":false},"excerpt":{"rendered":"<p>Teoretick\u00e1 fyzika \u00a0 Garant: RNDr. Pavol Farka\u0161ovsk\u00fd, DrSc.Stupe\u0148 vysoko\u0161kolsk\u00e9ho \u0161t\u00fadia: tret\u00ed (doktorandsk\u00fd \u0161tudijn\u00fd program)Ude\u013eovan\u00fd akademick\u00fd titul: PhD. &#8211; philosophiae doctorForma \u0161t\u00fadia: denn\u00e1 \/ extern\u00e1\u0160tandardn\u00e1 d\u013a\u017eka&#8230;<\/p>\n","protected":false},"author":1,"featured_media":0,"parent":139,"menu_order":0,"comment_status":"closed","ping_status":"closed","template":"","meta":{"footnotes":""},"_links":{"self":[{"href":"https:\/\/websrv.saske.sk\/uef\/wp-json\/wp\/v2\/pages\/148"}],"collection":[{"href":"https:\/\/websrv.saske.sk\/uef\/wp-json\/wp\/v2\/pages"}],"about":[{"href":"https:\/\/websrv.saske.sk\/uef\/wp-json\/wp\/v2\/types\/page"}],"author":[{"embeddable":true,"href":"https:\/\/websrv.saske.sk\/uef\/wp-json\/wp\/v2\/users\/1"}],"replies":[{"embeddable":true,"href":"https:\/\/websrv.saske.sk\/uef\/wp-json\/wp\/v2\/comments?post=148"}],"version-history":[{"count":48,"href":"https:\/\/websrv.saske.sk\/uef\/wp-json\/wp\/v2\/pages\/148\/revisions"}],"predecessor-version":[{"id":8775,"href":"https:\/\/websrv.saske.sk\/uef\/wp-json\/wp\/v2\/pages\/148\/revisions\/8775"}],"up":[{"embeddable":true,"href":"https:\/\/websrv.saske.sk\/uef\/wp-json\/wp\/v2\/pages\/139"}],"wp:attachment":[{"href":"https:\/\/websrv.saske.sk\/uef\/wp-json\/wp\/v2\/media?parent=148"}],"curies":[{"name":"wp","href":"https:\/\/api.w.org\/{rel}","templated":true}]}}