{"id":146,"date":"2018-09-12T09:11:42","date_gmt":"2018-09-12T07:11:42","guid":{"rendered":"http:\/\/websrv.saske.sk\/uef\/?page_id=146"},"modified":"2018-10-11T16:03:14","modified_gmt":"2018-10-11T14:03:14","slug":"hodnost-drsc","status":"publish","type":"page","link":"https:\/\/websrv.saske.sk\/uef\/vzdelavanie\/hodnost-drsc\/","title":{"rendered":"Hodnos\u0165 DrSc."},"content":{"rendered":"<p>&nbsp;<\/p>\n<h3><span style=\"color: #3366ff\">Odpor\u00fa\u010dan\u00e9 krit\u00e9ri\u00e1 pre uch\u00e1dza\u010dov o vedeck\u00fa hodnos\u0165 \u201eDrSc.\u201c<\/span><\/h3>\n<div>\n<div>Uch\u00e1dza\u010d o vedeck\u00fa hodnos\u0165 \u201eDrSc.\u201c je v zmysle vyhl\u00e1\u0161ky SKVH \u010d. 65\/1977 Zb. o konan\u00ed pri ude\u013eovan\u00ed vedeck\u00fdch hodnost\u00ed v znen\u00ed vyhl\u00e1\u0161ky SKVH \u010d. 302\/1990 Zb., ktorou sa men\u00ed a dop\u013a\u0148a vyhl\u00e1\u0161ka o konan\u00ed pri ude\u013eovan\u00ed vedeck\u00fdch hodnost\u00ed, charakterizovan\u00fd takto:<\/div>\n<div>\u201eVedeck\u00e1 hodnos\u0165 doktora vied vyjadruje zvl\u00e1\u0161\u0165 vysok\u00fa vedeck\u00fa kvalifik\u00e1ciu preuk\u00e1zan\u00fa vytvoren\u00edm z\u00e1va\u017en\u00fdch vedecky origin\u00e1lnych pr\u00e1c d\u00f4le\u017eit\u00fdch pre rozvoj b\u00e1dania v ur\u010ditom vednom odbore alebo pre spolo\u010densk\u00fa prax a charakterizuj\u00facich vyhranen\u00fa vedeck\u00fa osobnos\u0165.\u201c<\/div>\n<div>SKVH na svojom zasadnut\u00ed 13. m\u00e1ja 2014 prijala rozhodnutie, ktor\u00e9 men\u00ed a dop\u013a\u0148a doteraz pou\u017e\u00edvan\u00e9 orienta\u010dn\u00e9 krit\u00e9ri\u00e1. Predch\u00e1dzaj\u00face orienta\u010dn\u00e9 krit\u00e9ri\u00e1 s\u00fa nahraden\u00e9 odpor\u00fa\u010dan\u00fdmi krit\u00e9riami, ktor\u00e9 vznikli na z\u00e1klade anal\u00fdzy priemern\u00fdch scientometrick\u00fdch parametrov v jednotliv\u00fdch skupin\u00e1ch vedn\u00fdch odborov. Odpor\u00fa\u010dan\u00e9 krit\u00e9ri\u00e1 sl\u00fa\u017eia na porovnanie scientometrick\u00fdch parametrov uch\u00e1dza\u010da so svetov\u00fdm priemerom v danej vednej oblasti.<\/div>\n<div>Tieto krit\u00e9ri\u00e1 s\u00fa jedn\u00fdm z podkladov na hodnotenie uch\u00e1dza\u010da v komisi\u00e1ch pre obhajoby doktorsk\u00fdch dizerta\u010dn\u00fdch pr\u00e1c. \u010eal\u0161\u00edm v\u00fdznamn\u00fdm podkladom hodnotenia je osnova k \u017eiadosti o udelenie vedeckej hodnosti \u201eDrSc.\u201c. SKVH bude po\u017eadova\u0165 od predsedu komisie pre obhajoby argumentmi podlo\u017een\u00e9 zd\u00f4vodnenie \u017eiadosti o obhajobu v pr\u00edpadoch, ke\u010f uch\u00e1dza\u010d nesp\u013a\u0148a odpor\u00fa\u010dan\u00e9 krit\u00e9ri\u00e1 a ani z osnovy nebude zrejm\u00e9, \u017ee uch\u00e1dza\u010d vytvoril z\u00e1va\u017en\u00e9 a vedecky origin\u00e1lne dielo na rozvoj b\u00e1dania alebo spolo\u010densk\u00fa prax v s\u00falade s pr\u00edslu\u0161nou vyhl\u00e1\u0161kou.<\/div>\n<\/div>\n<ul class=\"list-files\">\n<li class=\"first\"><img decoding=\"async\" class=\"filelist-icon\" src=\"https:\/\/www.minedu.sk\/images\/icons\/xlsx.gif\" alt=\"S\u00fabor typu xlsx\" border=\"0\" \/>\n<div class=\"filelist-name\"><a href=\"https:\/\/www.minedu.sk\/data\/att\/12674.xlsx\">Odpor\u00fa\u010dan\u00e9 krit\u00e9ri\u00e1 za vedn\u00e9 odbory SSH (spolo\u010densk\u00e9 a humanitn\u00e9 vedy)<\/a><\/div>\n<div class=\"filelist-size\">13.94 kB<\/div>\n<div class=\"cleaner\"><\/div>\n<\/li>\n<li><img decoding=\"async\" class=\"filelist-icon\" src=\"https:\/\/www.minedu.sk\/images\/icons\/xlsx.gif\" alt=\"S\u00fabor typu xlsx\" border=\"0\" \/>\n<div class=\"filelist-name\"><a href=\"https:\/\/www.minedu.sk\/data\/att\/9955.xlsx\">Odpor\u00fa\u010dan\u00e9 krit\u00e9ri\u00e1 pre fyzick\u00fa a hum\u00e1nnu geografiu<\/a><\/div>\n<div class=\"filelist-size\">20.96 kB<\/div>\n<div class=\"cleaner\"><\/div>\n<\/li>\n<li class=\"last\"><img decoding=\"async\" class=\"filelist-icon\" src=\"https:\/\/www.minedu.sk\/images\/icons\/pdf.gif\" alt=\"S\u00fabor typu pdf\" border=\"0\" \/>\n<div class=\"filelist-name\"><a href=\"https:\/\/www.minedu.sk\/data\/att\/6392.pdf\">Odpor\u00fa\u010dan\u00e9 krit\u00e9ri\u00e1 za vedn\u00e9 odbory STEM (pr\u00edrodn\u00e9, technick\u00e9 a lek\u00e1rske vedy)<\/a><\/div>\n<\/li>\n<\/ul>\n<p>&nbsp;<\/p>\n<p>\u010eal\u0161ie inform\u00e1cie dostupn\u00e9 na:<\/p>\n<p><a href=\"https:\/\/www.minedu.sk\/slovenska-komisia-pre-vedecke-hodnosti\/\">https:\/\/www.minedu.sk\/slovenska-komisia-pre-vedecke-hodnosti\/<\/a><\/p>\n<p><a href=\"https:\/\/www.minedu.sk\/predkladanie-navrhov-a-kriteria-pre-uchadzacov-o-ziskanie-drsc\/\">https:\/\/www.minedu.sk\/predkladanie-navrhov-a-kriteria-pre-uchadzacov-o-ziskanie-drsc\/<\/a><\/p>\n<p><a href=\"https:\/\/www.minedu.sk\/odporucane-kriteria-pre-uchadzacov-o-vedecku-hodnost-%E2%80%9Edrsc%E2%80%9C\/\">https:\/\/www.minedu.sk\/odporucane-kriteria-pre-uchadzacov-o-vedecku-hodnost-%E2%80%9Edrsc%E2%80%9C\/<\/a><\/p>\n<p>&nbsp;<\/p>\n","protected":false},"excerpt":{"rendered":"<p>&nbsp; Odpor\u00fa\u010dan\u00e9 krit\u00e9ri\u00e1 pre uch\u00e1dza\u010dov o vedeck\u00fa hodnos\u0165 \u201eDrSc.\u201c Uch\u00e1dza\u010d o vedeck\u00fa hodnos\u0165 \u201eDrSc.\u201c je v zmysle vyhl\u00e1\u0161ky SKVH \u010d. 65\/1977 Zb. o konan\u00ed pri&#8230;<\/p>\n","protected":false},"author":1,"featured_media":0,"parent":13,"menu_order":30,"comment_status":"closed","ping_status":"closed","template":"","meta":{"footnotes":""},"_links":{"self":[{"href":"https:\/\/websrv.saske.sk\/uef\/wp-json\/wp\/v2\/pages\/146"}],"collection":[{"href":"https:\/\/websrv.saske.sk\/uef\/wp-json\/wp\/v2\/pages"}],"about":[{"href":"https:\/\/websrv.saske.sk\/uef\/wp-json\/wp\/v2\/types\/page"}],"author":[{"embeddable":true,"href":"https:\/\/websrv.saske.sk\/uef\/wp-json\/wp\/v2\/users\/1"}],"replies":[{"embeddable":true,"href":"https:\/\/websrv.saske.sk\/uef\/wp-json\/wp\/v2\/comments?post=146"}],"version-history":[{"count":4,"href":"https:\/\/websrv.saske.sk\/uef\/wp-json\/wp\/v2\/pages\/146\/revisions"}],"predecessor-version":[{"id":1633,"href":"https:\/\/websrv.saske.sk\/uef\/wp-json\/wp\/v2\/pages\/146\/revisions\/1633"}],"up":[{"embeddable":true,"href":"https:\/\/websrv.saske.sk\/uef\/wp-json\/wp\/v2\/pages\/13"}],"wp:attachment":[{"href":"https:\/\/websrv.saske.sk\/uef\/wp-json\/wp\/v2\/media?parent=146"}],"curies":[{"name":"wp","href":"https:\/\/api.w.org\/{rel}","templated":true}]}}