{"id":144,"date":"2018-09-12T09:11:26","date_gmt":"2018-09-12T07:11:26","guid":{"rendered":"http:\/\/websrv.saske.sk\/uef\/?page_id=144"},"modified":"2018-10-11T15:59:47","modified_gmt":"2018-10-11T13:59:47","slug":"vedecka-kvalifikacia-i-iia","status":"publish","type":"page","link":"https:\/\/websrv.saske.sk\/uef\/vzdelavanie\/vedecka-kvalifikacia-i-iia\/","title":{"rendered":"Vedeck\u00e1 kvalifik\u00e1cia I, IIa"},"content":{"rendered":"<p><a href=\"http:\/\/websrv.saske.sk\/uef\/wp-content\/uploads\/2018\/10\/vyzva-na-rok-2018.pdf\">v\u00fdzva na rok 2018<\/a><\/p>\n<p><a href=\"http:\/\/websrv.saske.sk\/uef\/wp-content\/uploads\/2018\/10\/Krit\u00e9ria-pre-prizn\u00e1vanie-vedeck\u00fdch-kvalifika\u010dn\u00fdch-stup\u0148ov-I-a-IIa-priloha-c.-3.doc\">Krit\u00e9ria pre prizn\u00e1vanie vedeck\u00fdch kvalifika\u010dn\u00fdch stup\u0148ov I a IIa <\/a><\/p>\n<p><a href=\"http:\/\/websrv.saske.sk\/uef\/wp-content\/uploads\/2018\/10\/Uvodny-list-navrhu-priloha-c.-1.doc\">\u00davodn\u00fd list n\u00e1vrhu- pr\u00edloha \u010d. 1<\/a><\/p>\n<p><a href=\"http:\/\/websrv.saske.sk\/uef\/wp-content\/uploads\/2018\/10\/Preh\u013ead-v\u00fdstupov-I-pr\u00edloha-\u010d.2.doc\">Preh\u013ead v\u00fdstupov I &#8211; pr\u00edloha \u010d.2<\/a><\/p>\n<p><a href=\"http:\/\/websrv.saske.sk\/uef\/wp-content\/uploads\/2018\/10\/Preh\u013ead-v\u00fdstupov-IIa-pr\u00edloha-\u010d.2.doc\">Preh\u013ead v\u00fdstupov IIa &#8211; pr\u00edloha \u010d.2<\/a><\/p>\n<p>&nbsp;<\/p>\n<p>\u010eal\u0161ie inform\u00e1cie dostupn\u00e9 na: <a href=\"https:\/\/www.sav.sk\/index.php?lang=sk&amp;doc=sas-commission&amp;commission_no=25\">https:\/\/www.sav.sk\/index.php?lang=sk&amp;doc=sas-commission&amp;commission_no=25<\/a><\/p>\n","protected":false},"excerpt":{"rendered":"<p>v\u00fdzva na rok 2018 Krit\u00e9ria pre prizn\u00e1vanie vedeck\u00fdch kvalifika\u010dn\u00fdch stup\u0148ov I a IIa \u00davodn\u00fd list n\u00e1vrhu- pr\u00edloha \u010d. 1 Preh\u013ead v\u00fdstupov I &#8211; pr\u00edloha \u010d.2&#8230;<\/p>\n","protected":false},"author":1,"featured_media":0,"parent":13,"menu_order":20,"comment_status":"closed","ping_status":"closed","template":"","meta":{"footnotes":""},"_links":{"self":[{"href":"https:\/\/websrv.saske.sk\/uef\/wp-json\/wp\/v2\/pages\/144"}],"collection":[{"href":"https:\/\/websrv.saske.sk\/uef\/wp-json\/wp\/v2\/pages"}],"about":[{"href":"https:\/\/websrv.saske.sk\/uef\/wp-json\/wp\/v2\/types\/page"}],"author":[{"embeddable":true,"href":"https:\/\/websrv.saske.sk\/uef\/wp-json\/wp\/v2\/users\/1"}],"replies":[{"embeddable":true,"href":"https:\/\/websrv.saske.sk\/uef\/wp-json\/wp\/v2\/comments?post=144"}],"version-history":[{"count":4,"href":"https:\/\/websrv.saske.sk\/uef\/wp-json\/wp\/v2\/pages\/144\/revisions"}],"predecessor-version":[{"id":1255,"href":"https:\/\/websrv.saske.sk\/uef\/wp-json\/wp\/v2\/pages\/144\/revisions\/1255"}],"up":[{"embeddable":true,"href":"https:\/\/websrv.saske.sk\/uef\/wp-json\/wp\/v2\/pages\/13"}],"wp:attachment":[{"href":"https:\/\/websrv.saske.sk\/uef\/wp-json\/wp\/v2\/media?parent=144"}],"curies":[{"name":"wp","href":"https:\/\/api.w.org\/{rel}","templated":true}]}}