{"id":139,"date":"2018-09-12T09:10:45","date_gmt":"2018-09-12T07:10:45","guid":{"rendered":"http:\/\/websrv.saske.sk\/uef\/?page_id=139"},"modified":"2019-06-26T11:49:53","modified_gmt":"2019-06-26T09:49:53","slug":"phd-studium","status":"publish","type":"page","link":"https:\/\/websrv.saske.sk\/uef\/vzdelavanie\/phd-studium\/","title":{"rendered":"PhD. \u0161t\u00fadium"},"content":{"rendered":"<p>\u00dastav experiment\u00e1lnej fyziky SAV v Ko\u0161iciach sa spolupodie\u013ea ako extern\u00e1 vzdel\u00e1vacia in\u0161tit\u00facia v zmysle ustanoven\u00ed z\u00e1kona <a href=\"http:\/\/www.saske.sk\/Uef\/docs_pub\/zz131_2002.pdf\" target=\"_self\">\u010d. 131\/2002 Z.z.<\/a> v platnom znen\u00ed a Krit\u00e9ri\u00ed akredit\u00e1cie nevysoko\u0161kolsk\u00fdch in\u0161tit\u00faci\u00ed, schv\u00e1len\u00fdch rozhodnut\u00edm ministra \u0161kolstva 1. apr\u00edla 2003, na uskuto\u010d\u0148ovan\u00ed nasleduj\u00facich \u0161tudijn\u00fdch programov tretieho stup\u0148a, ktor\u00e9 sa realizuj\u00fa v spolupr\u00e1ci s <strong><a href=\"http:\/\/www.upjs.sk\/prirodovedecka-fakulta\/\">Pr\u00edrodovedeckou fakultou<\/a> <\/strong>Univerzity P. J. \u0160af\u00e1rika v Ko\u0161iciach (<em>R\u00e1mcov\u00e1 dohoda o spolupr\u00e1ci v oblasti doktorandsk\u00e9ho \u0161t\u00fadia<\/em> zo d\u0148a 20.4.2004 -&gt; <a href=\"http:\/\/uef.saske.sk\/public\/media\/3419\/Ramcova_dohoda_UPJS.doc\" target=\"_self\">.doc<\/a>, <a href=\"http:\/\/uef.saske.sk\/public\/media\/3419\/Ramcova_dohoda_UPJS.pdf\" target=\"_self\">.pdf<\/a>) a <strong><a href=\"http:\/\/web.tuke.sk\/hf\/\">Fakultou materi\u00e1lov, metalurgie a recykl\u00e1cie<\/a><\/strong> Technickej univerzity v Ko\u0161iciach a <strong><a href=\"http:\/\/tuke.sk\/wps\/portal\/tuke\/faculties\/fei\/\"> Fakultou elektrotechniky a informatiky<\/a><\/strong> Technickej univerzity v Ko\u0161iciach\u00a0 (<em>R\u00e1mcov\u00e1 dohoda o spolupr\u00e1ci s externou vzdel\u00e1vacou in\u0161tit\u00faciou pri realiz\u00e1cii doktorandsk\u00e9ho \u0161t\u00fadia <\/em>zo d\u0148a 12.6.2009 -&gt; <a href=\"http:\/\/websrv.saske.sk\/uef\/wp-content\/uploads\/2019\/06\/ramcova-zmluva-UEF-a-FMMR_2019.pdf\">(.pdf)<\/a> a\u00a0 <a href=\"http:\/\/websrv.saske.sk\/uef\/wp-content\/uploads\/2019\/02\/Ramcova-dohoda-D\u0160-\u00daEF-SAV-a-FEI-TUKE.pdf\">(.pdf)<\/a><\/p>\n","protected":false},"excerpt":{"rendered":"<p>\u00dastav experiment\u00e1lnej fyziky SAV v Ko\u0161iciach sa spolupodie\u013ea ako extern\u00e1 vzdel\u00e1vacia in\u0161tit\u00facia v zmysle ustanoven\u00ed z\u00e1kona \u010d. 131\/2002 Z.z. v platnom znen\u00ed a Krit\u00e9ri\u00ed akredit\u00e1cie&#8230;<\/p>\n","protected":false},"author":1,"featured_media":0,"parent":13,"menu_order":0,"comment_status":"closed","ping_status":"closed","template":"","meta":{"footnotes":""},"_links":{"self":[{"href":"https:\/\/websrv.saske.sk\/uef\/wp-json\/wp\/v2\/pages\/139"}],"collection":[{"href":"https:\/\/websrv.saske.sk\/uef\/wp-json\/wp\/v2\/pages"}],"about":[{"href":"https:\/\/websrv.saske.sk\/uef\/wp-json\/wp\/v2\/types\/page"}],"author":[{"embeddable":true,"href":"https:\/\/websrv.saske.sk\/uef\/wp-json\/wp\/v2\/users\/1"}],"replies":[{"embeddable":true,"href":"https:\/\/websrv.saske.sk\/uef\/wp-json\/wp\/v2\/comments?post=139"}],"version-history":[{"count":11,"href":"https:\/\/websrv.saske.sk\/uef\/wp-json\/wp\/v2\/pages\/139\/revisions"}],"predecessor-version":[{"id":4451,"href":"https:\/\/websrv.saske.sk\/uef\/wp-json\/wp\/v2\/pages\/139\/revisions\/4451"}],"up":[{"embeddable":true,"href":"https:\/\/websrv.saske.sk\/uef\/wp-json\/wp\/v2\/pages\/13"}],"wp:attachment":[{"href":"https:\/\/websrv.saske.sk\/uef\/wp-json\/wp\/v2\/media?parent=139"}],"curies":[{"name":"wp","href":"https:\/\/api.w.org\/{rel}","templated":true}]}}