{"id":1202,"date":"2018-10-11T11:56:56","date_gmt":"2018-10-11T09:56:56","guid":{"rendered":"http:\/\/websrv.saske.sk\/uef\/?page_id=1202"},"modified":"2018-10-11T12:01:04","modified_gmt":"2018-10-11T10:01:04","slug":"temy-dizertacnych-prac","status":"publish","type":"page","link":"https:\/\/websrv.saske.sk\/uef\/intranet\/doktorandske-studium\/temy-dizertacnych-prac\/","title":{"rendered":"T\u00e9my dizerta\u010dn\u00fdch pr\u00e1c"},"content":{"rendered":"<div class=\"post-content\">\n<p class=\"western\"><strong><u>T\u00e9my pre doktorandsk\u00e9 \u0161tudijn\u00e9 programy v akademickom roku 2018\/2019<\/u><\/strong><\/p>\n<div>\n<ul>\n<li><a href=\"http:\/\/websrv.saske.sk\/uef\/wp-content\/uploads\/2018\/09\/T\u00e9my_PhD_2018-2019.doc\">T\u00e9my_PhD_2018-2019<\/a><\/li>\n<\/ul>\n<p><strong><u>T\u00e9my pre doktorandsk\u00e9 \u0161tudijn\u00e9 programy v akademickom roku 2017\/2018<\/u><\/strong><\/p>\n<ul>\n<li><a href=\"http:\/\/websrv.saske.sk\/uef\/wp-content\/uploads\/2018\/09\/T\u00e9my_PhD_2017-2018.doc\">T\u00e9my_PhD_2017-2018<\/a><\/li>\n<\/ul>\n<p><strong><u>T\u00e9my pre doktorandsk\u00e9 \u0161tudijn\u00e9 programy v akademickom roku 2016\/2017<\/u><\/strong><\/p>\n<ul>\n<li><a href=\"http:\/\/websrv.saske.sk\/uef\/wp-content\/uploads\/2018\/09\/T\u00e9my_PhD_2016-2017.doc\">T\u00e9my_PhD_2016-2017<\/a><\/li>\n<\/ul>\n<\/div>\n<\/div>\n","protected":false},"excerpt":{"rendered":"<p>T\u00e9my pre doktorandsk\u00e9 \u0161tudijn\u00e9 programy v akademickom roku 2018\/2019 T\u00e9my_PhD_2018-2019 T\u00e9my pre doktorandsk\u00e9 \u0161tudijn\u00e9 programy v akademickom roku 2017\/2018 T\u00e9my_PhD_2017-2018 T\u00e9my pre doktorandsk\u00e9 \u0161tudijn\u00e9 programy&#8230;<\/p>\n","protected":false},"author":4,"featured_media":0,"parent":1114,"menu_order":30,"comment_status":"closed","ping_status":"closed","template":"","meta":{"footnotes":""},"_links":{"self":[{"href":"https:\/\/websrv.saske.sk\/uef\/wp-json\/wp\/v2\/pages\/1202"}],"collection":[{"href":"https:\/\/websrv.saske.sk\/uef\/wp-json\/wp\/v2\/pages"}],"about":[{"href":"https:\/\/websrv.saske.sk\/uef\/wp-json\/wp\/v2\/types\/page"}],"author":[{"embeddable":true,"href":"https:\/\/websrv.saske.sk\/uef\/wp-json\/wp\/v2\/users\/4"}],"replies":[{"embeddable":true,"href":"https:\/\/websrv.saske.sk\/uef\/wp-json\/wp\/v2\/comments?post=1202"}],"version-history":[{"count":2,"href":"https:\/\/websrv.saske.sk\/uef\/wp-json\/wp\/v2\/pages\/1202\/revisions"}],"predecessor-version":[{"id":1205,"href":"https:\/\/websrv.saske.sk\/uef\/wp-json\/wp\/v2\/pages\/1202\/revisions\/1205"}],"up":[{"embeddable":true,"href":"https:\/\/websrv.saske.sk\/uef\/wp-json\/wp\/v2\/pages\/1114"}],"wp:attachment":[{"href":"https:\/\/websrv.saske.sk\/uef\/wp-json\/wp\/v2\/media?parent=1202"}],"curies":[{"name":"wp","href":"https:\/\/api.w.org\/{rel}","templated":true}]}}