{"id":1184,"date":"2018-10-11T11:38:24","date_gmt":"2018-10-11T09:38:24","guid":{"rendered":"http:\/\/websrv.saske.sk\/uef\/?page_id=1184"},"modified":"2019-11-25T16:33:36","modified_gmt":"2019-11-25T15:33:36","slug":"akreditovane-studijne-odbory","status":"publish","type":"page","link":"https:\/\/websrv.saske.sk\/uef\/intranet\/doktorandske-studium\/akreditovane-studijne-odbory\/","title":{"rendered":"Akreditovan\u00e9 \u0161tudijn\u00e9 programy"},"content":{"rendered":"<p class=\"intranet\"><a href=\"http:\/\/websrv.saske.sk\/intranetold\/media\/3242\/SMERNICA.pdf\">Smernica \u00dastavu experiment\u00e1lnej fyziky SAV pre doktorandsk\u00e9 \u0161t\u00fadium<\/a><\/p>\n<p class=\"intranet\">R\u00e1mcov\u00e9 dohoda o spolupr\u00e1ci v oblasti doktorandsk\u00e9ho \u0161t\u00fadia<\/p>\n<ul>\n<li>UPJ\u0160<\/li>\n<\/ul>\n<p style=\"padding-left: 30px\"><a href=\"http:\/\/websrv.saske.sk\/uef\/wp-content\/uploads\/2019\/06\/R\u00e1mcov\u00e1-dohoda_Biofyzika_UPJ\u0160_2019.pdf\">Biofyzika<\/a> (Pr\u00edrodovedeck\u00e1 fakulta)<\/p>\n<p style=\"padding-left: 30px\"><a href=\"http:\/\/websrv.saske.sk\/uef\/wp-content\/uploads\/2019\/06\/R\u00e1mcov\u00e1-dohoda_-Fyzika-kondenzovan\u00fdch-l\u00e1tok-a-akustika_UPJ\u0160_2019.pdf\">Fyzika kondenzovan\u00fdch l\u00e1tok a akustika<\/a> (Pr\u00edrodovedeck\u00e1 fakulta)<\/p>\n<p style=\"padding-left: 30px\"><a href=\"http:\/\/websrv.saske.sk\/uef\/wp-content\/uploads\/2019\/06\/R\u00e1mcov\u00e1-dohoda_V\u0161eobecn\u00e1-fyzika-a-matematick\u00e1-fyzika_UPJ\u0160_2019.pdf\">V\u0161eobecn\u00e1 fyzika a matematick\u00e1 fyzika<\/a> (Pr\u00edrodovedeck\u00e1 fakulta)<\/p>\n<ul>\n<li>TUKE<\/li>\n<\/ul>\n<p style=\"padding-left: 30px\"><a href=\"http:\/\/websrv.saske.sk\/uef\/wp-content\/uploads\/2019\/02\/Ramcova-dohoda-D\u0160-\u00daEF-SAV-a-FEI-TUKE.pdf\">Fyzik\u00e1lne in\u017einierstvo<\/a> (Fakulta elektrotechniky a informatiky)<\/p>\n<p style=\"padding-left: 30px\"><a href=\"http:\/\/websrv.saske.sk\/uef\/wp-content\/uploads\/2019\/06\/ramcova-zmluva-UEF-a-FMMR_2019.pdf\">Materi\u00e1ly<\/a> (Fakulta materi\u00e1lov, metalurgie a recykl\u00e1cie)<\/p>\n<p>&nbsp;<\/p>\n<ul>\n<li class=\"intranet\"><strong>Akredita\u010dn\u00e9 spisy \u0161tudijn\u00fdch programov<\/strong><\/li>\n<\/ul>\n<p class=\"intranet\">Fyzika kondenzovan\u00fdch l\u00e1tok a akustika<\/p>\n<p class=\"intranet\"><a href=\"http:\/\/websrv.saske.sk\/intranetold\/media\/3242\/pril3-SP.rtf\">Doktorandsk\u00fd \u0161tudijn\u00fd program<\/a><\/p>\n<p>&nbsp;<\/p>\n<ul>\n<li class=\"intranet\"><strong>Akreditovan\u00e9 \u0161tudijn\u00e9 odbory<\/strong><\/li>\n<\/ul>\n<p><a href=\"\/\/websrv.saske.sk\/uef\/wp-content\/uploads\/2019\/08\/Pravo-na-uskutocnovanie-DS-biofyzika-v-dennej-forme.pdf\">4-1-12 Biofyzika &#8211; denn\u00e9 \u0161t\u00fadium<\/a><\/p>\n<p><a href=\"http:\/\/websrv.saske.sk\/uef\/wp-content\/uploads\/2019\/08\/Pravo-na-uskutocnovanie-DS_biofyzika-v-Externej-forme.pdf\">4-1-12 Biofyzika &#8211; extern\u00e9 \u0161t\u00fadium<\/a><\/p>\n<p class=\"intranet\"><a href=\"http:\/\/websrv.saske.sk\/intranetold\/media\/3242\/kondden.pdf\">4.1.3 Fyzika kondenzovan\u00fdch l\u00e1tok a akustika &#8211; denn\u00e9 \u0161t\u00fadium<\/a><\/p>\n<p class=\"intranet\"><a href=\"http:\/\/uef.saske.sk\/intranet\/download\/?file=3242\/kondext.pdf\">4.1.3 Fyzika kondenzovan\u00fdch l\u00e1tok a akustika &#8211; extern\u00e9 \u0161t\u00fadium<\/a><\/p>\n<p class=\"intranet\"><a href=\"http:\/\/websrv.saske.sk\/intranetold\/media\/3242\/vseobmatden.pdf\">4.1.2 V\u0161eobecn\u00e1 fyzika a matematick\u00e1 fyzika &#8211; denn\u00e9 \u0161t\u00fadium<\/a><\/p>\n<p class=\"intranet\"><a href=\"http:\/\/uef.saske.sk\/intranet\/download\/?file=3242\/vseobmatext.pdf\">4.1.2 V\u0161eobecn\u00e1 fyzika a matematick\u00e1 fyzika &#8211; extern\u00e9 \u0161t\u00fadium<\/a><\/p>\n<p class=\"intranet\"><a href=\"http:\/\/websrv.saske.sk\/intranetold\/media\/3242\/dekret_5.2.26_denne.jpg\">5.2.26 Materi\u00e1ly \/ N\u00e1uka o materi\u00e1loch a materi\u00e1lov\u00e9 in\u017einierstvo &#8211; denn\u00e9 \u0161t\u00fadium<\/a><\/p>\n<p class=\"intranet\"><a href=\"http:\/\/websrv.saske.sk\/intranetold\/media\/3242\/dekret_5.2.26_externe.jpg\">5.2.26 Materi\u00e1ly \/ N\u00e1uka o materi\u00e1loch a materi\u00e1lov\u00e9 in\u017einierstvo &#8211; extern\u00e9 \u0161t\u00fadium<\/a><\/p>\n<p><a href=\"http:\/\/uef.saske.sk\/public\/files\/vedeckainfrastruktura\/Fyzikalne_inzinierstvo_progresivnych_materialov_-_PhD_sudium_-_FEI_TUKE_-_UEF_SAV_-_denna.pdf\">5.<\/a><a href=\"http:\/\/uef.saske.sk\/public\/files\/vedeckainfrastruktura\/Fyzikalne_inzinierstvo_progresivnych_materialov_-_PhD_sudium_-_FEI_TUKE_-_UEF_SAV_-_denna.pdf\">2.48 Fyzik\u00e1lne in\u017einierstvo- denn\u00e9 \u0161t\u00fadium<\/a><\/p>\n<p><a href=\"http:\/\/uef.saske.sk\/public\/files\/vedeckainfrastruktura\/Fyzikalne_inzinierstvo_progresivnych_materialov_-_PhD_sudium_-_FEI_TUKE_-_UEF_SAV_-_ext.pdf\">5.<\/a><a href=\"http:\/\/uef.saske.sk\/public\/files\/vedeckainfrastruktura\/Fyzikalne_inzinierstvo_progresivnych_materialov_-_PhD_sudium_-_FEI_TUKE_-_UEF_SAV_-_denna.pdf\">2.48 Fyzik\u00e1lne in\u017einierstvo- extern\u00e9 \u0161t\u00fadium<\/a><\/p>\n<p>&nbsp;<\/p>\n<p class=\"intranet\"><a href=\"http:\/\/websrv.saske.sk\/intranetold\/media\/3242\/jadrden.pdf\">4.1.5 Jadrov\u00e1 a subjadrov\u00e1 fyzika &#8211; denn\u00e9 \u0161t\u00fadium <\/a><\/p>\n<blockquote>\n<p style=\"padding-left: 30px\">v s\u00fa\u010dasnosti bez garanta<\/p>\n<\/blockquote>\n<p class=\"intranet\"><a href=\"http:\/\/websrv.saske.sk\/intranetold\/media\/3242\/jadrext.pdf\">4.1.5 Jadrov\u00e1 a subjadrov\u00e1 fyzika &#8211; extern\u00e9 \u0161t\u00fadium<\/a><\/p>\n<p class=\"intranet\" style=\"padding-left: 30px\">v s\u00fa\u010dasnosti bez garanta<\/p>\n<p class=\"intranet\">\n","protected":false},"excerpt":{"rendered":"<p>Smernica \u00dastavu experiment\u00e1lnej fyziky SAV pre doktorandsk\u00e9 \u0161t\u00fadium R\u00e1mcov\u00e9 dohoda o spolupr\u00e1ci v oblasti doktorandsk\u00e9ho \u0161t\u00fadia UPJ\u0160 Biofyzika (Pr\u00edrodovedeck\u00e1 fakulta) Fyzika kondenzovan\u00fdch l\u00e1tok a akustika&#8230;<\/p>\n","protected":false},"author":4,"featured_media":0,"parent":1114,"menu_order":20,"comment_status":"closed","ping_status":"closed","template":"","meta":{"footnotes":""},"_links":{"self":[{"href":"https:\/\/websrv.saske.sk\/uef\/wp-json\/wp\/v2\/pages\/1184"}],"collection":[{"href":"https:\/\/websrv.saske.sk\/uef\/wp-json\/wp\/v2\/pages"}],"about":[{"href":"https:\/\/websrv.saske.sk\/uef\/wp-json\/wp\/v2\/types\/page"}],"author":[{"embeddable":true,"href":"https:\/\/websrv.saske.sk\/uef\/wp-json\/wp\/v2\/users\/4"}],"replies":[{"embeddable":true,"href":"https:\/\/websrv.saske.sk\/uef\/wp-json\/wp\/v2\/comments?post=1184"}],"version-history":[{"count":26,"href":"https:\/\/websrv.saske.sk\/uef\/wp-json\/wp\/v2\/pages\/1184\/revisions"}],"predecessor-version":[{"id":3223,"href":"https:\/\/websrv.saske.sk\/uef\/wp-json\/wp\/v2\/pages\/1184\/revisions\/3223"}],"up":[{"embeddable":true,"href":"https:\/\/websrv.saske.sk\/uef\/wp-json\/wp\/v2\/pages\/1114"}],"wp:attachment":[{"href":"https:\/\/websrv.saske.sk\/uef\/wp-json\/wp\/v2\/media?parent=1184"}],"curies":[{"name":"wp","href":"https:\/\/api.w.org\/{rel}","templated":true}]}}