{"id":1177,"date":"2018-10-11T11:27:43","date_gmt":"2018-10-11T09:27:43","guid":{"rendered":"http:\/\/websrv.saske.sk\/uef\/?page_id=1177"},"modified":"2021-06-25T09:22:42","modified_gmt":"2021-06-25T07:22:42","slug":"doktorandske-seminare","status":"publish","type":"page","link":"https:\/\/websrv.saske.sk\/uef\/intranet\/doktorandske-studium\/doktorandske-seminare\/","title":{"rendered":"Doktorandsk\u00e9 semin\u00e1re"},"content":{"rendered":"<p>&nbsp;<\/p>\n<ul>\n<li><em><strong>Doktorandsk\u00fd webin\u00e1r &#8211; 16. j\u00fan 2021<\/strong><\/em><\/li>\n<\/ul>\n<p>&nbsp;<\/p>\n<div><strong>J\u00falius Ba\u010dkai<\/strong> &#8211; Frustrovan\u00e9 kovov\u00e9 magnetick\u00e9 syst\u00e9my <a href=\"http:\/\/websrv.saske.sk\/uef\/wp-content\/uploads\/2021\/06\/Backai-2021.pptx\">(.pptx)<\/a><\/div>\n<div><\/div>\n<div><\/div>\n<div>\n<div><strong>Oleksandr Podopryhora<\/strong> &#8211; Supratekut\u00e9 3 He &#8211; B ako modelov\u00fd syst\u00e9m pre Q-bity <a href=\"http:\/\/websrv.saske.sk\/uef\/wp-content\/uploads\/2021\/06\/Podopryhora-2021.pptx\">(.pptx)<\/a><\/div>\n<div><\/div>\n<\/div>\n<div><\/div>\n<div>\n<div><strong>Ivana Gar\u010d\u00e1rov\u00e1<\/strong> &#8211; \u0160t\u00fadium anti-amyloidnej a anti-oxida\u010dnej aktivity CeO2 nano\u010dast\u00edc bez a s povrchovou modifik\u00e1ciou <a href=\"http:\/\/websrv.saske.sk\/uef\/wp-content\/uploads\/2021\/06\/Garcarova-2021.pptx\">(.pptx)<\/a><\/div>\n<div><\/div>\n<\/div>\n<div><\/div>\n<div>\n<div><strong>Maksym Karpets<\/strong> &#8211; Vplyv magnetick\u00e9ho a elektrick\u00e9ho po\u013ea na \u0161trukt\u00faru magnetick\u00fdch kvapal\u00edn <a href=\"http:\/\/websrv.saske.sk\/uef\/wp-content\/uploads\/2021\/06\/Karpets-2021.pptx\">(.pptx)<\/a><\/div>\n<div><\/div>\n<\/div>\n<div><\/div>\n<div>\n<div><strong>Marek Kuzmiak<\/strong> &#8211; Supravodivos\u0165 v silne neusporiadan\u00fdch syst\u00e9moch <a href=\"http:\/\/websrv.saske.sk\/uef\/wp-content\/uploads\/2021\/06\/Kuzmiak-2021.pdf\">(.pptx)<\/a><\/div>\n<div><\/div>\n<\/div>\n<div><\/div>\n<div>\n<div><strong>Limpat Nulandaya<\/strong> &#8211;\u00a0 Mikrodr\u00f4t NiFeGa pre aktu\u00e1tor <a href=\"http:\/\/websrv.saske.sk\/uef\/wp-content\/uploads\/2021\/06\/Nulandaya-2021.pdf\">(.pdf)<\/a><\/div>\n<div><\/div>\n<\/div>\n<div><\/div>\n<div>\n<div><strong>Barbora Spodniakov\u00e1<\/strong> &#8211; Tvorba a inhib\u00edcia formovania prote\u00ednov\u00fdch amyloidn\u00fdch \u0161trukt\u00far \u2013 vplyv na amyloidn\u00e9 ochorenia <a href=\"http:\/\/websrv.saske.sk\/uef\/wp-content\/uploads\/2021\/06\/Spodniakov\u00e1-2021.pptx\">(.pptx)<\/a><\/div>\n<div><\/div>\n<\/div>\n<div><\/div>\n<div>\n<div><strong>Martin Kovalik<\/strong> &#8211; Manganitov\u00e9 perovskity pre magnetick\u00fa hypertermiu <a href=\"http:\/\/websrv.saske.sk\/uef\/wp-content\/uploads\/2021\/06\/Kovalik-2021.pptx\">(.pptx)<\/a><\/div>\n<div><\/div>\n<\/div>\n<div><\/div>\n<div>\n<div><strong>\u013dubom\u00edra Regeciov\u00e1<\/strong> &#8211; \u0160t\u00fadium kooperat\u00edvnych javov vo viazan\u00fdch elektr\u00f3nov\u00fdch a spinov\u00fdch syst\u00e9moch <a href=\"http:\/\/websrv.saske.sk\/uef\/wp-content\/uploads\/2021\/06\/Regeciova-2021.pptx\">(.pptx)<\/a><\/div>\n<div><\/div>\n<\/div>\n<div><\/div>\n<div>\n<div><strong>Ondrej \u0160ofranko<\/strong> &#8211; Extr\u00e9mny prenos n\u00e1boja v misfitovom vrstevnatom syst\u00e9me (LaSe) 1.14 (NbSe2) <a href=\"http:\/\/websrv.saske.sk\/uef\/wp-content\/uploads\/2021\/06\/Sofranko-2021.pdf\">(.pdf)<\/a><\/div>\n<div><\/div>\n<\/div>\n<div><\/div>\n<div>\n<div><strong>Vladim\u00edr Van\u00edk<\/strong> &#8211; Vplyv vlastnost\u00ed solventov na konforma\u010dn\u00e9 prechody prote\u00ednov -faktory indikuj\u00face agrega\u010dn\u00e9 dr\u00e1hy <a href=\"http:\/\/websrv.saske.sk\/uef\/wp-content\/uploads\/2021\/06\/Vanik-2021.pptx\">(.pptx)<\/a><\/div>\n<div><\/div>\n<\/div>\n<div><\/div>\n<div>\n<div><strong>Katar\u00edna Zaku\u0165ansk\u00e1<\/strong> &#8211; \u0160trukturaliza\u010dn\u00e9 javy v kompozitoch na b\u00e1ze kvapaln\u00fdch kry\u0161t\u00e1lov <a href=\"http:\/\/websrv.saske.sk\/uef\/wp-content\/uploads\/2021\/06\/Zakutanska-2021.pptx\">(.pptx)<\/a><\/div>\n<\/div>\n<div><\/div>\n<div><\/div>\n<p>&nbsp;<\/p>\n<p>&nbsp;<\/p>\n<p>&nbsp;<\/p>\n<hr \/>\n<ul>\n<li><em><strong>Doktorandsk\u00fd semin\u00e1r &#8211; 18.6.2020<\/strong><\/em><\/li>\n<\/ul>\n<p><em>I.ro\u010dn\u00edk<\/em><\/p>\n<div><strong>I. Gar\u010d\u00e1rov\u00e1<\/strong>&#8211; \u0160t\u00fadium \u00falohy hydrof\u00f3bnych interakci\u00ed vo funk\u010dnej a \u0161truktur\u00e1lnej integrite supramolekul\u00e1rnych komplexov <a href=\"http:\/\/websrv.saske.sk\/uef\/wp-content\/uploads\/2020\/06\/Garcarova_PhD_seminar_18-6-2020_Final.pptx\">(.pptx)<\/a><\/div>\n<div>\n<div><\/div>\n<div><strong>M. Karpets<\/strong> &#8211; Vplyv magnetick\u00e9ho a elektrick\u00e9ho po\u013ea na \u0161trukt\u00faru magnetick\u00fdch kvapal\u00edn<a href=\"http:\/\/websrv.saske.sk\/uef\/wp-content\/uploads\/2020\/06\/DS_Karpets_2020.pptx\"> (.pptx)<\/a><\/div>\n<div><\/div>\n<div>\n<div><strong>M. Kuzmiak<\/strong> &#8211; Supravodivos\u0165 v silne neusporiadan\u00fdch syst\u00e9moch (<a href=\"http:\/\/websrv.saske.sk\/uef\/wp-content\/uploads\/2020\/06\/KUZMIAK-Marek-PhD-seminar-2020.pdf\">.pdf)<\/a><\/div>\n<div>\n<div><\/div>\n<div><strong>L. Nulandaya<\/strong> &#8211;\u00a0 Microwires with shape memory effects <a href=\"http:\/\/websrv.saske.sk\/uef\/wp-content\/uploads\/2020\/06\/Nulandaya_microwire_200618.pptx\">(.pptx)<\/a><\/div>\n<div>\n<div><\/div>\n<div><strong>B. Spodniakov\u00e1<\/strong> &#8211; Tvorba a inhib\u00edcia formovania prote\u00ednov\u00fdch amyloidn\u00fdch \u0161trukt\u00far &#8211; vplyv na amyloidn\u00e9 ochorenia <a href=\"http:\/\/websrv.saske.sk\/uef\/wp-content\/uploads\/2020\/06\/Doktorandska-prezentacia-2020_BarboraSpodniakova.pptx\">(.pptx)<\/a><\/div>\n<\/div>\n<\/div>\n<\/div>\n<\/div>\n<p><em>II.ro\u010dn\u00edk<\/em><\/p>\n<div><strong>M. Kovalik<\/strong> &#8211; Optimaliz\u00e1cia magnetokalorick\u00e9ho javu pr\u00e1\u0161kov La1\u2212xAgxMnO3-\u03b4 <a href=\"http:\/\/websrv.saske.sk\/uef\/wp-content\/uploads\/2020\/06\/Optimalizacia-magnetokalorickeho-javu-pr\u00e1\u0161kov-La-x-Ag-1-x-MnO3_final.pptx\">(.pptx)<\/a><\/div>\n<p><em>III.ro\u010dn\u00edk<\/em><\/p>\n<p><strong>\u013d. Rageciov\u00e1<\/strong> &#8211; \u0160t\u00fadium kooperat\u00edvnych javov vo viazan\u00fdch elektr\u00f3nov\u00fdch a spinov\u00fdch syst\u00e9moch <a href=\"http:\/\/websrv.saske.sk\/uef\/wp-content\/uploads\/2020\/06\/Regeciova_2020.pdf\">(.pdf)<\/a><\/p>\n<p><strong>O. \u0160ofronko<\/strong> &#8211; \u0160t\u00fadium elektr\u00f3novej \u0161trukt\u00fary v extr\u00e9mne anizotropnom supravodi\u010di (LaSe) 1.14 (NbSe2) <a href=\"http:\/\/websrv.saske.sk\/uef\/wp-content\/uploads\/2020\/06\/doktorandskySeminarSAV-sofranko-\u2013-2020.pptx\">(.pptx)<\/a><\/p>\n<p><strong>K. Zaku\u0165ansk\u00e1<\/strong> -\u0160trukturaliza\u010dn\u00e9 javy v kompozitoch na b\u00e1ze kvapaln\u00fdch kry\u0161t\u00e1lov <a href=\"http:\/\/websrv.saske.sk\/uef\/wp-content\/uploads\/2020\/06\/Zakutanska_2020.pptx\">(.pptx)<\/a><\/p>\n<div><strong>V. Van\u00edk<\/strong> &#8211;\u00a0 Vyu\u017eitie i\u00f3nov\u00fdch kvapal\u00edn ako modul\u00e1torov amyloidnej agreg\u00e1cie globul\u00e1rnych prote\u00ednov <a href=\"http:\/\/websrv.saske.sk\/uef\/wp-content\/uploads\/2020\/06\/seminar_2020_VANIK.ppsx\">(.pptx)<\/a><\/div>\n<p><em>IV. ro\u010dn\u00edk<\/em><\/p>\n<p><strong>M.Kop\u010d\u00edk &#8211;<\/strong> Magnetick\u00fdm po\u013eom indukovan\u00fd prechod supravodi\u010d-izolant vo vysoko neusporiadan\u00fdch tenk\u00fdch filmoch MoC <a href=\"http:\/\/websrv.saske.sk\/uef\/wp-content\/uploads\/2020\/06\/Kopcik-Doktorandsk\u00fd-semin\u00e1r-\u00daEF-2020.pdf\">(.pdf)<\/a><\/p>\n<p><strong>B. Kunca<\/strong> &#8211; Magnetick\u00e9 vlastnosti vybran\u00fdch r\u00fdchlochladen\u00fdch kompozitn\u00fdch materi\u00e1lov s amorfnou a nanokry\u0161talickou \u0161trukt\u00farou <a href=\"http:\/\/websrv.saske.sk\/uef\/wp-content\/uploads\/2020\/06\/seminar_Kunca.pdf\">(.pdf)<\/a><\/p>\n<p><strong>M.Gan\u010d\u00e1r<\/strong> &#8211; Amyloidn\u00e9 samozbalenie prote\u00ednov <a href=\"http:\/\/websrv.saske.sk\/uef\/wp-content\/uploads\/2020\/06\/Amyloidn\u00e9-samozbalenie-prote\u00ednov_2020.pdf\">(.pdf)<\/a><\/p>\n<p><strong>M.Marc\u00edn<\/strong> &#8211; AC kalorimetria supravodi\u010dov <a href=\"http:\/\/websrv.saske.sk\/uef\/wp-content\/uploads\/2020\/06\/Marcin-seminar-doktorandov.pptx\">(.pptx)<\/a><\/p>\n<p><strong>M.Menky\u0148a<\/strong> &#8211; Anom\u00e1lne \u0161k\u00e1lovanie pr\u00edmesov\u00fdch pol\u00ed v turbulentn\u00fdch prostrediach <a href=\"http:\/\/websrv.saske.sk\/uef\/wp-content\/uploads\/2020\/06\/Menkyna_DS.pdf\">(.pdf)<\/a><\/p>\n<hr \/>\n<ul>\n<li><em><strong>Doktorandsk\u00fd semin\u00e1r &#8211; 27.6.2018<\/strong><\/em><\/li>\n<\/ul>\n<p><strong>F. Andrejka<\/strong> &#8211;\u00a0 Vplyv tepeln\u00e9ho spracovania v externom magnetickom poli na mikro\u0161trukt\u00faru a magnetick\u00e9 vlastnosti\u00a0 vybran\u00fdch\u00a0 r\u00fdchlochladen\u00fdch zliatin <a href=\"\/uef-intranet-old\/files\/Seminardoktorandi\/ANDREJKA-2018.pptx\">(.pptx)<\/a><\/p>\n<p><strong>J. Majoro\u0161ov\u00e1<\/strong> &#8211;\u00a0 Structural phenomena in complex systems containing nanoparticles <a href=\"http:\/\/websrv.saske.sk\/uef-intranet-old\/files\/Seminardoktorandi\/DS_2018_Majorosova.pptx\">(.pptx)<\/a><\/p>\n<p><strong>P. Hajdov<\/strong><strong>\u00e1 <\/strong>&#8211; Pr\u00edprava, \u0161trukt\u00fara a vlastnosti REBCO mas\u00edvnych supravodi\u010dov <a href=\"\/uef-intranet-old\/files\/Seminardoktorandi\/Hajdova_DS18_total_final.pptx\">(.pptx)<\/a><\/p>\n<p><strong>I. Khmara<\/strong> &#8211; Magnetick\u00e9 nano\u010dastice pre magnetick\u00fa rezonanciu a hypertermiu <a href=\"http:\/\/websrv.saske.sk\/uef-intranet-old\/files\/Seminardoktorandi\/I_Khmara.pptx\">(.pptx)<\/a><\/p>\n<p><strong>M. Kop\u010d\u00edk<\/strong> &#8211; \u0160t\u00fadium prechodu supravodi\u010d-izolant v homog\u00e9nnych polykry\u0161talick\u00fdch tenk\u00fdch filmoch v \u0161pinavej limite <a href=\"http:\/\/websrv.saske.sk\/uef-intranet-old\/files\/Seminardoktorandi\/Kop__ik_2018.pptx\">(.pptx)<\/a><\/p>\n<p><strong>B. Kunca<\/strong> &#8211; Magnetick\u00e9 vlastnosti vybran\u00fdch r\u00fdchlochladen\u00fdch kompozitn\u00fdch materi\u00e1lov s amorfnou a nanokry\u0161talickou \u0161trukt\u00farou <a href=\"http:\/\/websrv.saske.sk\/uef-intranet-old\/files\/Seminardoktorandi\/Kunca_PhD_semin__r__v2.2.1.pptx\">(.pptx)<\/a><\/p>\n<p><strong>V. Lys\u00e1kov\u00e1<\/strong> &#8211; \u00daloha mitochondri\u00e1lnych elektr\u00f3n\u2013transportn\u00fdch prote\u00ednov v oxida\u010dnom strese <a href=\"http:\/\/websrv.saske.sk\/uef-intranet-old\/files\/Seminardoktorandi\/Lysakova.pptx\">(.pptx)<\/a><\/p>\n<p><strong>M. Marcin <\/strong>&#8211; Termodynamick\u00e9 \u0161t\u00fadium vybran\u00fdch supravodi\u010dov <a href=\"http:\/\/websrv.saske.sk\/uef-intranet-old\/files\/Seminardoktorandi\/Marcin_doktoransky_seminar.pptx\">(.pptx)<\/a><\/p>\n<p><strong>M. Orenda\u010d<\/strong> &#8211; Vplyv hydrostatick\u00e9ho tlaku a substit\u00facie na silne korelovan\u00e9 syst\u00e9my <a href=\"http:\/\/websrv.saske.sk\/uef-intranet-old\/files\/Seminardoktorandi\/Matus_Orendac.pptx\">(.pptx)<\/a><\/p>\n<p><strong>K. Uli\u010dn\u00e1<\/strong> &#8211; Mal\u00e9 molekuly ako inhib\u00edtory amyloidnej agreg\u00e1cie<a href=\"http:\/\/websrv.saske.sk\/uef-intranet-old\/files\/Seminardoktorandi\/seminar_SAV_Ulicna.pptx\"> (.pptx)<\/a><\/p>\n<p><strong>T. Tobia\u0161 <\/strong>&#8211; Magnetick\u00e9 kvapaliny na b\u00e1ze transform\u00e1torov\u00fdch olejov v elektrick\u00fdch a magnetick\u00fdch poliach <a href=\"http:\/\/websrv.saske.sk\/uef-intranet-old\/files\/Seminardoktorandi\/Tobia__.pptx\">(.pptx)<\/a><\/p>\n<p><strong>M. Vr\u00e1bel<\/strong> &#8211; H\u013eadanie atmosf\u00e9rick\u00fdch sp\u0155\u0161ok v d\u00e1tach experimentu EUSO-SPB <a href=\"http:\/\/websrv.saske.sk\/uef-intranet-old\/files\/Seminardoktorandi\/vrabel_prezentacia.pdf\">(.pdf)<\/a><\/p>\n<ul>\n<li><em><strong>Doktorandsk\u00fd semin\u00e1r 15.6.2011<\/strong><\/em><\/li>\n<\/ul>\n<p>Anto\u0148\u00e1k <a href=\"http:\/\/websrv.saske.sk\/intranetold\/media\/3241\/Antonak.ppt\">(ppt)<\/a><\/p>\n<p>Cap\u00edk <a href=\"http:\/\/websrv.saske.sk\/intranetold\/media\/3241\/capik.pptx\">(pptx)<\/a><\/p>\n<p>Volochov\u00e1 <a href=\"http:\/\/websrv.saske.sk\/intranetold\/media\/3241\/Doksem_volochova.pptx\">(pptx)<\/a><\/p>\n<p>Hamr\u00e1\u010dek\u00a0<a href=\"http:\/\/websrv.saske.sk\/intranetold\/media\/3241\/hamracek.ppt\">(ppt)<\/a><\/p>\n<p>Kali\u0148\u00e1k\u00a0<a href=\"http:\/\/websrv.saske.sk\/intranetold\/media\/3241\/Kalinak_ProdNeutPodCasticALICE.pdf\">(pdf)<\/a><\/p>\n<p>Kalmanov\u00e1\u00a0<a href=\"http:\/\/uef.saske.sk\/intranet\/download\/?file=3241\/Kalmanova.pptx\">(pptx)<\/a><\/p>\n<p>Kubov\u010d\u00edkov\u00e1 <a href=\"http:\/\/websrv.saske.sk\/intranetold\/media\/3241\/Kubovcikova.ppt\">(ppt)<\/a><\/p>\n<p>Lancz\u00a0<a href=\"http:\/\/websrv.saske.sk\/intranetold\/media\/3241\/lancz.ppt\">(ppt)<\/a><\/p>\n<p>M\u00e1\u0165o\u0161ov\u00e1\u00a0<a href=\"http:\/\/websrv.saske.sk\/intranetold\/media\/3241\/Matosova.pdf\">(pdf)<\/a><\/p>\n<p>Mol\u010dan <a href=\"http:\/\/websrv.saske.sk\/intranetold\/media\/3241\/Molcan_DS.ppt\">(ppt)<\/a><\/p>\n<p>Piovar\u010di <a href=\"http:\/\/websrv.saske.sk\/intranetold\/media\/3241\/Piovarci_2011.pdf\">(pdf)<\/a><\/p>\n<p>Remeck\u00fd\u00a0<a href=\"http:\/\/websrv.saske.sk\/intranetold\/media\/3241\/remecky.pdf\">(pdf)<\/a><\/p>\n<p>Taka\u010dov\u00e1\u00a0<a href=\"http:\/\/websrv.saske.sk\/intranetold\/media\/3241\/Takacova.pptx\">(pptx)<\/a><\/p>\n<p>videoOut2\u00a0<a href=\"http:\/\/websrv.saske.sk\/intranetold\/media\/3241\/videoOut2.avi\">(avi)<\/a><\/p>\n<ul>\n<li><em><strong>Doktorandsk\u00fd semin\u00e1r &#8211; 23.6.2010<\/strong><\/em><\/li>\n<\/ul>\n<p>Pozv\u00e1nka (<a href=\"http:\/\/websrv.saske.sk\/intranetold\/media\/3242\/doktorandsky_seminar_100623.doc\">.doc<\/a>, <a href=\"http:\/\/websrv.saske.sk\/intranetold\/media\/3242\/doktorandsky_seminar_100623.pdf\">.pdf<\/a>)<\/p>\n<p><strong>D. Volochov\u00e1<\/strong>: Inform\u00e1cia \u0161kolite\u013ea (<a href=\"http:\/\/websrv.saske.sk\/intranetold\/media\/3242\/100623_volochova.ppt\">.ppt<\/a>, <a href=\"http:\/\/websrv.saske.sk\/intranetold\/media\/3242\/100623_volochova.pdf\">.pdf<\/a>)<\/p>\n<p><strong>S. Piovar\u010di<\/strong>: N\u00e1vrh zariadenia na priame sledovanie rastu monokry\u0161t\u00e1lov mas\u00edvnych supravodi\u010dov (<a href=\"http:\/\/websrv.saske.sk\/intranetold\/media\/3242\/100623_piovarci.pdf\">.pdf<\/a>)<\/p>\n<p><strong>M. Anto\u0148\u00e1k<\/strong>: Vplyv tlaku na magnetick\u00e9 vlastnosti mangan\u00e1tov typu\u00a0 R<sub>1-x<\/sub> A<sub>x<\/sub> MnO<sub>3<\/sub> (<a href=\"http:\/\/websrv.saske.sk\/intranetold\/media\/3242\/100623_antonak.ppt\">.ppt<\/a>, <a href=\"http:\/\/websrv.saske.sk\/intranetold\/media\/3242\/100623_antonak.ppt\">.pdf<\/a>)<\/p>\n<p><strong>A. D\u017earov\u00e1<\/strong>: Magnetoz\u00f3my (<a href=\"http:\/\/websrv.saske.sk\/intranetold\/media\/3242\/100623_dzarova.ppt\">.ppt<\/a>, <a href=\"http:\/\/websrv.saske.sk\/intranetold\/media\/3242\/100623_dzarova.pdf\">.pdf<\/a>)<\/p>\n<p><strong>J. Girovsk\u00fd<\/strong>: Tunelov\u00e1 a mikrokontaktov\u00e1 spektroskopia supravodi\u010dov (<a href=\"http:\/\/websrv.saske.sk\/intranetold\/media\/3242\/100623_girovsky.ppt\">.ppt<\/a>, <a href=\"http:\/\/websrv.saske.sk\/intranetold\/media\/3242\/100623_girovsky.pdf\">.pdf<\/a>)<\/p>\n<p><strong>I. Hamr\u00e1\u010dek<\/strong>: Meranie spektra sonoluminiscencie (<a href=\"http:\/\/websrv.saske.sk\/intranetold\/media\/3242\/100623_hamracek.pdf\">.pdf<\/a>, <a href=\"http:\/\/websrv.saske.sk\/intranetold\/media\/3242\/100623_hamracek.jpg\">.jpg<\/a>)<\/p>\n<p><strong>F. Jendrichovsk\u00fd<\/strong>: \u0160t\u00fadium b jetu a n\u00e1boja top kvarku ako funkcia R<sub>cut <\/sub>(<a href=\"http:\/\/websrv.saske.sk\/intranetold\/media\/3242\/100623_jendrichovsky.pdf\">.pdf<\/a>)<\/p>\n<p><strong>G. Lancz<\/strong>: Infra\u010derven\u00e1 spektroskopia \u2013 n\u00e1stroj fyzik\u00e1lno-chemick\u00e9ho v\u00fdskumu (<a href=\"http:\/\/websrv.saske.sk\/intranetold\/media\/3242\/100623_lancz.ppt\">.ppt<\/a>, <a href=\"http:\/\/websrv.saske.sk\/intranetold\/media\/3242\/100623_lancz.pdf\">.pdf<\/a>)<\/p>\n<p><strong>R. Remeck\u00fd<\/strong>: \u0160t\u00fadium spr\u00e1vania sa fluktuuj\u00facich pol\u00ed v stochastick\u00fdch modeloch turbulencie (<a href=\"http:\/\/websrv.saske.sk\/intranetold\/media\/3242\/100623_remecky.pdf\">.pdf<\/a>)<\/p>\n<p><strong>M. \u017donda<\/strong>: \u0160t\u00fadium n\u00e1bojov\u00e9ho a spinov\u00e9ho usporiadania v silne korelovan\u00fdch syst\u00e9moch (<a href=\"http:\/\/websrv.saske.sk\/intranetold\/media\/3242\/100623_zonda.pdf\">.pdf<\/a>)<\/p>\n<p><strong>P. Kali\u0148\u00e1k<\/strong>: Prv\u00e9 \u00fadaje o produkcii K<sup>0<\/sup>-mez\u00f3nov v p-p interakci\u00e1ch pri energii 7 TeV (<a href=\"http:\/\/websrv.saske.sk\/intranetold\/media\/3242\/100623_kalinak.pdf\">.pdf<\/a>)<\/p>\n<ul>\n<li><strong>Doktorandsk\u00fd semin\u00e1r &#8211; 24.6.2009<\/strong><\/li>\n<\/ul>\n<p>Pozv\u00e1nka (<a href=\"http:\/\/websrv.saske.sk\/intranetold\/media\/3242\/doktorandsky_seminar_090624.doc\">.doc<\/a>, <a href=\"http:\/\/websrv.saske.sk\/intranetold\/media\/3242\/doktorandsky_seminar_090624.pdf\">.pdf<\/a>)<\/p>\n<p><strong>V. Antal<\/strong>: Influence of annealing in argon on microstructural and superconducting properties of Al doped YBCO bulks anom\u00e1lnej (<a href=\"http:\/\/websrv.saske.sk\/intranetold\/media\/3242\/antal.pdf\">.pdf<\/a>)<\/p>\n<p><strong>M. \u010clove\u010dko<\/strong>: Neline\u00e1rne javy v supratekut\u00fdch f\u00e1zach He<sup>3<\/sup> (<a href=\"http:\/\/websrv.saske.sk\/intranetold\/media\/3242\/clovecko1.pdf\">.pdf<\/a>)<\/p>\n<p><strong>M. \u010curl\u00edk<\/strong>: Mikrokontaktov\u00e1 spektroskopia, tepeln\u00e9 a magnetick\u00e9 vlastnosti vybran\u00fdch silne korelovan\u00fdch syst\u00e9mov (<a href=\"http:\/\/websrv.saske.sk\/intranetold\/media\/3242\/curlik.pdf\">.pdf<\/a>)<\/p>\n<p><strong>A. D\u017earov\u00e1<\/strong>: Magnetoz\u00f3my &#8211; bakteri\u00e1lne magnetick\u00e9 nano\u010dastice (<a href=\"http:\/\/websrv.saske.sk\/intranetold\/media\/3242\/dzarova1.ppt\">.ppt<\/a>, <a href=\"http:\/\/websrv.saske.sk\/intranetold\/media\/3242\/dzarova1.pdf\">.pdf<\/a>)<\/p>\n<p><strong>I. Hamr\u00e1\u010dek<\/strong>: Experiment\u00e1lne \u0161t\u00fadium sonoluminiscencie (<a href=\"http:\/\/websrv.saske.sk\/intranetold\/media\/3242\/hamracek.ppt\">.ppt<\/a>, <a href=\"http:\/\/websrv.saske.sk\/intranetold\/media\/3242\/hamracek.pdf\">.pdf<\/a>)<\/p>\n<p><strong>G. Lancz<\/strong>: Cielen\u00fd transport lie\u010div pomocou magnetick\u00fdch nano\u010dast\u00edc (<a href=\"http:\/\/websrv.saske.sk\/intranetold\/media\/3242\/lancz.ppt\">.ppt<\/a>, <a href=\"http:\/\/websrv.saske.sk\/intranetold\/media\/3242\/lancz.pdf\">.pdf<\/a>)<\/p>\n<p><strong>D. Volochov\u00e1<\/strong>: Magnetosken, meranie zachyten\u00e9ho magnetick\u00e9ho po\u013ea a levita\u010dnej sily YBCO supravodi\u010dov (<a href=\"http:\/\/websrv.saske.sk\/intranetold\/media\/3242\/volochova.pdf\">.pdf<\/a>)<\/p>\n<p><strong>V. Z\u00e1vi\u0161ov\u00e1<\/strong>: \u0160t\u00fadium niektor\u00fdch fyzik\u00e1lnych syst\u00e9mov obsahuj\u00facich jemn\u00e9 magnetick\u00e9 \u010dastice (<a href=\"http:\/\/websrv.saske.sk\/intranetold\/media\/3242\/zavisova1.ppt\">.ppt<\/a>, <a href=\"http:\/\/websrv.saske.sk\/intranetold\/media\/3242\/zavisova1.pdf\">.pdf<\/a>)<\/p>\n<p><strong>M.\u017donda<\/strong>: Teoretick\u00e9 \u0161t\u00fadium f\u00e1zov\u00fdch prechodov v silne korelovan\u00fdch elektr\u00f3nov\u00fdch syst\u00e9moch (<a href=\"http:\/\/websrv.saske.sk\/intranetold\/media\/3242\/zonda1.pdf\">.pdf<\/a>)<\/p>\n","protected":false},"excerpt":{"rendered":"<p>&nbsp; Doktorandsk\u00fd webin\u00e1r &#8211; 16. j\u00fan 2021 &nbsp; J\u00falius Ba\u010dkai &#8211; Frustrovan\u00e9 kovov\u00e9 magnetick\u00e9 syst\u00e9my (.pptx) Oleksandr Podopryhora &#8211; Supratekut\u00e9 3 He &#8211; B ako&#8230;<\/p>\n","protected":false},"author":4,"featured_media":0,"parent":1114,"menu_order":10,"comment_status":"closed","ping_status":"closed","template":"","meta":{"footnotes":""},"_links":{"self":[{"href":"https:\/\/websrv.saske.sk\/uef\/wp-json\/wp\/v2\/pages\/1177"}],"collection":[{"href":"https:\/\/websrv.saske.sk\/uef\/wp-json\/wp\/v2\/pages"}],"about":[{"href":"https:\/\/websrv.saske.sk\/uef\/wp-json\/wp\/v2\/types\/page"}],"author":[{"embeddable":true,"href":"https:\/\/websrv.saske.sk\/uef\/wp-json\/wp\/v2\/users\/4"}],"replies":[{"embeddable":true,"href":"https:\/\/websrv.saske.sk\/uef\/wp-json\/wp\/v2\/comments?post=1177"}],"version-history":[{"count":38,"href":"https:\/\/websrv.saske.sk\/uef\/wp-json\/wp\/v2\/pages\/1177\/revisions"}],"predecessor-version":[{"id":5394,"href":"https:\/\/websrv.saske.sk\/uef\/wp-json\/wp\/v2\/pages\/1177\/revisions\/5394"}],"up":[{"embeddable":true,"href":"https:\/\/websrv.saske.sk\/uef\/wp-json\/wp\/v2\/pages\/1114"}],"wp:attachment":[{"href":"https:\/\/websrv.saske.sk\/uef\/wp-json\/wp\/v2\/media?parent=1177"}],"curies":[{"name":"wp","href":"https:\/\/api.w.org\/{rel}","templated":true}]}}