{"id":117,"date":"2018-09-12T09:05:30","date_gmt":"2018-09-12T07:05:30","guid":{"rendered":"http:\/\/websrv.saske.sk\/uef\/?page_id=117"},"modified":"2019-10-25T13:45:32","modified_gmt":"2019-10-25T11:45:32","slug":"kniznica","status":"publish","type":"page","link":"https:\/\/websrv.saske.sk\/uef\/veda-a-vyskum\/kniznica\/","title":{"rendered":"Kni\u017enica"},"content":{"rendered":"<p>Z\u00c1KLADN\u00c9 DOKUMENTY KNI\u017dNICE:<\/p>\n<p>EVIDENCIA PUPLIK\u00c1CI\u00cd a CIT\u00c1CI\u00cd \u00daEF SAV:<\/p>\n<ul>\n<li><a href=\"http:\/\/websrv.saske.sk\/uef\/wp-content\/uploads\/2019\/10\/Smernica-SAV_EPCA_2015-05-15.pdf\">Smernica SAV_EPCA_2015-05-15<\/a>\n<li><a href=\"http:\/\/websrv.saske.sk\/uef\/wp-content\/uploads\/2019\/10\/Kateg\u00f3rie-publik\u00e1ci\u00ed-a-ohlasov-v-SAV_2015-05-15.pdf\">Kateg\u00f3rie publik\u00e1ci\u00ed a ohlasov v SAV_2015-05-15<\/a><\/li>\n<\/ul>\n<p>KONTAKT:<\/p>\n<p>Anna Ivani\u0161ov\u00e1<br \/>\n055 \/ 792 2229<\/p>\n<p>knizfyz@saske.sk<\/p>\n","protected":false},"excerpt":{"rendered":"<p>Z\u00c1KLADN\u00c9 DOKUMENTY KNI\u017dNICE: EVIDENCIA PUPLIK\u00c1CI\u00cd a CIT\u00c1CI\u00cd \u00daEF SAV: Smernica SAV_EPCA_2015-05-15 Kateg\u00f3rie publik\u00e1ci\u00ed a ohlasov v SAV_2015-05-15 KONTAKT: Anna Ivani\u0161ov\u00e1 055 \/ 792 2229 knizfyz@saske.sk<\/p>\n","protected":false},"author":1,"featured_media":0,"parent":11,"menu_order":60,"comment_status":"closed","ping_status":"closed","template":"","meta":{"footnotes":""},"_links":{"self":[{"href":"https:\/\/websrv.saske.sk\/uef\/wp-json\/wp\/v2\/pages\/117"}],"collection":[{"href":"https:\/\/websrv.saske.sk\/uef\/wp-json\/wp\/v2\/pages"}],"about":[{"href":"https:\/\/websrv.saske.sk\/uef\/wp-json\/wp\/v2\/types\/page"}],"author":[{"embeddable":true,"href":"https:\/\/websrv.saske.sk\/uef\/wp-json\/wp\/v2\/users\/1"}],"replies":[{"embeddable":true,"href":"https:\/\/websrv.saske.sk\/uef\/wp-json\/wp\/v2\/comments?post=117"}],"version-history":[{"count":3,"href":"https:\/\/websrv.saske.sk\/uef\/wp-json\/wp\/v2\/pages\/117\/revisions"}],"predecessor-version":[{"id":3083,"href":"https:\/\/websrv.saske.sk\/uef\/wp-json\/wp\/v2\/pages\/117\/revisions\/3083"}],"up":[{"embeddable":true,"href":"https:\/\/websrv.saske.sk\/uef\/wp-json\/wp\/v2\/pages\/11"}],"wp:attachment":[{"href":"https:\/\/websrv.saske.sk\/uef\/wp-json\/wp\/v2\/media?parent=117"}],"curies":[{"name":"wp","href":"https:\/\/api.w.org\/{rel}","templated":true}]}}