{"id":115,"date":"2018-09-12T09:05:18","date_gmt":"2018-09-12T07:05:18","guid":{"rendered":"http:\/\/websrv.saske.sk\/uef\/?page_id=115"},"modified":"2020-08-10T11:37:26","modified_gmt":"2020-08-10T09:37:26","slug":"popularizacia","status":"publish","type":"page","link":"https:\/\/websrv.saske.sk\/uef\/veda-a-vyskum\/popularizacia\/","title":{"rendered":"Populariz\u00e1cia"},"content":{"rendered":"<h2>Veda v CENTRE &#8211; Fyzika n\u00edzkych tepl\u00f4t<\/h2>\r\n<p>23.7.2020, Peter Skyba<\/p>\r\n<p><a class=\"moz-txt-link-freetext\" href=\"https:\/\/youtu.be\/Wnx0N-IWw1s\">Youtube<\/a><\/p>\r\n<p><img loading=\"lazy\" decoding=\"async\" class=\"alignnone size-medium wp-image-3133\" src=\"http:\/\/websrv.saske.sk\/uef\/wp-content\/uploads\/2020\/08\/Veda-na-dosah.jpg\" alt=\"\" width=\"381\" height=\"176\" \/><\/p>\r\n<h2>T\u00fd\u017ede\u0148 vedy a techniky 2019<\/h2>\r\n<p>5.11.2019<\/p>\r\n<p><img loading=\"lazy\" decoding=\"async\" class=\"alignnone size-medium wp-image-3133\" src=\"http:\/\/websrv.saske.sk\/uef\/wp-content\/uploads\/2019\/11\/Kosice-dnes-Kubo-218x300.jpg\" alt=\"\" width=\"218\" height=\"300\" srcset=\"https:\/\/websrv.saske.sk\/uef\/wp-content\/uploads\/2019\/11\/Kosice-dnes-Kubo-218x300.jpg 218w, https:\/\/websrv.saske.sk\/uef\/wp-content\/uploads\/2019\/11\/Kosice-dnes-Kubo.jpg 638w\" sizes=\"(max-width: 218px) 100vw, 218px\" \/><\/p>\r\n<p><a class=\"moz-txt-link-freetext\" href=\"https:\/\/kosicednes.sk\/udalosti\/deti-sa-ponorili-do-tajomstiev-fyziky\/?fbclid=IwAR02bB6IL_zHtiGWcuMGx41Z5wC2AfJDzjG0pTDF89A88tmHegbilNMxLgQ\">Ko\u0161ice dnes<\/a><\/p>\r\n<p><a class=\"moz-txt-link-freetext\" href=\"https:\/\/videoarchiv.markiza.sk\/video\/prve-televizne-noviny\/epizoda\/25428-prve-televizne-noviny\/11-zahady-vedy\">TV Mark\u00edza<\/a><\/p>\r\n<p><a class=\"moz-txt-link-freetext\" href=\"https:\/\/www.tvkosice.sk\/video\/5dc274dea9478fa3edd85cb0\">TV Ko\u0161ice<\/a><\/p>\r\n<hr \/>\r\n<h2>Eur\u00f3pska Noc v\u00fdskumn\u00edkov 2019<\/h2>\r\n<p>27.9.2019<\/p>\r\n<p><img loading=\"lazy\" decoding=\"async\" class=\"alignnone size-medium wp-image-2827\" src=\"http:\/\/websrv.saske.sk\/uef\/wp-content\/uploads\/2019\/09\/NV-2019-300x200.jpg\" alt=\"\" width=\"300\" height=\"200\" srcset=\"https:\/\/websrv.saske.sk\/uef\/wp-content\/uploads\/2019\/09\/NV-2019-300x200.jpg 300w, https:\/\/websrv.saske.sk\/uef\/wp-content\/uploads\/2019\/09\/NV-2019.jpg 448w\" sizes=\"(max-width: 300px) 100vw, 300px\" \/><\/p>\r\n<p><a class=\"moz-txt-link-freetext\" href=\"http:\/\/www.nocvyskumnikov.sk\/\">http:\/\/www.nocvyskumnikov.sk\/<\/a><\/p>\r\n<hr \/>\r\n<h2>Eur\u00f3pska Noc v\u00fdskumn\u00edkov 2018<\/h2>\r\n<p>28.9.2018<\/p>\r\n<p><a class=\"moz-txt-link-freetext\" href=\"http:\/\/www.nocvyskumnikov.sk\/\"><img loading=\"lazy\" decoding=\"async\" class=\"alignnone size-medium wp-image-457\" src=\"http:\/\/websrv.saske.sk\/uef\/wp-content\/uploads\/2018\/09\/07-2018_NV_Banner_750x400-300x160.jpg\" alt=\"\" width=\"300\" height=\"160\" srcset=\"https:\/\/websrv.saske.sk\/uef\/wp-content\/uploads\/2018\/09\/07-2018_NV_Banner_750x400-300x160.jpg 300w, https:\/\/websrv.saske.sk\/uef\/wp-content\/uploads\/2018\/09\/07-2018_NV_Banner_750x400-768x410.jpg 768w, https:\/\/websrv.saske.sk\/uef\/wp-content\/uploads\/2018\/09\/07-2018_NV_Banner_750x400-1024x546.jpg 1024w, https:\/\/websrv.saske.sk\/uef\/wp-content\/uploads\/2018\/09\/07-2018_NV_Banner_750x400.jpg 1500w\" sizes=\"(max-width: 300px) 100vw, 300px\" \/><\/a><\/p>\r\n<hr \/>\r\n<p><a href=\"http:\/\/vedeckybrloh.saske.sk\/\">Vedeck\u00fd brloh<\/a><\/p>\r\n<hr class=\"wp-block-separator\" \/>\r\n<p><a href=\"http:\/\/www.cvtisr.sk\/index\/index.php\">N\u00e1rodne centrum pre populariz\u00e1ciu vedy a techniky v spolo\u010dnosti<\/a><\/p>","protected":false},"excerpt":{"rendered":"<p>Veda v CENTRE &#8211; Fyzika n\u00edzkych tepl\u00f4t 23.7.2020, Peter Skyba Youtube T\u00fd\u017ede\u0148 vedy a techniky 2019 5.11.2019 Ko\u0161ice dnes TV Mark\u00edza TV Ko\u0161ice<\/p>\n","protected":false},"author":1,"featured_media":0,"parent":11,"menu_order":50,"comment_status":"closed","ping_status":"closed","template":"","meta":{"footnotes":""},"_links":{"self":[{"href":"https:\/\/websrv.saske.sk\/uef\/wp-json\/wp\/v2\/pages\/115"}],"collection":[{"href":"https:\/\/websrv.saske.sk\/uef\/wp-json\/wp\/v2\/pages"}],"about":[{"href":"https:\/\/websrv.saske.sk\/uef\/wp-json\/wp\/v2\/types\/page"}],"author":[{"embeddable":true,"href":"https:\/\/websrv.saske.sk\/uef\/wp-json\/wp\/v2\/users\/1"}],"replies":[{"embeddable":true,"href":"https:\/\/websrv.saske.sk\/uef\/wp-json\/wp\/v2\/comments?post=115"}],"version-history":[{"count":10,"href":"https:\/\/websrv.saske.sk\/uef\/wp-json\/wp\/v2\/pages\/115\/revisions"}],"predecessor-version":[{"id":4433,"href":"https:\/\/websrv.saske.sk\/uef\/wp-json\/wp\/v2\/pages\/115\/revisions\/4433"}],"up":[{"embeddable":true,"href":"https:\/\/websrv.saske.sk\/uef\/wp-json\/wp\/v2\/pages\/11"}],"wp:attachment":[{"href":"https:\/\/websrv.saske.sk\/uef\/wp-json\/wp\/v2\/media?parent=115"}],"curies":[{"name":"wp","href":"https:\/\/api.w.org\/{rel}","templated":true}]}}