{"id":1128,"date":"2018-10-11T10:25:19","date_gmt":"2018-10-11T08:25:19","guid":{"rendered":"http:\/\/websrv.saske.sk\/uef\/?page_id=1128"},"modified":"2020-10-12T10:48:09","modified_gmt":"2020-10-12T08:48:09","slug":"rocne-hodnotenie-vedeckeho-pracovnika","status":"publish","type":"page","link":"https:\/\/websrv.saske.sk\/uef\/intranet\/rocne-hodnotenie-vedeckeho-pracovnika\/","title":{"rendered":"Ro\u010dn\u00e9 hodnotenie vedeck\u00e9ho pracovn\u00edka"},"content":{"rendered":"","protected":true},"excerpt":{"rendered":"","protected":true},"author":4,"featured_media":0,"parent":340,"menu_order":110,"comment_status":"closed","ping_status":"closed","template":"","meta":{"footnotes":""},"_links":{"self":[{"href":"https:\/\/websrv.saske.sk\/uef\/wp-json\/wp\/v2\/pages\/1128"}],"collection":[{"href":"https:\/\/websrv.saske.sk\/uef\/wp-json\/wp\/v2\/pages"}],"about":[{"href":"https:\/\/websrv.saske.sk\/uef\/wp-json\/wp\/v2\/types\/page"}],"author":[{"embeddable":true,"href":"https:\/\/websrv.saske.sk\/uef\/wp-json\/wp\/v2\/users\/4"}],"replies":[{"embeddable":true,"href":"https:\/\/websrv.saske.sk\/uef\/wp-json\/wp\/v2\/comments?post=1128"}],"version-history":[{"count":8,"href":"https:\/\/websrv.saske.sk\/uef\/wp-json\/wp\/v2\/pages\/1128\/revisions"}],"predecessor-version":[{"id":4623,"href":"https:\/\/websrv.saske.sk\/uef\/wp-json\/wp\/v2\/pages\/1128\/revisions\/4623"}],"up":[{"embeddable":true,"href":"https:\/\/websrv.saske.sk\/uef\/wp-json\/wp\/v2\/pages\/340"}],"wp:attachment":[{"href":"https:\/\/websrv.saske.sk\/uef\/wp-json\/wp\/v2\/media?parent=1128"}],"curies":[{"name":"wp","href":"https:\/\/api.w.org\/{rel}","templated":true}]}}