{"id":1112,"date":"2018-10-11T10:15:06","date_gmt":"2018-10-11T08:15:06","guid":{"rendered":"http:\/\/websrv.saske.sk\/uef\/?page_id=1112"},"modified":"2021-12-14T14:31:35","modified_gmt":"2021-12-14T13:31:35","slug":"celo-ustavne-seminare","status":"publish","type":"page","link":"https:\/\/websrv.saske.sk\/uef\/intranet\/celo-ustavne-seminare\/","title":{"rendered":"Celo-\u00fastavn\u00e9 semin\u00e1re"},"content":{"rendered":"","protected":true},"excerpt":{"rendered":"","protected":true},"author":4,"featured_media":0,"parent":340,"menu_order":30,"comment_status":"closed","ping_status":"closed","template":"","meta":{"footnotes":""},"_links":{"self":[{"href":"https:\/\/websrv.saske.sk\/uef\/wp-json\/wp\/v2\/pages\/1112"}],"collection":[{"href":"https:\/\/websrv.saske.sk\/uef\/wp-json\/wp\/v2\/pages"}],"about":[{"href":"https:\/\/websrv.saske.sk\/uef\/wp-json\/wp\/v2\/types\/page"}],"author":[{"embeddable":true,"href":"https:\/\/websrv.saske.sk\/uef\/wp-json\/wp\/v2\/users\/4"}],"replies":[{"embeddable":true,"href":"https:\/\/websrv.saske.sk\/uef\/wp-json\/wp\/v2\/comments?post=1112"}],"version-history":[{"count":114,"href":"https:\/\/websrv.saske.sk\/uef\/wp-json\/wp\/v2\/pages\/1112\/revisions"}],"predecessor-version":[{"id":5911,"href":"https:\/\/websrv.saske.sk\/uef\/wp-json\/wp\/v2\/pages\/1112\/revisions\/5911"}],"up":[{"embeddable":true,"href":"https:\/\/websrv.saske.sk\/uef\/wp-json\/wp\/v2\/pages\/340"}],"wp:attachment":[{"href":"https:\/\/websrv.saske.sk\/uef\/wp-json\/wp\/v2\/media?parent=1112"}],"curies":[{"name":"wp","href":"https:\/\/api.w.org\/{rel}","templated":true}]}}