{"id":876,"date":"2019-02-07T15:10:26","date_gmt":"2019-02-07T14:10:26","guid":{"rendered":"http:\/\/websrv.saske.sk\/uef\/en\/?page_id=876"},"modified":"2022-07-06T10:40:31","modified_gmt":"2022-07-06T08:40:31","slug":"fund-of-stefan-schwarz","status":"publish","type":"page","link":"https:\/\/websrv.saske.sk\/uef\/en\/education-and-phd-study\/fund-of-stefan-schwarz\/","title":{"rendered":"Fund of \u0160tefan Schwarz"},"content":{"rendered":"\r\n<div class=\"post-content\">\r\n<p>This Slovak academy of sciences postdoctoral program is dedicated for graduates of full-time doctoral studies from Slovak republic and abroad, who have defended their PhD thesis not earlier than 4 years prior to application submission. Successful applicants receive from the \u0160tefan Schwarz Fund salary contribution for two years with a possibility to require its extending for another year. The contribution to partially cover salaries of successful applicants is transferred to the organizations that employ them. Within the program selection procedure young researchers defend project proposals that they plan to implement at the SAS organizations.<\/p>\r\n<p>More information can be found in the statute of the \u0160tefan Schwarz Support Fund\u00a0 <a href=\"http:\/\/websrv.saske.sk\/uef\/en\/wp-content\/uploads\/sites\/2\/2022\/07\/Statute_Stefan-Schwarz-Supportive-Fund_FINAL.pdf\">(.pdf)<\/a><\/p>\r\n<h3 class=\"mt-4\">Contacts:<\/h3>\r\n<p>Office of the Slovak Academy of Sciences<\/p>\r\n<p>Department of Research and Development<\/p>\r\n<p>\u0160tefan Schwarz Fund<\/p>\r\n<p>Ing. Adriana \u0160i\u0161kov\u00e1<\/p>\r\n<p>\u0160tef\u00e1nikova 49<\/p>\r\n<p>814 39 Bratislava 1<\/p>\r\n<p>Slovak Republic<\/p>\r\n<p>e-mail: schwarzov.fond@savba.sk<\/p>\r\n<p>Phone: +4212 5751 0152<\/p>\r\n<p>&nbsp;<\/p>\r\n<\/div>\r\n","protected":false},"excerpt":{"rendered":"<p>This Slovak academy of sciences postdoctoral program is dedicated for graduates of full-time doctoral studies from Slovak republic and abroad, who have defended their PhD&#8230;<\/p>\n","protected":false},"author":1,"featured_media":0,"parent":30,"menu_order":20,"comment_status":"closed","ping_status":"closed","template":"","meta":{"footnotes":""},"_links":{"self":[{"href":"https:\/\/websrv.saske.sk\/uef\/en\/wp-json\/wp\/v2\/pages\/876"}],"collection":[{"href":"https:\/\/websrv.saske.sk\/uef\/en\/wp-json\/wp\/v2\/pages"}],"about":[{"href":"https:\/\/websrv.saske.sk\/uef\/en\/wp-json\/wp\/v2\/types\/page"}],"author":[{"embeddable":true,"href":"https:\/\/websrv.saske.sk\/uef\/en\/wp-json\/wp\/v2\/users\/1"}],"replies":[{"embeddable":true,"href":"https:\/\/websrv.saske.sk\/uef\/en\/wp-json\/wp\/v2\/comments?post=876"}],"version-history":[{"count":8,"href":"https:\/\/websrv.saske.sk\/uef\/en\/wp-json\/wp\/v2\/pages\/876\/revisions"}],"predecessor-version":[{"id":2432,"href":"https:\/\/websrv.saske.sk\/uef\/en\/wp-json\/wp\/v2\/pages\/876\/revisions\/2432"}],"up":[{"embeddable":true,"href":"https:\/\/websrv.saske.sk\/uef\/en\/wp-json\/wp\/v2\/pages\/30"}],"wp:attachment":[{"href":"https:\/\/websrv.saske.sk\/uef\/en\/wp-json\/wp\/v2\/media?parent=876"}],"curies":[{"name":"wp","href":"https:\/\/api.w.org\/{rel}","templated":true}]}}