{"id":78,"date":"2018-09-14T16:47:14","date_gmt":"2018-09-14T14:47:14","guid":{"rendered":"http:\/\/websrv.saske.sk\/uef\/en\/?page_id=78"},"modified":"2019-02-07T16:17:36","modified_gmt":"2019-02-07T15:17:36","slug":"scientific-clasification-i-iia","status":"publish","type":"page","link":"https:\/\/websrv.saske.sk\/uef\/en\/education-and-phd-study\/scientific-clasification-i-iia\/","title":{"rendered":"Scientific clasification I, IIa"},"content":{"rendered":"\n<p><em>Legislative texts available only in Slovak<\/em> <\/p>\n\n\n\n<p><a href=\"http:\/\/websrv.saske.sk\/uef\/wp-content\/uploads\/2018\/10\/Krit\u00e9ria-pre-prizn\u00e1vanie-vedeck\u00fdch-kvalifika\u010dn\u00fdch-stup\u0148ov-I-a-IIa-priloha-c.-3.doc\">Criteria for the scientific qualification I and IIa <\/a><\/p>\n\n\n\n<p><a href=\"http:\/\/websrv.saske.sk\/uef\/wp-content\/uploads\/2018\/10\/Uvodny-list-navrhu-priloha-c.-1.doc\">Application I &#8211; Annex # 1<\/a><\/p>\n\n\n\n<p><a href=\"http:\/\/websrv.saske.sk\/uef\/wp-content\/uploads\/2018\/10\/Preh\u013ead-v\u00fdstupov-I-pr\u00edloha-\u010d.2.doc\">Overview of Outputs I \u2013 Annex # 2<\/a><\/p>\n\n\n\n<p><a href=\"http:\/\/websrv.saske.sk\/uef\/wp-content\/uploads\/2018\/10\/Preh\u013ead-v\u00fdstupov-IIa-pr\u00edloha-\u010d.2.doc\">Overview of Outputs IIa \u2013 Annex # 2<\/a><\/p>\n\n\n\n<p>For more information, please see: <a href=\"https:\/\/www.sav.sk\/index.php?lang=sk&amp;doc=sas-commission&amp;commission_no=25\">https:\/\/www.sav.sk\/index.php?lang=sk&amp;doc=sas-commission&amp;commission_no=25<\/a><\/p>\n","protected":false},"excerpt":{"rendered":"<p>Legislative texts available only in Slovak Criteria for the scientific qualification I and IIa Application I &#8211; Annex # 1 Overview of Outputs I \u2013&#8230;<\/p>\n","protected":false},"author":1,"featured_media":0,"parent":30,"menu_order":20,"comment_status":"closed","ping_status":"closed","template":"","meta":{"footnotes":""},"_links":{"self":[{"href":"https:\/\/websrv.saske.sk\/uef\/en\/wp-json\/wp\/v2\/pages\/78"}],"collection":[{"href":"https:\/\/websrv.saske.sk\/uef\/en\/wp-json\/wp\/v2\/pages"}],"about":[{"href":"https:\/\/websrv.saske.sk\/uef\/en\/wp-json\/wp\/v2\/types\/page"}],"author":[{"embeddable":true,"href":"https:\/\/websrv.saske.sk\/uef\/en\/wp-json\/wp\/v2\/users\/1"}],"replies":[{"embeddable":true,"href":"https:\/\/websrv.saske.sk\/uef\/en\/wp-json\/wp\/v2\/comments?post=78"}],"version-history":[{"count":5,"href":"https:\/\/websrv.saske.sk\/uef\/en\/wp-json\/wp\/v2\/pages\/78\/revisions"}],"predecessor-version":[{"id":898,"href":"https:\/\/websrv.saske.sk\/uef\/en\/wp-json\/wp\/v2\/pages\/78\/revisions\/898"}],"up":[{"embeddable":true,"href":"https:\/\/websrv.saske.sk\/uef\/en\/wp-json\/wp\/v2\/pages\/30"}],"wp:attachment":[{"href":"https:\/\/websrv.saske.sk\/uef\/en\/wp-json\/wp\/v2\/media?parent=78"}],"curies":[{"name":"wp","href":"https:\/\/api.w.org\/{rel}","templated":true}]}}