{"id":616,"date":"2019-02-05T09:07:24","date_gmt":"2019-02-05T08:07:24","guid":{"rendered":"http:\/\/websrv.saske.sk\/uef\/en\/?page_id=616"},"modified":"2019-02-05T16:19:47","modified_gmt":"2019-02-05T15:19:47","slug":"staff","status":"publish","type":"page","link":"https:\/\/websrv.saske.sk\/uef\/en\/departments\/laboratory-of-materials-physics\/staff\/","title":{"rendered":"Staff"},"content":{"rendered":"\n<p><strong>Head of Laboratory<\/strong><\/p>\n\n\n\n<p>Ing. Pavel Diko, DrSc.<\/p>\n\n\n\n<p><strong>Researchers:<\/strong><\/p>\n\n\n\n<p>Ing. Katar\u00edna Zmorayov\u00e1, PhD., z\u00e1stupca ved\u00faceho LMF<\/p>\n\n\n\n<p>RNDr. Viktor Kave\u010dansk\u00fd, CSc.<\/p>\n\n\n\n<p>Mgr. Vitalij Antal, PhD.<\/p>\n\n\n\n<p>Ing. Monika Radu\u0161ovsk\u00e1, PhD.<\/p>\n\n\n\n<p>Ing. Liudmila Vojtkov\u00e1, PhD.<\/p>\n\n\n\n<p>Mgr. Daniela Volochov\u00e1, PhD.<\/p>\n\n\n\n<p><strong>Engineers:<\/strong><\/p>\n\n\n\n<p>Ing. Samuel Piovar\u010di<\/p>\n\n\n\n<p><strong>PhD students:<\/strong><\/p>\n\n\n\n<p>Ing. Petra Hajdov\u00e1<\/p>\n","protected":false},"excerpt":{"rendered":"<p>Head of Laboratory Ing. Pavel Diko, DrSc. Researchers: Ing. Katar\u00edna Zmorayov\u00e1, PhD., z\u00e1stupca ved\u00faceho LMF RNDr. Viktor Kave\u010dansk\u00fd, CSc. Mgr. Vitalij Antal, PhD. Ing. Monika&#8230;<\/p>\n","protected":false},"author":1,"featured_media":0,"parent":312,"menu_order":0,"comment_status":"closed","ping_status":"closed","template":"","meta":{"footnotes":""},"_links":{"self":[{"href":"https:\/\/websrv.saske.sk\/uef\/en\/wp-json\/wp\/v2\/pages\/616"}],"collection":[{"href":"https:\/\/websrv.saske.sk\/uef\/en\/wp-json\/wp\/v2\/pages"}],"about":[{"href":"https:\/\/websrv.saske.sk\/uef\/en\/wp-json\/wp\/v2\/types\/page"}],"author":[{"embeddable":true,"href":"https:\/\/websrv.saske.sk\/uef\/en\/wp-json\/wp\/v2\/users\/1"}],"replies":[{"embeddable":true,"href":"https:\/\/websrv.saske.sk\/uef\/en\/wp-json\/wp\/v2\/comments?post=616"}],"version-history":[{"count":3,"href":"https:\/\/websrv.saske.sk\/uef\/en\/wp-json\/wp\/v2\/pages\/616\/revisions"}],"predecessor-version":[{"id":776,"href":"https:\/\/websrv.saske.sk\/uef\/en\/wp-json\/wp\/v2\/pages\/616\/revisions\/776"}],"up":[{"embeddable":true,"href":"https:\/\/websrv.saske.sk\/uef\/en\/wp-json\/wp\/v2\/pages\/312"}],"wp:attachment":[{"href":"https:\/\/websrv.saske.sk\/uef\/en\/wp-json\/wp\/v2\/media?parent=616"}],"curies":[{"name":"wp","href":"https:\/\/api.w.org\/{rel}","templated":true}]}}